{"id":2982,"date":"2024-03-05T12:43:01","date_gmt":"2024-03-05T11:43:01","guid":{"rendered":"https:\/\/fvcomponentes.com\/producto\/inversor-victron-multiplus-ii-5000va-48v-7050a\/"},"modified":"2026-04-04T12:51:18","modified_gmt":"2026-04-04T10:51:18","slug":"onduleur-victron-multiplus-ii-5000va-48v-70a50a","status":"publish","type":"product","link":"https:\/\/fvcomponentes.com\/fr\/producto\/inversor-victron-multiplus-ii-5000va-48v-70a50a\/","title":{"rendered":"Chargeur d'onduleur 48V Victron MultiPlus II 48\/5000 70A-50A - PMP482505012"},"content":{"rendered":"<h2>Victron MultiPlus II 48\/5000 - Chargeur d'onduleur 48V 5000VA 70A\/50A - PMP482505012<\/h2>\n<p data-start=\"177\" data-end=\"669\">Les <strong data-start=\"180\" data-end=\"222\">Victron MultiPlus II 48\/5000 (70A\/50A)<\/strong> est un onduleur chargeur de derni\u00e8re g\u00e9n\u00e9ration con\u00e7u pour les installations isol\u00e9es et les syst\u00e8mes d'autoconsommation avanc\u00e9s. Son principal avantage est qu'il int\u00e8gre un onduleur \u00e0 onde sinuso\u00efdale pure et un chargeur de batterie haute performance dans une seule unit\u00e9. Cela en fait une solution robuste, polyvalente et durable, capable d'offrir une \u00e9lectricit\u00e9 continue dans les endroits o\u00f9 le r\u00e9seau n'arrive pas ou lorsque les co\u00fbts de raccordement d'un nouveau point de connexion sont excessifs.<\/p>\n<p data-start=\"671\" data-end=\"965\">Dans mon exp\u00e9rience d'installateur depuis 2012, ce mod\u00e8le est devenu un standard de r\u00e9f\u00e9rence dans les projets hors r\u00e9seau. J'ai travaill\u00e9 avec lui dans des maisons rurales, des r\u00e9sidences secondaires et des entreprises isol\u00e9es, et il a toujours fait preuve d'une fiabilit\u00e9 sup\u00e9rieure \u00e0 celle des autres onduleurs du march\u00e9. <span style=\"color: #000000;\">En combinaison avec les piles au lithium Pytes <a href=\"https:\/\/fvcomponentes.com\/fr\/produit\/batterie-lithium-48v-lifepo4-pytes-e-box-48100r-5-12kwh\/\">Batterie au lithium 48V LiFePO4 Pytes E-Box 48100R 5.12kWh<\/a> constituent la combinaison parfaite. En outre, je compl\u00e8te g\u00e9n\u00e9ralement l'installation avec l'unit\u00e9 de contr\u00f4le Cerbo GX. <a href=\"https:\/\/fvcomponentes.com\/fr\/produit\/kit-de-surveillance-cerbo-gx-et-touch-50\/\">Kit de surveillance Cerbo GX et Touch 50<\/a> pour disposer d'un syst\u00e8me complet en cas de panne de courant ou pour avoir de l'\u00e9lectricit\u00e9 n'importe o\u00f9. C'est \u00e9galement la meilleure option pour ajouter des batteries solaires \u00e0 toute installation d'autoconsommation qui ne dispose pas d'un onduleur hybride et donc d'hybrider les installations d'autoconsommation. Consultez notre service technique pour obtenir de l'aide apr\u00e8s l'achat de votre onduleur.<\/span><\/p>\n<p>Rappelez-vous que cet \u00e9quipement est un onduleur + chargeur secteur ou g\u00e9n\u00e9rateur, les panneaux solaires doivent \u00eatre connect\u00e9s \u00e0 un r\u00e9gulateur MPPT ajust\u00e9 \u00e0 la quantit\u00e9 et \u00e0 la puissance des panneaux dont vous avez besoin.\u00a0 <a href=\"https:\/\/fvcomponentes.com\/fr\/categorie-de-produits\/regulateurs-de-charge-solaire\/regulateurs-mppt\/\">https:\/\/fvcomponentes.com\/categoria-producto\/reguladores-de-carga-solares\/reguladores-mppt\/<\/a><\/p>\n<p>Si vous n'\u00eates pas s\u00fbr, vous pouvez consulter ce configurateur https:\/\/fvcomponentes.com\/mppt-calculator-calculadora-mppt\/ ou nous contacter pour un conseil personnalis\u00e9 sur le r\u00e9gulateur MPPT \u00e0 choisir pour vos panneaux.<\/p>\n<p>Un autre aspect \u00e0 prendre en compte, et il est tr\u00e8s important, est la capacit\u00e9 de la batterie. De nombreuses personnes associent directement un onduleur de 5kW \u00e0 une batterie de 5kW, mais c'est une erreur. Les batteries au lithium ne doivent pas \u00eatre d\u00e9charg\u00e9es \u00e0 plus de 50% de leur capacit\u00e9. Ainsi, si votre batterie est de 5kW, vous ne devez pas la d\u00e9charger \u00e0 plus de 2,5kW de puissance.<\/p>\n<h2 data-start=\"967\" data-end=\"1030\">Victron MultiPlus II 48\/5000 Caract\u00e9ristiques techniques<\/h2>\n<ul data-start=\"1031\" data-end=\"1493\">\n<li data-start=\"1031\" data-end=\"1074\">\n<p data-start=\"1033\" data-end=\"1074\">Puissance de sortie : <strong data-start=\"1053\" data-end=\"1071\">5000VA \/ 4000W<\/strong>.<\/p>\n<\/li>\n<li data-start=\"1031\" data-end=\"1074\">\n<p data-start=\"1033\" data-end=\"1074\">Tension nominale : <strong data-start=\"1094\" data-end=\"1104\">48V DC<\/strong>.<\/p>\n<\/li>\n<li data-start=\"1108\" data-end=\"1147\">\n<p data-start=\"1110\" data-end=\"1147\">Courant de charge maximal : <strong data-start=\"1137\" data-end=\"1144\">70A<\/strong>.<\/p>\n<\/li>\n<li data-start=\"1148\" data-end=\"1188\">\n<p data-start=\"1150\" data-end=\"1188\">Courant de transfert : <strong data-start=\"1178\" data-end=\"1185\">50A<\/strong>.<\/p>\n<\/li>\n<li data-start=\"1189\" data-end=\"1265\">\n<p data-start=\"1191\" data-end=\"1265\">Type d'onde : <strong data-start=\"1205\" data-end=\"1222\">sinuso\u00efde pure<\/strong>convient \u00e0 tout \u00e9quipement \u00e9lectronique.<\/p>\n<\/li>\n<li data-start=\"1266\" data-end=\"1306\">\n<p data-start=\"1268\" data-end=\"1306\">Dimensions : <strong data-start=\"1281\" data-end=\"1303\">499 x 268 x 141 mm<\/strong>.<\/p>\n<\/li>\n<li data-start=\"1307\" data-end=\"1338\">\n<p data-start=\"1309\" data-end=\"1338\">Poids approximatif : <strong data-start=\"1326\" data-end=\"1335\">30 kg<\/strong>.<\/p>\n<\/li>\n<li data-start=\"1339\" data-end=\"1373\">\n<p data-start=\"1341\" data-end=\"1373\">Efficacit\u00e9 maximale : <strong data-start=\"1360\" data-end=\"1370\">95-96%<\/strong>.<\/p>\n<\/li>\n<li data-start=\"1374\" data-end=\"1429\">\n<p data-start=\"1376\" data-end=\"1429\">Plage de temp\u00e9rature de travail : <strong data-start=\"1409\" data-end=\"1426\">De -40\u00b0C \u00e0 +65\u00b0C<\/strong>.<\/p>\n<\/li>\n<li data-start=\"1430\" data-end=\"1493\">\n<p data-start=\"1432\" data-end=\"1493\">Communication : <strong data-start=\"1446\" data-end=\"1490\">VE.Bus, VE.Direct, connexion au Cerbo GX<\/strong>.<\/p>\n<\/li>\n<\/ul>\n<p data-start=\"1495\" data-end=\"1643\">Ces caract\u00e9ristiques techniques en font un choix fiable tant pour une utilisation r\u00e9sidentielle que pour des installations professionnelles dans des conditions exigeantes.<\/p>\n<h2 data-start=\"1645\" data-end=\"1695\">Principaux avantages du MultiPlus II 48\/5000<\/h2>\n<h3 data-start=\"1696\" data-end=\"1736\">Double fonction : onduleur et chargeur<\/h3>\n<p data-start=\"1737\" data-end=\"1975\">L'unit\u00e9 peut alimenter la consommation directement \u00e0 partir des batteries et des panneaux solaires gr\u00e2ce \u00e0 un MPPT, mais aussi charger les batteries \u00e0 partir du r\u00e9seau ou d'un g\u00e9n\u00e9rateur \u00e0 essence ou diesel. Cela garantit l'autonomie m\u00eame apr\u00e8s plusieurs jours nuageux partout dans le monde. En montagne comme en mer.<\/p>\n<h3 data-start=\"1977\" data-end=\"2004\">Une fiabilit\u00e9 \u00e9prouv\u00e9e<\/h3>\n<p data-start=\"2005\" data-end=\"2200\">Apr\u00e8s plus d'une d\u00e9cennie d'installation, je peux confirmer que Victron est l'une des marques d'onduleurs les plus durables et les plus robustes du march\u00e9. J'ai vu des \u00e9quipements fonctionner en continu pendant plus de 10 ans et nous n'avons eu qu'\u00e0 changer les ventilateurs.<\/p>\n<h3 data-start=\"2202\" data-end=\"2244\">\u00c9conomies par rapport aux compagnies d'\u00e9lectricit\u00e9<\/h3>\n<p data-start=\"2245\" data-end=\"2521\">Dans les zones rurales, s'abonner \u00e0 l'\u00e9lectricit\u00e9 aupr\u00e8s d'Iberdrola, d'Endesa ou d'un autre distributeur peut signifier transporter des kilom\u00e8tres de lignes et payer des transformateurs qui sont ensuite c\u00e9d\u00e9s \u00e0 l'entreprise. Avec le MultiPlus II, l'installation solaire est beaucoup plus \u00e9conomique et permet une r\u00e9elle ind\u00e9pendance en monophas\u00e9 comme en triphas\u00e9.<\/p>\n<h3 data-start=\"2523\" data-end=\"2556\">Flexibilit\u00e9 d'installation<\/h3>\n<p data-start=\"2557\" data-end=\"2811\">Il convient aux habitations, aux entreprises, aux exploitations agricoles, aux r\u00e9sidences secondaires et aux projets industriels. De plus, il peut \u00e9voluer avec le syst\u00e8me gr\u00e2ce \u00e0 la compatibilit\u00e9 avec diff\u00e9rents types de batteries et \u00e0 la possibilit\u00e9 de surveillance en ligne.<\/p>\n<h2 data-start=\"2813\" data-end=\"2854\">Compatibilit\u00e9 avec les piles au lithium<\/h2>\n<ul data-start=\"2855\" data-end=\"3059\">\n<li data-start=\"2855\" data-end=\"2938\">\n<p data-start=\"2857\" data-end=\"2938\"><strong data-start=\"2857\" data-end=\"2870\">Pylontech<\/strong>Les mod\u00e8les US2000C et US5000, largement utilis\u00e9s dans les projets r\u00e9sidentiels.<\/p>\n<\/li>\n<li data-start=\"2939\" data-end=\"3059\">\n<p data-start=\"2941\" data-end=\"3059\"><strong data-start=\"2941\" data-end=\"2950\">Pytes<\/strong>48100 (48V - 100Ah), qui devient de plus en plus populaire en Espagne, en particulier dans les installations professionnelles.<\/p>\n<\/li>\n<\/ul>\n<p data-start=\"3061\" data-end=\"3213\">La polyvalence du MultiPlus II 48\/5000 en stockage garantit que le syst\u00e8me peut \u00eatre \u00e9tendu ou mis \u00e0 niveau sans qu'il soit n\u00e9cessaire de changer d'onduleur.<\/p>\n<h2 data-start=\"3215\" data-end=\"3256\">Surveillance et contr\u00f4le intelligents<\/h2>\n<h3 data-start=\"3257\" data-end=\"3282\">Standard Cerbo GX<\/h3>\n<p data-start=\"3283\" data-end=\"3346\">Il permet une surveillance et un contr\u00f4le avanc\u00e9s du syst\u00e8me.<\/p>\n<h3 data-start=\"3348\" data-end=\"3389\">App Victron Remote Management (VRM)<\/h3>\n<p data-start=\"3390\" data-end=\"3676\">Gr\u00e2ce \u00e0 la connectivit\u00e9 avec Cerbo GX, l'onduleur peut \u00eatre surveill\u00e9 via Internet et afficher en temps r\u00e9el la consommation, l'\u00e9tat de charge et les performances. En tant qu'installateur, cela m'a permis de fournir une assistance \u00e0 distance aux clients et de r\u00e9soudre les incidents sans avoir \u00e0 me d\u00e9placer.<\/p>\n<h2 data-start=\"3678\" data-end=\"3702\">Cas d'utilisation r\u00e9els<\/h2>\n<ul data-start=\"3703\" data-end=\"4064\">\n<li data-start=\"3703\" data-end=\"3786\">\n<p data-start=\"3705\" data-end=\"3786\"><strong data-start=\"3705\" data-end=\"3743\">Habitations rurales et maisons de campagne<\/strong>: une autonomie totale sans d\u00e9pendre du r\u00e9seau.<\/p>\n<\/li>\n<li data-start=\"3787\" data-end=\"3884\">\n<p data-start=\"3789\" data-end=\"3884\"><strong data-start=\"3789\" data-end=\"3818\">Entreprises dans les r\u00e9gions isol\u00e9es<\/strong>fiabilit\u00e9 pour les projets agricoles, d'\u00e9levage ou industriels.<\/p>\n<\/li>\n<li data-start=\"3885\" data-end=\"3972\">\n<p data-start=\"3887\" data-end=\"3972\"><strong data-start=\"3887\" data-end=\"3911\">R\u00e9sidences secondaires<\/strong>l'ind\u00e9pendance \u00e9nerg\u00e9tique gr\u00e2ce \u00e0 un g\u00e9n\u00e9rateur de secours.<\/p>\n<\/li>\n<li data-start=\"3973\" data-end=\"4064\">\n<p data-start=\"3975\" data-end=\"4064\"><strong data-start=\"3975\" data-end=\"3997\">Projets hybrides<\/strong>Int\u00e9gration avec d'autres sources d'\u00e9nergie dans des syst\u00e8mes complexes.<\/p>\n<\/li>\n<\/ul>\n<h2 data-start=\"4066\" data-end=\"4113\">Comparaison avec d'autres mod\u00e8les MultiPlus II<\/h2>\n<div class=\"_tableContainer_1rjym_1\">\n<div class=\"group w-fit _tableWrapper_1rjym_13 flex flex-col-reverse\" tabindex=\"-1\">\n<table class=\"w-fit min-w-(--thread-content-width)\" data-start=\"4114\" data-end=\"4632\">\n<thead data-start=\"4114\" data-end=\"4222\">\n<tr data-start=\"4114\" data-end=\"4222\">\n<th data-start=\"4114\" data-end=\"4123\" data-col-size=\"sm\">Mod\u00e8le<\/th>\n<th data-start=\"4123\" data-end=\"4139\" data-col-size=\"sm\">Puissance (VA)<\/th>\n<th data-start=\"4139\" data-end=\"4149\" data-col-size=\"sm\">Tension<\/th>\n<th data-start=\"4149\" data-end=\"4174\" data-col-size=\"sm\">Courant de charge (A)<\/th>\n<th data-start=\"4174\" data-end=\"4194\" data-col-size=\"sm\">Transfert (A)<\/th>\n<th data-start=\"4194\" data-end=\"4222\" data-col-size=\"md\">Application recommand\u00e9e<\/th>\n<\/tr>\n<\/thead>\n<tbody data-start=\"4333\" data-end=\"4632\">\n<tr data-start=\"4333\" data-end=\"4429\">\n<td data-start=\"4333\" data-end=\"4360\" data-col-size=\"sm\"><strong data-start=\"4335\" data-end=\"4359\">MultiPlus II 48\/4500<\/strong><\/td>\n<td data-start=\"4360\" data-end=\"4367\" data-col-size=\"sm\">4500<\/td>\n<td data-start=\"4367\" data-end=\"4373\" data-col-size=\"sm\">48V<\/td>\n<td data-start=\"4373\" data-end=\"4379\" data-col-size=\"sm\">60A<\/td>\n<td data-start=\"4379\" data-end=\"4385\" data-col-size=\"sm\">50A<\/td>\n<td data-start=\"4385\" data-end=\"4429\" data-col-size=\"md\">Petits logements, consommation mod\u00e9r\u00e9e<\/td>\n<\/tr>\n<tr data-start=\"4430\" data-end=\"4532\">\n<td data-start=\"4430\" data-end=\"4457\" data-col-size=\"sm\"><strong data-start=\"4432\" data-end=\"4456\">MultiPlus II 48\/5000<\/strong><\/td>\n<td data-start=\"4457\" data-end=\"4464\" data-col-size=\"sm\">5000<\/td>\n<td data-start=\"4464\" data-end=\"4470\" data-col-size=\"sm\">48V<\/td>\n<td data-start=\"4470\" data-end=\"4476\" data-col-size=\"sm\">70A<\/td>\n<td data-start=\"4476\" data-end=\"4482\" data-col-size=\"sm\">50A<\/td>\n<td data-start=\"4482\" data-end=\"4532\" data-col-size=\"md\">R\u00e9sidentiel et entreprises de taille moyenne, utilisation intensive<\/td>\n<\/tr>\n<tr data-start=\"4533\" data-end=\"4632\">\n<td data-start=\"4533\" data-end=\"4560\" data-col-size=\"sm\"><strong data-start=\"4535\" data-end=\"4559\">MultiPlus II 48\/6500<\/strong><\/td>\n<td data-start=\"4560\" data-end=\"4567\" data-col-size=\"sm\">6500<\/td>\n<td data-start=\"4567\" data-end=\"4573\" data-col-size=\"sm\">48V<\/td>\n<td data-start=\"4573\" data-end=\"4580\" data-col-size=\"sm\">100A<\/td>\n<td data-start=\"4580\" data-end=\"4586\" data-col-size=\"sm\">50A<\/td>\n<td data-start=\"4586\" data-end=\"4632\" data-col-size=\"md\">Grandes entreprises, projets industriels<\/td>\n<\/tr>\n<\/tbody>\n<\/table>\n<\/div>\n<\/div>\n<p data-start=\"4634\" data-end=\"4752\">Sur les trois, le <strong data-start=\"4650\" data-end=\"4661\">48\/5000<\/strong> est le mod\u00e8le le plus \u00e9tabli, qui a fait ses preuves en mati\u00e8re de durabilit\u00e9 et de soutien.<\/p>\n<h2 data-start=\"4754\" data-end=\"4779\">Questions fr\u00e9quemment pos\u00e9es<\/h2>\n<p data-start=\"4780\" data-end=\"4897\"><strong data-start=\"4780\" data-end=\"4821\">Quelle est la dur\u00e9e de vie de ce mod\u00e8le ?<\/strong><br data-start=\"4821\" data-end=\"4824\" \/>S'il est utilis\u00e9 correctement, il peut d\u00e9passer 10 \u00e0 12 ans de service continu. Il suffit de maintenir la zone de l'onduleur propre et de proc\u00e9der \u00e0 un nettoyage interne de l'\u00e9quipement tous les deux ans.<\/p>\n<p data-start=\"4899\" data-end=\"5100\"><strong data-start=\"4899\" data-end=\"4951\">Quelle est la diff\u00e9rence entre les mod\u00e8les 4500 et 6500 ?<\/strong><br data-start=\"4951\" data-end=\"4954\" \/>Le 4500 est plus limit\u00e9 en puissance ; le 6500 est con\u00e7u pour une consommation plus \u00e9lev\u00e9e, mais le 5000 est le plus \u00e9quilibr\u00e9 en termes de robustesse et de trajectoire. Les mod\u00e8les 4500VA et 6500VA sont de nouveaux mod\u00e8les qui visent \u00e0 augmenter la gamme de puissance offerte par une installation monophas\u00e9e avec Victron, mais surtout dans les installations triphas\u00e9es o\u00f9 3 de ces mod\u00e8les doivent \u00eatre combin\u00e9s.<\/p>\n<p data-start=\"5102\" data-end=\"5245\"><strong data-start=\"5102\" data-end=\"5152\">Est-il compatible avec les piles au lithium modernes ?<\/strong><br data-start=\"5152\" data-end=\"5155\" \/>Oui, en particulier avec Pylontech et Pytes, ainsi qu'avec d'autres marques qui sont conformes \u00e0 la norme 48V et qui disposent d'une communication par bus CAN pour pouvoir communiquer avec le Cerbo.<\/p>\n<p data-start=\"5247\" data-end=\"5328\"><strong data-start=\"5247\" data-end=\"5285\">Peut-il \u00eatre surveill\u00e9 \u00e0 distance ?<\/strong><br data-start=\"5285\" data-end=\"5288\" \/>Oui, avec un Cerbo GX et l'application Victron VRM avec une connexion internet sur le site d'installation.<\/p>\n<p data-start=\"5330\" data-end=\"5452\"><strong data-start=\"5330\" data-end=\"5354\">Quelle est la garantie ?<\/strong><br data-start=\"5354\" data-end=\"5357\" \/>Victron offre une garantie officielle de 5 ans et un service d'assistance par l'interm\u00e9diaire des distributeurs agr\u00e9\u00e9s.<\/p>\n<h2>Comment configurer votre Victron Multiplus II 48\/5000 + Pylontech US5000<\/h2>\n<p>Si vous voulez savoir\u00a0<a href=\"https:\/\/fvcomponentes.com\/fr\/comment-configurer-votre-victron-multiplus-ii-48-5000-pylontech-us5000\/\" target=\"_blank\" rel=\"noopener\">Comment configurer votre Victron Multiplus II 48\/5000 + Pylontech US5000<\/a> cliquez maintenant et acc\u00e9dez \u00e0 l'article que nous avons consacr\u00e9 \u00e0 l'installation de l'onduleur Multiplus 48\/5000 avec la batterie Pylontech US5000.<\/p>\n<h2>Onduleur Victron MultiPlus II 48\/5000 70A+50A manuel et fiche technique - PMP482505012<\/h2>\n<p>Si vous avez besoin de plus d'informations, vous trouverez ici la fiche technique et le manuel d'utilisation du Victron MultiPlus II 48\/5000.<\/p>\n<p><a href=\"https:\/\/fvcomponentes.com\/wp-content\/uploads\/2020\/02\/Datasheet-MultiPlus-II-inverter-charger-ES.pdf\" target=\"_blank\" rel=\"noopener\">Fiche technique Chargeur d'onduleur Victron Multiplus 48\/5000<\/a><\/p>\n<p><a href=\"https:\/\/fvcomponentes.com\/wp-content\/uploads\/2024\/10\/Manual-Inversor-Victron-MultiPlus-II-485000-VA-48V-7050A-PMP482505010.pdf\" target=\"_blank\" rel=\"noopener\">Manuel Victron Multiplus II 48\/5000<\/a><\/p>","protected":false},"excerpt":{"rendered":"<ul>\n<li><strong>Chargeur d'onduleur 48V<\/strong><\/li>\n<li><strong>Onduleur de puissance :<\/strong> 5000 W<\/li>\n<li><strong>Puissance de cr\u00eate :<\/strong> 9000 W<\/li>\n<li><strong>Chargeur int\u00e9gr\u00e9 :<\/strong> 70A<\/li>\n<li><strong>Sorties CA<\/strong>: 2<\/li>\n<\/ul>","protected":false},"featured_media":7580,"comment_status":"open","ping_status":"closed","template":"","meta":{"site-sidebar-layout":"default","site-content-layout":"default","ast-site-content-layout":"default","site-content-style":"default","site-sidebar-style":"default","ast-global-header-display":"","ast-banner-title-visibility":"","ast-main-header-display":"","ast-hfb-above-header-display":"","ast-hfb-below-header-display":"","ast-hfb-mobile-header-display":"","site-post-title":"","ast-breadcrumbs-content":"","ast-featured-img":"","footer-sml-layout":"","ast-disable-related-posts":"","theme-transparent-header-meta":"default","adv-header-id-meta":"","stick-header-meta":"","header-above-stick-meta":"","header-main-stick-meta":"","header-below-stick-meta":"","astra-migrate-meta-layouts":"set","ast-page-background-enabled":"default","ast-page-background-meta":{"desktop":{"background-color":"var(--ast-global-color-4)","background-image":"","background-repeat":"repeat","background-position":"center center","background-size":"auto","background-attachment":"scroll","background-type":"","background-media":"","overlay-type":"","overlay-color":"","overlay-opacity":"","overlay-gradient":""},"tablet":{"background-color":"","background-image":"","background-repeat":"repeat","background-position":"center center","background-size":"auto","background-attachment":"scroll","background-type":"","background-media":"","overlay-type":"","overlay-color":"","overlay-opacity":"","overlay-gradient":""},"mobile":{"background-color":"","background-image":"","background-repeat":"repeat","background-position":"center center","background-size":"auto","background-attachment":"scroll","background-type":"","background-media":"","overlay-type":"","overlay-color":"","overlay-opacity":"","overlay-gradient":""}},"ast-content-background-meta":{"desktop":{"background-color":"var(--ast-global-color-5)","background-image":"","background-repeat":"repeat","background-position":"center center","background-size":"auto","background-attachment":"scroll","background-type":"","background-media":"","overlay-type":"","overlay-color":"","overlay-opacity":"","overlay-gradient":""},"tablet":{"background-color":"var(--ast-global-color-5)","background-image":"","background-repeat":"repeat","background-position":"center center","background-size":"auto","background-attachment":"scroll","background-type":"","background-media":"","overlay-type":"","overlay-color":"","overlay-opacity":"","overlay-gradient":""},"mobile":{"background-color":"var(--ast-global-color-5)","background-image":"","background-repeat":"repeat","background-position":"center center","background-size":"auto","background-attachment":"scroll","background-type":"","background-media":"","overlay-type":"","overlay-color":"","overlay-opacity":"","overlay-gradient":""}}},"pwb-brand":[332],"product_brand":[],"product_cat":[334,333],"product_tag":[],"class_list":{"0":"post-2982","1":"product","2":"type-product","3":"status-publish","4":"has-post-thumbnail","6":"pwb-brand-victron","7":"product_cat-inversores-cargadores-48v","8":"product_cat-inversores","9":"desktop-align-left","10":"tablet-align-left","11":"mobile-align-left","12":"ast-product-gallery-layout-horizontal-slider","13":"ast-product-tabs-layout-horizontal","15":"first","16":"instock","17":"featured","18":"taxable","19":"shipping-taxable","20":"purchasable","21":"product-type-simple"},"wcpa_form_fields":null,"brands":[{"id":332,"name":"Victron Energy","slug":"victron"}],"_links":{"self":[{"href":"https:\/\/fvcomponentes.com\/fr\/wp-json\/wp\/v2\/product\/2982","targetHints":{"allow":["GET"]}}],"collection":[{"href":"https:\/\/fvcomponentes.com\/fr\/wp-json\/wp\/v2\/product"}],"about":[{"href":"https:\/\/fvcomponentes.com\/fr\/wp-json\/wp\/v2\/types\/product"}],"replies":[{"embeddable":true,"href":"https:\/\/fvcomponentes.com\/fr\/wp-json\/wp\/v2\/comments?post=2982"}],"wp:featuredmedia":[{"embeddable":true,"href":"https:\/\/fvcomponentes.com\/fr\/wp-json\/wp\/v2\/media\/7580"}],"wp:attachment":[{"href":"https:\/\/fvcomponentes.com\/fr\/wp-json\/wp\/v2\/media?parent=2982"}],"wp:term":[{"taxonomy":"pwb-brand","embeddable":true,"href":"https:\/\/fvcomponentes.com\/fr\/wp-json\/wp\/v2\/pwb-brand?post=2982"},{"taxonomy":"product_brand","embeddable":true,"href":"https:\/\/fvcomponentes.com\/fr\/wp-json\/wp\/v2\/product_brand?post=2982"},{"taxonomy":"product_cat","embeddable":true,"href":"https:\/\/fvcomponentes.com\/fr\/wp-json\/wp\/v2\/product_cat?post=2982"},{"taxonomy":"product_tag","embeddable":true,"href":"https:\/\/fvcomponentes.com\/fr\/wp-json\/wp\/v2\/product_tag?post=2982"}],"curies":[{"name":"wp","href":"https:\/\/api.w.org\/{rel}","templated":true}]}}