{"id":29298,"date":"2025-10-27T13:58:37","date_gmt":"2025-10-27T12:58:37","guid":{"rendered":"https:\/\/fvcomponentes.com\/?post_type=product&#038;p=29298"},"modified":"2026-04-10T18:24:36","modified_gmt":"2026-04-10T16:24:36","slug":"bcu-pile-au-lithium-byd-boite-a-piles-hve-bcubase-17161480-00","status":"publish","type":"product","link":"https:\/\/fvcomponentes.com\/fr\/producto\/bcu-bateria-de-litio-byd-battery-box-hve-bcubase-17161480-00\/","title":{"rendered":"BCU Batterie au lithium BYD Battery Box HVE (BCU+Base) - 17161480-00"},"content":{"rendered":"<h2>BCU Batterie au lithium BYD Battery Box HVE (BCU+Base) - 17161480-00<\/h2>\n<p>Le BYD Battery Box HVE BCU - 17161480-00 est le composant essentiel qui permet toute configuration du syst\u00e8me Battery Box HVE. Cette unit\u00e9 de contr\u00f4le de la batterie (BCU), avec la base incluse, agit comme le c\u0153ur de communication et de gestion du syst\u00e8me.<br \/>\nIl est con\u00e7u pour contr\u00f4ler de mani\u00e8re s\u00fbre et intelligente les modules de batterie HVE 4.2 ou HVE 6.4 dans les syst\u00e8mes de stockage \u00e0 haute tension.<br \/>\nLa BCU g\u00e8re le chargement et le d\u00e9chargement, assure la protection du syst\u00e8me et optimise son fonctionnement.<br \/>\nElle am\u00e9liore \u00e9galement l'efficacit\u00e9 op\u00e9rationnelle et prolonge la dur\u00e9e de vie de l'ensemble. Sans cette unit\u00e9, les modules ne peuvent pas fonctionner ou communiquer correctement, ce qui les emp\u00eache d'exploiter pleinement leurs capacit\u00e9s.<br \/>\nLa BCU permet de contr\u00f4ler, de surveiller et de prot\u00e9ger les modules, facilite l'\u00e9volutivit\u00e9 de la structure et int\u00e8gre des fonctions intelligentes.<br \/>\nGr\u00e2ce \u00e0 sa conception modulaire, il est facile et rapide \u00e0 installer. C'est la cl\u00e9 des syst\u00e8mes de stockage d'\u00e9nergie modernes, s\u00fbrs et \u00e0 l'\u00e9preuve du temps.<\/p>\n<h2>Caract\u00e9ristiques du BCU Batterie au lithium BYD Battery Box HVE (BCU+Base) - 17161480-00<\/h2>\n<p>La BCU HVE agit comme le cerveau du syst\u00e8me : elle surveille chaque module connect\u00e9, r\u00e9gule la charge et la d\u00e9charge, \u00e9quilibre automatiquement les cellules et prot\u00e8ge contre les surcharges, les d\u00e9charges excessives et les courts-circuits.<br \/>\nLeur pr\u00e9sence est indispensable pour configurer des tours de 2 \u00e0 4 modules HVE connect\u00e9s en s\u00e9rie, d'une capacit\u00e9 comprise entre 8,6 kWh et 25,8 kWh.<br \/>\nIl permet \u00e9galement de connecter jusqu'\u00e0 trois tours en parall\u00e8le, ce qui porte la capacit\u00e9 totale \u00e0 plus de 70 kWh.<br \/>\nEn outre, sans cette unit\u00e9, il ne serait pas possible de construire et d'\u00e9tendre correctement une tour HVE ou d'acc\u00e9der \u00e0 tout le potentiel des modules.<\/p>\n<h3>Conception et structure<\/h3>\n<p>De conception robuste et compacte, la BCU HVE comprend une base structurelle et un support mural, ce qui permet de la monter facilement et de la fixer en toute s\u00e9curit\u00e9 sur un mur ou un sol, et de l'adapter aux espaces r\u00e9sidentiels ou commerciaux.<br \/>\nLa s\u00e9curit\u00e9 est un autre pilier de la conception de cette unit\u00e9. Gr\u00e2ce \u00e0 sa technologie de protection avanc\u00e9e et \u00e0 son syst\u00e8me d'\u00e9quilibrage interne, la long\u00e9vit\u00e9 de l'unit\u00e9 est garantie, conform\u00e9ment \u00e0 la durabilit\u00e9 attendue des modules de batterie BYD.<br \/>\nEn outre, la base structurelle de la BCU sert de support physique \u00e0 la tour HVE, assurant la stabilit\u00e9 m\u00e9canique et facilitant l'assemblage de quatre modules en s\u00e9rie, m\u00eame dans des environnements confin\u00e9s.<br \/>\nGr\u00e2ce \u00e0 la conception \"plug-and-play\", aucun c\u00e2blage n'est n\u00e9cessaire entre les modules. Cela simplifie l'assemblage, fait gagner du temps et r\u00e9duit les erreurs d'installation. L'unit\u00e9 est con\u00e7ue pour une utilisation \u00e0 long terme et b\u00e9n\u00e9ficie d'une garantie de 15 ans, tout comme les modules de batterie BYD. Bo\u00eetier de batterie HVE.<\/p>\n<figure id=\"attachment_32299\" aria-describedby=\"caption-attachment-32299\" style=\"width: 1225px\" class=\"wp-caption alignnone\"><img fetchpriority=\"high\" decoding=\"async\" class=\"size-full wp-image-32299\" src=\"https:\/\/fvcomponentes.com\/wp-content\/uploads\/2025\/10\/Captura-de-pantalla-2025-10-27-134122.png\" alt=\"PARAM\u00c8TRES TECHNIQUES HVE\" width=\"1225\" height=\"798\" title=\"\"><figcaption id=\"caption-attachment-32299\" class=\"wp-caption-text\">PARAM\u00c8TRES TECHNIQUES HVE<\/figcaption><\/figure>\n<h3>Connectivit\u00e9 et communication<\/h3>\n<p>En termes de connectivit\u00e9, la BCU communique avec les modules de batterie HVE via les interfaces CAN et RS 485, ce qui permet une int\u00e9gration transparente avec les onduleurs et les plates-formes de gestion de l'\u00e9nergie compatibles.<br \/>\nIl est enti\u00e8rement compatible avec l'application officielle de BYD, qui offre une surveillance \u00e0 distance, des diagnostics en temps r\u00e9el et des mises \u00e0 jour OTA (over-the-air) automatiques.<br \/>\nEn outre, le syst\u00e8me d\u00e9tecte automatiquement les modules connect\u00e9s. Cela permet une auto-configuration efficace, l'ajustement des tensions et l'optimisation du fonctionnement d\u00e8s la premi\u00e8re mise sous tension. Cette automatisation r\u00e9duit les interventions techniques et acc\u00e9l\u00e8re la mise en service.<br \/>\nLa BCU int\u00e8gre \u00e9galement des fonctions critiques de secours en cas de panne de courant, ce qui fait du syst\u00e8me une solution fiable d'autoconsommation et de secours.<\/p>\n<h2>Fiche technique BCU Batterie au lithium BYD Battery Box HVE (BCU+Base) - 17161480-00<\/h2>\n<p><a href=\"https:\/\/fvcomponentes.com\/wp-content\/uploads\/2025\/10\/Datasheet-ES.pdf\" target=\"_blank\" rel=\"noopener\">Fiche technique BCU Batterie au lithium BYD Battery Box HVE (BCU+Base) - 17161480-00<\/a><\/p>\n<h2>Manuel d'installation BCU Batterie au lithium BYD Battery Box HVE (BCU+Base) - 17161480-00<\/h2>\n<p><a href=\"https:\/\/fvcomponentes.com\/wp-content\/uploads\/2025\/10\/BYD_Quick_Start_Guide_B-BOX_HVE_EN.pdf\" target=\"_blank\" rel=\"noopener\">Manuel d'installation BCU Batterie au lithium BYD Battery Box HVE (BCU+Base) - 17161480-00<\/a><\/p>","protected":false},"excerpt":{"rendered":"<p>BCU pour batterie BYD Battery Box HVE -<br \/>\n<span style=\"color: #ff0000;\"><strong>Les batteries HVE ne sont compatibles qu'avec les onduleurs BYD.<\/strong><\/span><br \/>\n<span style=\"color: #ff0000;\"><strong>Un par tour n\u00e9cessaire, jusqu'\u00e0 trois tours en parall\u00e8le.<br \/>\n<\/strong><\/span>Type de batterie : DC Haute tension<br \/>\nCommunication : interface CAN et RS-485<br \/>\nEfficacit\u00e9 : 95%<br \/>\nProtection : IP65<br \/>\nGarantie : 15 ans<\/p>","protected":false},"featured_media":29302,"comment_status":"closed","ping_status":"closed","template":"","meta":{"site-sidebar-layout":"default","site-content-layout":"","ast-site-content-layout":"default","site-content-style":"default","site-sidebar-style":"default","ast-global-header-display":"","ast-banner-title-visibility":"","ast-main-header-display":"","ast-hfb-above-header-display":"","ast-hfb-below-header-display":"","ast-hfb-mobile-header-display":"","site-post-title":"","ast-breadcrumbs-content":"","ast-featured-img":"","footer-sml-layout":"","ast-disable-related-posts":"","theme-transparent-header-meta":"default","adv-header-id-meta":"","stick-header-meta":"","header-above-stick-meta":"","header-main-stick-meta":"","header-below-stick-meta":"","astra-migrate-meta-layouts":"set","ast-page-background-enabled":"default","ast-page-background-meta":{"desktop":{"background-color":"var(--ast-global-color-4)","background-image":"","background-repeat":"repeat","background-position":"center center","background-size":"auto","background-attachment":"scroll","background-type":"","background-media":"","overlay-type":"","overlay-color":"","overlay-opacity":"","overlay-gradient":""},"tablet":{"background-color":"","background-image":"","background-repeat":"repeat","background-position":"center center","background-size":"auto","background-attachment":"scroll","background-type":"","background-media":"","overlay-type":"","overlay-color":"","overlay-opacity":"","overlay-gradient":""},"mobile":{"background-color":"","background-image":"","background-repeat":"repeat","background-position":"center center","background-size":"auto","background-attachment":"scroll","background-type":"","background-media":"","overlay-type":"","overlay-color":"","overlay-opacity":"","overlay-gradient":""}},"ast-content-background-meta":{"desktop":{"background-color":"var(--ast-global-color-5)","background-image":"","background-repeat":"repeat","background-position":"center center","background-size":"auto","background-attachment":"scroll","background-type":"","background-media":"","overlay-type":"","overlay-color":"","overlay-opacity":"","overlay-gradient":""},"tablet":{"background-color":"var(--ast-global-color-5)","background-image":"","background-repeat":"repeat","background-position":"center center","background-size":"auto","background-attachment":"scroll","background-type":"","background-media":"","overlay-type":"","overlay-color":"","overlay-opacity":"","overlay-gradient":""},"mobile":{"background-color":"var(--ast-global-color-5)","background-image":"","background-repeat":"repeat","background-position":"center center","background-size":"auto","background-attachment":"scroll","background-type":"","background-media":"","overlay-type":"","overlay-color":"","overlay-opacity":"","overlay-gradient":""}}},"pwb-brand":[897],"product_brand":[],"product_cat":[340,379],"product_tag":[],"class_list":{"0":"post-29298","1":"product","2":"type-product","3":"status-publish","4":"has-post-thumbnail","6":"pwb-brand-byd","7":"product_cat-baterias","8":"product_cat-baterias-de-litio-de-alto-voltaje","9":"desktop-align-left","10":"tablet-align-left","11":"mobile-align-left","12":"ast-product-gallery-layout-horizontal-slider","13":"ast-product-gallery-with-no-image","14":"ast-product-tabs-layout-horizontal","16":"first","17":"instock","18":"taxable","19":"shipping-taxable","20":"purchasable","21":"product-type-simple"},"wcpa_form_fields":null,"brands":[{"id":897,"name":"Batteries B&amp;D","slug":"byd"}],"_links":{"self":[{"href":"https:\/\/fvcomponentes.com\/fr\/wp-json\/wp\/v2\/product\/29298","targetHints":{"allow":["GET"]}}],"collection":[{"href":"https:\/\/fvcomponentes.com\/fr\/wp-json\/wp\/v2\/product"}],"about":[{"href":"https:\/\/fvcomponentes.com\/fr\/wp-json\/wp\/v2\/types\/product"}],"replies":[{"embeddable":true,"href":"https:\/\/fvcomponentes.com\/fr\/wp-json\/wp\/v2\/comments?post=29298"}],"wp:featuredmedia":[{"embeddable":true,"href":"https:\/\/fvcomponentes.com\/fr\/wp-json\/wp\/v2\/media\/29302"}],"wp:attachment":[{"href":"https:\/\/fvcomponentes.com\/fr\/wp-json\/wp\/v2\/media?parent=29298"}],"wp:term":[{"taxonomy":"pwb-brand","embeddable":true,"href":"https:\/\/fvcomponentes.com\/fr\/wp-json\/wp\/v2\/pwb-brand?post=29298"},{"taxonomy":"product_brand","embeddable":true,"href":"https:\/\/fvcomponentes.com\/fr\/wp-json\/wp\/v2\/product_brand?post=29298"},{"taxonomy":"product_cat","embeddable":true,"href":"https:\/\/fvcomponentes.com\/fr\/wp-json\/wp\/v2\/product_cat?post=29298"},{"taxonomy":"product_tag","embeddable":true,"href":"https:\/\/fvcomponentes.com\/fr\/wp-json\/wp\/v2\/product_tag?post=29298"}],"curies":[{"name":"wp","href":"https:\/\/api.w.org\/{rel}","templated":true}]}}