{"id":29294,"date":"2025-10-28T09:34:25","date_gmt":"2025-10-28T08:34:25","guid":{"rendered":"https:\/\/fvcomponentes.com\/?post_type=product&#038;p=29294"},"modified":"2026-03-30T12:16:44","modified_gmt":"2026-03-30T10:16:44","slug":"module-de-batterie-byd-boitier-de-batterie-hve-6-4-17161353-00","status":"publish","type":"product","link":"https:\/\/fvcomponentes.com\/fr\/producto\/modulo-de-bateria-byd-battery-box-hve-6-4-17161353-00\/","title":{"rendered":"BYD Battery Box HVE 6.4 module de batterie - 17161353-00"},"content":{"rendered":"<h2>BYD Battery Box HVE 6.4 module de batterie - 17161353-00<\/h2>\n<p>La BYD Battery-Box HVE 6.4 est un module de batterie haute tension (HV) d'une capacit\u00e9 utile de 6,45 kWh. Il est fabriqu\u00e9 avec la technologie LiFePO\u2084 (lithium-fer-phosphate), qui garantit la s\u00e9curit\u00e9, l'efficacit\u00e9 et une longue dur\u00e9e de vie.<br \/>\nEn outre, il offre une efficacit\u00e9 \u00e9nerg\u00e9tique sup\u00e9rieure \u00e0 celle du 95 %, ce qui est id\u00e9al pour ceux qui cherchent \u00e0 maximiser les performances de leurs syst\u00e8mes.<br \/>\nCe module est con\u00e7u pour des applications r\u00e9sidentielles et commerciales, lorsqu'une solution s\u00e9curis\u00e9e, \u00e9volutive et facile \u00e0 installer est requise.<br \/>\nElle fait partie de la c\u00e9l\u00e8bre gamme Battery-Box Premium HVE de BYD, qui associe des performances \u00e9lev\u00e9es \u00e0 une conception compacte et modulaire.<br \/>\nEn outre, son int\u00e9gration avec les onduleurs Power-Box et la garantie de 15 ans offrent une solution de stockage \u00e0 long terme fiable.<\/p>\n<h2>Caract\u00e9ristiques du BYD Battery Box HVE 6.4 - 17161353-00<\/h2>\n<p>Ce module de batterie offre une capacit\u00e9 utile de 6,45 kWh, id\u00e9ale pour les utilisateurs qui souhaitent une plus grande autonomie \u00e9nerg\u00e9tique.<br class=\"yoast-text-mark\" \/>Il a \u00e9galement une tension nominale de 115,2 V et une profondeur de seulement 14 cm, ce qui en fait une option compacte sans compromis sur les performances.<\/p>\n<h3>Conception et \u00e9volutivit\u00e9<\/h3>\n<p>La conception de la BYD Battery Box permet de combiner les modules HVE 6.4 (6,45 kWh) avec les modules HVE 4.2 (4,29 kWh) dans une seule tour jusqu'\u00e0 quatre modules, pour atteindre 23,6 kWh par tour. <br class=\"yoast-text-mark\" \/>En outre, jusqu'\u00e0 trois tours peuvent \u00eatre connect\u00e9es en parall\u00e8le, ce qui permet d'atteindre une capacit\u00e9 totale de 70,92 kWh.<br class=\"yoast-text-mark\" \/>Avec une profondeur de seulement 14 cm, il peut \u00eatre install\u00e9 au mur ou au sol, m\u00eame dans des espaces restreints, ce qui en fait l'un des mod\u00e8les les plus compacts de la gamme Battery-Box HVE.<br class=\"yoast-text-mark\" \/>D'autre part, le BYD Battery Box HVE 6.4 est de conception robuste et b\u00e9n\u00e9ficie d'un indice de protection IP65 qui lui permet d'\u00eatre utilis\u00e9 \u00e0 l'int\u00e9rieur comme \u00e0 l'ext\u00e9rieur. Il fonctionne \u00e9galement sans ventilateur et ne n\u00e9cessite aucune maintenance active.<\/p>\n<p><img fetchpriority=\"high\" decoding=\"async\" class=\"size-full wp-image-32299\" src=\"https:\/\/fvcomponentes.com\/wp-content\/uploads\/2025\/10\/Captura-de-pantalla-2025-10-27-134122.png\" alt=\"PARAM\u00c8TRES TECHNIQUES HVE\" width=\"1225\" height=\"798\" title=\"\"><\/p>\n<h3>S\u00e9curit\u00e9 et fiabilit\u00e9<\/h3>\n<p>La technologie LiFePO\u2084 du Battery Box HVE 6.4 offre une grande stabilit\u00e9 thermique, une grande tol\u00e9rance \u00e0 la temp\u00e9rature et un faible risque d'incendie ou de d\u00e9gradation rapide.<br \/>\nIl s'agit d'une technologie sans cobalt, respectueuse de l'environnement et durable, ce qui la rend plus s\u00fbre, plus stable et lui conf\u00e8re une dur\u00e9e de vie plus longue.<br \/>\nLe module Battery Box HVE 6.4 b\u00e9n\u00e9ficie de certifications internationales rigoureuses et a \u00e9t\u00e9 test\u00e9 dans de nombreux environnements, ce qui garantit sa fiabilit\u00e9 m\u00eame dans des conditions exigeantes. En outre, sa dur\u00e9e de vie d\u00e9passe les 6 000 cycles et la garantie de 15 ans assure une fiabilit\u00e9 \u00e0 long terme.<\/p>\n<h3>Installation et facilit\u00e9 d'utilisation<\/h3>\n<p>Le syst\u00e8me HVE 6.4 est dot\u00e9 d'une conception interne plug-and-play brevet\u00e9e, sans c\u00e2blage entre les modules, ce qui simplifie grandement l'installation et l'extension. <br class=\"yoast-text-mark\" \/>La configuration se fait automatiquement gr\u00e2ce \u00e0 la d\u00e9tection des modules lors de la mise sous tension du syst\u00e8me, ce qui garantit une installation rapide et une mise en service automatique, permettant ainsi d'\u00e9conomiser du temps et de la main-d'\u0153uvre.<br \/>\nIl s'int\u00e8gre facilement \u00e0 l'application BYD, qui permet la surveillance \u00e0 distance, les diagnostics en temps r\u00e9el et les mises \u00e0 jour OTA (over-the-air), offrant ainsi un syst\u00e8me intelligent et connect\u00e9.<\/p>\n<h3>Compatibilit\u00e9 universelle<\/h3>\n<p>Le Battery Box HVE 6.4 est enti\u00e8rement compatible avec les onduleurs hybrides BYD Power-Box.<\/p>\n<h2>BYD Battery Box HVE 6.4 Battery Module Datasheet - 17161353-00<\/h2>\n<p><a href=\"https:\/\/fvcomponentes.com\/wp-content\/uploads\/2025\/10\/Datasheet-ES.pdf\" target=\"_blank\" rel=\"noopener\">BYD Battery Box HVE 6.4 Datasheet - 17161353-00<\/a><\/p>\n<h2>BYD Battery Box HVE 6.4 battery module installation manual - 17161353-00<\/h2>\n<p><a href=\"https:\/\/fvcomponentes.com\/wp-content\/uploads\/2025\/10\/BYD_Quick_Start_Guide_B-BOX_HVE_EN.pdf\" target=\"_blank\" rel=\"noopener\">Manuel d'installation BCU Batterie au lithium BYD Battery Box HVE (BCU+Base) - 17161480-00<\/a><\/p>","protected":false},"excerpt":{"rendered":"<p><span style=\"color: #ff0000;\"><strong>Les batteries HVE ne sont compatibles qu'avec les onduleurs BYD.<br \/>\n<\/strong><\/span><span style=\"color: #ff0000;\"><strong>Ne peut \u00eatre utilis\u00e9 individuellement dans une tour.<\/strong><\/span><\/p>\n<p>Type de batterie : DC Haute tension<br \/>\nCommunication : interface CAN et RS-485<br \/>\nTension nominale : 115,2 V<br \/>\n\u00c9nergie utile : 6,43 kWh<br \/>\nCourant maximal de charge et de d\u00e9charge : 35 A<br \/>\nPuissance maximale en charge : 8064 kW<br \/>\nPuissance de d\u00e9charge maximale : 4032 kW<br \/>\nEfficacit\u00e9 : 95%<br \/>\nTemp\u00e9rature de fonctionnement recommand\u00e9e : -20 \u00b0C \u00e0 +55 \u00b0C<br \/>\nProtection : IP65<br \/>\nGarantie : 15 ans<br \/>\nInstallation de la batterie : montage mural, montage au sol<br \/>\n\u00c9volutivit\u00e9 : modulaire, parall\u00e8le<\/p>","protected":false},"featured_media":29296,"comment_status":"closed","ping_status":"closed","template":"","meta":{"site-sidebar-layout":"default","site-content-layout":"","ast-site-content-layout":"default","site-content-style":"default","site-sidebar-style":"default","ast-global-header-display":"","ast-banner-title-visibility":"","ast-main-header-display":"","ast-hfb-above-header-display":"","ast-hfb-below-header-display":"","ast-hfb-mobile-header-display":"","site-post-title":"","ast-breadcrumbs-content":"","ast-featured-img":"","footer-sml-layout":"","ast-disable-related-posts":"","theme-transparent-header-meta":"default","adv-header-id-meta":"","stick-header-meta":"","header-above-stick-meta":"","header-main-stick-meta":"","header-below-stick-meta":"","astra-migrate-meta-layouts":"set","ast-page-background-enabled":"default","ast-page-background-meta":{"desktop":{"background-color":"var(--ast-global-color-4)","background-image":"","background-repeat":"repeat","background-position":"center center","background-size":"auto","background-attachment":"scroll","background-type":"","background-media":"","overlay-type":"","overlay-color":"","overlay-opacity":"","overlay-gradient":""},"tablet":{"background-color":"","background-image":"","background-repeat":"repeat","background-position":"center center","background-size":"auto","background-attachment":"scroll","background-type":"","background-media":"","overlay-type":"","overlay-color":"","overlay-opacity":"","overlay-gradient":""},"mobile":{"background-color":"","background-image":"","background-repeat":"repeat","background-position":"center center","background-size":"auto","background-attachment":"scroll","background-type":"","background-media":"","overlay-type":"","overlay-color":"","overlay-opacity":"","overlay-gradient":""}},"ast-content-background-meta":{"desktop":{"background-color":"var(--ast-global-color-5)","background-image":"","background-repeat":"repeat","background-position":"center center","background-size":"auto","background-attachment":"scroll","background-type":"","background-media":"","overlay-type":"","overlay-color":"","overlay-opacity":"","overlay-gradient":""},"tablet":{"background-color":"var(--ast-global-color-5)","background-image":"","background-repeat":"repeat","background-position":"center center","background-size":"auto","background-attachment":"scroll","background-type":"","background-media":"","overlay-type":"","overlay-color":"","overlay-opacity":"","overlay-gradient":""},"mobile":{"background-color":"var(--ast-global-color-5)","background-image":"","background-repeat":"repeat","background-position":"center center","background-size":"auto","background-attachment":"scroll","background-type":"","background-media":"","overlay-type":"","overlay-color":"","overlay-opacity":"","overlay-gradient":""}}},"pwb-brand":[897],"product_brand":[],"product_cat":[379,340],"product_tag":[],"class_list":{"0":"post-29294","1":"product","2":"type-product","3":"status-publish","4":"has-post-thumbnail","6":"pwb-brand-byd","7":"product_cat-baterias-de-litio-de-alto-voltaje","8":"product_cat-baterias","9":"product_shipping_class-baterias","10":"desktop-align-left","11":"tablet-align-left","12":"mobile-align-left","13":"ast-product-gallery-layout-horizontal-slider","14":"ast-product-gallery-with-no-image","15":"ast-product-tabs-layout-horizontal","17":"first","18":"instock","19":"taxable","20":"shipping-taxable","21":"purchasable","22":"product-type-simple"},"wcpa_form_fields":null,"brands":[{"id":897,"name":"Batteries B&amp;D","slug":"byd"}],"_links":{"self":[{"href":"https:\/\/fvcomponentes.com\/fr\/wp-json\/wp\/v2\/product\/29294","targetHints":{"allow":["GET"]}}],"collection":[{"href":"https:\/\/fvcomponentes.com\/fr\/wp-json\/wp\/v2\/product"}],"about":[{"href":"https:\/\/fvcomponentes.com\/fr\/wp-json\/wp\/v2\/types\/product"}],"replies":[{"embeddable":true,"href":"https:\/\/fvcomponentes.com\/fr\/wp-json\/wp\/v2\/comments?post=29294"}],"wp:featuredmedia":[{"embeddable":true,"href":"https:\/\/fvcomponentes.com\/fr\/wp-json\/wp\/v2\/media\/29296"}],"wp:attachment":[{"href":"https:\/\/fvcomponentes.com\/fr\/wp-json\/wp\/v2\/media?parent=29294"}],"wp:term":[{"taxonomy":"pwb-brand","embeddable":true,"href":"https:\/\/fvcomponentes.com\/fr\/wp-json\/wp\/v2\/pwb-brand?post=29294"},{"taxonomy":"product_brand","embeddable":true,"href":"https:\/\/fvcomponentes.com\/fr\/wp-json\/wp\/v2\/product_brand?post=29294"},{"taxonomy":"product_cat","embeddable":true,"href":"https:\/\/fvcomponentes.com\/fr\/wp-json\/wp\/v2\/product_cat?post=29294"},{"taxonomy":"product_tag","embeddable":true,"href":"https:\/\/fvcomponentes.com\/fr\/wp-json\/wp\/v2\/product_tag?post=29294"}],"curies":[{"name":"wp","href":"https:\/\/api.w.org\/{rel}","templated":true}]}}