{"id":29282,"date":"2025-10-28T09:35:00","date_gmt":"2025-10-28T08:35:00","guid":{"rendered":"https:\/\/fvcomponentes.com\/?post_type=product&#038;p=29282"},"modified":"2026-04-10T18:24:35","modified_gmt":"2026-04-10T16:24:35","slug":"module-de-batterie-byd-boitier-de-batterie-hve-4-2-17161354-00","status":"publish","type":"product","link":"https:\/\/fvcomponentes.com\/fr\/producto\/modulo-de-bateria-byd-battery-box-hve-4-2-17161354-00\/","title":{"rendered":"BYD Battery Box HVE 4.2 module de batterie - 17161354-00"},"content":{"rendered":"<h2>BYD Battery Box HVE 4.2 module de batterie - 17161354-00<\/h2>\n<p>Le module BYD Battery Box HVE 4.2 est un module de batterie lithium haute tension con\u00e7u pour les syst\u00e8mes de stockage d'\u00e9nergie dans les installations r\u00e9sidentielles et commerciales.<br \/>\nIl s'agit d'une batterie de technologie LFP (lithium-fer-phosphate) sans cobalt qui offre une solution s\u00fbre, \u00e9volutive, efficace et facile \u00e0 installer.<br \/>\nCe module fait partie du syst\u00e8me Battery-Box Premium HVE, con\u00e7u pour couvrir les besoins en \u00e9nergie avec une densit\u00e9 et une modularit\u00e9 \u00e9lev\u00e9es.<br \/>\nSon int\u00e9gration avec les onduleurs Power-Box fait de ce syst\u00e8me une option compl\u00e8te et de haute qualit\u00e9 pour l'autoconsommation, la sauvegarde et l'efficacit\u00e9 \u00e9nerg\u00e9tique \u00e0 long terme.<\/p>\n<h2>Caract\u00e9ristiques du BYD Battery Box HVE 4.2<\/h2>\n<p>Le BYD Battery Box HVE 4.2 offre une capacit\u00e9 utile de 4,29 kWh, avec une tension nominale de 76,8 V et un rendement aller-retour de plus de 95 %.<br \/>\nIl fonctionne avec un courant de charge et de d\u00e9charge maximal de 25 A, sans ventilateur ni pi\u00e8ce mobile, gr\u00e2ce \u00e0 sa conception \u00e0 refroidissement naturel, ce qui garantit un fonctionnement silencieux et l'absence de maintenance active.<\/p>\n<h3>Conception et \u00e9volutivit\u00e9<\/h3>\n<p>La conception du module BYD HVE 4.2 est bas\u00e9e sur une approche enti\u00e8rement modulaire, permettant une \u00e9volutivit\u00e9 verticale et horizontale.<br \/>\nJusqu'\u00e0 cinq modules HVE 4.2 peuvent \u00eatre empil\u00e9s dans une seule tour (Battery-Box HVE), avec une capacit\u00e9 totale de 21,45 kWh par tour.<br \/>\nEn outre, le syst\u00e8me permet de connecter jusqu'\u00e0 trois tours en parall\u00e8le, ce qui donne une capacit\u00e9 totale maximale de 64,35 kWh (en utilisant uniquement des modules HVE 4.2), ou jusqu'\u00e0 70,92 kWh en combinaison avec des modules HVE 6.4.<br \/>\nSa conception ultra-compacte permet de l'installer facilement dans des espaces restreints. Il peut \u00eatre mont\u00e9 au mur ou au sol, et son bo\u00eetier IP65 lui permet d'\u00eatre install\u00e9 \u00e0 l'int\u00e9rieur et prot\u00e9g\u00e9 \u00e0 l'ext\u00e9rieur.<\/p>\n<p><img fetchpriority=\"high\" decoding=\"async\" class=\"size-full wp-image-32299\" src=\"https:\/\/fvcomponentes.com\/wp-content\/uploads\/2025\/10\/Captura-de-pantalla-2025-10-27-134122.png\" alt=\"PARAM\u00c8TRES TECHNIQUES HVE\" width=\"1225\" height=\"798\" title=\"\"><\/p>\n<h3>S\u00e9curit\u00e9 et fiabilit\u00e9<\/h3>\n<p>Le module Battery-Box utilise la technologie lithium-fer-phosphate (LFP), consid\u00e9r\u00e9e comme l'une des plus s\u00fbres du march\u00e9 en raison de sa grande stabilit\u00e9 thermique, de sa r\u00e9sistance \u00e0 la surcharge et de son long cycle de vie. Ne contenant pas de cobalt, elle est \u00e9galement plus respectueuse de l'environnement et plus durable.<br \/>\nLe syst\u00e8me BYD Battery-Box HVE b\u00e9n\u00e9ficie de certifications internationales rigoureuses telles que IEC 62619, VDE-AR-E 2510-50, UN 38.3 et les normes EMC, ce qui garantit sa s\u00e9curit\u00e9 tant au niveau du transport que de l'exploitation.<br \/>\nEn outre, il b\u00e9n\u00e9ficie d'une protection IP65 contre la poussi\u00e8re et les \u00e9claboussures, et est con\u00e7u sans ventilateur, ce qui \u00e9limine les risques m\u00e9caniques et am\u00e9liore la fiabilit\u00e9 \u00e0 long terme.<br \/>\nGr\u00e2ce \u00e0 sa garantie de 15 ans et \u00e0 l'exp\u00e9rience mondiale de BYD, qui a install\u00e9 plus d'un million de syst\u00e8mes, il constitue l'une des propositions les plus fiables du march\u00e9 en termes de durabilit\u00e9 et d'assistance technique.<\/p>\n<h3>Installation et facilit\u00e9 d'utilisation<\/h3>\n<p>Le module HVE 4.2 est con\u00e7u avec un syst\u00e8me interne plug-and-play, \u00e9liminant le besoin de c\u00e2blage entre les modules.<br \/>\nLa connexion entre eux est \u00e0 la fois m\u00e9canique et \u00e9lectrique, ce qui permet d'assembler facilement la tour en moins d'une heure.<br \/>\nLe syst\u00e8me d\u00e9tecte automatiquement les modules connect\u00e9s et effectue une configuration automatique lors de la mise sous tension.<br \/>\nEn outre, la compatibilit\u00e9 avec l'application BYD permet une surveillance \u00e0 distance, des mises \u00e0 jour OTA (over-the-air) du micrologiciel et des diagnostics en temps r\u00e9el.<br \/>\nIl est sp\u00e9cialement con\u00e7u pour s'int\u00e9grer parfaitement aux nouveaux onduleurs Power-Box de BYD (mod\u00e8les SH et TH), offrant ainsi une solution compl\u00e8te de stockage et de gestion intelligente de l'\u00e9nergie.<\/p>\n<h2>BYD Battery Box HVE 4.2 Battery Module Datasheet - 17161354-00<\/h2>\n<p><a href=\"https:\/\/fvcomponentes.com\/wp-content\/uploads\/2025\/10\/Datasheet-ES.pdf\" target=\"_blank\" rel=\"noopener\">BYD Battery Box HVE 4.2 Datasheet - 17161354-00<\/a><\/p>\n<h2>BYD Battery Box HVE 4.2 manuel d'installation du module de batterie - 17161354-00<\/h2>\n<p><a href=\"https:\/\/fvcomponentes.com\/wp-content\/uploads\/2025\/10\/BYD_Quick_Start_Guide_B-BOX_HVE_EN.pdf\" target=\"_blank\" rel=\"noopener\">Manuel d'installation BCU Batterie au lithium BYD Battery Box HVE (BCU+Base) - 17161480-00<\/a><\/p>","protected":false},"excerpt":{"rendered":"<p><span style=\"color: #ff0000;\"><strong>Les batteries HVE ne sont compatibles qu'avec les onduleurs BYD.<br \/>\n<\/strong><\/span><span style=\"color: #ff0000;\"><strong>Ne peut \u00eatre utilis\u00e9 individuellement dans une tour.<\/strong><\/span><\/p>\n<p>Type de batterie : DC Haute tension<br \/>\nCommunication : interface CAN et RS-485<br \/>\nTension nominale : 76,8 V<br \/>\n\u00c9nergie utile : 4,29 kWh<br \/>\nCourant maximal de charge et de d\u00e9charge : 35 A<br \/>\nPuissance maximale en charge : 5376 kW<br \/>\nPuissance de d\u00e9charge maximale : 2688 kW<br \/>\nEfficacit\u00e9 : 95%<br \/>\nProtection : IP65<br \/>\nDur\u00e9e de vie estim\u00e9e : plus de 6 000 cycles \u00e0 90 % DoD<br \/>\nGarantie : 15 ans<br \/>\n\u00c9volutivit\u00e9 : modulaire, parall\u00e8le<\/p>","protected":false},"featured_media":29285,"comment_status":"closed","ping_status":"closed","template":"","meta":{"site-sidebar-layout":"default","site-content-layout":"","ast-site-content-layout":"default","site-content-style":"default","site-sidebar-style":"default","ast-global-header-display":"","ast-banner-title-visibility":"","ast-main-header-display":"","ast-hfb-above-header-display":"","ast-hfb-below-header-display":"","ast-hfb-mobile-header-display":"","site-post-title":"","ast-breadcrumbs-content":"","ast-featured-img":"","footer-sml-layout":"","ast-disable-related-posts":"","theme-transparent-header-meta":"default","adv-header-id-meta":"","stick-header-meta":"","header-above-stick-meta":"","header-main-stick-meta":"","header-below-stick-meta":"","astra-migrate-meta-layouts":"set","ast-page-background-enabled":"default","ast-page-background-meta":{"desktop":{"background-color":"var(--ast-global-color-4)","background-image":"","background-repeat":"repeat","background-position":"center center","background-size":"auto","background-attachment":"scroll","background-type":"","background-media":"","overlay-type":"","overlay-color":"","overlay-opacity":"","overlay-gradient":""},"tablet":{"background-color":"","background-image":"","background-repeat":"repeat","background-position":"center center","background-size":"auto","background-attachment":"scroll","background-type":"","background-media":"","overlay-type":"","overlay-color":"","overlay-opacity":"","overlay-gradient":""},"mobile":{"background-color":"","background-image":"","background-repeat":"repeat","background-position":"center center","background-size":"auto","background-attachment":"scroll","background-type":"","background-media":"","overlay-type":"","overlay-color":"","overlay-opacity":"","overlay-gradient":""}},"ast-content-background-meta":{"desktop":{"background-color":"var(--ast-global-color-5)","background-image":"","background-repeat":"repeat","background-position":"center center","background-size":"auto","background-attachment":"scroll","background-type":"","background-media":"","overlay-type":"","overlay-color":"","overlay-opacity":"","overlay-gradient":""},"tablet":{"background-color":"var(--ast-global-color-5)","background-image":"","background-repeat":"repeat","background-position":"center center","background-size":"auto","background-attachment":"scroll","background-type":"","background-media":"","overlay-type":"","overlay-color":"","overlay-opacity":"","overlay-gradient":""},"mobile":{"background-color":"var(--ast-global-color-5)","background-image":"","background-repeat":"repeat","background-position":"center center","background-size":"auto","background-attachment":"scroll","background-type":"","background-media":"","overlay-type":"","overlay-color":"","overlay-opacity":"","overlay-gradient":""}}},"pwb-brand":[897],"product_brand":[],"product_cat":[340,379],"product_tag":[],"class_list":{"0":"post-29282","1":"product","2":"type-product","3":"status-publish","4":"has-post-thumbnail","6":"pwb-brand-byd","7":"product_cat-baterias","8":"product_cat-baterias-de-litio-de-alto-voltaje","9":"product_shipping_class-baterias","10":"desktop-align-left","11":"tablet-align-left","12":"mobile-align-left","13":"ast-product-gallery-layout-horizontal-slider","14":"ast-product-gallery-with-no-image","15":"ast-product-tabs-layout-horizontal","17":"first","18":"instock","19":"taxable","20":"shipping-taxable","21":"purchasable","22":"product-type-simple"},"wcpa_form_fields":null,"brands":[{"id":897,"name":"Batteries B&amp;D","slug":"byd"}],"_links":{"self":[{"href":"https:\/\/fvcomponentes.com\/fr\/wp-json\/wp\/v2\/product\/29282","targetHints":{"allow":["GET"]}}],"collection":[{"href":"https:\/\/fvcomponentes.com\/fr\/wp-json\/wp\/v2\/product"}],"about":[{"href":"https:\/\/fvcomponentes.com\/fr\/wp-json\/wp\/v2\/types\/product"}],"replies":[{"embeddable":true,"href":"https:\/\/fvcomponentes.com\/fr\/wp-json\/wp\/v2\/comments?post=29282"}],"wp:featuredmedia":[{"embeddable":true,"href":"https:\/\/fvcomponentes.com\/fr\/wp-json\/wp\/v2\/media\/29285"}],"wp:attachment":[{"href":"https:\/\/fvcomponentes.com\/fr\/wp-json\/wp\/v2\/media?parent=29282"}],"wp:term":[{"taxonomy":"pwb-brand","embeddable":true,"href":"https:\/\/fvcomponentes.com\/fr\/wp-json\/wp\/v2\/pwb-brand?post=29282"},{"taxonomy":"product_brand","embeddable":true,"href":"https:\/\/fvcomponentes.com\/fr\/wp-json\/wp\/v2\/product_brand?post=29282"},{"taxonomy":"product_cat","embeddable":true,"href":"https:\/\/fvcomponentes.com\/fr\/wp-json\/wp\/v2\/product_cat?post=29282"},{"taxonomy":"product_tag","embeddable":true,"href":"https:\/\/fvcomponentes.com\/fr\/wp-json\/wp\/v2\/product_tag?post=29282"}],"curies":[{"name":"wp","href":"https:\/\/api.w.org\/{rel}","templated":true}]}}