{"id":28963,"date":"2025-10-01T14:49:28","date_gmt":"2025-10-01T12:49:28","guid":{"rendered":"https:\/\/fvcomponentes.com\/?post_type=product&#038;p=28963"},"modified":"2026-04-08T21:28:29","modified_gmt":"2026-04-08T19:28:29","slug":"fusible-anl-fusible-victron-500a-80v-cip143500020","status":"publish","type":"product","link":"https:\/\/fvcomponentes.com\/fr\/producto\/fusible-anl-fuse-victron-500a-80v-cip143500020\/","title":{"rendered":"Fusible ANL-fusible Victron 500A\/80V - CIP143500020"},"content":{"rendered":"<p>Le fusible ANL Victron 500A\/80V - CIP143500020 est un fusible de haute performance, sp\u00e9cialement con\u00e7u pour fournir une protection \u00e9lectrique dans les syst\u00e8mes 48V de haute puissance, qui n\u00e9cessitent une capacit\u00e9 de courant \u00e9lev\u00e9e, une fuite minimale et une s\u00e9curit\u00e9 maximale.<br \/>\nSa conception ANL (avec des bornes M10 et un montage boulonn\u00e9) est id\u00e9ale pour les applications exigeantes telles que les installations photovolta\u00efques, les syst\u00e8mes marins, les v\u00e9hicules de loisirs, les applications industrielles et la gestion des batteries.<\/p>\n<h2>Principales caract\u00e9ristiques du fusible Victron ANL 500A\/80V - CIP143500020<\/h2>\n<ul>\n<li><strong>Paquet de 5 fusibles.<br \/>\n<\/strong><\/li>\n<li>A utiliser avec le <a href=\"https:\/\/fvcomponentes.com\/fr\/produit\/porte-fusible-anl-victron-cip106100000\/\" target=\"_blank\" rel=\"noopener\">Victron ANL Porte-fusible - CIP106100000<\/a><\/li>\n<li><strong>Une protection fiable<\/strong>Con\u00e7u pour prot\u00e9ger les batteries, les onduleurs, les shunts intelligents, les fusibles et autres composants sensibles dans les syst\u00e8mes 48V. Son amp\u00e9rage \u00e9lev\u00e9 et son temps de fusion rapide le rendent id\u00e9al pour les environnements pr\u00e9sentant des risques de surintensit\u00e9 et de court-circuit.<\/li>\n<li><strong>Faible perte d'\u00e9nergie<\/strong>La chute de tension n'est que de 100 mV, ce qui am\u00e9liore l'efficacit\u00e9 du syst\u00e8me.<\/li>\n<li><strong>Durabilit\u00e9 et robustesse :<\/strong> construit pour r\u00e9sister \u00e0 des conditions exigeantes, tant \u00e0 l'int\u00e9rieur qu'\u00e0 l'ext\u00e9rieur.<\/li>\n<li><strong>Compatibilit\u00e9 et polyvalence :<\/strong> fonctionne avec les syst\u00e8mes Victron et d'autres \u00e9quipements dot\u00e9s de fusibles ANL standard. Il est \u00e9galement compatible avec le montage sur bride ou les bornes M10.<\/li>\n<li><strong>Pouvoir de coupure en court-circuit :<\/strong> sup\u00e9rieur aux fusibles MEGA comparables, garantissant une protection efficace en cas de panne de courant.<\/li>\n<li><strong>Mat\u00e9riaux du terminal :<\/strong> cuivre robuste pour une faible r\u00e9sistance de contact et une excellente conductivit\u00e9.<\/li>\n<li><strong>Utilisation recommand\u00e9e :<\/strong> Les fusibles ANL sont utilis\u00e9s dans les syst\u00e8mes \u00e0 courant \u00e9lev\u00e9 lorsque l'espace le permet.<\/li>\n<\/ul>\n<h2>Fiche technique ANL-fuse Victron 500A\/80V Fuse - CIP143500020<\/h2>\n<p><a href=\"https:\/\/fvcomponentes.com\/wp-content\/uploads\/2025\/06\/Datasheet-Midi-Mega-and-ANL-fuses-and-fuse-holders-EN-.pdf\" target=\"_blank\" rel=\"noopener\">Fiche technique ANL-fuse Victron 500A\/80V Fuse<\/a><\/p>","protected":false},"excerpt":{"rendered":"<p><strong>Courant nominal :<\/strong> 500 A<br \/>\n<strong>Tension d'entr\u00e9e :<\/strong> 80 V<br \/>\n<strong>Chute de tension :<\/strong> 100 mV<br \/>\n<strong>R\u00e9sistance au froid :<\/strong> 0,25 m\u03a9<br \/>\n<span style=\"color: #ff0000;\"><strong>Paquet de 5 fusibles.<\/strong><\/span><\/p>\n<p>La photographie du produit est fournie \u00e0 titre d'illustration uniquement et peut ne pas correspondre au produit r\u00e9el.<\/p>","protected":false},"featured_media":28967,"comment_status":"closed","ping_status":"closed","template":"","meta":{"site-sidebar-layout":"default","site-content-layout":"","ast-site-content-layout":"default","site-content-style":"default","site-sidebar-style":"default","ast-global-header-display":"","ast-banner-title-visibility":"","ast-main-header-display":"","ast-hfb-above-header-display":"","ast-hfb-below-header-display":"","ast-hfb-mobile-header-display":"","site-post-title":"","ast-breadcrumbs-content":"","ast-featured-img":"","footer-sml-layout":"","ast-disable-related-posts":"","theme-transparent-header-meta":"default","adv-header-id-meta":"","stick-header-meta":"","header-above-stick-meta":"","header-main-stick-meta":"","header-below-stick-meta":"","astra-migrate-meta-layouts":"set","ast-page-background-enabled":"default","ast-page-background-meta":{"desktop":{"background-color":"var(--ast-global-color-4)","background-image":"","background-repeat":"repeat","background-position":"center center","background-size":"auto","background-attachment":"scroll","background-type":"","background-media":"","overlay-type":"","overlay-color":"","overlay-opacity":"","overlay-gradient":""},"tablet":{"background-color":"","background-image":"","background-repeat":"repeat","background-position":"center center","background-size":"auto","background-attachment":"scroll","background-type":"","background-media":"","overlay-type":"","overlay-color":"","overlay-opacity":"","overlay-gradient":""},"mobile":{"background-color":"","background-image":"","background-repeat":"repeat","background-position":"center center","background-size":"auto","background-attachment":"scroll","background-type":"","background-media":"","overlay-type":"","overlay-color":"","overlay-opacity":"","overlay-gradient":""}},"ast-content-background-meta":{"desktop":{"background-color":"var(--ast-global-color-5)","background-image":"","background-repeat":"repeat","background-position":"center center","background-size":"auto","background-attachment":"scroll","background-type":"","background-media":"","overlay-type":"","overlay-color":"","overlay-opacity":"","overlay-gradient":""},"tablet":{"background-color":"var(--ast-global-color-5)","background-image":"","background-repeat":"repeat","background-position":"center center","background-size":"auto","background-attachment":"scroll","background-type":"","background-media":"","overlay-type":"","overlay-color":"","overlay-opacity":"","overlay-gradient":""},"mobile":{"background-color":"var(--ast-global-color-5)","background-image":"","background-repeat":"repeat","background-position":"center center","background-size":"auto","background-attachment":"scroll","background-type":"","background-media":"","overlay-type":"","overlay-color":"","overlay-opacity":"","overlay-gradient":""}}},"pwb-brand":[332],"product_brand":[],"product_cat":[862,993,410],"product_tag":[],"class_list":{"0":"post-28963","1":"product","2":"type-product","3":"status-publish","4":"has-post-thumbnail","6":"pwb-brand-victron","7":"product_cat-fusibles","8":"product_cat-fusibles-anl","9":"product_cat-material-electrico","10":"desktop-align-left","11":"tablet-align-left","12":"mobile-align-left","13":"ast-product-gallery-layout-horizontal-slider","14":"ast-product-gallery-with-no-image","15":"ast-product-tabs-layout-horizontal","17":"first","18":"instock","19":"taxable","20":"shipping-taxable","21":"purchasable","22":"product-type-simple"},"wcpa_form_fields":null,"brands":[{"id":332,"name":"Victron Energy","slug":"victron"}],"_links":{"self":[{"href":"https:\/\/fvcomponentes.com\/fr\/wp-json\/wp\/v2\/product\/28963","targetHints":{"allow":["GET"]}}],"collection":[{"href":"https:\/\/fvcomponentes.com\/fr\/wp-json\/wp\/v2\/product"}],"about":[{"href":"https:\/\/fvcomponentes.com\/fr\/wp-json\/wp\/v2\/types\/product"}],"replies":[{"embeddable":true,"href":"https:\/\/fvcomponentes.com\/fr\/wp-json\/wp\/v2\/comments?post=28963"}],"wp:featuredmedia":[{"embeddable":true,"href":"https:\/\/fvcomponentes.com\/fr\/wp-json\/wp\/v2\/media\/28967"}],"wp:attachment":[{"href":"https:\/\/fvcomponentes.com\/fr\/wp-json\/wp\/v2\/media?parent=28963"}],"wp:term":[{"taxonomy":"pwb-brand","embeddable":true,"href":"https:\/\/fvcomponentes.com\/fr\/wp-json\/wp\/v2\/pwb-brand?post=28963"},{"taxonomy":"product_brand","embeddable":true,"href":"https:\/\/fvcomponentes.com\/fr\/wp-json\/wp\/v2\/product_brand?post=28963"},{"taxonomy":"product_cat","embeddable":true,"href":"https:\/\/fvcomponentes.com\/fr\/wp-json\/wp\/v2\/product_cat?post=28963"},{"taxonomy":"product_tag","embeddable":true,"href":"https:\/\/fvcomponentes.com\/fr\/wp-json\/wp\/v2\/product_tag?post=28963"}],"curies":[{"name":"wp","href":"https:\/\/api.w.org\/{rel}","templated":true}]}}