{"id":28875,"date":"2025-08-20T09:45:13","date_gmt":"2025-08-20T07:45:13","guid":{"rendered":"https:\/\/fvcomponentes.com\/?post_type=product&#038;p=28875"},"modified":"2026-04-08T21:37:05","modified_gmt":"2026-04-08T19:37:05","slug":"chargeur-donduleur-victron-multiplus-ii-48-6500va-48v-100a-50a-pmp482605012","status":"publish","type":"product","link":"https:\/\/fvcomponentes.com\/fr\/producto\/inversor-cargador-victron-multiplus-ii-48-6500va-48v-100a-50a-pmp482605012\/","title":{"rendered":"Chargeur d'onduleur Victron MultiPlus-II 48\/6500VA 48V 100A-50A - PMP482605012"},"content":{"rendered":"<p>L'onduleur-chargeur Victron MultiPlus-II 48\/6500VA 48V 100-50 - PMP482605012 combine trois fonctions en un seul appareil : onduleur \u00e0 onde sinuso\u00efdale pure, chargeur de batterie intelligent et commutateur de transfert automatique.<br \/>\nSa conception est robuste, compacte et efficace. Il est id\u00e9al pour les applications exigeantes telles que les syst\u00e8mes solaires hybrides, les syst\u00e8mes d'alimentation de secours domestiques et commerciaux, les v\u00e9hicules de loisirs, les bateaux et les environnements industriels.<br \/>\n<span style=\"font-size: 16px\">Il est con\u00e7u pour fournir une alimentation \u00e9lectrique continue et fiable. Il s'int\u00e8gre facilement dans les installations nouvelles ou existantes.<br \/>\n<\/span>En outre, il peut \u00eatre configur\u00e9 en parall\u00e8le et en triphas\u00e9, ce qui le rend \u00e9volutif pour les grands projets.<br \/>\nLes fonctions PowerControl et PowerAssist assurent une utilisation optimale de l'\u00e9nergie. Elles \u00e9vitent les surcharges sur le r\u00e9seau ou le g\u00e9n\u00e9rateur et am\u00e9liorent l'efficacit\u00e9 du syst\u00e8me.<\/p>\n<h2>Principales caract\u00e9ristiques du chargeur d'onduleur Victron MultiPlus-II 48\/6500VA 48V 100-50 - PMP482605012<\/h2>\n<h3>Une puissance et des performances exceptionnelles<\/h3>\n<p>Ce mod\u00e8le fournit une <strong>puissance continue de 6500 VA (6000 W)<\/strong> avec une sortie sinuso\u00efdale pure, garantissant une compatibilit\u00e9 totale m\u00eame avec les \u00e9quipements \u00e9lectroniques sensibles tels que les ordinateurs, les syst\u00e8mes audiovisuels ou les appareils m\u00e9nagers haut de gamme.<br class=\"yoast-text-mark\" \/>En outre, son <strong>puissance de cr\u00eate de<\/strong>\u00a0<strong>11000 W<\/strong> vous permet de g\u00e9rer facilement les pics de d\u00e9marrage tels que ceux g\u00e9n\u00e9r\u00e9s par les moteurs, les pompes, les compresseurs et d'autres \u00e9quipements \u00e0 forte demande instantan\u00e9e, sans compromettre la stabilit\u00e9 du syst\u00e8me.<\/p>\n<h3>Commutation ultra-rapide de type UPS<\/h3>\n<p>La fonction de commutation automatique agit sur <strong>moins de 20 millisecondes<\/strong>Le syst\u00e8me garantit que les dispositifs critiques tels que les serveurs, l'\u00e9clairage ou les syst\u00e8mes de communication continuent de fonctionner sans interruption en cas de d\u00e9faillance du r\u00e9seau.<br \/>\nCela fait du Multiplus-II une solution parfaite pour le fonctionnement de l'ASI sans avoir besoin d'\u00e9quipement suppl\u00e9mentaire.<\/p>\n<h3>Technologie PowerAssist et PowerControl<\/h3>\n<p>PowerAssist permet \u00e0 l'onduleur d'augmenter momentan\u00e9ment la capacit\u00e9 du r\u00e9seau ou du g\u00e9n\u00e9rateur avec de l'\u00e9nergie suppl\u00e9mentaire provenant de la batterie pendant les pics de demande, \u00e9vitant ainsi les baisses de tension ou les coupures d'\u00e9lectricit\u00e9.<br class=\"yoast-text-mark\" \/>Pour sa part, <strong>PowerControl<\/strong> g\u00e8re le courant d'entr\u00e9e de mani\u00e8re \u00e0 ne pas d\u00e9passer la capacit\u00e9 disponible du g\u00e9n\u00e9rateur ou de l'alimentation, en ajustant automatiquement la charge du chargeur et en donnant la priorit\u00e9 \u00e0 une consommation intelligente.<\/p>\n<h3>Chargeur intelligent et adaptable<\/h3>\n<p>Le chargeur de batterie int\u00e9gr\u00e9 fournit une <strong>courant de charge maximal de 100 A<\/strong>avec un algorithme de charge \u00e0 quatre niveaux (bulk, absorption, float et stockage), qui optimise la dur\u00e9e de vie des batteries plomb-acide, AGM, GEL ou lithium.<br class=\"yoast-text-mark\" \/>Il comprend \u00e9galement <strong>compensation de la temp\u00e9rature<\/strong> afin que le chargeur ajuste automatiquement la tension de charge en fonction de l'environnement, prot\u00e9geant ainsi les batteries des conditions extr\u00eames.<\/p>\n<h3>\u00c9volutivit\u00e9 et flexibilit\u00e9 pour tous les types d'installations<\/h3>\n<p>Cet \u00e9quipement permet de <strong>connexion en parall\u00e8le d'un maximum de 6 unit\u00e9s<\/strong>Le syst\u00e8me peut \u00eatre utilis\u00e9 pour augmenter la puissance totale disponible ou pour am\u00e9liorer la capacit\u00e9 de charge du syst\u00e8me.<br class=\"\" \/>En outre, il peut \u00eatre configur\u00e9 pour fonctionner en <strong>syst\u00e8mes triphas\u00e9s ou biphas\u00e9s,<\/strong> ce qui le rend particuli\u00e8rement adapt\u00e9 aux grandes installations commerciales, industrielles ou r\u00e9sidentielles n\u00e9cessitant une redondance ou une r\u00e9partition \u00e9quilibr\u00e9e de la charge.<\/p>\n<h3>Sorties AC ind\u00e9pendantes<\/h3>\n<p>Comprend <strong>deux sorties AC s\u00e9par\u00e9es<\/strong>Une sortie commut\u00e9e qui maintient les charges critiques aliment\u00e9es par la batterie pendant les coupures de courant ou les pannes de secteur, et une sortie pour les charges non essentielles qui ne fonctionne que lorsqu'une alimentation externe est disponible.<br \/>\nCela permet d'\u00e9tablir des priorit\u00e9s en mati\u00e8re d'utilisation de l'\u00e9nergie et d'optimiser la consommation du syst\u00e8me.<\/p>\n<h3>Surveillance et contr\u00f4le \u00e0 distance avanc\u00e9s<\/h3>\n<p>Compatible avec la gamme d'appareils Victron GX (Cerbo GX, Color Control GX, Venus GX) et la plateforme VRM, le MultiPlus-II permet de contr\u00f4ler l'\u00e9tat du syst\u00e8me en temps r\u00e9el, de recevoir des alertes et d'ajuster les param\u00e8tres \u00e0 distance depuis n'importe quel appareil disposant d'une connexion Internet.<br \/>\nIl peut \u00e9galement \u00eatre configur\u00e9 localement via l'application VictronConnect et le port VE.Bus.<\/p>\n<h3>Efficacit\u00e9 \u00e9nerg\u00e9tique et \u00e9conomies d'\u00e9nergie<\/h3>\n<p>Gr\u00e2ce \u00e0 sa conception tr\u00e8s efficace, il permet d'atteindre un taux d'humidit\u00e9 de l'air de 1,5 %. <strong>efficacit\u00e9 de 96 %<\/strong>avec une consommation d'\u00e9nergie en veille extr\u00eamement faible (mode AES et recherche activ\u00e9s).<br \/>\nCela permet de maximiser l'autonomie du syst\u00e8me et de la batterie et de r\u00e9duire les co\u00fbts \u00e9nerg\u00e9tiques globaux dans les applications solaires ou de secours.<\/p>\n<h3>Robustesse et s\u00e9curit\u00e9<\/h3>\n<p>Dot\u00e9 d'un bo\u00eetier m\u00e9tallique, d'une ventilation active et d'un degr\u00e9 de protection IP22, il est con\u00e7u pour fonctionner dans une large gamme de temp\u00e9ratures, de -40\u00b0C \u00e0 +65\u00b0C.<br \/>\nIl comprend des protections \u00e9lectroniques contre les surcharges, les courts-circuits, les surchauffes et les fonctionnements anormaux, ce qui garantit une longue dur\u00e9e de vie et des performances s\u00fbres, m\u00eame dans des environnements exigeants.<\/p>\n<h2>Chargeur d'onduleur Victron MultiPlus-II 48\/6500VA 48V 100-50 Fiche Technique - PMP482605012<\/h2>\n<p><a href=\"https:\/\/fvcomponentes.com\/wp-content\/uploads\/2025\/08\/Datasheet-MultiPlus-II-inverter-charger-4k5-6k5-EN.pdf\" target=\"_blank\" rel=\"noopener\">Chargeur d'onduleur Victron MultiPlus-II 48\/6500VA 48V 100-50 Fiche Technique - PMP482605012<\/a><\/p>","protected":false},"excerpt":{"rendered":"<p><strong>Tension d'entr\u00e9e (DC) :<\/strong> 38-60 V<br \/>\n<strong>Tension de sortie (AC) :<\/strong> 230 VAC \u00b1 2%<br \/>\n<strong>Fr\u00e9quence de sortie :<\/strong> 50 Hz \u00b1 0,1%<br \/>\n<strong>Puissance continue :<\/strong> 6 kW (voir fiche technique)<br \/>\n<strong>Type de forme d'onde de sortie :<\/strong> Onde sinuso\u00efdale pure<\/p>","protected":false},"featured_media":28876,"comment_status":"closed","ping_status":"closed","template":"","meta":{"site-sidebar-layout":"default","site-content-layout":"","ast-site-content-layout":"default","site-content-style":"default","site-sidebar-style":"default","ast-global-header-display":"","ast-banner-title-visibility":"","ast-main-header-display":"","ast-hfb-above-header-display":"","ast-hfb-below-header-display":"","ast-hfb-mobile-header-display":"","site-post-title":"","ast-breadcrumbs-content":"","ast-featured-img":"","footer-sml-layout":"","ast-disable-related-posts":"","theme-transparent-header-meta":"default","adv-header-id-meta":"","stick-header-meta":"","header-above-stick-meta":"","header-main-stick-meta":"","header-below-stick-meta":"","astra-migrate-meta-layouts":"set","ast-page-background-enabled":"default","ast-page-background-meta":{"desktop":{"background-color":"var(--ast-global-color-4)","background-image":"","background-repeat":"repeat","background-position":"center center","background-size":"auto","background-attachment":"scroll","background-type":"","background-media":"","overlay-type":"","overlay-color":"","overlay-opacity":"","overlay-gradient":""},"tablet":{"background-color":"","background-image":"","background-repeat":"repeat","background-position":"center center","background-size":"auto","background-attachment":"scroll","background-type":"","background-media":"","overlay-type":"","overlay-color":"","overlay-opacity":"","overlay-gradient":""},"mobile":{"background-color":"","background-image":"","background-repeat":"repeat","background-position":"center center","background-size":"auto","background-attachment":"scroll","background-type":"","background-media":"","overlay-type":"","overlay-color":"","overlay-opacity":"","overlay-gradient":""}},"ast-content-background-meta":{"desktop":{"background-color":"var(--ast-global-color-5)","background-image":"","background-repeat":"repeat","background-position":"center center","background-size":"auto","background-attachment":"scroll","background-type":"","background-media":"","overlay-type":"","overlay-color":"","overlay-opacity":"","overlay-gradient":""},"tablet":{"background-color":"var(--ast-global-color-5)","background-image":"","background-repeat":"repeat","background-position":"center center","background-size":"auto","background-attachment":"scroll","background-type":"","background-media":"","overlay-type":"","overlay-color":"","overlay-opacity":"","overlay-gradient":""},"mobile":{"background-color":"var(--ast-global-color-5)","background-image":"","background-repeat":"repeat","background-position":"center center","background-size":"auto","background-attachment":"scroll","background-type":"","background-media":"","overlay-type":"","overlay-color":"","overlay-opacity":"","overlay-gradient":""}}},"pwb-brand":[332],"product_brand":[],"product_cat":[333,334],"product_tag":[],"class_list":{"0":"post-28875","1":"product","2":"type-product","3":"status-publish","4":"has-post-thumbnail","6":"pwb-brand-victron","7":"product_cat-inversores","8":"product_cat-inversores-cargadores-48v","9":"desktop-align-left","10":"tablet-align-left","11":"mobile-align-left","12":"ast-product-gallery-layout-horizontal-slider","13":"ast-product-tabs-layout-horizontal","15":"first","16":"instock","17":"taxable","18":"shipping-taxable","19":"purchasable","20":"product-type-simple"},"wcpa_form_fields":null,"brands":[{"id":332,"name":"Victron Energy","slug":"victron"}],"_links":{"self":[{"href":"https:\/\/fvcomponentes.com\/fr\/wp-json\/wp\/v2\/product\/28875","targetHints":{"allow":["GET"]}}],"collection":[{"href":"https:\/\/fvcomponentes.com\/fr\/wp-json\/wp\/v2\/product"}],"about":[{"href":"https:\/\/fvcomponentes.com\/fr\/wp-json\/wp\/v2\/types\/product"}],"replies":[{"embeddable":true,"href":"https:\/\/fvcomponentes.com\/fr\/wp-json\/wp\/v2\/comments?post=28875"}],"wp:featuredmedia":[{"embeddable":true,"href":"https:\/\/fvcomponentes.com\/fr\/wp-json\/wp\/v2\/media\/28876"}],"wp:attachment":[{"href":"https:\/\/fvcomponentes.com\/fr\/wp-json\/wp\/v2\/media?parent=28875"}],"wp:term":[{"taxonomy":"pwb-brand","embeddable":true,"href":"https:\/\/fvcomponentes.com\/fr\/wp-json\/wp\/v2\/pwb-brand?post=28875"},{"taxonomy":"product_brand","embeddable":true,"href":"https:\/\/fvcomponentes.com\/fr\/wp-json\/wp\/v2\/product_brand?post=28875"},{"taxonomy":"product_cat","embeddable":true,"href":"https:\/\/fvcomponentes.com\/fr\/wp-json\/wp\/v2\/product_cat?post=28875"},{"taxonomy":"product_tag","embeddable":true,"href":"https:\/\/fvcomponentes.com\/fr\/wp-json\/wp\/v2\/product_tag?post=28875"}],"curies":[{"name":"wp","href":"https:\/\/api.w.org\/{rel}","templated":true}]}}