{"id":28865,"date":"2025-08-20T09:49:24","date_gmt":"2025-08-20T07:49:24","guid":{"rendered":"https:\/\/fvcomponentes.com\/?post_type=product&#038;p=28865"},"modified":"2026-04-08T21:36:34","modified_gmt":"2026-04-08T19:36:34","slug":"chargeur-donduleur-victron-multiplus-ii-48-4500va-48v-55a-32a-pmp482405012","status":"publish","type":"product","link":"https:\/\/fvcomponentes.com\/fr\/producto\/inversor-cargador-victron-multiplus-ii-48-4500va-48v-55a-32a-pmp482405012\/","title":{"rendered":"Chargeur d'onduleur Victron MultiPlus II 48\/4500VA 48V 55A-32A - PMP482405012"},"content":{"rendered":"<p data-start=\"325\" data-end=\"772\">L'onduleur-chargeur Victron MultiPlus II 48\/4500VA 48V 55-32A - PMP482405012 combine trois fonctions en un seul appareil : onduleur \u00e0 ondes pures, chargeur de batterie et interrupteur automatique. Sa conception compacte et robuste le rend id\u00e9al pour une grande vari\u00e9t\u00e9 d'applications.<br \/>\nElle est con\u00e7ue pour fournir une alimentation fiable et continue, ce qui la rend parfaite pour les syst\u00e8mes solaires hybrides, les syst\u00e8mes d'appoint domestiques, les utilisations commerciales, les v\u00e9hicules de loisirs et les utilisations industrielles qui n\u00e9cessitent une efficacit\u00e9 et une qualit\u00e9 \u00e9lev\u00e9es.<br \/>\nGr\u00e2ce \u00e0 ses fonctions <strong>PowerControl<\/strong> y <strong>PowerAssist<\/strong>Le syst\u00e8me de gestion de l'\u00e9nergie g\u00e8re efficacement l'\u00e9nergie et \u00e9vite les surcharges des g\u00e9n\u00e9rateurs ou du r\u00e9seau \u00e9lectrique. En outre, il permet des configurations parall\u00e8les et des syst\u00e8mes triphas\u00e9s, s'adaptant ainsi \u00e0 des installations de plus grande envergure.<\/p>\n<h2 data-start=\"325\" data-end=\"772\">Principales caract\u00e9ristiques du chargeur d'onduleur Victron MultiPlus II 48\/4500VA 48V 55-32A - PMP482405012<\/h2>\n<h3>Une puissance et des performances sup\u00e9rieures<\/h3>\n<p>Ce mod\u00e8le offre une <strong>puissance continue de 4500 VA (4000 W)<\/strong> avec une sortie sinuso\u00efdale pure, garantissant une alimentation stable pour tous les types de charges. Il est m\u00eame s\u00fbr pour les \u00e9quipements sensibles tels que les ordinateurs ou les appareils m\u00e9nagers.<br \/>\nVotre <strong>puissance de cr\u00eate<\/strong> atteint 7 kW, ce qui permet de g\u00e9rer facilement les pics de d\u00e9marrage des pompes, des moteurs ou des compresseurs sans compromettre la stabilit\u00e9 du syst\u00e8me.<\/p>\n<h3>Commutation ultra-rapide de type UPS<\/h3>\n<p>Sa commutation automatique en moins de <strong>20 millisecondes<\/strong>garantit que vos appareils critiques ne subissent pas d'interruptions lorsqu'ils passent de l'alimentation secteur \u00e0 l'alimentation par batterie, fonctionnant comme un syst\u00e8me ASI professionnel.<\/p>\n<h3>Technologie PowerAssist et PowerControl<\/h3>\n<p><strong>PowerAssist<\/strong> permet \u00e0 la batterie de fournir de l'\u00e9nergie suppl\u00e9mentaire en cas de forte demande, \u00e9vitant ainsi de surcharger les g\u00e9n\u00e9rateurs ou le r\u00e9seau.<br class=\"yoast-text-mark\" \/>D'autre part, <strong>PowerControl<\/strong> r\u00e9gule le courant d'entr\u00e9e de mani\u00e8re \u00e0 ce qu'il ne d\u00e9passe jamais la capacit\u00e9 du g\u00e9n\u00e9rateur ou du r\u00e9seau, garantissant ainsi une utilisation efficace et s\u00fbre.<\/p>\n<h3>Chargeur intelligent et adaptable<\/h3>\n<p>Avec un <strong>courant de charge maximal de 55 amp\u00e8res<\/strong>Le chargeur de batterie int\u00e9gr\u00e9 g\u00e8re la charge en quatre \u00e9tapes (bulk, absorption, float et stockage), optimisant ainsi la dur\u00e9e de vie des batteries plomb-acide, AGM, GEL et lithium.<br \/>\nDe plus, son capteur de temp\u00e9rature ajuste automatiquement la tension de charge en fonction des conditions environnementales afin de prot\u00e9ger vos batteries.<\/p>\n<h3>\u00c9volutivit\u00e9 et flexibilit\u00e9 pour tous les types d'installations<\/h3>\n<p>Soutient la <strong>connexion en parall\u00e8le d'un maximum de 6 unit\u00e9s<\/strong> pour augmenter la puissance et la capacit\u00e9 de charge, ainsi que la configuration des syst\u00e8mes triphas\u00e9s, id\u00e9ale pour les applications commerciales et industrielles n\u00e9cessitant une puissance accrue et une redondance.<\/p>\n<h3>Sorties AC ind\u00e9pendantes<\/h3>\n<p>Il int\u00e8gre deux prises de courant alternatif distinctes : une prise pour les charges critiques avec sauvegarde automatique et une autre pour les charges non essentielles qui ne fonctionnent que lorsque le r\u00e9seau est disponible, ce qui optimise la consommation et la gestion de l'\u00e9nergie.<\/p>\n<h3>Surveillance et contr\u00f4le \u00e0 distance avanc\u00e9s<\/h3>\n<p>Compatible avec les appareils Victron GX et la plateforme VRM, il vous permet de surveiller et de contr\u00f4ler votre syst\u00e8me depuis n'importe o\u00f9 via Internet. Vous pouvez ainsi optimiser les performances et d\u00e9tecter d'\u00e9ventuels incidents en temps r\u00e9el, directement depuis votre ordinateur ou votre t\u00e9l\u00e9phone portable.<\/p>\n<h3>Efficacit\u00e9 \u00e9nerg\u00e9tique et \u00e9conomies d'\u00e9nergie<\/h3>\n<p>Avec un <strong>efficacit\u00e9 maximale de 95 %<\/strong> et un <strong>la consommation<\/strong> en mode veille <strong>de<\/strong> seulement 13<strong>\u00a0W<\/strong>Avec le MultiPlus II, ce dernier garantit un fonctionnement \u00e9conomique qui maximise l'autonomie de vos batteries et r\u00e9duit la consommation d'\u00e9nergie.<\/p>\n<h3>Robustesse et s\u00e9curit\u00e9<\/h3>\n<p>Il est con\u00e7u pour fonctionner dans une large gamme de temp\u00e9ratures : de -40 \u00b0C \u00e0 +65 \u00b0C.<br \/>\nIl comprend une ventilation active et une protection contre les surcharges, les courts-circuits et les surchauffes, ce qui garantit une longue dur\u00e9e de vie, m\u00eame dans des environnements difficiles.<\/p>\n<h2>Chargeur d'onduleur Victron MultiPlus II 48\/4500VA 48V 55-32A - PMP482405012<\/h2>\n<p><a href=\"https:\/\/fvcomponentes.com\/fr\/produit\/chargeur-donduleur-victron-multiplus-ii-48-6500va-48v-100a-50a-pmp482605012\/\" target=\"_blank\" rel=\"noopener\">Chargeur d'onduleur Victron MultiPlus II 48\/4500VA 48V 55-32A - PMP482405012<\/a><\/p>","protected":false},"excerpt":{"rendered":"<p><strong>Tension d'entr\u00e9e (DC) :<\/strong> 38-60 V<br \/>\n<strong>Tension de sortie (AC) :<\/strong> 230 VAC \u00b1 2%<br \/>\n<strong>Fr\u00e9quence de sortie :<\/strong> 50 Hz \u00b1 0,1%<br \/>\n<strong>Puissance continue :<\/strong> 4 kW (voir fiche technique)<br \/>\n<strong>Puissance de cr\u00eate (d\u00e9marrage) :<\/strong> 7 kW\/1 min<br \/>\n<strong>Type de forme d'onde de sortie :<\/strong> Onde sinuso\u00efdale pure<\/p>","protected":false},"featured_media":28868,"comment_status":"closed","ping_status":"closed","template":"","meta":{"site-sidebar-layout":"default","site-content-layout":"","ast-site-content-layout":"default","site-content-style":"default","site-sidebar-style":"default","ast-global-header-display":"","ast-banner-title-visibility":"","ast-main-header-display":"","ast-hfb-above-header-display":"","ast-hfb-below-header-display":"","ast-hfb-mobile-header-display":"","site-post-title":"","ast-breadcrumbs-content":"","ast-featured-img":"","footer-sml-layout":"","ast-disable-related-posts":"","theme-transparent-header-meta":"default","adv-header-id-meta":"","stick-header-meta":"","header-above-stick-meta":"","header-main-stick-meta":"","header-below-stick-meta":"","astra-migrate-meta-layouts":"set","ast-page-background-enabled":"default","ast-page-background-meta":{"desktop":{"background-color":"var(--ast-global-color-4)","background-image":"","background-repeat":"repeat","background-position":"center center","background-size":"auto","background-attachment":"scroll","background-type":"","background-media":"","overlay-type":"","overlay-color":"","overlay-opacity":"","overlay-gradient":""},"tablet":{"background-color":"","background-image":"","background-repeat":"repeat","background-position":"center center","background-size":"auto","background-attachment":"scroll","background-type":"","background-media":"","overlay-type":"","overlay-color":"","overlay-opacity":"","overlay-gradient":""},"mobile":{"background-color":"","background-image":"","background-repeat":"repeat","background-position":"center center","background-size":"auto","background-attachment":"scroll","background-type":"","background-media":"","overlay-type":"","overlay-color":"","overlay-opacity":"","overlay-gradient":""}},"ast-content-background-meta":{"desktop":{"background-color":"var(--ast-global-color-5)","background-image":"","background-repeat":"repeat","background-position":"center center","background-size":"auto","background-attachment":"scroll","background-type":"","background-media":"","overlay-type":"","overlay-color":"","overlay-opacity":"","overlay-gradient":""},"tablet":{"background-color":"var(--ast-global-color-5)","background-image":"","background-repeat":"repeat","background-position":"center center","background-size":"auto","background-attachment":"scroll","background-type":"","background-media":"","overlay-type":"","overlay-color":"","overlay-opacity":"","overlay-gradient":""},"mobile":{"background-color":"var(--ast-global-color-5)","background-image":"","background-repeat":"repeat","background-position":"center center","background-size":"auto","background-attachment":"scroll","background-type":"","background-media":"","overlay-type":"","overlay-color":"","overlay-opacity":"","overlay-gradient":""}}},"pwb-brand":[332],"product_brand":[],"product_cat":[333,334],"product_tag":[],"class_list":{"0":"post-28865","1":"product","2":"type-product","3":"status-publish","4":"has-post-thumbnail","6":"pwb-brand-victron","7":"product_cat-inversores","8":"product_cat-inversores-cargadores-48v","9":"desktop-align-left","10":"tablet-align-left","11":"mobile-align-left","12":"ast-product-gallery-layout-horizontal-slider","13":"ast-product-tabs-layout-horizontal","15":"first","16":"instock","17":"taxable","18":"shipping-taxable","19":"purchasable","20":"product-type-simple"},"wcpa_form_fields":null,"brands":[{"id":332,"name":"Victron Energy","slug":"victron"}],"_links":{"self":[{"href":"https:\/\/fvcomponentes.com\/fr\/wp-json\/wp\/v2\/product\/28865","targetHints":{"allow":["GET"]}}],"collection":[{"href":"https:\/\/fvcomponentes.com\/fr\/wp-json\/wp\/v2\/product"}],"about":[{"href":"https:\/\/fvcomponentes.com\/fr\/wp-json\/wp\/v2\/types\/product"}],"replies":[{"embeddable":true,"href":"https:\/\/fvcomponentes.com\/fr\/wp-json\/wp\/v2\/comments?post=28865"}],"wp:featuredmedia":[{"embeddable":true,"href":"https:\/\/fvcomponentes.com\/fr\/wp-json\/wp\/v2\/media\/28868"}],"wp:attachment":[{"href":"https:\/\/fvcomponentes.com\/fr\/wp-json\/wp\/v2\/media?parent=28865"}],"wp:term":[{"taxonomy":"pwb-brand","embeddable":true,"href":"https:\/\/fvcomponentes.com\/fr\/wp-json\/wp\/v2\/pwb-brand?post=28865"},{"taxonomy":"product_brand","embeddable":true,"href":"https:\/\/fvcomponentes.com\/fr\/wp-json\/wp\/v2\/product_brand?post=28865"},{"taxonomy":"product_cat","embeddable":true,"href":"https:\/\/fvcomponentes.com\/fr\/wp-json\/wp\/v2\/product_cat?post=28865"},{"taxonomy":"product_tag","embeddable":true,"href":"https:\/\/fvcomponentes.com\/fr\/wp-json\/wp\/v2\/product_tag?post=28865"}],"curies":[{"name":"wp","href":"https:\/\/api.w.org\/{rel}","templated":true}]}}