{"id":28363,"date":"2025-07-30T14:42:30","date_gmt":"2025-07-30T12:42:30","guid":{"rendered":"https:\/\/fvcomponentes.com\/?post_type=product&#038;p=28363"},"modified":"2025-12-24T12:51:52","modified_gmt":"2025-12-24T11:51:52","slug":"pytes-r-box-pour-e-box-48100r-battery-110409100010-110409100010","status":"publish","type":"product","link":"https:\/\/fvcomponentes.com\/fr\/producto\/caja-r-pytes-para-bateria-e-box-48100r-110409100010\/","title":{"rendered":"Bo\u00eetier R Pytes pour batterie R-Box 48100R \u2013 110409100010"},"content":{"rendered":"<h2>Pytes R-box pour E-Box 48100R - 110409100010<\/h2>\n<p>La R-box est une solution domotique \u00e9l\u00e9gante et robuste pour le stockage d'\u00e9nergie \u00e0 domicile. Elle est sp\u00e9cialement con\u00e7ue pour accueillir jusqu'\u00e0 deux batteries de la s\u00e9rie E-BOX-48100R, chacune d'une capacit\u00e9 de 5,12 kWh, soit une capacit\u00e9 totale install\u00e9e de 10,24 kWh (dont 9,22 kWh utilisables).<br \/>\nOutre sa capacit\u00e9, il offre une combinaison id\u00e9ale de flexibilit\u00e9, de s\u00e9curit\u00e9 et d'int\u00e9gration avec des syst\u00e8mes solaires ou de secours. Il est donc parfait pour ceux qui recherchent une installation esth\u00e9tique et durable, avec la possibilit\u00e9 d'une extension future.<\/p>\n<h2>Caract\u00e9ristiques de l'\u00e9tui Pytes R-Case pour E-Box 48100R<\/h2>\n<ul>\n<li><strong>Dimensions compactes :<\/strong> 27,84 cm (L) x 51,05 cm (L) x 69,85 cm (H), 78,23 cm avec la base. Le poids est d'environ 30 kg \u00e0 vide et d'environ 120 kg avec les batteries.<\/li>\n<li><strong>Esth\u00e9tique soign\u00e9e :<\/strong> Construit en acier lamin\u00e9 \u00e0 froid avec une finition blanche.<\/li>\n<li><strong>Ventilation passive :<\/strong> sans ventilateur, ce qui permet un fonctionnement silencieux.<\/li>\n<li><strong>IP20 \u00e0 l'int\u00e9rieur :<\/strong> protection int\u00e9rieure contre la poussi\u00e8re<\/li>\n<li><strong>Installation pr\u00eate \u00e0 l'emploi :<\/strong> installation rapide et simple par un installateur qualifi\u00e9<\/li>\n<li><strong>Une technologie s\u00fbre et certifi\u00e9e<\/strong> (LFP, UL, CE).<\/li>\n<\/ul>\n<table>\n<thead>\n<tr>\n<th><strong>Cat\u00e9gorie \/ Dossier<\/strong><\/th>\n<th><strong>Sp\u00e9cifications<\/strong><\/th>\n<\/tr>\n<\/thead>\n<tbody>\n<tr>\n<td><strong>Mod\u00e8le<\/strong><\/td>\n<td>Base R-BOX<\/td>\n<\/tr>\n<tr>\n<td><strong>Piles compatibles<\/strong><\/td>\n<td>Jusqu'\u00e0 2 \u00d7 E-BOX-48100R (5,12 kWh chacun)<\/td>\n<\/tr>\n<tr>\n<td><strong>Capacit\u00e9 nominale totale<\/strong><\/td>\n<td>10,24 kWh<\/td>\n<\/tr>\n<tr>\n<td><strong>Capacit\u00e9 utile<\/strong><\/td>\n<td>9,22 kWh<\/td>\n<\/tr>\n<tr>\n<td><strong>Extensibilit\u00e9<\/strong><\/td>\n<td>Jusqu'\u00e0 3 unit\u00e9s en parall\u00e8le (30,72 kWh)<\/td>\n<\/tr>\n<tr>\n<td><strong>Type de batterie<\/strong><\/td>\n<td>Pytes E-Box 48100R Batterie<\/td>\n<\/tr>\n<tr>\n<td><strong>Tension nominale<\/strong><\/td>\n<td>51,2 V<\/td>\n<\/tr>\n<tr>\n<td><strong>Courant de charge\/d\u00e9charge max.<\/strong><\/td>\n<td>100 A<\/td>\n<\/tr>\n<tr>\n<td><strong>Communication<\/strong><\/td>\n<td>CAN \/ RS485<\/td>\n<\/tr>\n<tr>\n<td><strong>Protection de l'environnement (IP)<\/strong><\/td>\n<td>IP20 (utilisation \u00e0 l'int\u00e9rieur uniquement)<\/td>\n<\/tr>\n<tr>\n<td><strong>Assembl\u00e9e<\/strong><\/td>\n<td>Mur ou sol<\/td>\n<\/tr>\n<tr>\n<td><strong>Mat\u00e9riau de l'armoire<\/strong><\/td>\n<td>Acier lamin\u00e9 \u00e0 froid<\/td>\n<\/tr>\n<tr>\n<td><strong>Ventilation<\/strong><\/td>\n<td>Passif (pas de ventilateur, fonctionnement silencieux)<\/td>\n<\/tr>\n<tr>\n<td><strong>Dimensions (L \u00d7 L \u00d7 H)<\/strong><\/td>\n<td>27,84 x 51,05 x 69,85 cm<\/td>\n<\/tr>\n<tr>\n<td><strong>Hauteur avec base<\/strong><\/td>\n<td>78,23 cm<\/td>\n<\/tr>\n<tr>\n<td><strong>Poids (approximatif)<\/strong><\/td>\n<td>~30 kg \u00e0 vide \/ ~120 kg avec les batteries<\/td>\n<\/tr>\n<tr>\n<td><strong>Temp\u00e9rature de charge<\/strong><\/td>\n<td>0 \u00b0C \u00e0 45 \u00b0C<\/td>\n<\/tr>\n<tr>\n<td><strong>Temp\u00e9rature de refoulement<\/strong><\/td>\n<td>-10 \u00b0C \u00e0 50 \u00b0C<\/td>\n<\/tr>\n<tr>\n<td><strong>Altitude maximale recommand\u00e9e<\/strong><\/td>\n<td>2 000 m<\/td>\n<\/tr>\n<tr>\n<td><strong>Cycles de vie utiles<\/strong><\/td>\n<td>Jusqu'\u00e0 6 000 cycles (avec une profondeur de d\u00e9charge de 80 %)<\/td>\n<\/tr>\n<tr>\n<td><strong>Garantie<\/strong><\/td>\n<td>10 ans<\/td>\n<\/tr>\n<tr>\n<td><strong>Certifications<\/strong><\/td>\n<td>UL1973, CE, UN38.3<\/td>\n<\/tr>\n<tr>\n<td><strong>Application recommand\u00e9e<\/strong><\/td>\n<td>Usage domestique, appoint \u00e9nerg\u00e9tique, autoconsommation solaire<\/td>\n<\/tr>\n<\/tbody>\n<\/table>\n<h2>Informations techniques R Pytes Box pour batterie E-Box 48100R - 110409100010<\/h2>\n<p><a href=\"https:\/\/fvcomponentes.com\/wp-content\/uploads\/2025\/07\/276ed000422e501b7ea2cb26f5ddce7a.pdf\" target=\"_blank\" rel=\"noopener\">Voir fiche technique R Pytes box for battery E-Box 48100R - 110409100010<\/a><br \/>\n<a href=\"https:\/\/fvcomponentes.com\/wp-content\/uploads\/2025\/07\/530a13594f0b3d7125f31692d06a92d0.pdf\" target=\"_blank\" rel=\"noopener\">Manuel d'utilisation du R-box<\/a><br \/>\n<a href=\"https:\/\/fvcomponentes.com\/wp-content\/uploads\/2025\/07\/c244d8b77f52724b5215753ff0edb51d.pdf\" target=\"_blank\" rel=\"noopener\">E-Box-48100R Guide d'installation<\/a><\/p>\n<h3>Liste des onduleurs compatibles avec les batteries Pytes<\/h3>\n<p><a href=\"https:\/\/fvcomponentes.com\/wp-content\/uploads\/2025\/10\/c35d7eb1223244cecb336915b57d8a94.pdf\" target=\"_blank\" rel=\"noopener\">Liste des onduleurs compatibles avec les batteries Pytes<\/a><\/p>","protected":false},"excerpt":{"rendered":"<p>Le R-box est sp\u00e9cialement con\u00e7u pour la batterie Pytes E-Box 48100R.<br \/>\nDimensions (L \u00d7 L \u00d7 H) : 27,84 x 51,05 x 69,85 cm<br \/>\nHauteur avec la base : 78,23 cm<br \/>\nPoids : ~30 kg \u00e0 vide \/ ~120 kg avec les batteries<br \/>\nAltitude maximale recommand\u00e9e : 2 000 m<br \/>\nMontage : au mur ou au sol<br \/>\nMat\u00e9riau : Acier lamin\u00e9 \u00e0 froid<br \/>\nVentilation : passive (pas de ventilateur, fonctionnement silencieux)<br \/>\nProtection de l'environnement (IP) : IP20 (utilisation \u00e0 l'int\u00e9rieur uniquement)<\/p>","protected":false},"featured_media":28392,"comment_status":"closed","ping_status":"closed","template":"","meta":{"site-sidebar-layout":"default","site-content-layout":"","ast-site-content-layout":"default","site-content-style":"default","site-sidebar-style":"default","ast-global-header-display":"","ast-banner-title-visibility":"","ast-main-header-display":"","ast-hfb-above-header-display":"","ast-hfb-below-header-display":"","ast-hfb-mobile-header-display":"","site-post-title":"","ast-breadcrumbs-content":"","ast-featured-img":"","footer-sml-layout":"","ast-disable-related-posts":"","theme-transparent-header-meta":"default","adv-header-id-meta":"","stick-header-meta":"","header-above-stick-meta":"","header-main-stick-meta":"","header-below-stick-meta":"","astra-migrate-meta-layouts":"set","ast-page-background-enabled":"default","ast-page-background-meta":{"desktop":{"background-color":"var(--ast-global-color-4)","background-image":"","background-repeat":"repeat","background-position":"center center","background-size":"auto","background-attachment":"scroll","background-type":"","background-media":"","overlay-type":"","overlay-color":"","overlay-opacity":"","overlay-gradient":""},"tablet":{"background-color":"","background-image":"","background-repeat":"repeat","background-position":"center center","background-size":"auto","background-attachment":"scroll","background-type":"","background-media":"","overlay-type":"","overlay-color":"","overlay-opacity":"","overlay-gradient":""},"mobile":{"background-color":"","background-image":"","background-repeat":"repeat","background-position":"center center","background-size":"auto","background-attachment":"scroll","background-type":"","background-media":"","overlay-type":"","overlay-color":"","overlay-opacity":"","overlay-gradient":""}},"ast-content-background-meta":{"desktop":{"background-color":"var(--ast-global-color-5)","background-image":"","background-repeat":"repeat","background-position":"center center","background-size":"auto","background-attachment":"scroll","background-type":"","background-media":"","overlay-type":"","overlay-color":"","overlay-opacity":"","overlay-gradient":""},"tablet":{"background-color":"var(--ast-global-color-5)","background-image":"","background-repeat":"repeat","background-position":"center center","background-size":"auto","background-attachment":"scroll","background-type":"","background-media":"","overlay-type":"","overlay-color":"","overlay-opacity":"","overlay-gradient":""},"mobile":{"background-color":"var(--ast-global-color-5)","background-image":"","background-repeat":"repeat","background-position":"center center","background-size":"auto","background-attachment":"scroll","background-type":"","background-media":"","overlay-type":"","overlay-color":"","overlay-opacity":"","overlay-gradient":""}}},"pwb-brand":[1007],"product_brand":[],"product_cat":[414],"product_tag":[],"class_list":{"0":"post-28363","1":"product","2":"type-product","3":"status-publish","4":"has-post-thumbnail","6":"pwb-brand-baterias-pytes","7":"product_cat-armarios-rack-para-baterias","8":"desktop-align-left","9":"tablet-align-left","10":"mobile-align-left","11":"ast-product-gallery-layout-horizontal-slider","12":"ast-product-tabs-layout-horizontal","14":"first","15":"instock","16":"taxable","17":"shipping-taxable","18":"purchasable","19":"product-type-simple"},"wcpa_form_fields":null,"brands":[{"id":1007,"name":"Piles Pytes","slug":"piles-a-pytes"}],"_links":{"self":[{"href":"https:\/\/fvcomponentes.com\/fr\/wp-json\/wp\/v2\/product\/28363","targetHints":{"allow":["GET"]}}],"collection":[{"href":"https:\/\/fvcomponentes.com\/fr\/wp-json\/wp\/v2\/product"}],"about":[{"href":"https:\/\/fvcomponentes.com\/fr\/wp-json\/wp\/v2\/types\/product"}],"replies":[{"embeddable":true,"href":"https:\/\/fvcomponentes.com\/fr\/wp-json\/wp\/v2\/comments?post=28363"}],"wp:featuredmedia":[{"embeddable":true,"href":"https:\/\/fvcomponentes.com\/fr\/wp-json\/wp\/v2\/media\/28392"}],"wp:attachment":[{"href":"https:\/\/fvcomponentes.com\/fr\/wp-json\/wp\/v2\/media?parent=28363"}],"wp:term":[{"taxonomy":"pwb-brand","embeddable":true,"href":"https:\/\/fvcomponentes.com\/fr\/wp-json\/wp\/v2\/pwb-brand?post=28363"},{"taxonomy":"product_brand","embeddable":true,"href":"https:\/\/fvcomponentes.com\/fr\/wp-json\/wp\/v2\/product_brand?post=28363"},{"taxonomy":"product_cat","embeddable":true,"href":"https:\/\/fvcomponentes.com\/fr\/wp-json\/wp\/v2\/product_cat?post=28363"},{"taxonomy":"product_tag","embeddable":true,"href":"https:\/\/fvcomponentes.com\/fr\/wp-json\/wp\/v2\/product_tag?post=28363"}],"curies":[{"name":"wp","href":"https:\/\/api.w.org\/{rel}","templated":true}]}}