{"id":28336,"date":"2025-07-15T08:56:30","date_gmt":"2025-07-15T06:56:30","guid":{"rendered":"https:\/\/fvcomponentes.com\/?post_type=product&#038;p=28336"},"modified":"2026-04-04T12:43:57","modified_gmt":"2026-04-04T10:43:57","slug":"victron-outdoor-2g-and-3g-gsm-antenna-for-gx-gms-gsm900100100","status":"publish","type":"product","link":"https:\/\/fvcomponentes.com\/fr\/producto\/antena-gsm-victron-exterior-2g-y-3g-para-gx-gms-gsm900100100\/","title":{"rendered":"Victron GSM antenne ext\u00e9rieure 2G et 3G pour GX GMS - GSM900100100"},"content":{"rendered":"<h2>Victron GSM antenne ext\u00e9rieure 2G et 3G pour GX GMS - GSM900100100<\/h2>\n<p>L'antenne GSM 2G et 3G ext\u00e9rieure Victron pour GX GSM est une solution fiable et efficace qui am\u00e9liore le signal des appareils mobiles utilisant les r\u00e9seaux GSM 2G et 3G. Elle est sp\u00e9cialement con\u00e7ue pour une utilisation en ext\u00e9rieur, o\u00f9 les conditions peuvent \u00eatre difficiles.<br \/>\nGr\u00e2ce \u00e0 sa conception robuste, cette antenne vous permet de maintenir une connexion stable, m\u00eame lorsque la couverture mobile est faible. Elle est donc id\u00e9ale pour les endroits isol\u00e9s, les zones rurales ou les installations ext\u00e9rieures o\u00f9 le signal est souvent irr\u00e9gulier.<br \/>\nEn outre, il prend en charge les fr\u00e9quences GSM 900 MHz, 1800 MHz et UMTS 2100 MHz. Il peut donc \u00eatre utilis\u00e9 dans de nombreux pays et avec diff\u00e9rents op\u00e9rateurs de t\u00e9l\u00e9phonie mobile. Vous pouvez donc compter sur une connexion plus stable, o\u00f9 que vous soyez.<br \/>\nD'autre part, sa conception passive signifie qu'aucune alimentation externe n'est n\u00e9cessaire. Il est donc facile \u00e0 utiliser avec une large gamme d'\u00e9quipements fonctionnant dans les r\u00e9seaux mobiles.<\/p>\n<p>Cette antenne a \u00e9t\u00e9 sp\u00e9cialement con\u00e7ue pour fonctionner avec les appareils de la s\u00e9rie Victron GX, tels que Cerbo GX, Color Control GX et Venus GX, entre autres. Ces appareils vous permettent de contr\u00f4ler et de surveiller les syst\u00e8mes \u00e9nerg\u00e9tiques \u00e0 distance.<br \/>\nUtilis\u00e9e avec les modems internes de ces appareils, l'antenne am\u00e9liore consid\u00e9rablement la qualit\u00e9 du signal mobile. Cela garantit une connexion plus stable et plus fiable, m\u00eame dans les endroits o\u00f9 la couverture est faible.<br \/>\nGr\u00e2ce \u00e0 cette connexion am\u00e9lior\u00e9e, des t\u00e2ches telles que la surveillance \u00e0 distance, la gestion de l'\u00e9nergie et la transmission de donn\u00e9es peuvent \u00eatre effectu\u00e9es sans interruption. C'est essentiel pour les installations solaires, les syst\u00e8mes autonomes et les applications industrielles.<\/p>\n<h2>Principales caract\u00e9ristiques de l'antenne GSM ext\u00e9rieure Victron 2G et 3G pour GX GMS - GSM900100100<\/h2>\n<h3>Large compatibilit\u00e9<\/h3>\n<p>Cette antenne fonctionne avec les r\u00e9seaux 2G et 3G sur les fr\u00e9quences GSM 900 MHz, 1800 MHz et UMTS 2100 MHz. Elle peut donc \u00eatre utilis\u00e9e dans de nombreuses r\u00e9gions et avec diff\u00e9rents op\u00e9rateurs de t\u00e9l\u00e9phonie mobile.<\/p>\n<h3>Conception pour une utilisation en ext\u00e9rieur<\/h3>\n<p>Fabriqu\u00e9 \u00e0 partir de mat\u00e9riaux durables et prot\u00e9g\u00e9 selon la norme IP65. Il r\u00e9siste \u00e0 la pluie, \u00e0 la poussi\u00e8re, aux rayons UV et aux temp\u00e9ratures extr\u00eames, ce qui le rend id\u00e9al pour les environnements exigeants.<\/p>\n<h3>Am\u00e9lioration garantie de la signalisation<\/h3>\n<p>Il offre un gain de 5 \u00e0 7 dBi. Il am\u00e9liore ainsi la puissance du signal dans les zones rurales, les bateaux, les caravanes ou les installations industrielles \u00e9loign\u00e9es.<\/p>\n<h3><strong data-start=\"740\" data-end=\"769\">Assemblage polyvalent et s\u00fbr<\/strong><\/h3>\n<p>Comprend un support pour un montage sur m\u00e2t ou au mur. Il peut ainsi \u00eatre positionn\u00e9 \u00e0 l'endroit optimal pour capter le meilleur signal.<\/p>\n<h3>C\u00e2ble de connexion \u00e9tendu<\/h3>\n<p>Livr\u00e9e avec un c\u00e2ble coaxial de 2 \u00e0 3 m\u00e8tres. Cette longueur permet de placer facilement l'antenne dans un endroit \u00e9lev\u00e9 et d\u00e9gag\u00e9, ce qui am\u00e9liore la r\u00e9ception.<\/p>\n<h3>Connecteur m\u00e2le SMA<\/h3>\n<p>\u00c9quip\u00e9 d'un connecteur m\u00e2le SMA standard. Compatible avec la plupart des modems GSM et 3G, y compris les \u00e9quipements Victron GX. Aucune alimentation externe n'est n\u00e9cessaire.<\/p>\n<h3>Application universelle<\/h3>\n<p>Id\u00e9al pour les syst\u00e8mes M2M, les alarmes, les r\u00e9seaux IoT, la surveillance \u00e0 distance et les solutions de communication dans les zones rurales.<\/p>","protected":false},"excerpt":{"rendered":"<p>Type d'antenne : Antenne ext\u00e9rieure omnidirectionnelle<br \/>\nGamme de fr\u00e9quences : 850\/900\/1800\/1900 MHz (compatible avec les r\u00e9seaux 2G et 3G)<br \/>\nGain : 5 dBi (900 MHz) ou 7 dBi (1800\/2100 MHz)<br \/>\nImp\u00e9dance caract\u00e9ristique : 50 ohms<br \/>\nTemp\u00e9rature de fonctionnement : De -40 \u00b0C \u00e0 +80 \u00b0C<br \/>\nPolarisation : verticale<br \/>\nType de connecteur : SMA m\u00e2le<br \/>\nMontage : magn\u00e9tique ou par vis<br \/>\nCouleur : noir<br \/>\nDegr\u00e9 de protection : IP65<\/p>","protected":false},"featured_media":28349,"comment_status":"closed","ping_status":"closed","template":"","meta":{"site-sidebar-layout":"default","site-content-layout":"","ast-site-content-layout":"default","site-content-style":"default","site-sidebar-style":"default","ast-global-header-display":"","ast-banner-title-visibility":"","ast-main-header-display":"","ast-hfb-above-header-display":"","ast-hfb-below-header-display":"","ast-hfb-mobile-header-display":"","site-post-title":"","ast-breadcrumbs-content":"","ast-featured-img":"","footer-sml-layout":"","ast-disable-related-posts":"","theme-transparent-header-meta":"default","adv-header-id-meta":"","stick-header-meta":"","header-above-stick-meta":"","header-main-stick-meta":"","header-below-stick-meta":"","astra-migrate-meta-layouts":"set","ast-page-background-enabled":"default","ast-page-background-meta":{"desktop":{"background-color":"var(--ast-global-color-4)","background-image":"","background-repeat":"repeat","background-position":"center center","background-size":"auto","background-attachment":"scroll","background-type":"","background-media":"","overlay-type":"","overlay-color":"","overlay-opacity":"","overlay-gradient":""},"tablet":{"background-color":"","background-image":"","background-repeat":"repeat","background-position":"center center","background-size":"auto","background-attachment":"scroll","background-type":"","background-media":"","overlay-type":"","overlay-color":"","overlay-opacity":"","overlay-gradient":""},"mobile":{"background-color":"","background-image":"","background-repeat":"repeat","background-position":"center center","background-size":"auto","background-attachment":"scroll","background-type":"","background-media":"","overlay-type":"","overlay-color":"","overlay-opacity":"","overlay-gradient":""}},"ast-content-background-meta":{"desktop":{"background-color":"var(--ast-global-color-5)","background-image":"","background-repeat":"repeat","background-position":"center center","background-size":"auto","background-attachment":"scroll","background-type":"","background-media":"","overlay-type":"","overlay-color":"","overlay-opacity":"","overlay-gradient":""},"tablet":{"background-color":"var(--ast-global-color-5)","background-image":"","background-repeat":"repeat","background-position":"center center","background-size":"auto","background-attachment":"scroll","background-type":"","background-media":"","overlay-type":"","overlay-color":"","overlay-opacity":"","overlay-gradient":""},"mobile":{"background-color":"var(--ast-global-color-5)","background-image":"","background-repeat":"repeat","background-position":"center center","background-size":"auto","background-attachment":"scroll","background-type":"","background-media":"","overlay-type":"","overlay-color":"","overlay-opacity":"","overlay-gradient":""}}},"pwb-brand":[332],"product_brand":[],"product_cat":[351,333,934],"product_tag":[],"class_list":{"0":"post-28336","1":"product","2":"type-product","3":"status-publish","4":"has-post-thumbnail","6":"pwb-brand-victron","7":"product_cat-accesorios","8":"product_cat-inversores","9":"product_cat-monitorizacion","10":"desktop-align-left","11":"tablet-align-left","12":"mobile-align-left","13":"ast-product-gallery-layout-horizontal-slider","14":"ast-product-gallery-with-no-image","15":"ast-product-tabs-layout-horizontal","17":"first","18":"instock","19":"taxable","20":"shipping-taxable","21":"purchasable","22":"product-type-simple"},"wcpa_form_fields":null,"brands":[{"id":332,"name":"Victron Energy","slug":"victron"}],"_links":{"self":[{"href":"https:\/\/fvcomponentes.com\/fr\/wp-json\/wp\/v2\/product\/28336","targetHints":{"allow":["GET"]}}],"collection":[{"href":"https:\/\/fvcomponentes.com\/fr\/wp-json\/wp\/v2\/product"}],"about":[{"href":"https:\/\/fvcomponentes.com\/fr\/wp-json\/wp\/v2\/types\/product"}],"replies":[{"embeddable":true,"href":"https:\/\/fvcomponentes.com\/fr\/wp-json\/wp\/v2\/comments?post=28336"}],"wp:featuredmedia":[{"embeddable":true,"href":"https:\/\/fvcomponentes.com\/fr\/wp-json\/wp\/v2\/media\/28349"}],"wp:attachment":[{"href":"https:\/\/fvcomponentes.com\/fr\/wp-json\/wp\/v2\/media?parent=28336"}],"wp:term":[{"taxonomy":"pwb-brand","embeddable":true,"href":"https:\/\/fvcomponentes.com\/fr\/wp-json\/wp\/v2\/pwb-brand?post=28336"},{"taxonomy":"product_brand","embeddable":true,"href":"https:\/\/fvcomponentes.com\/fr\/wp-json\/wp\/v2\/product_brand?post=28336"},{"taxonomy":"product_cat","embeddable":true,"href":"https:\/\/fvcomponentes.com\/fr\/wp-json\/wp\/v2\/product_cat?post=28336"},{"taxonomy":"product_tag","embeddable":true,"href":"https:\/\/fvcomponentes.com\/fr\/wp-json\/wp\/v2\/product_tag?post=28336"}],"curies":[{"name":"wp","href":"https:\/\/api.w.org\/{rel}","templated":true}]}}