{"id":28324,"date":"2025-07-30T14:24:34","date_gmt":"2025-07-30T12:24:34","guid":{"rendered":"https:\/\/fvcomponentes.com\/?post_type=product&#038;p=28324"},"modified":"2026-04-08T21:36:24","modified_gmt":"2026-04-08T19:36:24","slug":"chargeur-donduleur-12v-victron-multiplus-compact-12v-1200va-50-16a-cmp122120000","status":"publish","type":"product","link":"https:\/\/fvcomponentes.com\/fr\/producto\/inversor-cargador-12v-victron-multiplus-compact-12v-1200va-50-16a-cmp122120000\/","title":{"rendered":"Chargeur d'onduleur 12V Victron Multiplus Compact 12\/1200 50A-16A - CMP122120000"},"content":{"rendered":"<h2>Chargeur d'onduleur 12V Victron Multiplus Compact 12\/1200 50A-16A - CMP122120000<\/h2>\n<p data-start=\"243\" data-end=\"689\">L'onduleur chargeur 12V Multiplus Compact 1200VA 50-16A de Victron est une solution d'alimentation tout-en-un con\u00e7ue pour les applications exigeantes des syst\u00e8mes solaires r\u00e9sidentiels, marins, de v\u00e9hicules de loisirs et autonomes. Il est id\u00e9al pour ceux qui ont besoin d'une alimentation \u00e9lectrique fiable, continue et de haute qualit\u00e9.<br \/>\nCet \u00e9quipement combine <strong data-start=\"462\" data-end=\"537\">onduleur sinuso\u00efdal, chargeur de batterie intelligent et commutateur de transfert automatique<\/strong> dans une seule unit\u00e9 compacte et efficace, avec une technologie de pointe d\u00e9velopp\u00e9e par Victron Energy.<\/p>\n<h2 data-start=\"243\" data-end=\"689\">Principales caract\u00e9ristiques du chargeur onduleur 12V Victron Multiplus Compact 12\/1200 50A-16A - CMP122120000<\/h2>\n<h3>Deux sorties AC<\/h3>\n<p>La sortie principale a une fonction \"no-break\". Le MultiPlus prend en charge l'alimentation des charges connect\u00e9es en cas de panne de courant ou de d\u00e9connexion du r\u00e9seau\/g\u00e9n\u00e9rateur. Cela se produit si rapidement (moins de 20 millisecondes) que les ordinateurs et autres \u00e9quipements \u00e9lectroniques continuent \u00e0 fonctionner sans interruption.<br \/>\nLa deuxi\u00e8me sortie n'est active que lorsque l'une des entr\u00e9es du MultiPlus est aliment\u00e9e en courant alternatif. Les appareils qui ne doivent pas d\u00e9charger la batterie, comme un chauffe-eau par exemple, peuvent \u00eatre connect\u00e9s \u00e0 cette sortie (deuxi\u00e8me sortie disponible sur les mod\u00e8les ayant une capacit\u00e9 nominale de 3kVA ou plus).<\/p>\n<h3 data-start=\"243\" data-end=\"689\">Puissance presque illimit\u00e9e gr\u00e2ce au fonctionnement en parall\u00e8le et au syst\u00e8me triphas\u00e9.<\/h3>\n<p>Pour <strong data-start=\"6\" data-end=\"20\">6 unit\u00e9s<\/strong> Les Multis peuvent \u00eatre connect\u00e9s en parall\u00e8le, ce qui augmente la puissance de sortie.<br \/>\nEn outre, <strong>3 unit\u00e9s<\/strong> Les multis d'un m\u00eame mod\u00e8le peuvent \u00eatre configur\u00e9s en <strong data-start=\"103\" data-end=\"126\">syst\u00e8mes de sortie triphas\u00e9s <\/strong>pour les installations plus importantes.<br \/>\nMais ce n'est pas tout : vous pouvez m\u00eame <strong>connecter en parall\u00e8le jusqu'\u00e0 6 groupes de trois unit\u00e9s<\/strong> pour obtenir un onduleur de 75 kW \/ 90 kVA et une capacit\u00e9 de charge sup\u00e9rieure \u00e0 2000 amp\u00e8res.<\/p>\n<h3>Technologie PowerControl<\/h3>\n<p>Cette technologie permet de faire face \u00e0 une alimentation \u00e9lectrique limit\u00e9e, car un courant maximum est d\u00e9fini par le panneau de commande. Par cons\u00e9quent, la charge de la batterie est automatiquement ajust\u00e9e en tenant compte des autres charges CA afin de ne pas d\u00e9passer la capacit\u00e9 du g\u00e9n\u00e9rateur ou de la mise \u00e0 la terre.<\/p>\n<h3>Technologie PowerAssist - Booster de puissance<\/h3>\n<p>Technologie <strong data-start=\"2114\" data-end=\"2129\">PowerAssist<\/strong>\u00a0\u00e9vite de surcharger une source de courant alternatif limit\u00e9e, telle qu'un petit groupe \u00e9lectrog\u00e8ne ou une prise de quai. L'onduleur compense automatiquement la demande de courant suppl\u00e9mentaire en puisant dans les batteries pour renforcer l'alimentation, puis en les rechargeant lorsque la demande diminue.<\/p>\n<h3><strong data-start=\"1543\" data-end=\"1570\">Int\u00e9gration de l'\u00e9nergie solaire et de l'ESS<\/strong><\/h3>\n<p>Ce mod\u00e8le de Multiplus Compact est enti\u00e8rement compatible avec <strong data-start=\"2479\" data-end=\"2505\">syst\u00e8mes photovolta\u00efques, r\u00e9seaux intelligents<\/strong> et d'autres sources d'\u00e9nergie renouvelables, ce qui permet d'optimiser l'utilisation de l'\u00e9nergie produite et stock\u00e9e. En outre, il peut \u00eatre int\u00e9gr\u00e9 dans des syst\u00e8mes plus vastes de <strong data-start=\"2663\" data-end=\"2697\">gestion intelligente de l'\u00e9nergie<\/strong> (ESS, Energy Storage Systems).<\/p>\n<h3>Surveillance et contr\u00f4le \u00e0 distance<\/h3>\n<p data-start=\"2778\" data-end=\"3012\">Par le port <strong data-start=\"2798\" data-end=\"2808\">VE.Bus<\/strong>Le MultiPlus Compact peut \u00eatre int\u00e9gr\u00e9 \u00e0 l'\u00e9cosyst\u00e8me de surveillance Victron : <strong data-start=\"2897\" data-end=\"2911\">Portail VRM<\/strong>, <strong data-start=\"2913\" data-end=\"2933\">Contr\u00f4le des couleurs GX<\/strong>, <strong data-start=\"2935\" data-end=\"2947\">Cerbo GX<\/strong>et d'autres appareils, ce qui permet un contr\u00f4le local et en ligne par l'interm\u00e9diaire de <strong data-start=\"98\" data-end=\"113\" data-is-last-node=\"\">Victron VRM.\u00a0<\/strong><br \/>\nCet outil permet de configurer les param\u00e8tres de l'onduleur\/chargeur, de surveiller l'\u00e9tat du syst\u00e8me en temps r\u00e9el, de programmer des \u00e9v\u00e9nements ou des alarmes et d'y acc\u00e9der \u00e0 distance depuis n'importe o\u00f9 dans le monde.<\/p>\n<h3 data-start=\"2778\" data-end=\"3012\"><strong data-start=\"3212\" data-end=\"3241\">Conception compacte et robuste<\/strong><\/h3>\n<p data-start=\"3242\" data-end=\"3496\">Le MultiPlus Compact a \u00e9t\u00e9 con\u00e7u avec un bo\u00eetier m\u00e9tallique robuste, une ventilation efficace et un montage mural peu encombrant. Sa petite taille le rend id\u00e9al pour les installations dans les v\u00e9hicules, les bateaux ou les locaux techniques o\u00f9 l'espace est limit\u00e9.<\/p>\n<h2 data-start=\"3242\" data-end=\"3496\">Onduleur Chargeur Onduleur 12V Victron Multiplus Compact 12\/1200 50A-16A - CMP12212000000<\/h2>\n<p><a href=\"https:\/\/fvcomponentes.com\/wp-content\/uploads\/2024\/01\/Datasheet-MultiPlus-inverter-charger-800VA-5kVA-ES.pdf\" target=\"_blank\" rel=\"noopener\">Chargeur d'onduleur 12V Chargeur d'onduleur Victron Multiplus Compact 12V 1200VA 50-16A datasheet<\/a><\/p>","protected":false},"excerpt":{"rendered":"<p>Tension d'entr\u00e9e nominale : 12V DC<br \/>\nPuissance de l'onduleur : 1200 VA \/ 1000 W en continu<br \/>\nPuissance de cr\u00eate : 2400 W<br \/>\nTension de sortie : 230VAC \u00b12%<br \/>\nFr\u00e9quence de sortie : 50 Hz \u00b1 0,1 %<br \/>\nCourant de charge de la batterie : 50A<br \/>\nTransfert : 16A<br \/>\nEfficacit\u00e9 : 93\/94%<br \/>\nTemp\u00e9rature de fonctionnement : -40 \u00b0C \u00e0 +65 \u00b0C (refroidissement par ventilateur inclus)<br \/>\nHumidit\u00e9 (sans condensation) : max. 95%<br \/>\nProtection : IP21<\/p>","protected":false},"featured_media":31062,"comment_status":"closed","ping_status":"closed","template":"","meta":{"site-sidebar-layout":"default","site-content-layout":"","ast-site-content-layout":"default","site-content-style":"default","site-sidebar-style":"default","ast-global-header-display":"","ast-banner-title-visibility":"","ast-main-header-display":"","ast-hfb-above-header-display":"","ast-hfb-below-header-display":"","ast-hfb-mobile-header-display":"","site-post-title":"","ast-breadcrumbs-content":"","ast-featured-img":"","footer-sml-layout":"","ast-disable-related-posts":"","theme-transparent-header-meta":"default","adv-header-id-meta":"","stick-header-meta":"","header-above-stick-meta":"","header-main-stick-meta":"","header-below-stick-meta":"","astra-migrate-meta-layouts":"set","ast-page-background-enabled":"default","ast-page-background-meta":{"desktop":{"background-color":"var(--ast-global-color-4)","background-image":"","background-repeat":"repeat","background-position":"center center","background-size":"auto","background-attachment":"scroll","background-type":"","background-media":"","overlay-type":"","overlay-color":"","overlay-opacity":"","overlay-gradient":""},"tablet":{"background-color":"","background-image":"","background-repeat":"repeat","background-position":"center center","background-size":"auto","background-attachment":"scroll","background-type":"","background-media":"","overlay-type":"","overlay-color":"","overlay-opacity":"","overlay-gradient":""},"mobile":{"background-color":"","background-image":"","background-repeat":"repeat","background-position":"center center","background-size":"auto","background-attachment":"scroll","background-type":"","background-media":"","overlay-type":"","overlay-color":"","overlay-opacity":"","overlay-gradient":""}},"ast-content-background-meta":{"desktop":{"background-color":"var(--ast-global-color-5)","background-image":"","background-repeat":"repeat","background-position":"center center","background-size":"auto","background-attachment":"scroll","background-type":"","background-media":"","overlay-type":"","overlay-color":"","overlay-opacity":"","overlay-gradient":""},"tablet":{"background-color":"var(--ast-global-color-5)","background-image":"","background-repeat":"repeat","background-position":"center center","background-size":"auto","background-attachment":"scroll","background-type":"","background-media":"","overlay-type":"","overlay-color":"","overlay-opacity":"","overlay-gradient":""},"mobile":{"background-color":"var(--ast-global-color-5)","background-image":"","background-repeat":"repeat","background-position":"center center","background-size":"auto","background-attachment":"scroll","background-type":"","background-media":"","overlay-type":"","overlay-color":"","overlay-opacity":"","overlay-gradient":""}}},"pwb-brand":[332],"product_brand":[],"product_cat":[333,388],"product_tag":[],"class_list":{"0":"post-28324","1":"product","2":"type-product","3":"status-publish","4":"has-post-thumbnail","6":"pwb-brand-victron","7":"product_cat-inversores","8":"product_cat-inversores-cargadores-12v","9":"desktop-align-left","10":"tablet-align-left","11":"mobile-align-left","12":"ast-product-gallery-layout-horizontal-slider","13":"ast-product-gallery-with-no-image","14":"ast-product-tabs-layout-horizontal","16":"first","17":"instock","18":"taxable","19":"shipping-taxable","20":"purchasable","21":"product-type-simple"},"wcpa_form_fields":null,"brands":[{"id":332,"name":"Victron Energy","slug":"victron"}],"_links":{"self":[{"href":"https:\/\/fvcomponentes.com\/fr\/wp-json\/wp\/v2\/product\/28324","targetHints":{"allow":["GET"]}}],"collection":[{"href":"https:\/\/fvcomponentes.com\/fr\/wp-json\/wp\/v2\/product"}],"about":[{"href":"https:\/\/fvcomponentes.com\/fr\/wp-json\/wp\/v2\/types\/product"}],"replies":[{"embeddable":true,"href":"https:\/\/fvcomponentes.com\/fr\/wp-json\/wp\/v2\/comments?post=28324"}],"wp:featuredmedia":[{"embeddable":true,"href":"https:\/\/fvcomponentes.com\/fr\/wp-json\/wp\/v2\/media\/31062"}],"wp:attachment":[{"href":"https:\/\/fvcomponentes.com\/fr\/wp-json\/wp\/v2\/media?parent=28324"}],"wp:term":[{"taxonomy":"pwb-brand","embeddable":true,"href":"https:\/\/fvcomponentes.com\/fr\/wp-json\/wp\/v2\/pwb-brand?post=28324"},{"taxonomy":"product_brand","embeddable":true,"href":"https:\/\/fvcomponentes.com\/fr\/wp-json\/wp\/v2\/product_brand?post=28324"},{"taxonomy":"product_cat","embeddable":true,"href":"https:\/\/fvcomponentes.com\/fr\/wp-json\/wp\/v2\/product_cat?post=28324"},{"taxonomy":"product_tag","embeddable":true,"href":"https:\/\/fvcomponentes.com\/fr\/wp-json\/wp\/v2\/product_tag?post=28324"}],"curies":[{"name":"wp","href":"https:\/\/api.w.org\/{rel}","templated":true}]}}