{"id":28307,"date":"2025-10-01T14:49:14","date_gmt":"2025-10-01T12:49:14","guid":{"rendered":"https:\/\/fvcomponentes.com\/?post_type=product&#038;p=28307"},"modified":"2026-04-04T12:47:12","modified_gmt":"2026-04-04T10:47:12","slug":"victron-gx-io-extender-150-expansion-module-bpp900800150","status":"publish","type":"product","link":"https:\/\/fvcomponentes.com\/fr\/producto\/modulo-de-expansion-victron-gx-io-extender-150-bpp900800150\/","title":{"rendered":"Victron GX IO-Extender 150 Module d'expansion - BPP900800150"},"content":{"rendered":"<h2>Victron GX IO-Extender 150 Module d'expansion - BPP900800150<\/h2>\n<p>Le Victron GX IO-Extender 150 est un module d'extension USB con\u00e7u pour \u00e9tendre les capacit\u00e9s d'entr\u00e9e\/sortie (E\/S) des centres de contr\u00f4le GX de Victron, tels que le Cerbo GX ou l'Ekrano GX. Sa fonction premi\u00e8re est d'ajouter de nouvelles options de surveillance et de contr\u00f4le pour les p\u00e9riph\u00e9riques - tels que les capteurs, les actionneurs et les relais - s'int\u00e9grant parfaitement dans les applications solaires, marines, industrielles, de v\u00e9hicules de loisirs (VR) et de sauvegarde d'\u00e9nergie.<\/p>\n<h2>Principales caract\u00e9ristiques du Victron GX IO-Extender 150<\/h2>\n<p>8 canaux num\u00e9riques configurables individuellement comme entr\u00e9es ou sorties. Ils acceptent des signaux de 3,8 \u00e0 5,5 V, avec un courant de sortie maximal de 4 mA. Ils sont organis\u00e9s en deux blocs de 4 canaux, configurables par des commutateurs DIP internes.<\/p>\n<p>4 ports PWM avec un signal 0-5 V, une r\u00e9solution de 8 bits et une fr\u00e9quence fixe de 1,5625 kHz. Ils permettent de contr\u00f4ler la luminosit\u00e9 des lumi\u00e8res LED, la vitesse des ventilateurs, des moteurs et d'autres dispositifs. En outre, chaque canal dispose d'indicateurs LED qui affichent le niveau PWM en temps r\u00e9el.<\/p>\n<p>2 relais bistables adapt\u00e9s aux petites charges, tant en CA (jusqu'\u00e0 2 A \u00e0 60 V, max. 125 VA) qu'en CC (jusqu'\u00e0 3 A \u00e0 30 V, max. 90 W).<\/p>\n<p>1 relais statique (SSR) pour les charges en courant continu jusqu'\u00e0 70 V et 4 A.<\/p>\n<p>Il est aliment\u00e9 et communique exclusivement par USB, ce qui \u00e9limine la n\u00e9cessit\u00e9 d'une alimentation externe. En outre, il consomme tr\u00e8s peu d'\u00e9nergie : typiquement 100 mW, avec un maximum de 1W.<\/p>\n<p>Il est enti\u00e8rement int\u00e9gr\u00e9 \u00e0 l'interface Venus OS sur les appareils GX et est \u00e9galement compatible avec Venus OS Large, ce qui permet de l'utiliser avec Node-RED pour une automatisation avanc\u00e9e.<\/p>\n<p>Il est g\u00e9r\u00e9 localement \u00e0 partir du syst\u00e8me GX et \u00e0 distance via le portail VRM de Victron.<\/p>\n<p>Ensemble, le GX IO-Extender 150 est la solution id\u00e9ale pour automatiser des fonctions telles que les pompes, les alarmes, les capteurs et d'autres dispositifs dans les installations solaires, marines ou industrielles.<\/p>\n<h2>Fiche technique Victron GX IO-Extender 150 Module d'expansion - BPP900800150<\/h2>\n<p><a href=\"https:\/\/fvcomponentes.com\/wp-content\/uploads\/2025\/09\/Datasheet-GX-IO-Extender-150-ES.pdf\" target=\"_blank\" rel=\"noopener\">Fiche technique Victron GX IO-Extender 150 Module d'expansion - BPP900800150<\/a><\/p>\n<h2>Manuel du module d'expansion Victron GX IO-Extender 150 - BPP900800150<\/h2>\n<p><a href=\"https:\/\/fvcomponentes.com\/wp-content\/uploads\/2025\/10\/203216-GX_IO-Extender_150-pdf-es.pdf\" target=\"_blank\" rel=\"noopener\">Voir le manuel du module d'extension Victron GX IO-Extender 150<\/a><\/p>","protected":false},"excerpt":{"rendered":"<p>Alimentation : USB (5 V)<br \/>\nConsommation \u00e9lectrique &lt;1 W (200 mA)<br \/>\nE\/S num\u00e9riques : 8 (entr\u00e9es : 3,8-5,5 V ; sorties : 5 V) 4 mA max.<br \/>\nPWM : 4 canaux, avec un niveau de tension de 5V et une pr\u00e9cision de 8 bits \u00e0 1,56 kHz<br \/>\nRelais bistables : 2x, DC jusqu'\u00e0 3 A@30 V, SSR DC jusqu'\u00e0 70 V\/4 A<br \/>\nTemp\u00e9rature de fonctionnement : De -20 \u00b0C \u00e0 +50 \u00b0C<br \/>\nGarantie de 5 ans<\/p>","protected":false},"featured_media":28308,"comment_status":"closed","ping_status":"closed","template":"","meta":{"site-sidebar-layout":"default","site-content-layout":"","ast-site-content-layout":"default","site-content-style":"default","site-sidebar-style":"default","ast-global-header-display":"","ast-banner-title-visibility":"","ast-main-header-display":"","ast-hfb-above-header-display":"","ast-hfb-below-header-display":"","ast-hfb-mobile-header-display":"","site-post-title":"","ast-breadcrumbs-content":"","ast-featured-img":"","footer-sml-layout":"","ast-disable-related-posts":"","theme-transparent-header-meta":"default","adv-header-id-meta":"","stick-header-meta":"","header-above-stick-meta":"","header-main-stick-meta":"","header-below-stick-meta":"","astra-migrate-meta-layouts":"set","ast-page-background-enabled":"default","ast-page-background-meta":{"desktop":{"background-color":"var(--ast-global-color-4)","background-image":"","background-repeat":"repeat","background-position":"center center","background-size":"auto","background-attachment":"scroll","background-type":"","background-media":"","overlay-type":"","overlay-color":"","overlay-opacity":"","overlay-gradient":""},"tablet":{"background-color":"","background-image":"","background-repeat":"repeat","background-position":"center center","background-size":"auto","background-attachment":"scroll","background-type":"","background-media":"","overlay-type":"","overlay-color":"","overlay-opacity":"","overlay-gradient":""},"mobile":{"background-color":"","background-image":"","background-repeat":"repeat","background-position":"center center","background-size":"auto","background-attachment":"scroll","background-type":"","background-media":"","overlay-type":"","overlay-color":"","overlay-opacity":"","overlay-gradient":""}},"ast-content-background-meta":{"desktop":{"background-color":"var(--ast-global-color-5)","background-image":"","background-repeat":"repeat","background-position":"center center","background-size":"auto","background-attachment":"scroll","background-type":"","background-media":"","overlay-type":"","overlay-color":"","overlay-opacity":"","overlay-gradient":""},"tablet":{"background-color":"var(--ast-global-color-5)","background-image":"","background-repeat":"repeat","background-position":"center center","background-size":"auto","background-attachment":"scroll","background-type":"","background-media":"","overlay-type":"","overlay-color":"","overlay-opacity":"","overlay-gradient":""},"mobile":{"background-color":"var(--ast-global-color-5)","background-image":"","background-repeat":"repeat","background-position":"center center","background-size":"auto","background-attachment":"scroll","background-type":"","background-media":"","overlay-type":"","overlay-color":"","overlay-opacity":"","overlay-gradient":""}}},"pwb-brand":[332],"product_brand":[],"product_cat":[333,934],"product_tag":[],"class_list":{"0":"post-28307","1":"product","2":"type-product","3":"status-publish","4":"has-post-thumbnail","6":"pwb-brand-victron","7":"product_cat-inversores","8":"product_cat-monitorizacion","9":"desktop-align-left","10":"tablet-align-left","11":"mobile-align-left","12":"ast-product-gallery-layout-horizontal-slider","13":"ast-product-tabs-layout-horizontal","15":"first","16":"instock","17":"taxable","18":"shipping-taxable","19":"purchasable","20":"product-type-simple"},"wcpa_form_fields":null,"brands":[{"id":332,"name":"Victron Energy","slug":"victron"}],"_links":{"self":[{"href":"https:\/\/fvcomponentes.com\/fr\/wp-json\/wp\/v2\/product\/28307","targetHints":{"allow":["GET"]}}],"collection":[{"href":"https:\/\/fvcomponentes.com\/fr\/wp-json\/wp\/v2\/product"}],"about":[{"href":"https:\/\/fvcomponentes.com\/fr\/wp-json\/wp\/v2\/types\/product"}],"replies":[{"embeddable":true,"href":"https:\/\/fvcomponentes.com\/fr\/wp-json\/wp\/v2\/comments?post=28307"}],"wp:featuredmedia":[{"embeddable":true,"href":"https:\/\/fvcomponentes.com\/fr\/wp-json\/wp\/v2\/media\/28308"}],"wp:attachment":[{"href":"https:\/\/fvcomponentes.com\/fr\/wp-json\/wp\/v2\/media?parent=28307"}],"wp:term":[{"taxonomy":"pwb-brand","embeddable":true,"href":"https:\/\/fvcomponentes.com\/fr\/wp-json\/wp\/v2\/pwb-brand?post=28307"},{"taxonomy":"product_brand","embeddable":true,"href":"https:\/\/fvcomponentes.com\/fr\/wp-json\/wp\/v2\/product_brand?post=28307"},{"taxonomy":"product_cat","embeddable":true,"href":"https:\/\/fvcomponentes.com\/fr\/wp-json\/wp\/v2\/product_cat?post=28307"},{"taxonomy":"product_tag","embeddable":true,"href":"https:\/\/fvcomponentes.com\/fr\/wp-json\/wp\/v2\/product_tag?post=28307"}],"curies":[{"name":"wp","href":"https:\/\/api.w.org\/{rel}","templated":true}]}}