{"id":28292,"date":"2025-07-15T09:26:24","date_gmt":"2025-07-15T07:26:24","guid":{"rendered":"https:\/\/fvcomponentes.com\/?post_type=product&#038;p=28292"},"modified":"2026-04-08T21:32:30","modified_gmt":"2026-04-08T19:32:30","slug":"bms-ng-victron-ve-bus-pour-piles-au-lithium-ng-bms300200300","status":"publish","type":"product","link":"https:\/\/fvcomponentes.com\/fr\/producto\/bms-ng-victron-ve-bus-para-baterias-de-litio-ng-bms300200300\/","title":{"rendered":"BMS NG Victron VE.Bus pour batteries lithium NG - BMS300200300"},"content":{"rendered":"<h2>BMS NG Victron VE.Bus pour batteries lithium NG - BMS300200300<\/h2>\n<p>Le BMS NG VE.Bus de Victron Energy est un syst\u00e8me de gestion de batterie avanc\u00e9 con\u00e7u sp\u00e9cifiquement pour les batteries au lithium de nouvelle g\u00e9n\u00e9ration (NG) Victron Smart LiFePO\u2084.<br \/>\nSa fonction principale est de prot\u00e9ger, de contr\u00f4ler et d'optimiser l'utilisation de ces batteries dans tous les types d'applications, afin de garantir un fonctionnement s\u00fbr et efficace du syst\u00e8me \u00e9nerg\u00e9tique.<br \/>\nCe BMS est enti\u00e8rement compatible avec les onduleurs\/chargeurs Victron MultiPlus et Quattro, gr\u00e2ce \u00e0 son interface VE.Bus int\u00e9gr\u00e9e, ce qui en fait une solution compl\u00e8te pour les syst\u00e8mes 12 V, 24 V et 48 V, avec une capacit\u00e9 d'extension jusqu'\u00e0 50 batteries en 12\/24 V ou 25 en 48 V (max. 384 kWh dans un banc 24 V).<\/p>\n<h2>Principales caract\u00e9ristiques du Victron VE.Bus BMS NG pour les batteries lithium NG<\/h2>\n<h3><strong>Connectivit\u00e9 et surveillance<\/strong><\/h3>\n<ul>\n<li><strong data-start=\"0\" data-end=\"19\" data-is-only-node=\"\">Bluetooth Smart<\/strong> int\u00e9gr\u00e9 : connexion sans fil avec <strong data-start=\"56\" data-end=\"74\">VictronConnect<\/strong> pour la configuration sans fil, les r\u00e9glages, les diagnostics et les mises \u00e0 jour du micrologiciel. Comprend un \"affichage instantan\u00e9\" (avertissements, \u00e9tat de charge, temp\u00e9rature et alarmes).<\/li>\n<li><strong style=\"font-size: 16px\" data-start=\"0\" data-end=\"25\" data-is-only-node=\"\">Compatibilit\u00e9 GX<\/strong><span style=\"font-size: 16px\">: alimentation des dispositifs <\/span><strong style=\"font-size: 16px\" data-start=\"49\" data-end=\"61\">Cerbo GX<\/strong><span style=\"font-size: 16px\">g\u00e8re le DVCC et permet une surveillance \u00e0 distance par l'interm\u00e9diaire de <\/span><strong style=\"font-size: 16px\" data-start=\"109\" data-end=\"116\" data-is-last-node=\"\">VRM<\/strong><\/li>\n<li><strong style=\"font-size: 16px\" data-start=\"109\" data-end=\"116\" data-is-last-node=\"\">Indicateurs LED : <\/strong><span style=\"font-size: 16px\">un voyant bleu pour l'\u00e9tat du Bluetooth, un voyant rouge pour les erreurs d'alarme et les avertissements, et un voyant d'\u00e9tat VE.Bus.<\/span><\/li>\n<\/ul>\n<h3>Sorties de contr\u00f4le intelligentes<\/h3>\n<ul>\n<li><strong>Sortie de d\u00e9connexion de la charge :<\/strong> Il peut g\u00e9rer le signal marche\/arr\u00eat \u00e0 distance d'appareils tels que BatteryProtect, les onduleurs, les convertisseurs DC-DC ou d'autres charges qui prennent en charge la commande \u00e0 distance. Gr\u00e2ce \u00e0 son courant de sortie pouvant atteindre 1 A, il peut \u00e9galement contr\u00f4ler des relais ou des contacteurs \u00e0 courant \u00e9lev\u00e9.<br \/>\nIl est important de tenir compte du fait que, selon l'appareil connect\u00e9, un c\u00e2ble marche\/arr\u00eat de type onduleur ou non onduleur peut \u00eatre n\u00e9cessaire.<\/li>\n<li><strong style=\"font-size: 16px\">Sortie de d\u00e9connexion du chargeur : <\/strong><span style=\"font-size: 16px\">Permet d'activer ou de d\u00e9sactiver \u00e0 distance des chargeurs compatibles tels que le chargeur intelligent IP43, les relais Cyrix-Li-Charge, les combinateurs de batteries Cyrix-Li-ct ou les dispositifs BatteryProtect.<br \/>\n<\/span>Notez que cette sortie (CHARGER) n'est pas con\u00e7ue pour alimenter des charges inductives, telles que des bobines de relais.<\/li>\n<li><strong style=\"font-size: 16px\">Sortie de pr\u00e9-alarme : <\/strong><span style=\"font-size: 16px\">Active un signal visuel ou sonore lorsque la tension de la batterie est inf\u00e9rieure au seuil, 30 secondes avant la d\u00e9sactivation de la sortie de d\u00e9connexion de la charge.<\/span><\/li>\n<li><strong style=\"font-size: 16px\">Terminer On\/Off \u00e0 distance :<\/strong><span style=\"font-size: 16px\"> Facilite la commande \u00e0 distance des sorties de d\u00e9connexion de la charge et du syst\u00e8me de charge. Lorsque cette borne est d\u00e9sactiv\u00e9e, les deux sorties sont libres, ce qui entra\u00eene la d\u00e9sactivation des charges et des chargeurs connect\u00e9s.<\/span><\/li>\n<\/ul>\n<h3 data-start=\"3613\" data-end=\"3695\"><strong data-start=\"0\" data-end=\"30\" data-is-only-node=\"\">Protection de cellule \u00e0 cellule<br \/>\n<\/strong><\/h3>\n<p data-start=\"3613\" data-end=\"3695\">Surveillance pr\u00e9cise de la tension, de la temp\u00e9rature et de l'\u00e9tat de chaque cellule.<\/p>\n<h3 data-start=\"3698\" data-end=\"3762\"><strong>Protection totale<\/strong><\/h3>\n<p data-start=\"3698\" data-end=\"3762\">Activation d'alarmes ou de coupures de chargement\/d\u00e9chargement en fonction de conditions critiques.<\/p>\n<h3 data-start=\"3698\" data-end=\"3762\">Interface avec le VE.Bus<\/h3>\n<p data-start=\"3698\" data-end=\"3762\">Communique avec les onduleurs VE.Bus via RJ45, ce qui permet de d\u00e9sactiver l'onduleur\/la charge en cas de basse tension, de surtension ou de temp\u00e9rature \u00e9lev\u00e9e.<\/p>\n<h3 data-start=\"3828\" data-end=\"3900\">Expansion simple<\/h3>\n<p data-start=\"3828\" data-end=\"3900\">Le BMS Victron VE.Bus NG pour les batteries au lithium NG est compatible avec plusieurs batteries en s\u00e9rie\/parall\u00e8le et avec des unit\u00e9s BMS suppl\u00e9mentaires pour une redondance accrue.<\/p>\n<h2>Fiche technique Victron VE.Bus BMS NG pour batteries lithium NG - BMS300200300<\/h2>\n<p><a href=\"https:\/\/fvcomponentes.com\/wp-content\/uploads\/2025\/09\/Datasheet-VE-Bus-BMS-NG-ES.pdf\" target=\"_blank\" rel=\"noopener\">Voir fiche technique BMS NG Victron VE.Bus pour batteries au lithium NG<\/a><\/p>","protected":false},"excerpt":{"rendered":"<p><span style=\"color: #339966\">Protection intelligente et avanc\u00e9e des piles au lithium Victron Smart LiFePO\u2084<\/span><\/p>\n<p>Tension d'entr\u00e9e : 9 - 70 V DC<br \/>\nConsommation de fonctionnement : 10 mA (au repos), 2 mA (basse tension), 1,5 mA (arr\u00eat \u00e0 distance)<br \/>\nSortie de d\u00e9connexion de la charge (LOAD) : 1A<br \/>\nSortie de d\u00e9connexion du chargeur : 10mA<br \/>\nCourant de sortie de pr\u00e9-alarme : 1A (sans protection contre les courts-circuits)<br \/>\nProtection de l'environnement : Temp\u00e9rature : -20 \u00b0C \u00e0 +50 \u00b0C ; Humidit\u00e9 : jusqu'\u00e0 95 % sans condensation<br \/>\nBo\u00eetier : ABS noir mat avec adh\u00e9sif bleu.<br \/>\nType de protection : IP20<\/p>","protected":false},"featured_media":28301,"comment_status":"closed","ping_status":"closed","template":"","meta":{"site-sidebar-layout":"default","site-content-layout":"","ast-site-content-layout":"default","site-content-style":"default","site-sidebar-style":"default","ast-global-header-display":"","ast-banner-title-visibility":"","ast-main-header-display":"","ast-hfb-above-header-display":"","ast-hfb-below-header-display":"","ast-hfb-mobile-header-display":"","site-post-title":"","ast-breadcrumbs-content":"","ast-featured-img":"","footer-sml-layout":"","ast-disable-related-posts":"","theme-transparent-header-meta":"default","adv-header-id-meta":"","stick-header-meta":"","header-above-stick-meta":"","header-main-stick-meta":"","header-below-stick-meta":"","astra-migrate-meta-layouts":"set","ast-page-background-enabled":"default","ast-page-background-meta":{"desktop":{"background-color":"var(--ast-global-color-4)","background-image":"","background-repeat":"repeat","background-position":"center center","background-size":"auto","background-attachment":"scroll","background-type":"","background-media":"","overlay-type":"","overlay-color":"","overlay-opacity":"","overlay-gradient":""},"tablet":{"background-color":"","background-image":"","background-repeat":"repeat","background-position":"center center","background-size":"auto","background-attachment":"scroll","background-type":"","background-media":"","overlay-type":"","overlay-color":"","overlay-opacity":"","overlay-gradient":""},"mobile":{"background-color":"","background-image":"","background-repeat":"repeat","background-position":"center center","background-size":"auto","background-attachment":"scroll","background-type":"","background-media":"","overlay-type":"","overlay-color":"","overlay-opacity":"","overlay-gradient":""}},"ast-content-background-meta":{"desktop":{"background-color":"var(--ast-global-color-5)","background-image":"","background-repeat":"repeat","background-position":"center center","background-size":"auto","background-attachment":"scroll","background-type":"","background-media":"","overlay-type":"","overlay-color":"","overlay-opacity":"","overlay-gradient":""},"tablet":{"background-color":"var(--ast-global-color-5)","background-image":"","background-repeat":"repeat","background-position":"center center","background-size":"auto","background-attachment":"scroll","background-type":"","background-media":"","overlay-type":"","overlay-color":"","overlay-opacity":"","overlay-gradient":""},"mobile":{"background-color":"var(--ast-global-color-5)","background-image":"","background-repeat":"repeat","background-position":"center center","background-size":"auto","background-attachment":"scroll","background-type":"","background-media":"","overlay-type":"","overlay-color":"","overlay-opacity":"","overlay-gradient":""}}},"pwb-brand":[332],"product_brand":[],"product_cat":[340,435],"product_tag":[],"class_list":{"0":"post-28292","1":"product","2":"type-product","3":"status-publish","4":"has-post-thumbnail","6":"pwb-brand-victron","7":"product_cat-baterias","8":"product_cat-bms-sistemas-de-supervision-de-baterias","9":"desktop-align-left","10":"tablet-align-left","11":"mobile-align-left","12":"ast-product-gallery-layout-horizontal-slider","13":"ast-product-tabs-layout-horizontal","15":"first","16":"instock","17":"featured","18":"taxable","19":"shipping-taxable","20":"purchasable","21":"product-type-simple"},"wcpa_form_fields":null,"brands":[{"id":332,"name":"Victron Energy","slug":"victron"}],"_links":{"self":[{"href":"https:\/\/fvcomponentes.com\/fr\/wp-json\/wp\/v2\/product\/28292","targetHints":{"allow":["GET"]}}],"collection":[{"href":"https:\/\/fvcomponentes.com\/fr\/wp-json\/wp\/v2\/product"}],"about":[{"href":"https:\/\/fvcomponentes.com\/fr\/wp-json\/wp\/v2\/types\/product"}],"replies":[{"embeddable":true,"href":"https:\/\/fvcomponentes.com\/fr\/wp-json\/wp\/v2\/comments?post=28292"}],"wp:featuredmedia":[{"embeddable":true,"href":"https:\/\/fvcomponentes.com\/fr\/wp-json\/wp\/v2\/media\/28301"}],"wp:attachment":[{"href":"https:\/\/fvcomponentes.com\/fr\/wp-json\/wp\/v2\/media?parent=28292"}],"wp:term":[{"taxonomy":"pwb-brand","embeddable":true,"href":"https:\/\/fvcomponentes.com\/fr\/wp-json\/wp\/v2\/pwb-brand?post=28292"},{"taxonomy":"product_brand","embeddable":true,"href":"https:\/\/fvcomponentes.com\/fr\/wp-json\/wp\/v2\/product_brand?post=28292"},{"taxonomy":"product_cat","embeddable":true,"href":"https:\/\/fvcomponentes.com\/fr\/wp-json\/wp\/v2\/product_cat?post=28292"},{"taxonomy":"product_tag","embeddable":true,"href":"https:\/\/fvcomponentes.com\/fr\/wp-json\/wp\/v2\/product_tag?post=28292"}],"curies":[{"name":"wp","href":"https:\/\/api.w.org\/{rel}","templated":true}]}}