{"id":28269,"date":"2025-10-01T14:49:16","date_gmt":"2025-10-01T12:49:16","guid":{"rendered":"https:\/\/fvcomponentes.com\/?post_type=product&#038;p=28269"},"modified":"2026-04-04T12:47:38","modified_gmt":"2026-04-04T10:47:38","slug":"bmv-712-black-smart-victron-bam030712200-battery-monitor-bam030712200","status":"publish","type":"product","link":"https:\/\/fvcomponentes.com\/fr\/producto\/monitor-de-bateria-bmv-712-black-smart-victron-bam030712200\/","title":{"rendered":"Moniteur de batterie BMV-712 Smart Noir Noir Victron - BAM030712200"},"content":{"rendered":"<h3 data-start=\"256\" data-end=\"292\">Connectivit\u00e9 Bluetooth int\u00e9gr\u00e9e<\/h3>\n<p data-start=\"293\" data-end=\"584\">Le moniteur de batterie intelligent BMV-712 de Victron est pr\u00eat pour l'\u00e8re de l'Internet des objets, car il int\u00e8gre le Bluetooth en standard. Cela permet une communication sans fil avec les smartphones et les autres produits Victron compatibles, ce qui facilite l'installation et optimise les performances du syst\u00e8me.<\/p>\n<h3>Facile \u00e0 installer<\/h3>\n<p>Toutes les connexions \u00e9lectriques sont effectu\u00e9es sur le circuit imprim\u00e9 \u00e0 connexion rapide du shunt de puissance. Le shunt est connect\u00e9 au moniteur par un c\u00e2ble t\u00e9l\u00e9phonique RJ12 standard, qui est inclus dans la bo\u00eete d'\u00e9quipement. Un c\u00e2ble de batterie \u00e0 fusible (2 m) est \u00e9galement inclus. Aucune autre installation n'est n\u00e9cessaire.<br \/>\nUne plaque de finition pour l'\u00e9cran avant, carr\u00e9e ou ronde, un anneau de fixation arri\u00e8re et des vis pour le montage \u00e0 l'avant sont \u00e9galement inclus.<\/p>\n<h3>Contr\u00f4le de la tension au point m\u00e9dian<\/h3>\n<p data-start=\"199\" data-end=\"464\">La tension du point m\u00e9dian est la tension mesur\u00e9e exactement au milieu d'une cha\u00eene de batteries connect\u00e9es en s\u00e9rie.<br \/>\nLa surveillance de cette valeur est d'un grand int\u00e9r\u00eat pour les grands parcs de batteries, mais elle implique g\u00e9n\u00e9ralement des co\u00fbts \u00e9lev\u00e9s. Cependant, avec le moniteur de batterie noir BMV-712 Smart de Victron, il est possible de contr\u00f4ler ce param\u00e8tre facilement et de mani\u00e8re beaucoup plus \u00e9conomique.<br \/>\nLa d\u00e9tection des \u00e9carts critiques de la tension \u00e0 mi-parcours dans les cha\u00eenes de batteries connect\u00e9es en s\u00e9rie et la prise de mesures correctives en cons\u00e9quence permettent d'\u00e9viter les dommages graves et de prolonger la dur\u00e9e de vie et la fiabilit\u00e9 du syst\u00e8me.<\/p>\n<h3>Faible consommation<\/h3>\n<p>Consommation \u00e9lectrique : 0,7Ah par mois (1mA) \u00e0 12V et 0,6Ah par mois (0,8mA) \u00e0 24V<br \/>\nLes piles au lithium n'ont pratiquement aucune capacit\u00e9 utile apr\u00e8s une d\u00e9connexion due \u00e0 une faible tension. Elles ne conservent qu'une petite r\u00e9serve (\u2248 1Ah par 100Ah). Si cette r\u00e9serve est \u00e9puis\u00e9e, la batterie peut \u00eatre endommag\u00e9e de mani\u00e8re irr\u00e9versible.<br data-start=\"374\" data-end=\"377\" \/>Une consommation r\u00e9siduelle de seulement 10 mA peut ruiner une batterie de 200 Ah en seulement 8 jours si elle reste d\u00e9charg\u00e9e.<\/p>\n<h3>Relais d'alarme bistable<\/h3>\n<p>Emp\u00eache l'augmentation de la consommation de courant en cas d'alarme.<\/p>\n<h2>Autres caract\u00e9ristiques du moniteur de batterie Victron BMV-712 Smart Black BMV-712 Black<\/h2>\n<p>- Tension, courant, puissance, amp\u00e8res-heures consomm\u00e9s et \u00e9tat de charge de la batterie<br \/>\n- Autonomie restante au taux de d\u00e9charge actuel.<br \/>\n- Alarme visuelle et sonore programmable<br \/>\n- Relais programmable, pour d\u00e9connecter les charges non critiques ou pour d\u00e9marrer un g\u00e9n\u00e9rateur si n\u00e9cessaire.<br \/>\n- Kit de shunt et de connexion rapide 500 amp\u00e8res<br \/>\n- S\u00e9lection de la capacit\u00e9 de shunt jusqu'\u00e0 10 000 amp\u00e8res<br \/>\n- VE.Port de communication directe<br \/>\n- Stocke un large \u00e9ventail de donn\u00e9es historiques qui peuvent \u00eatre utilis\u00e9es pour \u00e9valuer les sch\u00e9mas d'utilisation et l'\u00e9tat de la batterie.<br \/>\n- Large plage de tension d'entr\u00e9e : 6,5 \u021a \"70V<br \/>\n- R\u00e9solution \u00e9lev\u00e9e de la mesure du courant : 10 mA (0,01A)<br \/>\n- Entr\u00e9e suppl\u00e9mentaire pour la mesure de la tension (\u00e0 partir d'une deuxi\u00e8me batterie), de la temp\u00e9rature ou de la tension au point m\u00e9dian et des r\u00e9glages correspondants des alarmes et des relais.<\/p>\n<h2>Moniteur de batterie BMV-712 Smart Noir Noir Victron - BAM030712200<\/h2>\n<p><a href=\"https:\/\/fvcomponentes.com\/wp-content\/uploads\/2021\/03\/Datasheet-BMV-712-Smart-ES.pdf\" target=\"_blank\" rel=\"noopener\">Moniteur de batterie BMV-712 Smart Noir Noir Victron - BAM030712200<\/a><\/p>","protected":false},"excerpt":{"rendered":"<p><span style=\"color: #339966;\"><strong>Bluetooth int\u00e9gr\u00e9<\/strong><\/span><\/p>\n<p><span style=\"color: #000000;\">Tension de la batterie : 6,5 - 70 VDC<br \/>\nCourant maximal (shunt) : 500 A \/ 50 mV<br \/>\nCapacit\u00e9 de la batterie : 1 - 9 999 Ah<br \/>\nBluetooth int\u00e9gr\u00e9 : Oui (avec l'application VictronConnect)<br \/>\nPort de communication : VE.Direct<br \/>\nAlarme programmable : oui (avec relais de contr\u00f4le configurable)<br \/>\nConsommation propre : &lt; 1 mA<br \/>\nAffichage : LCD r\u00e9tro-\u00e9clair\u00e9<br \/>\nMontage : encastr\u00e9 (\u00d8 63 mm)<br \/>\nCouleur : noir<br \/>\nTemp\u00e9rature de fonctionnement : De -40 \u00b0C \u00e0 +50 \u00b0C<\/span><\/p>","protected":false},"featured_media":28277,"comment_status":"closed","ping_status":"closed","template":"","meta":{"site-sidebar-layout":"default","site-content-layout":"","ast-site-content-layout":"default","site-content-style":"default","site-sidebar-style":"default","ast-global-header-display":"","ast-banner-title-visibility":"","ast-main-header-display":"","ast-hfb-above-header-display":"","ast-hfb-below-header-display":"","ast-hfb-mobile-header-display":"","site-post-title":"","ast-breadcrumbs-content":"","ast-featured-img":"","footer-sml-layout":"","ast-disable-related-posts":"","theme-transparent-header-meta":"default","adv-header-id-meta":"","stick-header-meta":"","header-above-stick-meta":"","header-main-stick-meta":"","header-below-stick-meta":"","astra-migrate-meta-layouts":"set","ast-page-background-enabled":"default","ast-page-background-meta":{"desktop":{"background-color":"var(--ast-global-color-4)","background-image":"","background-repeat":"repeat","background-position":"center center","background-size":"auto","background-attachment":"scroll","background-type":"","background-media":"","overlay-type":"","overlay-color":"","overlay-opacity":"","overlay-gradient":""},"tablet":{"background-color":"","background-image":"","background-repeat":"repeat","background-position":"center center","background-size":"auto","background-attachment":"scroll","background-type":"","background-media":"","overlay-type":"","overlay-color":"","overlay-opacity":"","overlay-gradient":""},"mobile":{"background-color":"","background-image":"","background-repeat":"repeat","background-position":"center center","background-size":"auto","background-attachment":"scroll","background-type":"","background-media":"","overlay-type":"","overlay-color":"","overlay-opacity":"","overlay-gradient":""}},"ast-content-background-meta":{"desktop":{"background-color":"var(--ast-global-color-5)","background-image":"","background-repeat":"repeat","background-position":"center center","background-size":"auto","background-attachment":"scroll","background-type":"","background-media":"","overlay-type":"","overlay-color":"","overlay-opacity":"","overlay-gradient":""},"tablet":{"background-color":"var(--ast-global-color-5)","background-image":"","background-repeat":"repeat","background-position":"center center","background-size":"auto","background-attachment":"scroll","background-type":"","background-media":"","overlay-type":"","overlay-color":"","overlay-opacity":"","overlay-gradient":""},"mobile":{"background-color":"var(--ast-global-color-5)","background-image":"","background-repeat":"repeat","background-position":"center center","background-size":"auto","background-attachment":"scroll","background-type":"","background-media":"","overlay-type":"","overlay-color":"","overlay-opacity":"","overlay-gradient":""}}},"pwb-brand":[332],"product_brand":[],"product_cat":[933,391,340],"product_tag":[],"class_list":{"0":"post-28269","1":"product","2":"type-product","3":"status-publish","4":"has-post-thumbnail","6":"pwb-brand-victron","7":"product_cat-monitores-de-baterias","8":"product_cat-accesorios-para-baterias","9":"product_cat-baterias","10":"desktop-align-left","11":"tablet-align-left","12":"mobile-align-left","13":"ast-product-gallery-layout-horizontal-slider","14":"ast-product-tabs-layout-horizontal","16":"first","17":"instock","18":"taxable","19":"shipping-taxable","20":"purchasable","21":"product-type-simple"},"wcpa_form_fields":null,"brands":[{"id":332,"name":"Victron Energy","slug":"victron"}],"_links":{"self":[{"href":"https:\/\/fvcomponentes.com\/fr\/wp-json\/wp\/v2\/product\/28269","targetHints":{"allow":["GET"]}}],"collection":[{"href":"https:\/\/fvcomponentes.com\/fr\/wp-json\/wp\/v2\/product"}],"about":[{"href":"https:\/\/fvcomponentes.com\/fr\/wp-json\/wp\/v2\/types\/product"}],"replies":[{"embeddable":true,"href":"https:\/\/fvcomponentes.com\/fr\/wp-json\/wp\/v2\/comments?post=28269"}],"wp:featuredmedia":[{"embeddable":true,"href":"https:\/\/fvcomponentes.com\/fr\/wp-json\/wp\/v2\/media\/28277"}],"wp:attachment":[{"href":"https:\/\/fvcomponentes.com\/fr\/wp-json\/wp\/v2\/media?parent=28269"}],"wp:term":[{"taxonomy":"pwb-brand","embeddable":true,"href":"https:\/\/fvcomponentes.com\/fr\/wp-json\/wp\/v2\/pwb-brand?post=28269"},{"taxonomy":"product_brand","embeddable":true,"href":"https:\/\/fvcomponentes.com\/fr\/wp-json\/wp\/v2\/product_brand?post=28269"},{"taxonomy":"product_cat","embeddable":true,"href":"https:\/\/fvcomponentes.com\/fr\/wp-json\/wp\/v2\/product_cat?post=28269"},{"taxonomy":"product_tag","embeddable":true,"href":"https:\/\/fvcomponentes.com\/fr\/wp-json\/wp\/v2\/product_tag?post=28269"}],"curies":[{"name":"wp","href":"https:\/\/api.w.org\/{rel}","templated":true}]}}