{"id":28255,"date":"2025-07-09T08:27:12","date_gmt":"2025-07-09T06:27:12","guid":{"rendered":"https:\/\/fvcomponentes.com\/?post_type=product&#038;p=28255"},"modified":"2026-04-09T19:20:17","modified_gmt":"2026-04-09T17:20:17","slug":"bmv-710h-smart-70-350-vdc-victron-bam030710100-moniteur-de-batterie-bmv-710h-smart-70-350-vdc-victron-bam030710100","status":"publish","type":"product","link":"https:\/\/fvcomponentes.com\/fr\/producto\/monitor-de-bateria-bmv-710h-smart-70-350-vdc-victron-bam030710100\/","title":{"rendered":"Moniteur de batterie BMV-710H Smart (70 - 350 VDC) Victron - BAM030710100"},"content":{"rendered":"<div style=\"position:relative;padding-bottom:56.25%;height:0;margin-bottom:24px;\">\n  <iframe \n    src=\"https:\/\/www.youtube-nocookie.com\/embed\/6EXFWD8E_d4?rel=0&#038;modestbranding=1\"\n    style=\"position:absolute;top:0;left:0;width:100%;height:100%;border:0;\"\n    loading=\"lazy\"\n    allowfullscreen><br \/>\n  <\/iframe>\n<\/div>\n<p><script type=\"application\/ld+json\">{\n    \"@context\": \"https:\\\/\\\/schema.org\",\n    \"@type\": \"VideoObject\",\n    \"name\": \"CONFIGURACI\\u00d3N de tu VICTRON SMARTSHUNT 500A como un PRO\",\n    \"description\": \"Aprende a configurar de forma eficiente un Victron SmartShunt 500A utilizando la app Victron Connect en iOS y Android para monitorizar tu bater\\u00eda con precisi\\u00f3n y sacar el m\\u00e1ximo rendimiento a tu sistema.\",\n    \"thumbnailUrl\": \"https:\\\/\\\/i.ytimg.com\\\/vi\\\/6EXFWD8E_d4\\\/maxresdefault.jpg\",\n    \"uploadDate\": \"2026-04-09T00:00:00+02:00\",\n    \"contentUrl\": \"https:\\\/\\\/www.youtube.com\\\/watch?v=6EXFWD8E_d4\",\n    \"embedUrl\": \"https:\\\/\\\/www.youtube-nocookie.com\\\/embed\\\/6EXFWD8E_d4\",\n    \"publisher\": {\n        \"@type\": \"Organization\",\n        \"name\": \"FV Componentes\"\n    }\n}<\/script><\/p>\n<h2>Moniteur de batterie BMV-710H Smart (70 - 350 VDC) Victron - BAM030710100<\/h2>\n<p><strong><span style=\"color: #339966;\">Pr\u00e9cision professionnelle pour les syst\u00e8mes \u00e0 haute tension<br \/>\n<\/span><\/strong>Le BMV-710H Smart de Victron Energy est un contr\u00f4leur de batterie de haute pr\u00e9cision, sp\u00e9cialement con\u00e7u pour les syst\u00e8mes de batterie haute tension avec une plage de fonctionnement de 70 \u00e0 350 VDC. Cet \u00e9quipement permet une surveillance d\u00e9taill\u00e9e de l'\u00e9tat de charge, de la consommation d'\u00e9nergie et des param\u00e8tres critiques de votre parc de batteries, assurant un contr\u00f4le complet dans les applications o\u00f9 la fiabilit\u00e9 est un imp\u00e9ratif.<br \/>\nLe BMV-710H Smart se positionne comme l'outil id\u00e9al pour les syst\u00e8mes professionnels qui n\u00e9cessitent un contr\u00f4le avanc\u00e9, un enregistrement des donn\u00e9es et un fonctionnement s\u00e9curis\u00e9 dans des environnements exigeants.<\/p>\n<h2>Caract\u00e9ristiques du moniteur de batterie BMV-710H Smart (70 - 350 VDC) Victron - BAM030710100<\/h2>\n<h3 data-start=\"1079\" data-end=\"1261\"><strong data-start=\"1079\" data-end=\"1110\">Con\u00e7u pour la haute tension<\/strong><\/h3>\n<p data-start=\"1079\" data-end=\"1261\">Id\u00e9al pour les banques de batteries dans les syst\u00e8mes photovolta\u00efques, industriels, UPS ou de t\u00e9l\u00e9communication, o\u00f9 les tensions d\u00e9passent 70 VDC.<\/p>\n<h3 data-start=\"1264\" data-end=\"1411\"><strong data-start=\"1264\" data-end=\"1295\">Grande pr\u00e9cision de mesure<\/strong><\/h3>\n<p data-start=\"1264\" data-end=\"1411\">Mesure avec pr\u00e9cision la tension, le courant, l'\u00e9nergie consomm\u00e9e, l'\u00e9tat de charge (SOC) et le temps restant de la batterie.<\/p>\n<h3 data-start=\"1414\" data-end=\"1580\"><strong data-start=\"1414\" data-end=\"1444\">Bluetooth Smart int\u00e9gr\u00e9<\/strong><\/h3>\n<p data-start=\"1414\" data-end=\"1580\">Connectez le BMV-710H Smart Battery Monitor \u00e0 des appareils mobiles sans fil pour un affichage des donn\u00e9es en temps r\u00e9el et une configuration \u00e0 distance.<\/p>\n<h3 data-start=\"1583\" data-end=\"1708\"><strong data-start=\"1583\" data-end=\"1604\">Port direct VE.<\/strong><\/h3>\n<p data-start=\"1583\" data-end=\"1708\">Permet d'int\u00e9grer le moniteur de batterie intelligent BMV-710H \u00e0 d'autres syst\u00e8mes Victron, tels que les appareils GX et le portail VRM.<\/p>\n<h3 data-start=\"1711\" data-end=\"1840\"><strong data-start=\"1711\" data-end=\"1755\">Alarmes programmables et relais int\u00e9gr\u00e9<\/strong><\/h3>\n<p data-start=\"1711\" data-end=\"1840\">Pour activer des alertes ou des dispositifs externes en cas de niveau critique de la batterie.<\/p>\n<h3 data-start=\"1843\" data-end=\"1989\"><strong data-start=\"1843\" data-end=\"1867\">Historique d\u00e9taill\u00e9<\/strong><\/h3>\n<p data-start=\"1843\" data-end=\"1989\">Il stocke les donn\u00e9es relatives \u00e0 la consommation, aux cycles et aux \u00e9v\u00e9nements afin d'\u00e9valuer l'\u00e9tat de sant\u00e9 \u00e0 long terme du parc de batteries.<\/p>\n<h3 data-start=\"1843\" data-end=\"1989\">Principaux avantages du moniteur de batterie Victron BMV-710H Smart (70 - 350 VDC)<\/h3>\n<p>Fournit des informations essentielles pour prot\u00e9ger et optimiser la dur\u00e9e de vie de la batterie.<br \/>\nFacile \u00e0 installer et \u00e0 configurer, m\u00eame dans les syst\u00e8mes complexes.<br \/>\nId\u00e9al pour les int\u00e9grateurs travaillant avec des syst\u00e8mes Victron complets.<br \/>\nMesures stables et fiables, m\u00eame dans des environnements difficiles.<br \/>\nCompatible avec la surveillance \u00e0 distance via le portail Victron GX et VRM.<\/p>\n<h2>BMV-710H Smart (70 - 350 VDC) Battery Monitor Manual Victron - BAM030710100<\/h2>\n<p><a href=\"https:\/\/fvcomponentes.com\/wp-content\/uploads\/2025\/07\/9172-Manual_BMV_and_SmartShunt-pdf-en.pdf\" target=\"_blank\" rel=\"noopener\">Moniteur de batterie BMV-710H Smart (70 - 350 VDC) Manuel du moniteur de batterie Victron<\/a><\/p>","protected":false},"excerpt":{"rendered":"<p><span style=\"color: #339966;\"><strong><span class=\"&quot;&lt;\/yoastmark\">Contr\u00f4le intelligent et pr\u00e9cis des bancs de batteries haute tension<br \/>\nBluetooth int\u00e9gr\u00e9<\/span><\/strong><\/span><\/p>\n<p>Tension de la batterie : 70-350 VDC<br \/>\nCourant maximal (shunt) : 500 A (shunt de 50 mV inclus)<br \/>\nCapacit\u00e9 de la batterie : 1-9999 Ah<br \/>\nPr\u00e9cision SOC : \u00b10,1 %<br \/>\nPort de communication : VE.Direct \/ Bluetooth int\u00e9gr\u00e9<br \/>\nRelais d'alarme \/ de contr\u00f4le : Oui, configurable (60 V \/ 1 A max.)<br \/>\nTemp\u00e9rature de fonctionnement : De -40 \u00b0C \u00e0 +50 \u00b0C<br \/>\nMontage : encastr\u00e9 (trou \u00d863 mm)<br \/>\nProtection frontale : IP55<\/p>","protected":false},"featured_media":28267,"comment_status":"closed","ping_status":"closed","template":"","meta":{"site-sidebar-layout":"default","site-content-layout":"","ast-site-content-layout":"default","site-content-style":"default","site-sidebar-style":"default","ast-global-header-display":"","ast-banner-title-visibility":"","ast-main-header-display":"","ast-hfb-above-header-display":"","ast-hfb-below-header-display":"","ast-hfb-mobile-header-display":"","site-post-title":"","ast-breadcrumbs-content":"","ast-featured-img":"","footer-sml-layout":"","ast-disable-related-posts":"","theme-transparent-header-meta":"default","adv-header-id-meta":"","stick-header-meta":"","header-above-stick-meta":"","header-main-stick-meta":"","header-below-stick-meta":"","astra-migrate-meta-layouts":"set","ast-page-background-enabled":"default","ast-page-background-meta":{"desktop":{"background-color":"var(--ast-global-color-4)","background-image":"","background-repeat":"repeat","background-position":"center center","background-size":"auto","background-attachment":"scroll","background-type":"","background-media":"","overlay-type":"","overlay-color":"","overlay-opacity":"","overlay-gradient":""},"tablet":{"background-color":"","background-image":"","background-repeat":"repeat","background-position":"center center","background-size":"auto","background-attachment":"scroll","background-type":"","background-media":"","overlay-type":"","overlay-color":"","overlay-opacity":"","overlay-gradient":""},"mobile":{"background-color":"","background-image":"","background-repeat":"repeat","background-position":"center center","background-size":"auto","background-attachment":"scroll","background-type":"","background-media":"","overlay-type":"","overlay-color":"","overlay-opacity":"","overlay-gradient":""}},"ast-content-background-meta":{"desktop":{"background-color":"var(--ast-global-color-5)","background-image":"","background-repeat":"repeat","background-position":"center center","background-size":"auto","background-attachment":"scroll","background-type":"","background-media":"","overlay-type":"","overlay-color":"","overlay-opacity":"","overlay-gradient":""},"tablet":{"background-color":"var(--ast-global-color-5)","background-image":"","background-repeat":"repeat","background-position":"center center","background-size":"auto","background-attachment":"scroll","background-type":"","background-media":"","overlay-type":"","overlay-color":"","overlay-opacity":"","overlay-gradient":""},"mobile":{"background-color":"var(--ast-global-color-5)","background-image":"","background-repeat":"repeat","background-position":"center center","background-size":"auto","background-attachment":"scroll","background-type":"","background-media":"","overlay-type":"","overlay-color":"","overlay-opacity":"","overlay-gradient":""}}},"pwb-brand":[332],"product_brand":[],"product_cat":[933,391,340],"product_tag":[],"class_list":{"0":"post-28255","1":"product","2":"type-product","3":"status-publish","4":"has-post-thumbnail","6":"pwb-brand-victron","7":"product_cat-monitores-de-baterias","8":"product_cat-accesorios-para-baterias","9":"product_cat-baterias","10":"desktop-align-left","11":"tablet-align-left","12":"mobile-align-left","13":"ast-product-gallery-layout-horizontal-slider","14":"ast-product-tabs-layout-horizontal","16":"first","17":"instock","18":"taxable","19":"shipping-taxable","20":"purchasable","21":"product-type-simple"},"wcpa_form_fields":null,"brands":[{"id":332,"name":"Victron Energy","slug":"victron"}],"_links":{"self":[{"href":"https:\/\/fvcomponentes.com\/fr\/wp-json\/wp\/v2\/product\/28255","targetHints":{"allow":["GET"]}}],"collection":[{"href":"https:\/\/fvcomponentes.com\/fr\/wp-json\/wp\/v2\/product"}],"about":[{"href":"https:\/\/fvcomponentes.com\/fr\/wp-json\/wp\/v2\/types\/product"}],"replies":[{"embeddable":true,"href":"https:\/\/fvcomponentes.com\/fr\/wp-json\/wp\/v2\/comments?post=28255"}],"wp:featuredmedia":[{"embeddable":true,"href":"https:\/\/fvcomponentes.com\/fr\/wp-json\/wp\/v2\/media\/28267"}],"wp:attachment":[{"href":"https:\/\/fvcomponentes.com\/fr\/wp-json\/wp\/v2\/media?parent=28255"}],"wp:term":[{"taxonomy":"pwb-brand","embeddable":true,"href":"https:\/\/fvcomponentes.com\/fr\/wp-json\/wp\/v2\/pwb-brand?post=28255"},{"taxonomy":"product_brand","embeddable":true,"href":"https:\/\/fvcomponentes.com\/fr\/wp-json\/wp\/v2\/product_brand?post=28255"},{"taxonomy":"product_cat","embeddable":true,"href":"https:\/\/fvcomponentes.com\/fr\/wp-json\/wp\/v2\/product_cat?post=28255"},{"taxonomy":"product_tag","embeddable":true,"href":"https:\/\/fvcomponentes.com\/fr\/wp-json\/wp\/v2\/product_tag?post=28255"}],"curies":[{"name":"wp","href":"https:\/\/api.w.org\/{rel}","templated":true}]}}