{"id":28236,"date":"2025-07-15T09:01:16","date_gmt":"2025-07-15T07:01:16","guid":{"rendered":"https:\/\/fvcomponentes.com\/?post_type=product&#038;p=28236"},"modified":"2026-04-04T12:45:17","modified_gmt":"2026-04-04T10:45:17","slug":"victron-ant100200200-outdoor-lte-m-puck-antenna-ant100200200","status":"publish","type":"product","link":"https:\/\/fvcomponentes.com\/fr\/producto\/antena-lte-m-puck-para-exteriores-victron-ant100200200\/","title":{"rendered":"Antenne ext\u00e9rieure LTE-M de Victron - ANT100200200"},"content":{"rendered":"<h2>Antenne ext\u00e9rieure LTE-M de Victron - ANT100200200<\/h2>\n<p>L'antenne puck LTE-M de Victron Energy est une option compacte et robuste con\u00e7ue pour am\u00e9liorer la connectivit\u00e9 du GlobalLink 520 ou du GX LTE 4G-A. Elle est particuli\u00e8rement utile dans les zones o\u00f9 le signal mobile est faible et permet de maintenir une connexion plus stable. Elle est particuli\u00e8rement utile dans les zones o\u00f9 le signal mobile est faible, car elle permet de maintenir une connexion plus stable.<br \/>\nGr\u00e2ce \u00e0 son c\u00e2ble de 3 m\u00e8tres et \u00e0 son design en forme de rondelle, cette antenne allie bonnes performances et discr\u00e9tion. Elle est donc id\u00e9ale pour les installations o\u00f9 l'espace est limit\u00e9 ou lorsqu'un design discret est souhait\u00e9.<br \/>\nEn outre, son installation rapide, sa construction durable et sa compatibilit\u00e9 en font un accessoire essentiel pour assurer des communications continues et fiables dans les syst\u00e8mes de surveillance \u00e0 distance.<\/p>\n<p><strong>Caract\u00e9ristiques de l'antenne puck LTE-M ext\u00e9rieure de Victron - ANT100200200<\/strong><\/p>\n<ul>\n<li><strong>Longueur du c\u00e2ble :<\/strong> 3 m\u00e8tres (\u22489 ft), ce qui permet de placer l'antenne \u00e0 l'ext\u00e9rieur sans difficult\u00e9.<\/li>\n<li><strong>Connecteur standard :<\/strong> Comprend un connecteur SMA m\u00e2le, compatible avec de nombreux appareils LTE-M de Victron et d'autres fabricants.<\/li>\n<li><strong>Conception compacte :<\/strong> Sa forme circulaire et son profil bas sont id\u00e9aux pour un montage sur les terrasses, les toits ou les poteaux. Il prend peu de place et passe inaper\u00e7u.<\/li>\n<li><strong>Construction robuste :<\/strong> Il est con\u00e7u pour r\u00e9sister aux intemp\u00e9ries, \u00e0 la pluie, au soleil et aux changements de temp\u00e9rature extr\u00eames.<\/li>\n<li><strong>Assemblage simple :<\/strong> Il peut \u00eatre facilement fix\u00e9 \u00e0 l'aide d'adh\u00e9sifs ou de vis, sans n\u00e9cessiter d'outils sp\u00e9ciaux. Cela permet une installation rapide dans n'importe quel environnement.<\/li>\n<li><strong>Am\u00e9lioration de la couverture :<\/strong> Il amplifie le signal LTE-M, ce qui permet des connexions plus stables dans les zones \u00e9loign\u00e9es. Il am\u00e9liore donc la surveillance par le biais de la plateforme VRM de Victron.<\/li>\n<li><strong>Installation pr\u00eate \u00e0 l'emploi :<\/strong> Sa conception lui permet d'\u00eatre connect\u00e9 \u00e0 la fois au GlobalLink 520 et au GX LTE en quelques minutes seulement, sans aucune difficult\u00e9.<\/li>\n<li><strong>Design discret :<\/strong> Sa forme et sa taille le rendent presque invisible dans de nombreux environnements, tout en assurant une bonne r\u00e9ception du signal.<\/li>\n<li><strong>Grande durabilit\u00e9 :<\/strong> Il est fabriqu\u00e9 \u00e0 partir de mat\u00e9riaux r\u00e9sistants \u00e0 la poussi\u00e8re, \u00e0 la pluie et aux UV. En outre, il est certifi\u00e9 ISO9001, ce qui garantit des normes de qualit\u00e9 internationalement reconnues.<\/li>\n<li><strong style=\"font-size: 16px\">Compatibilit\u00e9 :<\/strong><span style=\"font-size: 16px\"> Bien qu'il soit destin\u00e9 \u00e0 \u00eatre utilis\u00e9 avec les mod\u00e8les GlobalLink 520 et GX LTE 4G-A, il peut \u00e9galement \u00eatre utilis\u00e9 avec d'autres appareils LTE-M qui utilisent des connecteurs SMA et sont expos\u00e9s \u00e0 l'ext\u00e9rieur.<\/span><\/li>\n<li><strong style=\"font-size: 16px\">Garantie standard :<\/strong><span style=\"font-size: 16px\"> Il b\u00e9n\u00e9ficie d'une garantie de 5 ans, qui peut \u00eatre prolong\u00e9e sur demande.<\/span><\/li>\n<\/ul>\n<h2>Fiche technique de l'antenne puck LTE-M de Victron pour l'ext\u00e9rieur<\/h2>\n<p><a href=\"https:\/\/fvcomponentes.com\/wp-content\/uploads\/2025\/09\/Datasheet-GlobalLink-520-ES-1.pdf\" target=\"_blank\" rel=\"noopener\">Voir la fiche technique Victron Outdoor LTE-M puck Antenna - ANT100200200<\/a><\/p>","protected":false},"excerpt":{"rendered":"<p>Type d'antenne : Antenne \"puck\" LTE-M ext\u00e9rieure<br \/>\nLongueur du c\u00e2ble : 3 m\u00e8tres (\u22489 ft)<br \/>\nConnecteur : SMA m\u00e2le<br \/>\nProtection ext\u00e9rieure : r\u00e9sistance aux intemp\u00e9ries et aux UV<br \/>\nCertifications : ISO9001, D\u00e9claration de conformit\u00e9<br \/>\nGarantie : Standard 5 ans (extensible)<\/p>","protected":false},"featured_media":28237,"comment_status":"closed","ping_status":"closed","template":"","meta":{"site-sidebar-layout":"default","site-content-layout":"","ast-site-content-layout":"default","site-content-style":"default","site-sidebar-style":"default","ast-global-header-display":"","ast-banner-title-visibility":"","ast-main-header-display":"","ast-hfb-above-header-display":"","ast-hfb-below-header-display":"","ast-hfb-mobile-header-display":"","site-post-title":"","ast-breadcrumbs-content":"","ast-featured-img":"","footer-sml-layout":"","ast-disable-related-posts":"","theme-transparent-header-meta":"default","adv-header-id-meta":"","stick-header-meta":"","header-above-stick-meta":"","header-main-stick-meta":"","header-below-stick-meta":"","astra-migrate-meta-layouts":"set","ast-page-background-enabled":"default","ast-page-background-meta":{"desktop":{"background-color":"var(--ast-global-color-4)","background-image":"","background-repeat":"repeat","background-position":"center center","background-size":"auto","background-attachment":"scroll","background-type":"","background-media":"","overlay-type":"","overlay-color":"","overlay-opacity":"","overlay-gradient":""},"tablet":{"background-color":"","background-image":"","background-repeat":"repeat","background-position":"center center","background-size":"auto","background-attachment":"scroll","background-type":"","background-media":"","overlay-type":"","overlay-color":"","overlay-opacity":"","overlay-gradient":""},"mobile":{"background-color":"","background-image":"","background-repeat":"repeat","background-position":"center center","background-size":"auto","background-attachment":"scroll","background-type":"","background-media":"","overlay-type":"","overlay-color":"","overlay-opacity":"","overlay-gradient":""}},"ast-content-background-meta":{"desktop":{"background-color":"var(--ast-global-color-5)","background-image":"","background-repeat":"repeat","background-position":"center center","background-size":"auto","background-attachment":"scroll","background-type":"","background-media":"","overlay-type":"","overlay-color":"","overlay-opacity":"","overlay-gradient":""},"tablet":{"background-color":"var(--ast-global-color-5)","background-image":"","background-repeat":"repeat","background-position":"center center","background-size":"auto","background-attachment":"scroll","background-type":"","background-media":"","overlay-type":"","overlay-color":"","overlay-opacity":"","overlay-gradient":""},"mobile":{"background-color":"var(--ast-global-color-5)","background-image":"","background-repeat":"repeat","background-position":"center center","background-size":"auto","background-attachment":"scroll","background-type":"","background-media":"","overlay-type":"","overlay-color":"","overlay-opacity":"","overlay-gradient":""}}},"pwb-brand":[332],"product_brand":[],"product_cat":[333,351],"product_tag":[],"class_list":{"0":"post-28236","1":"product","2":"type-product","3":"status-publish","4":"has-post-thumbnail","6":"pwb-brand-victron","7":"product_cat-inversores","8":"product_cat-accesorios","9":"desktop-align-left","10":"tablet-align-left","11":"mobile-align-left","12":"ast-product-gallery-layout-horizontal-slider","13":"ast-product-tabs-layout-horizontal","15":"first","16":"instock","17":"taxable","18":"shipping-taxable","19":"purchasable","20":"product-type-simple"},"wcpa_form_fields":null,"brands":[{"id":332,"name":"Victron Energy","slug":"victron"}],"_links":{"self":[{"href":"https:\/\/fvcomponentes.com\/fr\/wp-json\/wp\/v2\/product\/28236","targetHints":{"allow":["GET"]}}],"collection":[{"href":"https:\/\/fvcomponentes.com\/fr\/wp-json\/wp\/v2\/product"}],"about":[{"href":"https:\/\/fvcomponentes.com\/fr\/wp-json\/wp\/v2\/types\/product"}],"replies":[{"embeddable":true,"href":"https:\/\/fvcomponentes.com\/fr\/wp-json\/wp\/v2\/comments?post=28236"}],"wp:featuredmedia":[{"embeddable":true,"href":"https:\/\/fvcomponentes.com\/fr\/wp-json\/wp\/v2\/media\/28237"}],"wp:attachment":[{"href":"https:\/\/fvcomponentes.com\/fr\/wp-json\/wp\/v2\/media?parent=28236"}],"wp:term":[{"taxonomy":"pwb-brand","embeddable":true,"href":"https:\/\/fvcomponentes.com\/fr\/wp-json\/wp\/v2\/pwb-brand?post=28236"},{"taxonomy":"product_brand","embeddable":true,"href":"https:\/\/fvcomponentes.com\/fr\/wp-json\/wp\/v2\/product_brand?post=28236"},{"taxonomy":"product_cat","embeddable":true,"href":"https:\/\/fvcomponentes.com\/fr\/wp-json\/wp\/v2\/product_cat?post=28236"},{"taxonomy":"product_tag","embeddable":true,"href":"https:\/\/fvcomponentes.com\/fr\/wp-json\/wp\/v2\/product_tag?post=28236"}],"curies":[{"name":"wp","href":"https:\/\/api.w.org\/{rel}","templated":true}]}}