{"id":28145,"date":"2025-07-09T12:21:53","date_gmt":"2025-07-09T10:21:53","guid":{"rendered":"https:\/\/fvcomponentes.com\/?post_type=product&#038;p=28145"},"modified":"2026-04-08T21:30:33","modified_gmt":"2026-04-08T19:30:33","slug":"smallbms-ng-victron-bms400100300","status":"publish","type":"product","link":"https:\/\/fvcomponentes.com\/fr\/producto\/smallbms-ng-victron-bms400100300\/","title":{"rendered":"SmallBMS NG Victron - BMS400100300"},"content":{"rendered":"<h2>SmallBMS NG Victron - BMS400100300 :<\/h2>\n<p data-start=\"298\" data-end=\"522\">Le Victron NG SmallBMS - BMS400100300 est un syst\u00e8me de gestion de batterie (BMS) tout-en-un con\u00e7u exclusivement pour les batteries. <strong data-start=\"430\" data-end=\"444\">Lithium NG<\/strong> de <strong data-start=\"448\" data-end=\"466\">Victron Energy<\/strong>. Non compatible avec d'autres marques ou types de piles.<\/p>\n<p data-start=\"298\" data-end=\"522\">Ces piles peuvent \u00eatre connect\u00e9es <strong data-start=\"558\" data-end=\"570\">en s\u00e9rie<\/strong>, <strong data-start=\"572\" data-end=\"587\">en parall\u00e8le<\/strong>ou dans un <strong data-start=\"598\" data-end=\"628\">combinaison s\u00e9rie\/parall\u00e8le<\/strong>. Gr\u00e2ce \u00e0 cette flexibilit\u00e9, il est possible de former des banques de batteries fonctionnant \u00e0 des tensions de syst\u00e8me de <strong data-start=\"737\" data-end=\"755\">12V, 24V ou 48V<\/strong>.<\/p>\n<p data-start=\"298\" data-end=\"522\">Dans un syst\u00e8me 12V ou 24V, jusqu'\u00e0 <strong data-start=\"811\" data-end=\"826\">50 piles<\/strong>. Cela permet un stockage d'\u00e9nergie maximal de <strong data-start=\"880\" data-end=\"891\">192 kWh<\/strong> \u00e0 12V et <strong data-start=\"904\" data-end=\"915\">384 kWh<\/strong> \u00e0 24V. Pour les syst\u00e8mes de 48V, par contre, la limite est de <strong data-start=\"973\" data-end=\"988\">25 piles<\/strong>qui fournit jusqu'\u00e0 <strong data-start=\"1015\" data-end=\"1026\">128 kWh<\/strong> capacit\u00e9.<\/p>\n<p data-start=\"298\" data-end=\"522\">Le SmallBMS NG offre un <strong data-start=\"1068\" data-end=\"1104\">une alternative simple et rentable<\/strong> au mod\u00e8le <strong data-start=\"1115\" data-end=\"1132\">VE.Bus BMS NG<\/strong>. Fournit <strong data-start=\"1146\" data-end=\"1167\">protection de base<\/strong> pour les batteries au lithium sans qu'il soit n\u00e9cessaire de communiquer avec le VE.Bus. Cependant, il n'est pas compatible avec les onduleurs ou chargeurs VE.Bus, tels que les mod\u00e8les <strong data-start=\"1316\" data-end=\"1329\">MultiPlus<\/strong> y <strong data-start=\"1332\" data-end=\"1343\">Quattro<\/strong>.<\/p>\n<h2>Caract\u00e9ristiques du Victron SmallBMS NG - BMS400100300 :<\/h2>\n<h3>Bluetooth int\u00e9gr\u00e9<\/h3>\n<p>Le SmallBMS NG inclut la connectivit\u00e9 Bluetooth Smart, ce qui permet de le configurer, de le surveiller et de mettre \u00e0 jour le micrologiciel sans fil via l'application VictronConnect.<\/p>\n<h3><strong>Sortie de d\u00e9connexion de la charge<\/strong><\/h3>\n<p>Cette sortie vous permet de contr\u00f4ler la fonction marche\/arr\u00eat \u00e0 distance d'appareils tels que<br \/>\n<strong>- Protection de la batterie<\/strong><br \/>\n<strong>- Investisseurs<\/strong><br \/>\n<strong>- Convertisseurs DC-DC<\/strong><br \/>\n- Charges avec fonction marche\/arr\u00eat<\/p>\n<p>Cela permet d'\u00e9viter une d\u00e9charge profonde de la batterie. Il peut \u00e9galement \u00eatre utilis\u00e9 pour activer un <strong>relais de courant fort<\/strong> ou un <strong>contacteur<\/strong>bien que, dans certains cas, il soit n\u00e9cessaire de <strong>c\u00e2ble onduleur\/non-onduleur.<\/strong> Pour plus de d\u00e9tails, il est recommand\u00e9 de consulter le manuel du produit.<\/p>\n<h3>Sortie du chargeur<\/h3>\n<p>Cette sortie permet de contr\u00f4ler la commutation marche\/arr\u00eat \u00e0 distance :<br \/>\n- Les chargeurs tels que le <strong>Smart IP43<\/strong><br \/>\n- Relais <strong>Cyrix-Li-Charge<\/strong><br \/>\n- Combinaisons de batteries <strong>Cyrix-Li-ct<\/strong><br \/>\n- Dispositifs <strong>Protection de la batterie<\/strong><\/p>\n<p>Il n'est pas recommand\u00e9 d'utiliser cette sortie pour alimenter des charges inductives telles que des bobines de relais. Sa fonction est uniquement d'activer ou de d\u00e9sactiver le port d'alimentation \u00e0 distance.<\/p>\n<h3><strong>Lecture instantan\u00e9e<\/strong><\/h3>\n<p>Il fournit des donn\u00e9es cl\u00e9s telles que<br \/>\n- \u00c9tat de charge (SoC)<br \/>\n- Temp\u00e9rature de la batterie<br \/>\n- Alertes ou alarmes actives<\/p>\n<p>Ces informations sont affich\u00e9es directement dans la liste des appareils, sans qu'il soit n\u00e9cessaire d'\u00e9tablir une connexion suppl\u00e9mentaire.<\/p>\n<h3><strong>Sortie de pr\u00e9-alarme<\/strong><\/h3>\n<p>La sortie de pr\u00e9-alarme active un avertissement visuel ou sonore lorsque le niveau de tension de la batterie est faible. Cela se produit <strong>au moins 30 secondes avant<\/strong> la sortie de la charge est d\u00e9sactiv\u00e9e en raison d'une sous-tension.<br \/>\nPeut \u00eatre utilis\u00e9 pour faire fonctionner <strong>un relais, une LED ou une alarme sonore.<\/strong> Le courant maximum de cette sortie est de 1 A (pas de protection contre les courts-circuits).<\/p>\n<h3>Entr\u00e9e marche\/arr\u00eat \u00e0 distance<\/h3>\n<p>Permet de contr\u00f4ler \u00e0 distance les deux sorties du syst\u00e8me. Lorsque cette entr\u00e9e est d\u00e9sactiv\u00e9e, les deux sorties sont inactives. Cela interrompt le fonctionnement des chargeurs et des charges connect\u00e9s.<\/p>\n<h3>Seuil de d\u00e9charge configurable<\/h3>\n<p>Prot\u00e8ge la batterie en fixant un niveau de charge minimum (SoC), en emp\u00eachant les d\u00e9charges profondes et en garantissant une puissance suffisante pour maintenir les fonctions essentielles. Lorsque le niveau de charge approche de la limite, VictronConnect affiche un avertissement et d\u00e9clenche une pr\u00e9-alarme. Si le seuil critique est atteint, le syst\u00e8me \u00e9met une alarme et d\u00e9connecte automatiquement les charges connect\u00e9es, pr\u00e9servant ainsi la sant\u00e9 de la batterie et prolongeant sa dur\u00e9e de vie.<\/p>\n<h3><strong>Indicateurs LED<\/strong><\/h3>\n<p>Le smallBMS NG - BMS400100300 de Victron dispose de deux indicateurs LED qui fournissent des informations claires et rapides sur l'\u00e9tat du syst\u00e8me. Une LED bleue signale l'activit\u00e9 et l'\u00e9tat de la connexion Bluetooth, tandis qu'une LED rouge signale les erreurs ou les situations d'alarme, facilitant ainsi une surveillance efficace en temps r\u00e9el.<\/p>\n<p><img fetchpriority=\"high\" decoding=\"async\" class=\"size-full wp-image-28178 aligncenter\" src=\"https:\/\/fvcomponentes.com\/wp-content\/uploads\/2025\/07\/Captura-de-pantalla-2025-07-07-080830.jpg\" alt=\"\" width=\"555\" height=\"369\" title=\"\"><\/p>\n<h2><strong>Fiche technique SmallBMS NG Victron - BMS400100300<br \/>\n<\/strong><\/h2>\n<p><strong><a href=\"https:\/\/fvcomponentes.com\/wp-content\/uploads\/2025\/09\/Datasheet-smallBMS-NG-EN.pdf\" target=\"_blank\" rel=\"noopener\">Voir la fiche technique SmallBMS NG Victron - BMS400100300<\/a><br \/>\n<\/strong><\/p>","protected":false},"excerpt":{"rendered":"<p><strong>Tension de fonctionnement (Vbat) :<\/strong> 8 - 70 Vdc<br \/>\n<strong>Consommation de courant, faible tension cellulaire :<\/strong>\u00a01,2 mA<br \/>\n<strong>Consommation \u00e9lectrique, d\u00e9sactivation \u00e0 distance :<\/strong>\u00a01,2 mA<br \/>\n<strong>Consommation \u00e9lectrique, t\u00e9l\u00e9commande en marche :<\/strong> 3 mA (\u00e0 l'exclusion du courant utilis\u00e9 par la d\u00e9connexion de la charge et les sorties de d\u00e9connexion de la charge)<br \/>\n<strong>Degr\u00e9 de protection IP20<br \/>\nUniquement pour les piles Victron Energy Lithium NG <\/strong>(non compatible avec d'autres piles)<strong><br \/>\n<\/strong><\/p>","protected":false},"featured_media":28184,"comment_status":"closed","ping_status":"closed","template":"","meta":{"site-sidebar-layout":"default","site-content-layout":"","ast-site-content-layout":"default","site-content-style":"default","site-sidebar-style":"default","ast-global-header-display":"","ast-banner-title-visibility":"","ast-main-header-display":"","ast-hfb-above-header-display":"","ast-hfb-below-header-display":"","ast-hfb-mobile-header-display":"","site-post-title":"","ast-breadcrumbs-content":"","ast-featured-img":"","footer-sml-layout":"","ast-disable-related-posts":"","theme-transparent-header-meta":"default","adv-header-id-meta":"","stick-header-meta":"","header-above-stick-meta":"","header-main-stick-meta":"","header-below-stick-meta":"","astra-migrate-meta-layouts":"set","ast-page-background-enabled":"default","ast-page-background-meta":{"desktop":{"background-color":"var(--ast-global-color-4)","background-image":"","background-repeat":"repeat","background-position":"center center","background-size":"auto","background-attachment":"scroll","background-type":"","background-media":"","overlay-type":"","overlay-color":"","overlay-opacity":"","overlay-gradient":""},"tablet":{"background-color":"","background-image":"","background-repeat":"repeat","background-position":"center center","background-size":"auto","background-attachment":"scroll","background-type":"","background-media":"","overlay-type":"","overlay-color":"","overlay-opacity":"","overlay-gradient":""},"mobile":{"background-color":"","background-image":"","background-repeat":"repeat","background-position":"center center","background-size":"auto","background-attachment":"scroll","background-type":"","background-media":"","overlay-type":"","overlay-color":"","overlay-opacity":"","overlay-gradient":""}},"ast-content-background-meta":{"desktop":{"background-color":"var(--ast-global-color-5)","background-image":"","background-repeat":"repeat","background-position":"center center","background-size":"auto","background-attachment":"scroll","background-type":"","background-media":"","overlay-type":"","overlay-color":"","overlay-opacity":"","overlay-gradient":""},"tablet":{"background-color":"var(--ast-global-color-5)","background-image":"","background-repeat":"repeat","background-position":"center center","background-size":"auto","background-attachment":"scroll","background-type":"","background-media":"","overlay-type":"","overlay-color":"","overlay-opacity":"","overlay-gradient":""},"mobile":{"background-color":"var(--ast-global-color-5)","background-image":"","background-repeat":"repeat","background-position":"center center","background-size":"auto","background-attachment":"scroll","background-type":"","background-media":"","overlay-type":"","overlay-color":"","overlay-opacity":"","overlay-gradient":""}}},"pwb-brand":[332],"product_brand":[],"product_cat":[435,340],"product_tag":[],"class_list":{"0":"post-28145","1":"product","2":"type-product","3":"status-publish","4":"has-post-thumbnail","6":"pwb-brand-victron","7":"product_cat-bms-sistemas-de-supervision-de-baterias","8":"product_cat-baterias","9":"desktop-align-left","10":"tablet-align-left","11":"mobile-align-left","12":"ast-product-gallery-layout-horizontal-slider","13":"ast-product-tabs-layout-horizontal","15":"first","16":"instock","17":"taxable","18":"shipping-taxable","19":"purchasable","20":"product-type-simple"},"wcpa_form_fields":null,"brands":[{"id":332,"name":"Victron Energy","slug":"victron"}],"_links":{"self":[{"href":"https:\/\/fvcomponentes.com\/fr\/wp-json\/wp\/v2\/product\/28145","targetHints":{"allow":["GET"]}}],"collection":[{"href":"https:\/\/fvcomponentes.com\/fr\/wp-json\/wp\/v2\/product"}],"about":[{"href":"https:\/\/fvcomponentes.com\/fr\/wp-json\/wp\/v2\/types\/product"}],"replies":[{"embeddable":true,"href":"https:\/\/fvcomponentes.com\/fr\/wp-json\/wp\/v2\/comments?post=28145"}],"wp:featuredmedia":[{"embeddable":true,"href":"https:\/\/fvcomponentes.com\/fr\/wp-json\/wp\/v2\/media\/28184"}],"wp:attachment":[{"href":"https:\/\/fvcomponentes.com\/fr\/wp-json\/wp\/v2\/media?parent=28145"}],"wp:term":[{"taxonomy":"pwb-brand","embeddable":true,"href":"https:\/\/fvcomponentes.com\/fr\/wp-json\/wp\/v2\/pwb-brand?post=28145"},{"taxonomy":"product_brand","embeddable":true,"href":"https:\/\/fvcomponentes.com\/fr\/wp-json\/wp\/v2\/product_brand?post=28145"},{"taxonomy":"product_cat","embeddable":true,"href":"https:\/\/fvcomponentes.com\/fr\/wp-json\/wp\/v2\/product_cat?post=28145"},{"taxonomy":"product_tag","embeddable":true,"href":"https:\/\/fvcomponentes.com\/fr\/wp-json\/wp\/v2\/product_tag?post=28145"}],"curies":[{"name":"wp","href":"https:\/\/api.w.org\/{rel}","templated":true}]}}