{"id":27921,"date":"2025-06-27T15:46:30","date_gmt":"2025-06-27T13:46:30","guid":{"rendered":"https:\/\/fvcomponentes.com\/?post_type=product&#038;p=27921"},"modified":"2026-03-30T12:17:03","modified_gmt":"2026-03-30T10:17:03","slug":"module-de-batterie-au-lithium-fronius-backup-3-15kwh-4240370","status":"publish","type":"product","link":"https:\/\/fvcomponentes.com\/fr\/producto\/modulo-de-bateria-de-litio-fronius-reserva-3-15kwh-4240370\/","title":{"rendered":"Fronius Lithium Battery Module Reserve - 3.15kWh - 4.240.370"},"content":{"rendered":"<h2>Fronius Lithium Battery Module Reserve - 3.15kWh - 4.240.370<\/h2>\n<p>La Fronius Reserva est une batterie lithium-ion haute tension \u00e0 couplage CC con\u00e7ue pour stocker l'\u00e9nergie solaire avec des pertes minimales et offrir une efficacit\u00e9, une fiabilit\u00e9 et une autonomie maximales. Sa conception modulaire permet une capacit\u00e9 \u00e9volutive de 6,3 \u00e0 15,8 kWh - en combinant deux \u00e0 cinq modules par tour - et est extensible jusqu'\u00e0 63 kWh avec un fonctionnement en parall\u00e8le de quatre tours. Il est parfaitement compatible avec les onduleurs hybrides Fronius, ce qui garantit une performance optimale du syst\u00e8me. Id\u00e9ale pour les applications r\u00e9sidentielles et industrielles, elle offre un degr\u00e9 \u00e9lev\u00e9 d'autoconsommation, une gestion efficace des tarifs variables de l'\u00e9lectricit\u00e9 et une sauvegarde de l'\u00e9nergie en cas de panne du r\u00e9seau.<\/p>\n<h2>Ind\u00e9pendance maximale<\/h2>\n<p>Faites l'exp\u00e9rience d'une ind\u00e9pendance maximale avec le Fronius Standby. Gr\u00e2ce au couplage DC, l'\u00e9nergie de votre installation photovolta\u00efque est charg\u00e9e dans la batterie sans pratiquement aucune perte, ce qui garantit une efficacit\u00e9 et une puissance maximales. En m\u00eame temps, la technologie haute tension optimise la rentabilit\u00e9 de votre installation. En combinaison avec la Fronius GEN24 Plus, vous b\u00e9n\u00e9ficiez d'une performance de charge et de d\u00e9charge exceptionnelle qui profite m\u00eame des courtes p\u00e9riodes d'ensoleillement. Avec ses cellules au lithium-ferrophosphate, le Fronius Reserva offre une longue dur\u00e9e de vie et une grande s\u00e9curit\u00e9.<img fetchpriority=\"high\" decoding=\"async\" class=\"aligncenter\" src=\"https:\/\/www.cambioenergetico.com\/wp-content\/uploads\/Reserva-GEN24.webp\" alt=\"\" width=\"600\" height=\"600\" title=\"\"><\/p>\n<h2>Caract\u00e9ristiques du module de batterie Fronius Lithium Reserve - 3.15kWh - 4.240.370<\/h2>\n<p><strong>Assurance de la performance <\/strong>La batterie Fronius conserve au moins 80 % de sa capacit\u00e9 d'origine apr\u00e8s dix ans, ce qui garantit des performances durables.<\/p>\n<p><strong>Adaptabilit\u00e9 maximale <\/strong>Les modules de batterie au lithium Fronius Reserva s'empilent facilement pour configurer des tours d'une capacit\u00e9 comprise entre 6,3 et 15,8 kWh. Pour augmenter la capacit\u00e9 de stockage, il est possible de connecter jusqu'\u00e0 quatre tours en parall\u00e8le et d'atteindre jusqu'\u00e0 63 kWh, sans n\u00e9cessiter de composants suppl\u00e9mentaires tels que des bo\u00eetiers d'interconnexion.<\/p>\n<p><strong>Affichage de l'\u00e9tat <\/strong>L'affichage de l'\u00e9tat de la batterie permet de visualiser des informations importantes telles que le niveau de charge ou l'\u00e9tat de la batterie, ce qui facilite la surveillance du syst\u00e8me.<\/p>\n<p><strong>Conception compacte <\/strong>Con\u00e7u pour s'int\u00e9grer dans n'importe quel environnement, le Fronius Reserva allie une taille compacte \u00e0 une grande durabilit\u00e9 (IP65, -20 \u00e0 +55 \u00b0C), ce qui le rend id\u00e9al pour les installations dans des espaces confin\u00e9s tels que les garages ou les salles des machines, sans perte de performance.<\/p>\n<p><strong>Id\u00e9al pour les tarifs d'\u00e9lectricit\u00e9 variables <\/strong>Avec la Fronius Reserve, vous pouvez tirer le meilleur parti des tarifs d'\u00e9lectricit\u00e9 variables. Avec l'assistant de co\u00fbts \u00e9nerg\u00e9tiques (ECA) Solar.web Premium, la batterie se charge lorsque les prix de l'\u00e9lectricit\u00e9 sont bas et vous fournit de l'\u00e9nergie lorsque les tarifs augmentent \u00e0 nouveau - de mani\u00e8re efficace et rentable.<\/p>\n<p><strong>Alimentation de secours <\/strong>La R\u00e9serve dispose d'une alimentation de secours, ce qui lui permet, en cas de panne de courant, de d\u00e9marrer, de se charger et de se d\u00e9charger. Elle conserve ainsi son autonomie et sa fiabilit\u00e9 d'approvisionnement m\u00eame dans les situations d'urgence.<\/p>\n<h2>Compatibilit\u00e9 avec les onduleurs Fronius<\/h2>\n<div class=\"_tableContainer_16hzy_1\">\n<div class=\"_tableWrapper_16hzy_14 group flex w-fit flex-col-reverse\">\n<table class=\"w-fit min-w-(--thread-content-width)\" data-start=\"3445\" data-end=\"3729\">\n<thead data-start=\"3445\" data-end=\"3501\">\n<tr data-start=\"3445\" data-end=\"3501\">\n<th data-start=\"3445\" data-end=\"3471\" data-col-size=\"sm\">Onduleur hybride<\/th>\n<th data-start=\"3471\" data-end=\"3501\" data-col-size=\"sm\">Compatibilit\u00e9 avec la r\u00e9serve<\/th>\n<\/tr>\n<\/thead>\n<tbody data-start=\"3559\" data-end=\"3729\">\n<tr data-start=\"3559\" data-end=\"3615\">\n<td data-start=\"3559\" data-end=\"3584\" data-col-size=\"sm\">Primo GEN24 Plus<\/td>\n<td data-col-size=\"sm\" data-start=\"3584\" data-end=\"3615\">6,3 \/ 9,5 kWh<\/td>\n<\/tr>\n<tr data-start=\"3616\" data-end=\"3672\">\n<td data-start=\"3616\" data-end=\"3641\" data-col-size=\"sm\">Symo GEN24 Plus<\/td>\n<td data-col-size=\"sm\" data-start=\"3641\" data-end=\"3672\">6,3 \/ 9,5 \/ 12,6 \/ 15,8 kWh<\/td>\n<\/tr>\n<tr data-start=\"3673\" data-end=\"3729\">\n<td data-start=\"3673\" data-end=\"3698\" data-col-size=\"sm\">Verto Plus<\/td>\n<td data-col-size=\"sm\" data-start=\"3698\" data-end=\"3729\">6,3 \/ 9,5 \/ 12,6 \/ 15,8 kWh<\/td>\n<\/tr>\n<\/tbody>\n<\/table>\n<h2 data-start=\"193\" data-end=\"267\"><strong data-start=\"199\" data-end=\"267\">Caract\u00e9ristiques techniques du Fronius Lithium Battery Module Reserve - 3.15kWh - 4.240.370<\/strong><\/h2>\n<div class=\"_tableContainer_16hzy_1\">\n<div class=\"_tableWrapper_16hzy_14 group flex w-fit flex-col-reverse\">\n<table class=\"w-fit min-w-(--thread-content-width)\" data-start=\"269\" data-end=\"1555\">\n<thead data-start=\"269\" data-end=\"350\">\n<tr data-start=\"269\" data-end=\"350\">\n<th data-start=\"269\" data-end=\"312\" data-col-size=\"sm\"><strong data-start=\"271\" data-end=\"284\">Que comprend-elle ?<\/strong><\/th>\n<th data-start=\"312\" data-end=\"350\" data-col-size=\"sm\"><strong data-start=\"314\" data-end=\"323\">D\u00e9tails<\/strong><\/th>\n<\/tr>\n<\/thead>\n<tbody data-start=\"432\" data-end=\"1555\">\n<tr data-start=\"432\" data-end=\"512\">\n<td data-start=\"432\" data-end=\"474\" data-col-size=\"sm\"><strong data-start=\"365\" data-end=\"392\">\u00c9nergie utile par module<\/strong><\/td>\n<td data-col-size=\"sm\" data-start=\"474\" data-end=\"512\">3,15 kWh<\/td>\n<\/tr>\n<tr data-start=\"513\" data-end=\"593\">\n<td data-start=\"513\" data-end=\"555\" data-col-size=\"sm\"><strong data-start=\"515\" data-end=\"534\">Tension nominale<\/strong><\/td>\n<td data-col-size=\"sm\" data-start=\"555\" data-end=\"593\">102,4 V<\/td>\n<\/tr>\n<tr data-start=\"594\" data-end=\"674\">\n<td data-start=\"594\" data-end=\"636\" data-col-size=\"sm\"><strong data-start=\"596\" data-end=\"619\">Chimie cellulaire<\/strong><\/td>\n<td data-col-size=\"sm\" data-start=\"636\" data-end=\"674\">Lithium-ferrophosphate (LFP)<\/td>\n<\/tr>\n<tr data-start=\"675\" data-end=\"754\">\n<td data-start=\"675\" data-end=\"716\" data-col-size=\"sm\"><strong data-start=\"677\" data-end=\"715\">Taille (hauteur x largeur x profondeur)<\/strong><\/td>\n<td data-col-size=\"sm\" data-start=\"716\" data-end=\"754\">250 x 772 x 176 mm<\/td>\n<\/tr>\n<tr data-start=\"755\" data-end=\"835\">\n<td data-start=\"755\" data-end=\"797\" data-col-size=\"sm\"><strong data-start=\"757\" data-end=\"765\">Poids du module<\/strong><\/td>\n<td data-col-size=\"sm\" data-start=\"797\" data-end=\"835\">33,5 kg<\/td>\n<\/tr>\n<tr data-start=\"836\" data-end=\"915\">\n<td data-start=\"836\" data-end=\"877\" data-col-size=\"sm\"><strong data-start=\"838\" data-end=\"866\">Dimensions avec emballage<\/strong><\/td>\n<td data-col-size=\"sm\" data-start=\"877\" data-end=\"915\">790 x 372 x 264 mm<\/td>\n<\/tr>\n<tr data-start=\"916\" data-end=\"995\">\n<td data-start=\"916\" data-end=\"957\" data-col-size=\"sm\"><strong data-start=\"918\" data-end=\"939\">Poids avec emballage<\/strong><\/td>\n<td data-col-size=\"sm\" data-start=\"957\" data-end=\"995\">36,5 kg<\/td>\n<\/tr>\n<tr data-start=\"996\" data-end=\"1075\">\n<td data-start=\"996\" data-end=\"1037\" data-col-size=\"sm\"><strong data-start=\"998\" data-end=\"1028\">Interfaces de communication<\/strong><\/td>\n<td data-col-size=\"sm\" data-start=\"1037\" data-end=\"1075\">RS485<\/td>\n<\/tr>\n<tr data-start=\"1076\" data-end=\"1155\">\n<td data-start=\"1076\" data-end=\"1117\" data-col-size=\"sm\"><strong data-start=\"1078\" data-end=\"1101\">Degr\u00e9 de protection<\/strong><\/td>\n<td data-col-size=\"sm\" data-start=\"1117\" data-end=\"1155\">IP65<\/td>\n<\/tr>\n<tr data-start=\"1156\" data-end=\"1235\">\n<td data-start=\"1156\" data-end=\"1197\" data-col-size=\"sm\"><strong data-start=\"1158\" data-end=\"1186\">Temp\u00e9rature de fonctionnement<\/strong><\/td>\n<td data-col-size=\"sm\" data-start=\"1197\" data-end=\"1235\">-20 \u00e0 +55 \u00b0C<\/td>\n<\/tr>\n<tr data-start=\"1236\" data-end=\"1315\">\n<td data-start=\"1236\" data-end=\"1277\" data-col-size=\"sm\"><strong data-start=\"1238\" data-end=\"1256\">Altitude maximale<\/strong><\/td>\n<td data-col-size=\"sm\" data-start=\"1277\" data-end=\"1315\">2.000 m<\/td>\n<\/tr>\n<tr data-start=\"1316\" data-end=\"1395\">\n<td data-start=\"1316\" data-end=\"1357\" data-col-size=\"sm\"><strong data-start=\"1318\" data-end=\"1333\">Installation<\/strong><\/td>\n<td data-col-size=\"sm\" data-start=\"1357\" data-end=\"1395\">A l'int\u00e9rieur ou \u00e0 l'ext\u00e9rieur, \u00e0 l'abri de la lumi\u00e8re directe du soleil<\/td>\n<\/tr>\n<tr data-start=\"1396\" data-end=\"1475\">\n<td data-start=\"1396\" data-end=\"1437\" data-col-size=\"sm\"><strong data-start=\"1398\" data-end=\"1417\">Certifications<\/strong><\/td>\n<td data-col-size=\"sm\" data-start=\"1437\" data-end=\"1475\">IEC62619, CE, VDE 2510-50, UN38.3<\/td>\n<\/tr>\n<tr data-start=\"1476\" data-end=\"1555\">\n<td data-start=\"1476\" data-end=\"1517\" data-col-size=\"sm\"><strong data-start=\"1478\" data-end=\"1490\">Garantie<\/strong><\/td>\n<td data-col-size=\"sm\" data-start=\"1517\" data-end=\"1555\">10 ans (dans le cadre du syst\u00e8me)<\/td>\n<\/tr>\n<\/tbody>\n<\/table>\n<\/div>\n<\/div>\n<p data-start=\"1562\" data-end=\"1839\" data-is-last-node=\"\" data-is-only-node=\"\">Ce module est utilis\u00e9 dans des combinaisons de 2 \u00e0 5 unit\u00e9s par tour pour atteindre des capacit\u00e9s de 6,3 \u00e0 15,8 kWh, et est compatible avec les onduleurs hybrides Fronius (GEN24 Plus et Verto Plus).<\/p>\n<p><img decoding=\"async\" class=\"size-full wp-image-27927\" src=\"https:\/\/fvcomponentes.com\/wp-content\/uploads\/2025\/06\/Captura-de-pantalla-2025-06-27-151437.png\" alt=\"Fronius Lithium Battery Reserve - 3.15kWh - 4.240.370\" width=\"1351\" height=\"715\" title=\"\"><\/p>\n<h2 data-start=\"1562\" data-end=\"1839\">Pourquoi choisir la batterie au lithium Fronius Reserve ?<\/h2>\n<p>Pour son int\u00e9gration compl\u00e8te dans l'\u00e9cosyst\u00e8me Fronius. La batterie Fronius Reserva a \u00e9t\u00e9 sp\u00e9cialement con\u00e7ue pour s'int\u00e9grer parfaitement aux onduleurs hybrides Fronius GEN24 Plus et Verto Plus, ainsi qu'au Smart Meter et \u00e0 la plateforme Solar.web. Elle offre :<\/p>\n<ul>\n<li>Configuration simple et rapide<\/li>\n<li>Surveillance native \u00e0 partir d'une seule application (pas de solutions tierces)<\/li>\n<li>Moins d'incompatibilit\u00e9s, d'erreurs ou de besoin d'adaptateurs externes<\/li>\n<\/ul>\n<h3 class=\"block-paso-tab__title h4\">Un seul fournisseur pour l'ensemble de votre syst\u00e8me \u00e9nerg\u00e9tique<\/h3>\n<div class=\"block-paso-tab__accordion c_tab__accordion\">\n<div class=\"c_tab__content-wrap\">\n<div class=\"block-paso-tab__content\">\n<div class=\"block-paso-tab__content prose\">\n<p>La batterie Fronius \u00e9largit la gamme de produits con\u00e7us pour fonctionner ensemble dans une solution \u00e9nerg\u00e9tique sans pr\u00e9c\u00e9dent. Outre votre installation solaire et votre batterie, d'autres \u00e9quipements tels que le r\u00e9gulateur d'eau chaude Fronius Ohmpilot et le chargeur de v\u00e9hicule \u00e9lectrique Wattpilot sont \u00e9galement disponibles. Si vous disposez d\u00e9j\u00e0 d'un onduleur Fronius, cette batterie est le compl\u00e9ment id\u00e9al.<\/p>\n<\/div>\n<\/div>\n<\/div>\n<\/div>\n<h3 class=\"block-paso-tab__title h4\">Sp\u00e9cifications techniques <strong data-start=\"199\" data-end=\"267\">Fronius Lithium Battery Module Reserve - 3.15kWh - 4.240.370<\/strong><\/h3>\n<p><a href=\"https:\/\/fvcomponentes.com\/wp-content\/uploads\/2025\/06\/SE_DS_Fronius_Reserva_ES.pdf\" target=\"_blank\" rel=\"noopener\">Voir la fiche technique pour Fronius Lithium Battery Module Reserve - 3.15kWh - 4,240,370<\/a><\/p>\n<\/div>\n<\/div>","protected":false},"excerpt":{"rendered":"<div>\n<p><strong>Exigences <a href=\"https:\/\/fvcomponentes.com\/fr\/produit\/bms-et-socle-pour-pile-au-lithium-fronius-reserve-4240371\/\" target=\"_blank\" rel=\"noopener\">Module BMS<\/a>. Au moins 2 modules de batterie par tour.<\/strong><\/p>\n<\/div>\n<div class=\"baywa-details-fields\"><strong><span class=\"baywa-details-label\">Type de batterie :<\/span><\/strong><span class=\"baywa-details-values\">\u00a0DC Haute tension<br \/>\n<\/span><strong><span class=\"baywa-details-label\">Protection IP :<\/span><\/strong><span class=\"baywa-details-values\">\u00a0IP65<\/span><\/div>\n<div class=\"baywa-details-fields\"><strong><span class=\"baywa-details-label\">Communication : <\/span><\/strong><span class=\"baywa-details-values\">RS485 (Inv)<\/span><\/div>\n<div class=\"baywa-details-fields\"><strong><span class=\"baywa-details-label\">\u00c9nergie nominale totale (KWH)\u00a0<\/span><\/strong><span class=\"baywa-details-values\"> 3,15 kWh<br \/>\n<\/span><span class=\"baywa-details-label\"><strong>\u00c9nergie utile (KWH)<\/strong>\u00a0<\/span><span class=\"baywa-details-values\"> 3,15 kWh<\/span><\/div>\n<div class=\"baywa-details-fields\"><strong><span class=\"baywa-details-label\">\u00c9volutivit\u00e9\u00a0<\/span><\/strong><span class=\"baywa-details-values\"> Modulaire, parall\u00e9lisable<\/span><\/div>\n<div><\/div>\n<p>&nbsp;<\/p>\n<div class=\"baywa-details-fields\"><a href=\"https:\/\/fvcomponentes.com\/wp-content\/uploads\/2025\/06\/SE_DS_Fronius_Reserva_ES.pdf\" target=\"_blank\" rel=\"noopener\">Fiche technique Fronius Lithium Battery Module Reserve - 3.15kWh - 4.240.370\u00a0<\/a><\/div>","protected":false},"featured_media":27934,"comment_status":"closed","ping_status":"closed","template":"","meta":{"site-sidebar-layout":"default","site-content-layout":"","ast-site-content-layout":"default","site-content-style":"default","site-sidebar-style":"default","ast-global-header-display":"","ast-banner-title-visibility":"","ast-main-header-display":"","ast-hfb-above-header-display":"","ast-hfb-below-header-display":"","ast-hfb-mobile-header-display":"","site-post-title":"","ast-breadcrumbs-content":"","ast-featured-img":"","footer-sml-layout":"","ast-disable-related-posts":"","theme-transparent-header-meta":"default","adv-header-id-meta":"","stick-header-meta":"","header-above-stick-meta":"","header-main-stick-meta":"","header-below-stick-meta":"","astra-migrate-meta-layouts":"set","ast-page-background-enabled":"default","ast-page-background-meta":{"desktop":{"background-color":"var(--ast-global-color-4)","background-image":"","background-repeat":"repeat","background-position":"center center","background-size":"auto","background-attachment":"scroll","background-type":"","background-media":"","overlay-type":"","overlay-color":"","overlay-opacity":"","overlay-gradient":""},"tablet":{"background-color":"","background-image":"","background-repeat":"repeat","background-position":"center center","background-size":"auto","background-attachment":"scroll","background-type":"","background-media":"","overlay-type":"","overlay-color":"","overlay-opacity":"","overlay-gradient":""},"mobile":{"background-color":"","background-image":"","background-repeat":"repeat","background-position":"center center","background-size":"auto","background-attachment":"scroll","background-type":"","background-media":"","overlay-type":"","overlay-color":"","overlay-opacity":"","overlay-gradient":""}},"ast-content-background-meta":{"desktop":{"background-color":"var(--ast-global-color-5)","background-image":"","background-repeat":"repeat","background-position":"center center","background-size":"auto","background-attachment":"scroll","background-type":"","background-media":"","overlay-type":"","overlay-color":"","overlay-opacity":"","overlay-gradient":""},"tablet":{"background-color":"var(--ast-global-color-5)","background-image":"","background-repeat":"repeat","background-position":"center center","background-size":"auto","background-attachment":"scroll","background-type":"","background-media":"","overlay-type":"","overlay-color":"","overlay-opacity":"","overlay-gradient":""},"mobile":{"background-color":"var(--ast-global-color-5)","background-image":"","background-repeat":"repeat","background-position":"center center","background-size":"auto","background-attachment":"scroll","background-type":"","background-media":"","overlay-type":"","overlay-color":"","overlay-opacity":"","overlay-gradient":""}}},"pwb-brand":[344],"product_brand":[],"product_cat":[340,379],"product_tag":[],"class_list":{"0":"post-27921","1":"product","2":"type-product","3":"status-publish","4":"has-post-thumbnail","6":"pwb-brand-fronius","7":"product_cat-baterias","8":"product_cat-baterias-de-litio-de-alto-voltaje","9":"desktop-align-left","10":"tablet-align-left","11":"mobile-align-left","12":"ast-product-gallery-layout-horizontal-slider","13":"ast-product-tabs-layout-horizontal","15":"first","16":"instock","17":"taxable","18":"shipping-taxable","19":"purchasable","20":"product-type-simple"},"wcpa_form_fields":null,"brands":[{"id":344,"name":"Onduleurs Fronius","slug":"fronius"}],"_links":{"self":[{"href":"https:\/\/fvcomponentes.com\/fr\/wp-json\/wp\/v2\/product\/27921","targetHints":{"allow":["GET"]}}],"collection":[{"href":"https:\/\/fvcomponentes.com\/fr\/wp-json\/wp\/v2\/product"}],"about":[{"href":"https:\/\/fvcomponentes.com\/fr\/wp-json\/wp\/v2\/types\/product"}],"replies":[{"embeddable":true,"href":"https:\/\/fvcomponentes.com\/fr\/wp-json\/wp\/v2\/comments?post=27921"}],"wp:featuredmedia":[{"embeddable":true,"href":"https:\/\/fvcomponentes.com\/fr\/wp-json\/wp\/v2\/media\/27934"}],"wp:attachment":[{"href":"https:\/\/fvcomponentes.com\/fr\/wp-json\/wp\/v2\/media?parent=27921"}],"wp:term":[{"taxonomy":"pwb-brand","embeddable":true,"href":"https:\/\/fvcomponentes.com\/fr\/wp-json\/wp\/v2\/pwb-brand?post=27921"},{"taxonomy":"product_brand","embeddable":true,"href":"https:\/\/fvcomponentes.com\/fr\/wp-json\/wp\/v2\/product_brand?post=27921"},{"taxonomy":"product_cat","embeddable":true,"href":"https:\/\/fvcomponentes.com\/fr\/wp-json\/wp\/v2\/product_cat?post=27921"},{"taxonomy":"product_tag","embeddable":true,"href":"https:\/\/fvcomponentes.com\/fr\/wp-json\/wp\/v2\/product_tag?post=27921"}],"curies":[{"name":"wp","href":"https:\/\/api.w.org\/{rel}","templated":true}]}}