{"id":27598,"date":"2025-07-08T08:19:21","date_gmt":"2025-07-08T06:19:21","guid":{"rendered":"https:\/\/fvcomponentes.com\/?post_type=product&#038;p=27598"},"modified":"2026-01-21T09:03:27","modified_gmt":"2026-01-21T08:03:27","slug":"fuse-victron-midi-fuse-60a-58v-m6-cip134060020","status":"publish","type":"product","link":"https:\/\/fvcomponentes.com\/fr\/producto\/fusible-victron-midi-fuse-60a-58v-m6-cip134060020\/","title":{"rendered":"Fusible Victron MIDI-fuse 60A\/58V M6 - CIP134060020"},"content":{"rendered":"<h2>Fusible Victron MIDI-fuse 60A\/58V M6 - CIP134060020<\/h2>\n<ul>\n<li>Le fusible Victron MIDI 60A\/58V M6 - CIP134060020 est con\u00e7u pour les syst\u00e8mes photovolta\u00efques avec une tension jusqu'\u00e0 48V et un courant maximum de 60A.<\/li>\n<li>Il s'agit d'un fusible de qualit\u00e9, essentiel pour une installation \u00e9lectrique s\u00fbre.<\/li>\n<li>Pour garantir un fonctionnement s\u00fbr, il est important de respecter la plage de tension sp\u00e9cifi\u00e9e.<\/li>\n<li>A utiliser en conjonction avec<a href=\"https:\/\/fvcomponentes.com\/fr\/produit\/victron-fuse-holder-midi-fuse-holder-cip000050001\/\" target=\"_blank\" rel=\"noopener\">\u00a0Porte-fusible MIDI Porte-fusible Victron - CIP000050001<\/a>.<\/li>\n<li>Le pack comprend <strong>5 unit\u00e9s<\/strong><\/li>\n<\/ul>\n<h2>Fiche technique Victron MIDI-fuse 60A\/58V M6 Fuse - CIP134060020<\/h2>\n<p><a href=\"https:\/\/fvcomponentes.com\/wp-content\/uploads\/2025\/06\/Datasheet-Midi-Mega-and-ANL-fuses-and-fuse-holders-EN-.pdf\" target=\"_blank\" rel=\"noopener\">Voir la fiche technique Victron MIDI-fuse 60A\/58V M6 - CIP134060020<\/a><\/p>","protected":false},"excerpt":{"rendered":"<ul>\n<li><strong>Le pack comprend<\/strong>: 5 unit\u00e9s<\/li>\n<li class=\"ai-optimize-28\"><strong>Amp\u00e9rage<\/strong> : 60A<\/li>\n<li class=\"ai-optimize-29\"><strong>Tension<\/strong> : 58V<\/li>\n<li class=\"ai-optimize-30\"><strong>Chute de tension<\/strong>70 mV<\/li>\n<li class=\"ai-optimize-31\"><strong>R\u00e9sistance au froid<\/strong>: 0,9 m\u03a9<\/li>\n<\/ul>\n<p class=\"ai-optimize-32\">La photographie du produit est fournie \u00e0 titre d'illustration uniquement et peut ne pas correspondre au produit r\u00e9el.<\/p>","protected":false},"featured_media":27599,"comment_status":"closed","ping_status":"closed","template":"","meta":{"site-sidebar-layout":"default","site-content-layout":"","ast-site-content-layout":"default","site-content-style":"default","site-sidebar-style":"default","ast-global-header-display":"","ast-banner-title-visibility":"","ast-main-header-display":"","ast-hfb-above-header-display":"","ast-hfb-below-header-display":"","ast-hfb-mobile-header-display":"","site-post-title":"","ast-breadcrumbs-content":"","ast-featured-img":"","footer-sml-layout":"","ast-disable-related-posts":"","theme-transparent-header-meta":"default","adv-header-id-meta":"","stick-header-meta":"","header-above-stick-meta":"","header-main-stick-meta":"","header-below-stick-meta":"","astra-migrate-meta-layouts":"set","ast-page-background-enabled":"default","ast-page-background-meta":{"desktop":{"background-color":"var(--ast-global-color-4)","background-image":"","background-repeat":"repeat","background-position":"center center","background-size":"auto","background-attachment":"scroll","background-type":"","background-media":"","overlay-type":"","overlay-color":"","overlay-opacity":"","overlay-gradient":""},"tablet":{"background-color":"","background-image":"","background-repeat":"repeat","background-position":"center center","background-size":"auto","background-attachment":"scroll","background-type":"","background-media":"","overlay-type":"","overlay-color":"","overlay-opacity":"","overlay-gradient":""},"mobile":{"background-color":"","background-image":"","background-repeat":"repeat","background-position":"center center","background-size":"auto","background-attachment":"scroll","background-type":"","background-media":"","overlay-type":"","overlay-color":"","overlay-opacity":"","overlay-gradient":""}},"ast-content-background-meta":{"desktop":{"background-color":"var(--ast-global-color-5)","background-image":"","background-repeat":"repeat","background-position":"center center","background-size":"auto","background-attachment":"scroll","background-type":"","background-media":"","overlay-type":"","overlay-color":"","overlay-opacity":"","overlay-gradient":""},"tablet":{"background-color":"var(--ast-global-color-5)","background-image":"","background-repeat":"repeat","background-position":"center center","background-size":"auto","background-attachment":"scroll","background-type":"","background-media":"","overlay-type":"","overlay-color":"","overlay-opacity":"","overlay-gradient":""},"mobile":{"background-color":"var(--ast-global-color-5)","background-image":"","background-repeat":"repeat","background-position":"center center","background-size":"auto","background-attachment":"scroll","background-type":"","background-media":"","overlay-type":"","overlay-color":"","overlay-opacity":"","overlay-gradient":""}}},"pwb-brand":[332],"product_brand":[],"product_cat":[862,994],"product_tag":[],"class_list":{"0":"post-27598","1":"product","2":"type-product","3":"status-publish","4":"has-post-thumbnail","6":"pwb-brand-victron","7":"product_cat-fusibles","8":"product_cat-fusibles-midi","9":"desktop-align-left","10":"tablet-align-left","11":"mobile-align-left","12":"ast-product-gallery-layout-horizontal-slider","13":"ast-product-tabs-layout-horizontal","15":"first","16":"instock","17":"taxable","18":"shipping-taxable","19":"purchasable","20":"product-type-simple"},"wcpa_form_fields":null,"brands":[{"id":332,"name":"Victron Energy","slug":"victron"}],"_links":{"self":[{"href":"https:\/\/fvcomponentes.com\/fr\/wp-json\/wp\/v2\/product\/27598","targetHints":{"allow":["GET"]}}],"collection":[{"href":"https:\/\/fvcomponentes.com\/fr\/wp-json\/wp\/v2\/product"}],"about":[{"href":"https:\/\/fvcomponentes.com\/fr\/wp-json\/wp\/v2\/types\/product"}],"replies":[{"embeddable":true,"href":"https:\/\/fvcomponentes.com\/fr\/wp-json\/wp\/v2\/comments?post=27598"}],"wp:featuredmedia":[{"embeddable":true,"href":"https:\/\/fvcomponentes.com\/fr\/wp-json\/wp\/v2\/media\/27599"}],"wp:attachment":[{"href":"https:\/\/fvcomponentes.com\/fr\/wp-json\/wp\/v2\/media?parent=27598"}],"wp:term":[{"taxonomy":"pwb-brand","embeddable":true,"href":"https:\/\/fvcomponentes.com\/fr\/wp-json\/wp\/v2\/pwb-brand?post=27598"},{"taxonomy":"product_brand","embeddable":true,"href":"https:\/\/fvcomponentes.com\/fr\/wp-json\/wp\/v2\/product_brand?post=27598"},{"taxonomy":"product_cat","embeddable":true,"href":"https:\/\/fvcomponentes.com\/fr\/wp-json\/wp\/v2\/product_cat?post=27598"},{"taxonomy":"product_tag","embeddable":true,"href":"https:\/\/fvcomponentes.com\/fr\/wp-json\/wp\/v2\/product_tag?post=27598"}],"curies":[{"name":"wp","href":"https:\/\/api.w.org\/{rel}","templated":true}]}}