{"id":27580,"date":"2025-06-20T09:21:01","date_gmt":"2025-06-20T07:21:01","guid":{"rendered":"https:\/\/fvcomponentes.com\/?post_type=product&#038;p=27580"},"modified":"2026-03-09T07:08:01","modified_gmt":"2026-03-09T06:08:01","slug":"batterie-lithium-48v-lifepo4-pytes-e-box-48100r-5-12kwh","status":"publish","type":"product","link":"https:\/\/fvcomponentes.com\/fr\/producto\/bateria-de-litio-48v-lifepo4-pytes-e-box-48100r-5-12kwh\/","title":{"rendered":"Batterie au lithium 48V LiFePO4 Pytes E-Box 48100R 5.12kWh"},"content":{"rendered":"<h2>Pytes E-Box 48100R LiFePO4 48V Batterie au lithium - 100% Compatible Victron et capacit\u00e9 sup\u00e9rieure<\/h2>\n<p data-start=\"414\" data-end=\"842\">Les <strong data-start=\"417\" data-end=\"456\">Pile au lithium Pytes E-Box 48100R<\/strong> est l'une des solutions de stockage d'\u00e9nergie les plus fiables et les plus avanc\u00e9es du march\u00e9. Gr\u00e2ce \u00e0 la technologie <strong data-start=\"563\" data-end=\"595\">LiFePO4 (lithium-ferrophosphate)<\/strong>Le nouveau, tr\u00e8s durable, efficace et s\u00fbr dans tous les environnements. Approuv\u00e9 par <strong data-start=\"689\" data-end=\"707\">Victron Energy<\/strong>cette batterie est <strong data-start=\"725\" data-end=\"783\">enti\u00e8rement compatible avec tous les onduleurs Victron<\/strong>Le nouveau syst\u00e8me peut \u00eatre int\u00e9gr\u00e9 directement et sans aucune complication de configuration ou de compatibilit\u00e9.<\/p>\n<h2 data-start=\"844\" data-end=\"873\">Caract\u00e9ristiques Pytes E-Box 48100R 48V LiFePO4<\/h2>\n<ul data-start=\"875\" data-end=\"1436\">\n<li data-start=\"875\" data-end=\"1019\">\n<p data-start=\"877\" data-end=\"1019\"><strong data-start=\"877\" data-end=\"906\">Capacit\u00e9 de 5,12 kWh<\/strong> par unit\u00e9, sup\u00e9rieure \u00e0 celle des autres marques sur le march\u00e9, ce qui permet de r\u00e9duire le nombre de modules par installation.<\/p>\n<\/li>\n<li data-start=\"1020\" data-end=\"1119\">\n<p data-start=\"1022\" data-end=\"1119\"><strong data-start=\"1022\" data-end=\"1077\">Certification officielle de compatibilit\u00e9 Victron<\/strong>avec communication native via CAN.<\/p>\n<\/li>\n<li data-start=\"1120\" data-end=\"1194\">\n<p data-start=\"1122\" data-end=\"1194\"><strong data-start=\"1122\" data-end=\"1153\">Plus de 6 000 cycles de vie et 10 ans de garantie.<\/strong><\/p>\n<\/li>\n<li data-start=\"1195\" data-end=\"1272\">\n<p data-start=\"1197\" data-end=\"1272\"><strong data-start=\"1197\" data-end=\"1230\">\u00c9volutivit\u00e9 jusqu'\u00e0 16 unit\u00e9s (81,92 kWh) dans une grappe et jusqu'\u00e0 6 grappes (491,52 kWh) dans un syst\u00e8me Hub.<\/strong><\/p>\n<\/li>\n<li data-start=\"1273\" data-end=\"1369\">\n<p data-start=\"1275\" data-end=\"1369\"><strong data-start=\"1275\" data-end=\"1304\">BMS intelligent int\u00e9gr\u00e9<\/strong> qui prot\u00e8ge la batterie contre toute d\u00e9faillance \u00e9lectrique ou thermique.<\/p>\n<\/li>\n<li data-start=\"1370\" data-end=\"1436\">\n<p data-start=\"1372\" data-end=\"1436\">Conception compacte et format rack 3U pour les bo\u00eetiers 19\" standard.<\/p>\n<\/li>\n<\/ul>\n<h2 data-start=\"1438\" data-end=\"1467\">Compatibilit\u00e9 de la batterie au lithium Pytes E-Box 48100R<\/h2>\n<ul data-start=\"1469\" data-end=\"1764\">\n<li data-start=\"1469\" data-end=\"1586\">\n<p data-start=\"1471\" data-end=\"1586\"><strong data-start=\"1471\" data-end=\"1489\">Victron Energy<\/strong>Int\u00e9gration directe avec toute la gamme GX (Cerbo GX, Venus GX, etc.) et surveillance compl\u00e8te \u00e0 partir du portail VRM de Victron.<\/p>\n<\/li>\n<li data-start=\"1587\" data-end=\"1702\">\n<p data-start=\"1589\" data-end=\"1702\">\u00c9galement compatible avec les onduleurs des grandes marques telles que <strong data-start=\"1646\" data-end=\"1688\">Growatt, GoodWe, SofarSolar, SMA, Deye<\/strong>entre autres.<\/p>\n<\/li>\n<li data-start=\"1703\" data-end=\"1764\">\n<p data-start=\"1705\" data-end=\"1764\">Protocoles de communication standard (CAN\/RS485) \u00e0 500kbps.<\/p>\n<\/li>\n<\/ul>\n<p><span style=\"color: #ff0000\"><strong><a style=\"color: #ff0000\" href=\"https:\/\/fvcomponentes.com\/wp-content\/uploads\/2025\/06\/Victron-Pytes-Guide.pdf\" target=\"_blank\" rel=\"noopener\">T\u00e9l\u00e9chargez le guide de configuration de la Pytes E-Box 48100R avec Victron ici<\/a><\/strong><\/span><\/p>\n<h2 data-start=\"1766\" data-end=\"1813\">Avantages de la Pytes E-Box 48100R par rapport aux autres batteries<\/h2>\n<ul data-start=\"1815\" data-end=\"2101\">\n<li data-start=\"1815\" data-end=\"1938\">\n<p data-start=\"1817\" data-end=\"1938\"><strong data-start=\"1817\" data-end=\"1877\">Capacit\u00e9 utilisable plus \u00e9lev\u00e9e par module (5,12 kWh contre 4,8 kWh)<\/strong> = moins d'unit\u00e9s n\u00e9cessaires = co\u00fbt inf\u00e9rieur par kWh install\u00e9.<\/p>\n<\/li>\n<li data-start=\"1939\" data-end=\"2023\">\n<p data-start=\"1941\" data-end=\"2023\"><strong data-start=\"1941\" data-end=\"1983\">Compatibilit\u00e9 certifi\u00e9e avec Victron<\/strong>sans qu'il soit n\u00e9cessaire de recourir \u00e0 des microprogrammes sp\u00e9ciaux.<\/p>\n<\/li>\n<li data-start=\"2024\" data-end=\"2055\">\n<p data-start=\"2026\" data-end=\"2055\">Meilleur rapport poids\/puissance.<\/p>\n<\/li>\n<li data-start=\"2056\" data-end=\"2101\">\n<p data-start=\"2058\" data-end=\"2101\">Performances thermiques et \u00e9lectriques optimis\u00e9es.<\/p>\n<\/li>\n<\/ul>\n<p><img fetchpriority=\"high\" decoding=\"async\" class=\"wp-image-27588 alignnone\" src=\"https:\/\/fvcomponentes.com\/wp-content\/uploads\/2025\/06\/Frontal-Pytes-E-Box-48100R-detalle-1.jpg\" alt=\"\" width=\"922\" height=\"448\" title=\"\"><\/p>\n<h2 data-start=\"2369\" data-end=\"2397\">Sp\u00e9cifications techniques de la Pytes E-Box 48V LiFePO4 Lithium Battery 48100R 5.12kWh<\/h2>\n<div class=\"_tableContainer_16hzy_1\">\n<div class=\"_tableWrapper_16hzy_14 group flex w-fit flex-col-reverse\">\n<table class=\"w-fit min-w-(--thread-content-width)\" data-start=\"2399\" data-end=\"3178\">\n<thead data-start=\"2399\" data-end=\"2463\">\n<tr data-start=\"2399\" data-end=\"2463\">\n<th data-start=\"2399\" data-end=\"2434\" data-col-size=\"sm\"><\/th>\n<th data-start=\"2434\" data-end=\"2463\" data-col-size=\"sm\">Valeur<\/th>\n<\/tr>\n<\/thead>\n<tbody data-start=\"2529\" data-end=\"3178\">\n<tr data-start=\"2529\" data-end=\"2593\">\n<td data-start=\"2529\" data-end=\"2564\" data-col-size=\"sm\">Capacit\u00e9 nominale<\/td>\n<td data-col-size=\"sm\" data-start=\"2564\" data-end=\"2593\">100 Ah (5,12 kWh)<\/td>\n<\/tr>\n<tr data-start=\"2594\" data-end=\"2658\">\n<td data-start=\"2594\" data-end=\"2629\" data-col-size=\"sm\">Tension nominale<\/td>\n<td data-col-size=\"sm\" data-start=\"2629\" data-end=\"2658\">51,2 V<\/td>\n<\/tr>\n<tr data-start=\"2659\" data-end=\"2723\">\n<td data-start=\"2659\" data-end=\"2694\" data-col-size=\"sm\">Cycles de vie (80% DoD)<\/td>\n<td data-col-size=\"sm\" data-start=\"2694\" data-end=\"2723\">&gt;6.000<\/td>\n<\/tr>\n<tr data-start=\"2724\" data-end=\"2788\">\n<td data-start=\"2724\" data-end=\"2759\" data-col-size=\"sm\">Courant de charge recommand\u00e9<\/td>\n<td data-col-size=\"sm\" data-start=\"2759\" data-end=\"2788\">50 A<\/td>\n<\/tr>\n<tr data-start=\"2789\" data-end=\"2853\">\n<td data-start=\"2789\" data-end=\"2824\" data-col-size=\"sm\">Courant de d\u00e9charge maximal<\/td>\n<td data-col-size=\"sm\" data-start=\"2824\" data-end=\"2853\">100 A<\/td>\n<\/tr>\n<tr data-start=\"2854\" data-end=\"2918\">\n<td data-start=\"2854\" data-end=\"2889\" data-col-size=\"sm\">Poids<\/td>\n<td data-col-size=\"sm\" data-start=\"2889\" data-end=\"2918\">51 kg environ.<\/td>\n<\/tr>\n<tr data-start=\"2919\" data-end=\"2983\">\n<td data-start=\"2919\" data-end=\"2954\" data-col-size=\"sm\">Dimensions<\/td>\n<td data-col-size=\"sm\" data-start=\"2954\" data-end=\"2983\">442 x 410 x 132 mm<\/td>\n<\/tr>\n<tr data-start=\"2984\" data-end=\"3048\">\n<td data-start=\"2984\" data-end=\"3019\" data-col-size=\"sm\">Communication<\/td>\n<td data-col-size=\"sm\" data-start=\"3019\" data-end=\"3048\">RS485 \/ CAN<\/td>\n<\/tr>\n<tr data-start=\"3049\" data-end=\"3113\">\n<td data-start=\"3049\" data-end=\"3084\" data-col-size=\"sm\">Installation<\/td>\n<td data-col-size=\"sm\" data-start=\"3084\" data-end=\"3113\">Support ou mur<\/td>\n<\/tr>\n<tr data-start=\"3114\" data-end=\"3178\">\n<td data-start=\"3114\" data-end=\"3149\" data-col-size=\"sm\">Compatibilit\u00e9 avec Victron<\/td>\n<td data-col-size=\"sm\" data-start=\"3149\" data-end=\"3178\">\u2705 Officiellement approuv\u00e9<\/td>\n<\/tr>\n<\/tbody>\n<\/table>\n<div class=\"sticky end-(--thread-content-margin) h-0 self-end select-none\">\n<div class=\"absolute end-0 flex items-end\"><\/div>\n<\/div>\n<\/div>\n<\/div>\n<h2 data-start=\"3180\" data-end=\"3216\">Pourquoi choisir la batterie Pytes E-Box 48100R ?<\/h2>\n<ul data-start=\"3218\" data-end=\"3425\">\n<li data-start=\"3218\" data-end=\"3256\">\n<p data-start=\"3220\" data-end=\"3256\">Soutien officiel \u00e0 Victron Energy.<\/p>\n<\/li>\n<li data-start=\"3257\" data-end=\"3310\">\n<p data-start=\"3259\" data-end=\"3310\">Capacit\u00e9 sup\u00e9rieure \u00e0 celle de ses concurrents directs.<\/p>\n<\/li>\n<li data-start=\"3311\" data-end=\"3386\">\n<p data-start=\"3313\" data-end=\"3386\">Facile \u00e0 installer, sans entretien et avec une assistance technique Victron d\u00e9di\u00e9e.<\/p>\n<\/li>\n<li data-start=\"3387\" data-end=\"3425\">\n<p data-start=\"3389\" data-end=\"3425\">Certifications : UL9540 Ed.2 (2020), UL9540A, UL1973, CEC, SGIP, CE, IEC62619, UN38.3<\/p>\n<\/li>\n<li data-start=\"3387\" data-end=\"3425\">Compatible avec les onduleurs 48V de Solis, Sol-Ark, Deye, Luxpower, SMA, Megarevo, Schneider, Afore, Hoymiles, Solplanet, APSystems, Voltronic ou Axpert, MPP Solar, Phocos, SRNE, Studer, Growatt, Goodwe, Livoltek, Must.<\/li>\n<\/ul>\n<p><a href=\"https:\/\/www.victronenergy.com\/live\/battery_compatibility:pytes\" target=\"_blank\" rel=\"noopener\"><img decoding=\"async\" class=\"wp-image-27591 alignnone\" src=\"https:\/\/fvcomponentes.com\/wp-content\/uploads\/2025\/06\/Banner-Pytes-Victron-config.jpeg\" alt=\"\" width=\"608\" height=\"608\" title=\"\" srcset=\"https:\/\/fvcomponentes.com\/wp-content\/uploads\/2025\/06\/Banner-Pytes-Victron-config-500x500.jpeg 500w, https:\/\/fvcomponentes.com\/wp-content\/uploads\/2025\/06\/Banner-Pytes-Victron-config-200x200.jpeg 200w\" sizes=\"(max-width: 608px) 100vw, 608px\" \/><\/a><\/p>\n<h2 data-start=\"3427\" data-end=\"3458\"><\/h2>\n<h2 data-start=\"3427\" data-end=\"3458\">Disponible dans notre boutique<\/h2>\n<p data-start=\"3460\" data-end=\"3673\">Achetez maintenant votre batterie Pytes E-Box 48100R et profitez d'une solution \u00e9volutive, s\u00fbre et compatible avec Victron.<\/p>\n<h2>Informations techniques sur la batterie Pytes E-Box 48100R<\/h2>\n<p data-start=\"3460\" data-end=\"3673\"><a href=\"https:\/\/fvcomponentes.com\/wp-content\/uploads\/2025\/06\/Ficha-tecnica-Pytes-E-Box-48100R.pdf\" target=\"_blank\" rel=\"noopener\">Fiche technique Pytes E-Box 48100R<\/a><\/p>\n<p data-start=\"3460\" data-end=\"3673\"><a href=\"https:\/\/fvcomponentes.com\/wp-content\/uploads\/2025\/06\/Manual-de-usuario-Pytes-E-Box-48100R.pdf\" target=\"_blank\" rel=\"noopener\">Manuel d'utilisation Pytes E-Box 48100R<\/a><\/p>\n<h3>Liste des onduleurs compatibles avec les batteries Pytes<\/h3>\n<p><a href=\"https:\/\/fvcomponentes.com\/wp-content\/uploads\/2025\/10\/c35d7eb1223244cecb336915b57d8a94.pdf\" target=\"_blank\" rel=\"noopener\">Liste des onduleurs compatibles avec les batteries Pytes<\/a><\/p>","protected":false},"excerpt":{"rendered":"<p class=\"ai-optimize-41\"><span style=\"color: #ff0000\"><a style=\"color: #ff0000\" href=\"https:\/\/fvcomponentes.com\/wp-content\/uploads\/2025\/09\/victron_pytes-1.pdf\" target=\"_blank\" rel=\"noopener\"><strong>Approuv\u00e9 par Victron pour ses onduleurs -&gt; Lien<\/strong><\/a><\/span><\/p>\n<p class=\"ai-optimize-42\">Capacit\u00e9 plus \u00e9lev\u00e9e : 5,12 kW\/h<\/p>\n<ul>\n<li class=\"ai-optimize-47\" data-start=\"59\" data-end=\"87\">\n<p class=\"ai-optimize-48\" data-start=\"61\" data-end=\"87\"><strong data-start=\"61\" data-end=\"79\">Poids :<\/strong> 51 kg<\/p>\n<\/li>\n<li class=\"ai-optimize-49\" data-start=\"88\" data-end=\"112\">\n<p class=\"ai-optimize-50\" data-start=\"90\" data-end=\"112\"><strong data-start=\"90\" data-end=\"103\">Longueur :<\/strong> 440 mm<\/p>\n<\/li>\n<li class=\"ai-optimize-51\" data-start=\"113\" data-end=\"136\">\n<p class=\"ai-optimize-52\" data-start=\"115\" data-end=\"136\"><strong data-start=\"115\" data-end=\"127\">Largeur :<\/strong> 620 mm<\/p>\n<\/li>\n<li class=\"ai-optimize-53\" data-start=\"137\" data-end=\"157\" data-is-last-node=\"\">\n<p class=\"ai-optimize-54\" data-start=\"139\" data-end=\"157\" data-is-last-node=\"\"><strong data-start=\"139\" data-end=\"150\">Hauteur :<\/strong> 117 mm<\/p>\n<\/li>\n<\/ul>\n<p class=\"ai-optimize-31\" data-start=\"3460\" data-end=\"3673\"><a href=\"https:\/\/fvcomponentes.com\/wp-content\/uploads\/2025\/06\/Ficha-tecnica-Pytes-E-Box-48100R.pdf\" target=\"_blank\" rel=\"noopener\">Fiche technique Pytes E-Box 48100R<\/a><\/p>\n<p class=\"ai-optimize-36\" data-start=\"3460\" data-end=\"3673\"><a href=\"https:\/\/fvcomponentes.com\/wp-content\/uploads\/2025\/06\/Manual-de-usuario-Pytes-E-Box-48100R.pdf\" target=\"_blank\" rel=\"noopener\">Manuel d'utilisation Pytes E-Box 48100R<\/a><\/p>","protected":false},"featured_media":27581,"comment_status":"closed","ping_status":"closed","template":"","meta":{"site-sidebar-layout":"default","site-content-layout":"","ast-site-content-layout":"default","site-content-style":"default","site-sidebar-style":"default","ast-global-header-display":"","ast-banner-title-visibility":"","ast-main-header-display":"","ast-hfb-above-header-display":"","ast-hfb-below-header-display":"","ast-hfb-mobile-header-display":"","site-post-title":"","ast-breadcrumbs-content":"","ast-featured-img":"","footer-sml-layout":"","ast-disable-related-posts":"","theme-transparent-header-meta":"default","adv-header-id-meta":"","stick-header-meta":"","header-above-stick-meta":"","header-main-stick-meta":"","header-below-stick-meta":"","astra-migrate-meta-layouts":"set","ast-page-background-enabled":"default","ast-page-background-meta":{"desktop":{"background-color":"var(--ast-global-color-4)","background-image":"","background-repeat":"repeat","background-position":"center center","background-size":"auto","background-attachment":"scroll","background-type":"","background-media":"","overlay-type":"","overlay-color":"","overlay-opacity":"","overlay-gradient":""},"tablet":{"background-color":"","background-image":"","background-repeat":"repeat","background-position":"center center","background-size":"auto","background-attachment":"scroll","background-type":"","background-media":"","overlay-type":"","overlay-color":"","overlay-opacity":"","overlay-gradient":""},"mobile":{"background-color":"","background-image":"","background-repeat":"repeat","background-position":"center center","background-size":"auto","background-attachment":"scroll","background-type":"","background-media":"","overlay-type":"","overlay-color":"","overlay-opacity":"","overlay-gradient":""}},"ast-content-background-meta":{"desktop":{"background-color":"var(--ast-global-color-5)","background-image":"","background-repeat":"repeat","background-position":"center center","background-size":"auto","background-attachment":"scroll","background-type":"","background-media":"","overlay-type":"","overlay-color":"","overlay-opacity":"","overlay-gradient":""},"tablet":{"background-color":"var(--ast-global-color-5)","background-image":"","background-repeat":"repeat","background-position":"center center","background-size":"auto","background-attachment":"scroll","background-type":"","background-media":"","overlay-type":"","overlay-color":"","overlay-opacity":"","overlay-gradient":""},"mobile":{"background-color":"var(--ast-global-color-5)","background-image":"","background-repeat":"repeat","background-position":"center center","background-size":"auto","background-attachment":"scroll","background-type":"","background-media":"","overlay-type":"","overlay-color":"","overlay-opacity":"","overlay-gradient":""}}},"pwb-brand":[1007],"product_brand":[],"product_cat":[341,340],"product_tag":[],"class_list":{"0":"post-27580","1":"product","2":"type-product","3":"status-publish","4":"has-post-thumbnail","6":"pwb-brand-baterias-pytes","7":"product_cat-baterias-litio-48v","8":"product_cat-baterias","9":"product_shipping_class-baterias","10":"desktop-align-left","11":"tablet-align-left","12":"mobile-align-left","13":"ast-product-gallery-layout-horizontal-slider","14":"ast-product-tabs-layout-horizontal","16":"first","17":"instock","18":"featured","19":"taxable","20":"shipping-taxable","21":"purchasable","22":"product-type-simple"},"wcpa_form_fields":null,"brands":[{"id":1007,"name":"Piles Pytes","slug":"piles-a-pytes"}],"_links":{"self":[{"href":"https:\/\/fvcomponentes.com\/fr\/wp-json\/wp\/v2\/product\/27580","targetHints":{"allow":["GET"]}}],"collection":[{"href":"https:\/\/fvcomponentes.com\/fr\/wp-json\/wp\/v2\/product"}],"about":[{"href":"https:\/\/fvcomponentes.com\/fr\/wp-json\/wp\/v2\/types\/product"}],"replies":[{"embeddable":true,"href":"https:\/\/fvcomponentes.com\/fr\/wp-json\/wp\/v2\/comments?post=27580"}],"wp:featuredmedia":[{"embeddable":true,"href":"https:\/\/fvcomponentes.com\/fr\/wp-json\/wp\/v2\/media\/27581"}],"wp:attachment":[{"href":"https:\/\/fvcomponentes.com\/fr\/wp-json\/wp\/v2\/media?parent=27580"}],"wp:term":[{"taxonomy":"pwb-brand","embeddable":true,"href":"https:\/\/fvcomponentes.com\/fr\/wp-json\/wp\/v2\/pwb-brand?post=27580"},{"taxonomy":"product_brand","embeddable":true,"href":"https:\/\/fvcomponentes.com\/fr\/wp-json\/wp\/v2\/product_brand?post=27580"},{"taxonomy":"product_cat","embeddable":true,"href":"https:\/\/fvcomponentes.com\/fr\/wp-json\/wp\/v2\/product_cat?post=27580"},{"taxonomy":"product_tag","embeddable":true,"href":"https:\/\/fvcomponentes.com\/fr\/wp-json\/wp\/v2\/product_tag?post=27580"}],"curies":[{"name":"wp","href":"https:\/\/api.w.org\/{rel}","templated":true}]}}