{"id":23741,"date":"2025-03-02T09:18:10","date_gmt":"2025-03-02T08:18:10","guid":{"rendered":"https:\/\/fvcomponentes.com\/?post_type=product&#038;p=23741"},"modified":"2025-10-08T13:33:30","modified_gmt":"2025-10-08T11:33:30","slug":"assemblage-personnalise-a-bord","status":"publish","type":"product","link":"https:\/\/fvcomponentes.com\/fr\/producto\/montaje-a-medida-en-tablero\/","title":{"rendered":"Assemblage personnalis\u00e9 \u00e0 bord"},"content":{"rendered":"<h2>Assemblage personnalis\u00e9 sur la carte de votre \u00e9quipement.<\/h2>\n<p>Beaucoup d'entre vous nous l'ont demand\u00e9 et nous pouvons enfin vous l'offrir, si vous ne voulez pas vous emb\u00eater avec des c\u00e2bles, des connecteurs, des configurations, etc... Nous vous offrons la possibilit\u00e9 de monter tout le mat\u00e9riel que vous achetez dans notre boutique en ligne sur une planche en bois et nous vous envoyons le tout c\u00e2bl\u00e9, connect\u00e9 et test\u00e9.<\/p>\n<p>Id\u00e9al pour les personnes ayant peu de connaissances en \u00e9lectricit\u00e9, pour celles qui souhaitent une finition professionnelle de leur installation, pour les entreprises qui souhaitent sous-traiter cette t\u00e2che...<\/p>\n<p>Vous le recevez, vous l'assemblez et il fonctionne. Pas de chichis, pas d'embrouilles, pas d'embrouilles, c'est simple.<\/p>","protected":false},"excerpt":{"rendered":"<p><strong>Nous assemblons pour vous tout l'\u00e9quipement sur une planche et vous l'envoyons c\u00e2bl\u00e9 et pr\u00eat \u00e0 \u00eatre install\u00e9 dans votre van \/ camping-car \/ caravane ou bateau.<\/strong><\/p>\n<p>Ajoutez ce produit \u00e0 votre panier et nous vous contacterons pour d\u00e9finir les d\u00e9tails et le budget.<\/p>","protected":false},"featured_media":23742,"comment_status":"closed","ping_status":"closed","template":"","meta":{"site-sidebar-layout":"default","site-content-layout":"","ast-site-content-layout":"default","site-content-style":"default","site-sidebar-style":"default","ast-global-header-display":"","ast-banner-title-visibility":"","ast-main-header-display":"","ast-hfb-above-header-display":"","ast-hfb-below-header-display":"","ast-hfb-mobile-header-display":"","site-post-title":"","ast-breadcrumbs-content":"","ast-featured-img":"","footer-sml-layout":"","ast-disable-related-posts":"","theme-transparent-header-meta":"default","adv-header-id-meta":"","stick-header-meta":"","header-above-stick-meta":"","header-main-stick-meta":"","header-below-stick-meta":"","astra-migrate-meta-layouts":"set","ast-page-background-enabled":"default","ast-page-background-meta":{"desktop":{"background-color":"var(--ast-global-color-4)","background-image":"","background-repeat":"repeat","background-position":"center center","background-size":"auto","background-attachment":"scroll","background-type":"","background-media":"","overlay-type":"","overlay-color":"","overlay-opacity":"","overlay-gradient":""},"tablet":{"background-color":"","background-image":"","background-repeat":"repeat","background-position":"center center","background-size":"auto","background-attachment":"scroll","background-type":"","background-media":"","overlay-type":"","overlay-color":"","overlay-opacity":"","overlay-gradient":""},"mobile":{"background-color":"","background-image":"","background-repeat":"repeat","background-position":"center center","background-size":"auto","background-attachment":"scroll","background-type":"","background-media":"","overlay-type":"","overlay-color":"","overlay-opacity":"","overlay-gradient":""}},"ast-content-background-meta":{"desktop":{"background-color":"var(--ast-global-color-5)","background-image":"","background-repeat":"repeat","background-position":"center center","background-size":"auto","background-attachment":"scroll","background-type":"","background-media":"","overlay-type":"","overlay-color":"","overlay-opacity":"","overlay-gradient":""},"tablet":{"background-color":"var(--ast-global-color-5)","background-image":"","background-repeat":"repeat","background-position":"center center","background-size":"auto","background-attachment":"scroll","background-type":"","background-media":"","overlay-type":"","overlay-color":"","overlay-opacity":"","overlay-gradient":""},"mobile":{"background-color":"var(--ast-global-color-5)","background-image":"","background-repeat":"repeat","background-position":"center center","background-size":"auto","background-attachment":"scroll","background-type":"","background-media":"","overlay-type":"","overlay-color":"","overlay-opacity":"","overlay-gradient":""}}},"pwb-brand":[332],"product_brand":[],"product_cat":[872],"product_tag":[],"class_list":{"0":"post-23741","1":"product","2":"type-product","3":"status-publish","4":"has-post-thumbnail","6":"pwb-brand-victron","7":"product_cat-servicios-de-configuracion","8":"desktop-align-left","9":"tablet-align-left","10":"mobile-align-left","11":"ast-product-gallery-layout-horizontal-slider","12":"ast-product-gallery-with-no-image","13":"ast-product-tabs-layout-horizontal","15":"first","16":"instock","17":"virtual","18":"taxable","19":"product-type-simple"},"wcpa_form_fields":null,"brands":[{"id":332,"name":"Victron Energy","slug":"victron"}],"_links":{"self":[{"href":"https:\/\/fvcomponentes.com\/fr\/wp-json\/wp\/v2\/product\/23741","targetHints":{"allow":["GET"]}}],"collection":[{"href":"https:\/\/fvcomponentes.com\/fr\/wp-json\/wp\/v2\/product"}],"about":[{"href":"https:\/\/fvcomponentes.com\/fr\/wp-json\/wp\/v2\/types\/product"}],"replies":[{"embeddable":true,"href":"https:\/\/fvcomponentes.com\/fr\/wp-json\/wp\/v2\/comments?post=23741"}],"wp:featuredmedia":[{"embeddable":true,"href":"https:\/\/fvcomponentes.com\/fr\/wp-json\/wp\/v2\/media\/23742"}],"wp:attachment":[{"href":"https:\/\/fvcomponentes.com\/fr\/wp-json\/wp\/v2\/media?parent=23741"}],"wp:term":[{"taxonomy":"pwb-brand","embeddable":true,"href":"https:\/\/fvcomponentes.com\/fr\/wp-json\/wp\/v2\/pwb-brand?post=23741"},{"taxonomy":"product_brand","embeddable":true,"href":"https:\/\/fvcomponentes.com\/fr\/wp-json\/wp\/v2\/product_brand?post=23741"},{"taxonomy":"product_cat","embeddable":true,"href":"https:\/\/fvcomponentes.com\/fr\/wp-json\/wp\/v2\/product_cat?post=23741"},{"taxonomy":"product_tag","embeddable":true,"href":"https:\/\/fvcomponentes.com\/fr\/wp-json\/wp\/v2\/product_tag?post=23741"}],"curies":[{"name":"wp","href":"https:\/\/api.w.org\/{rel}","templated":true}]}}