{"id":23358,"date":"2025-02-20T13:43:38","date_gmt":"2025-02-20T12:43:38","guid":{"rendered":"https:\/\/fvcomponentes.com\/?post_type=product&#038;p=23358"},"modified":"2026-04-04T12:52:14","modified_gmt":"2026-04-04T10:52:14","slug":"onduleur-24v-victron-phoenix-24v-5000va-smart-pin242501000","status":"publish","type":"product","link":"https:\/\/fvcomponentes.com\/fr\/producto\/inversor-24v-victron-phoenix-24v-5000va-smart-pin242501000\/","title":{"rendered":"Onduleur 24V Victron Phoenix 24V 5000VA Smart - PIN242501000"},"content":{"rendered":"<h2>Caract\u00e9ristiques de l'onduleur Victron Phoenix 24V 5000VA Smart - PIN242501000<\/h2>\n<p><strong>Contr\u00f4le \u00e0 partir d'un smartphone ou d'une tablette<\/strong><br \/>\nGr\u00e2ce au Bluetooth int\u00e9gr\u00e9 dans l'onduleur Victron Phoenix 24V 5000VA Smart 24V, vous pouvez facilement configurer et surveiller l'onduleur \u00e0 partir de votre appareil mobile.<\/p>\n<p><strong>Points forts des fonctions<\/strong><\/p>\n<ul>\n<li>Alarme de basse tension pour prot\u00e9ger la batterie.<\/li>\n<li>La d\u00e9connexion et le red\u00e9marrage \u00e0 basse tension peuvent \u00eatre ajust\u00e9s en fonction de la charge.<\/li>\n<li>Tension de sortie : 210 - 245 V<\/li>\n<li>Fr\u00e9quence : 50\/60 Hz.<\/li>\n<li>Mode ECO intelligent, qui optimise la consommation en r\u00e9duisant la charge.<\/li>\n<li>Relais d'alarme pour une surveillance plus pr\u00e9cise.<\/li>\n<li>Surveillance en temps r\u00e9el : entr\u00e9e, sortie, chargement et alarmes.<\/li>\n<\/ul>\n<p><strong>Connectivit\u00e9 et contr\u00f4le avanc\u00e9<\/strong><\/p>\n<ul>\n<li>Port VE.Direct : permet de connecter l'onduleur \u00e0 un ordinateur pour la configuration et la surveillance (n\u00e9cessite un c\u00e2ble d'interface VE.Direct).<\/li>\n<li>Cet onduleur victron 5000w 24v int\u00e8gre un interrupteur marche\/arr\u00eat \u00e0 distance, compatible avec les relais ou les connexions directes \u00e0 la batterie.<\/li>\n<\/ul>\n<p><strong>Fiabilit\u00e9 et haute performance<\/strong><\/p>\n<ul>\n<li>Cet onduleur victron 24v 5000w a une puissance de d\u00e9marrage \u00e9lev\u00e9e, id\u00e9ale pour les lampes LED, les outils \u00e9lectriques et plus encore.<\/li>\n<li>Protection totale : il r\u00e9siste aux courts-circuits et aux surchauffes.<\/li>\n<li>Diagnostic par LED pour une identification rapide de l'\u00e9tat et des alertes \u00e9ventuelles.<\/li>\n<\/ul>\n<p><strong>Commutation transparente<\/strong><\/p>\n<p>Pour une transition en douceur entre les sources d'alimentation, le commutateur de transfert automatique Filax (temps de r\u00e9ponse inf\u00e9rieur \u00e0 20 ms) ou un MultiPlus avec commutateur int\u00e9gr\u00e9 peuvent \u00eatre int\u00e9gr\u00e9s, ce qui garantit que les \u00e9quipements sensibles tels que les ordinateurs continuent \u00e0 fonctionner sans interruption.<\/p>\n<p>Fiabilit\u00e9 \u00e9prouv\u00e9e : technologie avec transformateur toro\u00efdal et pont complet, garantissant des ann\u00e9es de fonctionnement en toute s\u00e9curit\u00e9.<\/p>\n<h2>Victron Phoenix 24V 5000VA Smart Sp\u00e9cifications<\/h2>\n<ul>\n<li><strong>Plage de tension d'entr\u00e9e :<\/strong> 18.6 - 34 V<\/li>\n<li><strong>Sortie Tension de sortie :<\/strong> 230 VAC \u00b1 2 % 50 Hz ou 60 Hz \u00b1 0,1 % (1 )<\/li>\n<li><strong>Puissance de sortie cont. \u00e0 25 \u00baC :<\/strong> 5000 VA<\/li>\n<li><strong>Puissance de sortie cont. \u00e0 25 \u00baC :<\/strong> 4000 W<\/li>\n<li><strong>Puissance de sortie cont. \u00e0 40 \u00baC :<\/strong> 3700 W<\/li>\n<li><strong>Puissance cont. \u00e0 65 \u00baC :<\/strong> 2800 W<\/li>\n<li><strong>Puissance de cr\u00eate :<\/strong> 10000 W<\/li>\n<li><strong>Efficacit\u00e9 maximale<\/strong> 95%<\/li>\n<li><strong>Consommation \u00e0 vide :<\/strong> 18W<\/li>\n<li><strong>Consommation \u00e0 vide en mode ECO :<\/strong> 2,2W<\/li>\n<li><strong>Relais programmable<\/strong><\/li>\n<li><strong>Puissance de d\u00e9marrage et d'arr\u00eat du mode ECO :<\/strong> r\u00e9glable<\/li>\n<li><strong>Protection :<\/strong> a-g<\/li>\n<li><strong>Communication sans fil via Bluetooth :<\/strong> Pour la surveillance \u00e0 distance et l'int\u00e9gration des syst\u00e8mes<\/li>\n<li><strong>VE.Port de communication directe :<\/strong> Pour la surveillance \u00e0 distance et l'int\u00e9gration des syst\u00e8mes<\/li>\n<li><strong>Marche\/arr\u00eat \u00e0 distance :<\/strong> Oui<\/li>\n<li><strong>Temp\u00e9rature de travail :<\/strong> -40 \u00e0 +65\u00baC (refroidissement par ventilateur)<\/li>\n<li><strong>Humidit\u00e9 (sans condensation) max :<\/strong> 95%<\/li>\n<li><strong>Mati\u00e8re et couleur :<\/strong> acier (bleu RAL 5012 ; et noir RAL 9017)<\/li>\n<li><strong>Cat\u00e9gorie de protection :<\/strong> IP 21<\/li>\n<li><strong>Connexion \u00e0 la batterie :<\/strong> 2+2 boulons M8<\/li>\n<li><strong>Connexion 230 VAC :<\/strong> Bornes \u00e0 vis<\/li>\n<li><strong>Poids :<\/strong> 29Kg<\/li>\n<li><strong>Dimensions :<\/strong> 595 x 295 x 160 mm<\/li>\n<li>Les connexions parall\u00e8les et triphas\u00e9es ne sont pas autoris\u00e9es.<\/li>\n<\/ul>\n<h2>Installation de l'onduleur Victron 24v 5000w<\/h2>\n<p><strong>Emplacement de l'onduleur 24v 220v<\/strong><\/p>\n<ul>\n<li>\u00c9vitez tout contact avec l'eau. N'exposez pas l'onduleur \u00e0 la pluie ou \u00e0 l'humidit\u00e9.<\/li>\n<li>L'installation doit se faire dans un endroit sec et bien ventil\u00e9.<\/li>\n<li>L'onduleur victron 5000w 24v doit \u00eatre plac\u00e9 sur une surface plane.<\/li>\n<li>Installez-les aussi pr\u00e8s que possible des batteries, mais jamais directement au-dessus d'elles.\n<ul>\n<li>La distance entre le produit et la batterie doit \u00eatre aussi courte que possible afin de minimiser la perte de tension dans les c\u00e2bles.<\/li>\n<\/ul>\n<\/li>\n<li>Un espace d'au moins 10 cm doit \u00eatre laiss\u00e9 autour de l'appareil pour le refroidissement.<\/li>\n<li>Si l'onduleur victron 24v 5000w devient trop chaud, il s'arr\u00eatera. Lorsque l'onduleur atteint un niveau de temp\u00e9rature s\u00fbr, l'unit\u00e9 red\u00e9marre automatiquement.<\/li>\n<li>Ne pas placer l'appareil \u00e0 la lumi\u00e8re directe du soleil. La temp\u00e9rature ambiante doit \u00eatre comprise entre -20\u00b0C et 40\u00b0C (humidit\u00e9 &lt; 95 % sans condensation).<\/li>\n<\/ul>\n<p><strong>Connexion \u00e0 la batterie<\/strong><\/p>\n<p>Il faut utiliser des batteries de capacit\u00e9 suffisante et des c\u00e2bles de batterie de section ad\u00e9quate. Il n'y a pas de fusible de s\u00e9curit\u00e9 \u00e0 l'int\u00e9rieur de l'onduleur, il faut donc installer un fusible de s\u00e9curit\u00e9 externe.<\/p>\n<ul>\n<li>Section de c\u00e2ble recommand\u00e9e en fonction de la longueur :\n<ul>\n<li>0-5 m : 1 x 90 mm\u00b2 0-5 m : 1 x 90 mm\u00b2 0-5 m : 1 x 90 mm\u00b2 0-5 m : 1 x 90 mm\u00b2 0-5 m : 1 x 90 mm<\/li>\n<li>5-10 m : 2 x 95 mm\u00b2 (2 x 95 mm\u00b2)\n<ul>\n<li>Un c\u00e2ble doit \u00eatre dimensionn\u00e9 pour supporter le courant nominal du fusible sans surchauffe.<\/li>\n<\/ul>\n<\/li>\n<li>Fusible requis pour l'onduleur victron 5000w 24v : 400A<\/li>\n<li>Capacit\u00e9 de la batterie : 300 - 1500 Ah<\/li>\n<\/ul>\n<\/li>\n<\/ul>\n<p>Branchez les c\u00e2bles de la batterie comme suit :<\/p>\n<ul>\n<li>Veuillez noter qu'une connexion \u00e0 polarit\u00e9 invers\u00e9e (+ vers - et - vers +) peut endommager l'onduleur.<\/li>\n<li>Connecter les c\u00e2bles de la batterie aux p\u00f4les + (rouge) et - (noir) de la batterie.<\/li>\n<li>Serrez fermement les connexions de la batterie, un couple maximum de 11 Nm est recommand\u00e9.<\/li>\n<\/ul>\n<p><strong>Connexion du panneau solaire<\/strong><\/p>\n<ul>\n<li>Notez que l'inversion de polarit\u00e9 des c\u00e2bles du panneau solaire peut endommager l'onduleur.<\/li>\n<li>Connecter les fils du panneau solaire aux bornes PV positive (rouge) et n\u00e9gative (noire).<\/li>\n<li>Fixer fermement les connexions PV. Une connexion serr\u00e9e r\u00e9duira autant que possible la r\u00e9sistance de contact.<\/li>\n<\/ul>\n<h2>Fiche technique et manuel pour le Victron Phoenix 24V Inverter 24V 5000VA Smart - PIN242501000<\/h2>\n<p><a href=\"https:\/\/fvcomponentes.com\/wp-content\/uploads\/2021\/08\/Datasheet-Phoenix-Inverter-Smart-1600VA-5000VA-ES.pdf\" target=\"_blank\" rel=\"noopener\">Voir la fiche technique Victron Phoenix 24V Inverter 24V 5000VA Smart - PIN242501000<\/a><\/p>\n<p><a href=\"https:\/\/fvcomponentes.com\/wp-content\/uploads\/2025\/02\/Manual-inversor-smart-Victron.pdf\" target=\"_blank\" rel=\"noopener\">Voir le manuel de l'onduleur Victron Phoenix 24V 24V 5000VA Smart - PIN242501000<\/a><\/p>","protected":false},"excerpt":{"rendered":"<ul class=\"specification\">\n<li><strong>Tension :<\/strong> 24V<\/li>\n<li><strong>Puissance continue :<\/strong> 5000VA<\/li>\n<li><strong>Puissance de cr\u00eate :<\/strong> 10000W<\/li>\n<li><strong>Poids : <\/strong>29 kg<\/li>\n<li><strong>Dimensions : <\/strong>595 x 295 x 160 mm<\/li>\n<\/ul>\n<p>&nbsp;<\/p>","protected":false},"featured_media":23360,"comment_status":"open","ping_status":"closed","template":"","meta":{"site-sidebar-layout":"default","site-content-layout":"","ast-site-content-layout":"default","site-content-style":"default","site-sidebar-style":"default","ast-global-header-display":"","ast-banner-title-visibility":"","ast-main-header-display":"","ast-hfb-above-header-display":"","ast-hfb-below-header-display":"","ast-hfb-mobile-header-display":"","site-post-title":"","ast-breadcrumbs-content":"","ast-featured-img":"","footer-sml-layout":"","ast-disable-related-posts":"","theme-transparent-header-meta":"default","adv-header-id-meta":"","stick-header-meta":"","header-above-stick-meta":"","header-main-stick-meta":"","header-below-stick-meta":"","astra-migrate-meta-layouts":"set","ast-page-background-enabled":"default","ast-page-background-meta":{"desktop":{"background-color":"var(--ast-global-color-4)","background-image":"","background-repeat":"repeat","background-position":"center center","background-size":"auto","background-attachment":"scroll","background-type":"","background-media":"","overlay-type":"","overlay-color":"","overlay-opacity":"","overlay-gradient":""},"tablet":{"background-color":"","background-image":"","background-repeat":"repeat","background-position":"center center","background-size":"auto","background-attachment":"scroll","background-type":"","background-media":"","overlay-type":"","overlay-color":"","overlay-opacity":"","overlay-gradient":""},"mobile":{"background-color":"","background-image":"","background-repeat":"repeat","background-position":"center center","background-size":"auto","background-attachment":"scroll","background-type":"","background-media":"","overlay-type":"","overlay-color":"","overlay-opacity":"","overlay-gradient":""}},"ast-content-background-meta":{"desktop":{"background-color":"var(--ast-global-color-5)","background-image":"","background-repeat":"repeat","background-position":"center center","background-size":"auto","background-attachment":"scroll","background-type":"","background-media":"","overlay-type":"","overlay-color":"","overlay-opacity":"","overlay-gradient":""},"tablet":{"background-color":"var(--ast-global-color-5)","background-image":"","background-repeat":"repeat","background-position":"center center","background-size":"auto","background-attachment":"scroll","background-type":"","background-media":"","overlay-type":"","overlay-color":"","overlay-opacity":"","overlay-gradient":""},"mobile":{"background-color":"var(--ast-global-color-5)","background-image":"","background-repeat":"repeat","background-position":"center center","background-size":"auto","background-attachment":"scroll","background-type":"","background-media":"","overlay-type":"","overlay-color":"","overlay-opacity":"","overlay-gradient":""}}},"pwb-brand":[332],"product_brand":[],"product_cat":[367,333],"product_tag":[],"class_list":{"0":"post-23358","1":"product","2":"type-product","3":"status-publish","4":"has-post-thumbnail","6":"pwb-brand-victron","7":"product_cat-inversores-24-v","8":"product_cat-inversores","9":"desktop-align-left","10":"tablet-align-left","11":"mobile-align-left","12":"ast-product-gallery-layout-horizontal-slider","13":"ast-product-tabs-layout-horizontal","15":"first","16":"instock","17":"taxable","18":"shipping-taxable","19":"purchasable","20":"product-type-simple"},"wcpa_form_fields":null,"brands":[{"id":332,"name":"Victron Energy","slug":"victron"}],"_links":{"self":[{"href":"https:\/\/fvcomponentes.com\/fr\/wp-json\/wp\/v2\/product\/23358","targetHints":{"allow":["GET"]}}],"collection":[{"href":"https:\/\/fvcomponentes.com\/fr\/wp-json\/wp\/v2\/product"}],"about":[{"href":"https:\/\/fvcomponentes.com\/fr\/wp-json\/wp\/v2\/types\/product"}],"replies":[{"embeddable":true,"href":"https:\/\/fvcomponentes.com\/fr\/wp-json\/wp\/v2\/comments?post=23358"}],"wp:featuredmedia":[{"embeddable":true,"href":"https:\/\/fvcomponentes.com\/fr\/wp-json\/wp\/v2\/media\/23360"}],"wp:attachment":[{"href":"https:\/\/fvcomponentes.com\/fr\/wp-json\/wp\/v2\/media?parent=23358"}],"wp:term":[{"taxonomy":"pwb-brand","embeddable":true,"href":"https:\/\/fvcomponentes.com\/fr\/wp-json\/wp\/v2\/pwb-brand?post=23358"},{"taxonomy":"product_brand","embeddable":true,"href":"https:\/\/fvcomponentes.com\/fr\/wp-json\/wp\/v2\/product_brand?post=23358"},{"taxonomy":"product_cat","embeddable":true,"href":"https:\/\/fvcomponentes.com\/fr\/wp-json\/wp\/v2\/product_cat?post=23358"},{"taxonomy":"product_tag","embeddable":true,"href":"https:\/\/fvcomponentes.com\/fr\/wp-json\/wp\/v2\/product_tag?post=23358"}],"curies":[{"name":"wp","href":"https:\/\/api.w.org\/{rel}","templated":true}]}}