{"id":23313,"date":"2025-02-18T17:49:44","date_gmt":"2025-02-18T16:49:44","guid":{"rendered":"https:\/\/fvcomponentes.com\/?post_type=product&#038;p=23313"},"modified":"2025-10-13T15:26:00","modified_gmt":"2025-10-13T13:26:00","slug":"chargeur-donduleur-24v-victron-multiplus-compact-24-1200-25-16-cmp242120000","status":"publish","type":"product","link":"https:\/\/fvcomponentes.com\/fr\/producto\/inversor-cargador-24v-victron-multiplus-compact-24-1200-25-16-cmp242120000\/","title":{"rendered":"Chargeur d'onduleur 24V Victron MultiPlus Compact 24\/1200 25A-16A - CMP242120000"},"content":{"rendered":"<h2>Caract\u00e9ristiques du chargeur onduleur 24V Victron MultiPlus Compact 24\/1200 25-16 - CMP242120000<\/h2>\n<p><strong>Deux prises de courant alternatif<\/strong><br \/>\nLe Victron MultiPlus dispose d'une sortie principale avec fonction \"no-break\", qui assure une alimentation continue des charges connect\u00e9es en cas de panne de courant ou de d\u00e9connexion du secteur ou du g\u00e9n\u00e9rateur. La commutation est si rapide (moins de 20 millisecondes) que les ordinateurs et autres appareils \u00e9lectroniques continuent de fonctionner sans interruption.<\/p>\n<p>La seconde sortie n'est activ\u00e9e que lorsque l'une des entr\u00e9es du Victron MultiPlus est aliment\u00e9e en courant alternatif. Elle est id\u00e9ale pour connecter des appareils qui ne doivent pas d\u00e9charger la batterie, comme un chauffe-eau. Cette deuxi\u00e8me sortie est disponible sur les mod\u00e8les de 3000VA ou plus.<\/p>\n<p><strong>Puissance modulable par connexion parall\u00e8le<\/strong><br \/>\nPour augmenter la puissance de sortie, jusqu'\u00e0 six unit\u00e9s MultiPlus du m\u00eame mod\u00e8le peuvent fonctionner en parall\u00e8le. Par exemple, six onduleurs Victron MultiPlus 24\/5000\/120 combin\u00e9s fournissent une puissance de 25 kW\/30 kVA et une capacit\u00e9 de charge de 720 A.<\/p>\n<p><strong>Capacit\u00e9 de fonctionnement triphas\u00e9<\/strong><br \/>\nOutre la connexion en parall\u00e8le, il est possible de configurer trois unit\u00e9s du m\u00eame mod\u00e8le multiplus compact pour g\u00e9n\u00e9rer une sortie triphas\u00e9e. Il est possible de connecter jusqu'\u00e0 six groupes de trois unit\u00e9s, ce qui permet d'obtenir une puissance de sortie de 75 kW\/90 kVA et une capacit\u00e9 de charge de plus de 2000 A.<\/p>\n<p><strong>PowerControl - Gestion de l'alimentation du g\u00e9n\u00e9rateur ou du r\u00e9seau<\/strong><br \/>\nLe Victron MultiPlus est un chargeur de batterie puissant qui peut tirer une quantit\u00e9 importante de courant du g\u00e9n\u00e9rateur ou du secteur du ponton. Gr\u00e2ce au panneau de contr\u00f4le Multi, il est possible de fixer une limite de courant \u00e0 partir du g\u00e9n\u00e9rateur ou de l'alimentation de quai. L'onduleur MultiPlus ajustera automatiquement sa consommation de courant pour \u00e9viter de surcharger l'alimentation \u00e9lectrique.<\/p>\n<p><strong>PowerAssist - Renforcement de la capacit\u00e9 \u00e9lectrique<\/strong><br \/>\nLa fonction PowerAssist permet au Victron MultiPlus de compl\u00e9ter la capacit\u00e9 de la source d'\u00e9nergie. En cas de pic de demande, le Victron MultiPlus compense automatiquement la diff\u00e9rence gr\u00e2ce \u00e0 l'\u00e9nergie stock\u00e9e dans la batterie. Lorsque la demande diminue, l'\u00e9nergie exc\u00e9dentaire est redirig\u00e9e vers la recharge de la batterie.<\/p>\n<p><strong>\u00c9nergie solaire : de l'\u00e9lectricit\u00e9 disponible m\u00eame en cas de panne de courant<\/strong><br \/>\nL'onduleur Victron MultiPlus peut \u00eatre install\u00e9 dans des syst\u00e8mes photovolta\u00efques connect\u00e9s au r\u00e9seau et hors r\u00e9seau, ainsi que dans d'autres syst\u00e8mes \u00e9lectriques alternatifs. Un logiciel de d\u00e9tection des pannes de courant est \u00e9galement disponible.<\/p>\n<p><strong>Configuration du syst\u00e8me<\/strong><\/p>\n<ul>\n<li>Dans les applications autonomes, la configuration peut \u00eatre modifi\u00e9e en quelques minutes \u00e0 l'aide de commutateurs DIP.<\/li>\n<li>Pour les applications parall\u00e8les ou triphas\u00e9es, les logiciels VE.Bus Quick Configure et VE.Bus System Configurator sont utilis\u00e9s.<\/li>\n<li>Dans les syst\u00e8mes hors r\u00e9seau, interactifs avec le r\u00e9seau ou d'autoconsommation, y compris les onduleurs de r\u00e9seau ou les chargeurs solaires MPPT, la configuration se fait par le biais d'assistants (logiciels sp\u00e9cialis\u00e9s).<\/li>\n<\/ul>\n<p><strong>Surveillance et contr\u00f4le sur place<\/strong><br \/>\nIl existe plusieurs options pour la surveillance et le contr\u00f4le du syst\u00e8me, telles que Battery Monitor, Multi Control Panel, Color Control GX et d'autres dispositifs. Il est \u00e9galement possible d'acc\u00e9der au syst\u00e8me \u00e0 partir d'appareils tels que des smartphones ou des tablettes via Bluetooth, ainsi qu'\u00e0 partir d'ordinateurs portables ou d'ordinateurs via USB ou RS232.<\/p>\n<p><strong>Surveillance et contr\u00f4le \u00e0 distance<\/strong><br \/>\nLe syst\u00e8me permet une surveillance \u00e0 distance via le Color Control GX et d'autres dispositifs, avec un stockage gratuit des donn\u00e9es sur le web VRM (Victron Remote Management).<\/p>\n<p><strong>Configuration \u00e0 distance<\/strong><br \/>\nSi le syst\u00e8me est connect\u00e9 \u00e0 Ethernet, il est possible d'acc\u00e9der aux donn\u00e9es et de modifier les param\u00e8tres \u00e0 distance via le Victron MultiPlus avec Color Control GX et d'autres appareils compatibles.<\/p>\n<h2>Chargeur d'onduleur 24V Victron MultiPlus Compact 24\/1200 25-16 Sp\u00e9cifications du chargeur d'onduleur<\/h2>\n<p><strong>Onduleur<\/strong><\/p>\n<ul>\n<li><strong>Plage de tension d'entr\u00e9e (VDC) :<\/strong> 9,5 - 17V 19 - 33V 38 - 66V<\/li>\n<li><strong>Tension de sortie :<\/strong> 230 VAC \u00b1 2%<\/li>\n<li><strong>Fr\u00e9quence :<\/strong> 50 Hz \u00b1 0,1% (1 )<\/li>\n<li><strong>Puissance de sortie cont. \u00e0 25\u00b0C :<\/strong> 1200VA<\/li>\n<li><strong>Puissance cont. \u00e0 25\u00baC :<\/strong> 1000W<\/li>\n<li><strong>Puissance de sortie cont. \u00e0 40\u00baC (W) :<\/strong> 900W<\/li>\n<li><strong>Puissance de sortie cont. \u00e0 65\u00baC (W) :<\/strong> 600W<\/li>\n<li><strong>Puissance de cr\u00eate :<\/strong> 2400W<\/li>\n<li><strong>Efficacit\u00e9 maximale :<\/strong> 94%<\/li>\n<li><strong>Consommation \u00e0 vide :<\/strong> 10W<\/li>\n<li><strong>Consommation \u00e0 vide en mode \u00e9conomique :<\/strong> 8W<\/li>\n<li><strong>Consommation \u00e0 vide en mode recherche :<\/strong> 3W<\/li>\n<\/ul>\n<p><strong>Chargeur<\/strong><\/p>\n<ul>\n<li><strong>Plage de tension d'entr\u00e9e :<\/strong> 187-265 VAC<\/li>\n<li><strong>Fr\u00e9quence d'entr\u00e9e :<\/strong> 45 - 65 Hz<\/li>\n<li><strong>Facteur de puissance :<\/strong> 1<\/li>\n<li><strong>Tension de charge de l'absorption (V DC) :<\/strong> 28,8<\/li>\n<li><strong>Tension de charge du \"flotteur\" (V DC) :<\/strong> 27,6<\/li>\n<li><strong>Mode stockage (VCC) : <\/strong>26,4<\/li>\n<li><strong>Courant de charge de la batterie auxiliaire :<\/strong> 25A<\/li>\n<li><strong>Courant de charge de la batterie de d\u00e9marrage :<\/strong> 4A<\/li>\n<li><strong>Capteur de temp\u00e9rature de la batterie<\/strong><\/li>\n<\/ul>\n<h2>Chargeur onduleur 24V Victron MultiPlus Compact 24\/1200 25-16 - CMP242120000 - Manuel et fiche technique<\/h2>\n<p><a href=\"https:\/\/fvcomponentes.com\/wp-content\/uploads\/2024\/01\/Datasheet-MultiPlus-inverter-charger-800VA-5kVA-ES.pdf\" target=\"_blank\" rel=\"noopener\">Voir la fiche technique du chargeur onduleur 24V Victron MultiPlus Compact 24\/1200 25-16 - CMP242120000<\/a><\/p>\n<p><a href=\"https:\/\/fvcomponentes.com\/wp-content\/uploads\/2025\/02\/Manual-Victron-Multiplus-Compact-12V-24V-800-1600VA.pdf\" target=\"_blank\" rel=\"noopener\">Voir le manuel du chargeur onduleur 24V Victron MultiPlus Compact 24\/1200 25-16 - CMP242120000<\/a><\/p>","protected":false},"excerpt":{"rendered":"<ul class=\"specification\">\n<li><strong>Tension de fonctionnement :<\/strong> 24V<\/li>\n<li><strong>Puissance continue \u00e0 25\u00ba : <\/strong>1200VA<\/li>\n<li><strong>Puissance de cr\u00eate : <\/strong>2400W<\/li>\n<li><strong>Courant de charge : <\/strong>25A<\/li>\n<\/ul>\n<p>La photographie du produit est fournie \u00e0 titre d'illustration uniquement et peut ne pas correspondre au produit r\u00e9el.<\/p>","protected":false},"featured_media":23316,"comment_status":"open","ping_status":"closed","template":"","meta":{"site-sidebar-layout":"default","site-content-layout":"","ast-site-content-layout":"default","site-content-style":"default","site-sidebar-style":"default","ast-global-header-display":"","ast-banner-title-visibility":"","ast-main-header-display":"","ast-hfb-above-header-display":"","ast-hfb-below-header-display":"","ast-hfb-mobile-header-display":"","site-post-title":"","ast-breadcrumbs-content":"","ast-featured-img":"","footer-sml-layout":"","ast-disable-related-posts":"","theme-transparent-header-meta":"default","adv-header-id-meta":"","stick-header-meta":"","header-above-stick-meta":"","header-main-stick-meta":"","header-below-stick-meta":"","astra-migrate-meta-layouts":"set","ast-page-background-enabled":"default","ast-page-background-meta":{"desktop":{"background-color":"var(--ast-global-color-4)","background-image":"","background-repeat":"repeat","background-position":"center center","background-size":"auto","background-attachment":"scroll","background-type":"","background-media":"","overlay-type":"","overlay-color":"","overlay-opacity":"","overlay-gradient":""},"tablet":{"background-color":"","background-image":"","background-repeat":"repeat","background-position":"center center","background-size":"auto","background-attachment":"scroll","background-type":"","background-media":"","overlay-type":"","overlay-color":"","overlay-opacity":"","overlay-gradient":""},"mobile":{"background-color":"","background-image":"","background-repeat":"repeat","background-position":"center center","background-size":"auto","background-attachment":"scroll","background-type":"","background-media":"","overlay-type":"","overlay-color":"","overlay-opacity":"","overlay-gradient":""}},"ast-content-background-meta":{"desktop":{"background-color":"var(--ast-global-color-5)","background-image":"","background-repeat":"repeat","background-position":"center center","background-size":"auto","background-attachment":"scroll","background-type":"","background-media":"","overlay-type":"","overlay-color":"","overlay-opacity":"","overlay-gradient":""},"tablet":{"background-color":"var(--ast-global-color-5)","background-image":"","background-repeat":"repeat","background-position":"center center","background-size":"auto","background-attachment":"scroll","background-type":"","background-media":"","overlay-type":"","overlay-color":"","overlay-opacity":"","overlay-gradient":""},"mobile":{"background-color":"var(--ast-global-color-5)","background-image":"","background-repeat":"repeat","background-position":"center center","background-size":"auto","background-attachment":"scroll","background-type":"","background-media":"","overlay-type":"","overlay-color":"","overlay-opacity":"","overlay-gradient":""}}},"pwb-brand":[332],"product_brand":[],"product_cat":[390,333],"product_tag":[],"class_list":{"0":"post-23313","1":"product","2":"type-product","3":"status-publish","4":"has-post-thumbnail","6":"pwb-brand-victron","7":"product_cat-inversores-cargadores-24v","8":"product_cat-inversores","9":"desktop-align-left","10":"tablet-align-left","11":"mobile-align-left","12":"ast-product-gallery-layout-horizontal-slider","13":"ast-product-tabs-layout-horizontal","15":"first","16":"instock","17":"taxable","18":"shipping-taxable","19":"purchasable","20":"product-type-simple"},"wcpa_form_fields":null,"brands":[{"id":332,"name":"Victron Energy","slug":"victron"}],"_links":{"self":[{"href":"https:\/\/fvcomponentes.com\/fr\/wp-json\/wp\/v2\/product\/23313","targetHints":{"allow":["GET"]}}],"collection":[{"href":"https:\/\/fvcomponentes.com\/fr\/wp-json\/wp\/v2\/product"}],"about":[{"href":"https:\/\/fvcomponentes.com\/fr\/wp-json\/wp\/v2\/types\/product"}],"replies":[{"embeddable":true,"href":"https:\/\/fvcomponentes.com\/fr\/wp-json\/wp\/v2\/comments?post=23313"}],"wp:featuredmedia":[{"embeddable":true,"href":"https:\/\/fvcomponentes.com\/fr\/wp-json\/wp\/v2\/media\/23316"}],"wp:attachment":[{"href":"https:\/\/fvcomponentes.com\/fr\/wp-json\/wp\/v2\/media?parent=23313"}],"wp:term":[{"taxonomy":"pwb-brand","embeddable":true,"href":"https:\/\/fvcomponentes.com\/fr\/wp-json\/wp\/v2\/pwb-brand?post=23313"},{"taxonomy":"product_brand","embeddable":true,"href":"https:\/\/fvcomponentes.com\/fr\/wp-json\/wp\/v2\/product_brand?post=23313"},{"taxonomy":"product_cat","embeddable":true,"href":"https:\/\/fvcomponentes.com\/fr\/wp-json\/wp\/v2\/product_cat?post=23313"},{"taxonomy":"product_tag","embeddable":true,"href":"https:\/\/fvcomponentes.com\/fr\/wp-json\/wp\/v2\/product_tag?post=23313"}],"curies":[{"name":"wp","href":"https:\/\/api.w.org\/{rel}","templated":true}]}}