{"id":23280,"date":"2025-02-18T16:39:57","date_gmt":"2025-02-18T15:39:57","guid":{"rendered":"https:\/\/fvcomponentes.com\/?post_type=product&#038;p=23280"},"modified":"2026-04-08T21:36:38","modified_gmt":"2026-04-08T19:36:38","slug":"onduleur-12v-victron-multiplus-compact-12v-1600va-70-16a-cmp122160000","status":"publish","type":"product","link":"https:\/\/fvcomponentes.com\/fr\/producto\/inversor-12v-victron-multiplus-compact-12v-1600va-70-16a-cmp122160000\/","title":{"rendered":"Chargeur d'onduleur 12V Victron Multiplus Compact 12V 1600VA 70A-16A - CMP122160000"},"content":{"rendered":"<h2>Caract\u00e9ristiques de l'onduleur 12V Victron Multiplus Compact 12V 1600VA 70-16A - CMP122160000<\/h2>\n<p><strong>Deux sorties AC<\/strong><br \/>\nLe MultiPlus poss\u00e8de deux sorties de courant alternatif (AC) :<\/p>\n<ul>\n<li>Sortie principale avec fonction \"no-break\" : en cas de panne de courant ou de d\u00e9connexion du r\u00e9seau ou du g\u00e9n\u00e9rateur, le multiplus garantit une alimentation ininterrompue des charges connect\u00e9es. La commutation s'effectue en moins de 20 millisecondes, de sorte que les ordinateurs et les \u00e9quipements \u00e9lectroniques continuent de fonctionner sans interruption.<\/li>\n<li>Deuxi\u00e8me sortie : disponible sur les mod\u00e8les d'une capacit\u00e9 nominale de 3 kVA ou plus, cette sortie n'est active que lorsque le victron multiplus est aliment\u00e9 en courant alternatif. Elle est id\u00e9ale pour connecter des appareils qui ne doivent pas d\u00e9charger la batterie, comme un chauffe-eau.<\/li>\n<\/ul>\n<p><strong>Puissance modulable gr\u00e2ce au fonctionnement en parall\u00e8le<\/strong><br \/>\nPour les applications plus exigeantes, jusqu'\u00e0 6 unit\u00e9s victron multiplus peuvent fonctionner en parall\u00e8le :<\/p>\n<ul>\n<li>Une puissance de sortie allant jusqu'\u00e0 25 kW\/30 kVA.<\/li>\n<li>Capacit\u00e9 de charge de 720 amp\u00e8res avec les mod\u00e8les 24\/5000\/120.<\/li>\n<\/ul>\n<p><strong>Capacit\u00e9 de fonctionnement triphas\u00e9<\/strong><br \/>\nEn plus de la connexion en parall\u00e8le, trois unit\u00e9s du m\u00eame mod\u00e8le d'onduleur victron multiplus peuvent \u00eatre configur\u00e9es pour une sortie triphas\u00e9e. Pour des exigences encore plus \u00e9lev\u00e9es, il est possible de connecter en parall\u00e8le jusqu'\u00e0 6 groupes de trois unit\u00e9s, ce qui permet d'obtenir une puissance de sortie de 75 kW \/ 90 kVA et une capacit\u00e9 de charge sup\u00e9rieure \u00e0 2000 A.<\/p>\n<p><strong>PowerControl - Gestion intelligente de l'\u00e9nergie<\/strong><br \/>\nL'onduleur\/chargeur multiplus 12v 1600va victron energy est un puissant chargeur de batterie, ce qui peut signifier une forte consommation de courant du g\u00e9n\u00e9rateur ou du r\u00e9seau de ponton (jusqu'\u00e0 10A par 5 kVA Multi \u00e0 230VAC). Le panneau de contr\u00f4le Multi permet de r\u00e9gler un courant maximum, garantissant que l'onduleur multiplus g\u00e8re intelligemment la puissance disponible.<\/p>\n<p><strong>PowerAssist - Augmenter la capacit\u00e9 \u00e9lectrique<\/strong><br \/>\nCette fonction \u00e9tend les capacit\u00e9s de PowerControl, de sorte que le victron multiplus compense le manque de puissance de la source alternative.<\/p>\n<ul>\n<li>En cas de forte demande, le Victron multiplus compl\u00e8te l'alimentation fournie par les panneaux solaires avec l'\u00e9nergie de la batterie.<\/li>\n<li>Lorsque la charge diminue, l'\u00e9nergie exc\u00e9dentaire est utilis\u00e9e pour recharger la batterie.<\/li>\n<\/ul>\n<p><strong>\u00c9nergie solaire : approvisionnement garanti m\u00eame en cas de panne de courant<\/strong><br \/>\nL'onduleur victron multiplus peut \u00eatre int\u00e9gr\u00e9 dans des syst\u00e8mes photovolta\u00efques connect\u00e9s au r\u00e9seau ou hors r\u00e9seau, assurant ainsi une alimentation \u00e9lectrique continue. Il est en outre \u00e9quip\u00e9 d'un logiciel de d\u00e9tection des pannes de courant.<\/p>\n<p><strong>Configuration du syst\u00e8me<\/strong><br \/>\nL'onduleur multiplus permet une configuration rapide et adaptable \u00e0 diff\u00e9rentes applications :<\/p>\n<ul>\n<li><strong>Applications autonomes :<\/strong> Configuration simple \u00e0 l'aide de commutateurs DIP.<\/li>\n<li><strong>Applications parall\u00e8les ou triphas\u00e9es :<\/strong> Utilisation des logiciels VE.Bus Quick Configure et VE.Bus System Configurator.<\/li>\n<li><strong>Autoconsommation ou syst\u00e8mes interactifs avec le r\u00e9seau :<\/strong> Configuration via des assistants (logiciel sp\u00e9cifique \u00e0 l'application).<\/li>\n<\/ul>\n<p><strong>Surveillance et contr\u00f4le sur place<\/strong><br \/>\nLe multiplus prend en charge plusieurs options locales de surveillance et de contr\u00f4le :<\/p>\n<ul>\n<li>Moniteur de batterie<\/li>\n<li>Panneau de contr\u00f4le multiple<\/li>\n<li>Contr\u00f4le des couleurs GX<\/li>\n<li>Appareils mobiles via Bluetooth Smart<\/li>\n<li>Ordinateurs portables via USB ou RS232<\/li>\n<\/ul>\n<p><strong>T\u00e9l\u00e9commande et configuration<\/strong><br \/>\nGr\u00e2ce au Color Control GX et \u00e0 d'autres appareils, il est possible d'acc\u00e9der aux donn\u00e9es et de modifier les param\u00e8tres du syst\u00e8me \u00e0 distance, et les donn\u00e9es peuvent \u00eatre stock\u00e9es et visualis\u00e9es sur le portail de t\u00e9l\u00e9gestion Victron (VRM), une plateforme gratuite de surveillance en nuage de Victron.<\/p>\n<h2>Caract\u00e9ristiques du Victron multiplus<\/h2>\n<p><strong>Onduleur<\/strong><\/p>\n<ul>\n<li><strong>Plage de tension d'entr\u00e9e (VDC) :<\/strong> 9,5 - 17V 19 - 33V 38 - 66V<\/li>\n<li><strong>Tension de sortie :<\/strong> 230 VAC \u00b1 2%<\/li>\n<li><strong>Fr\u00e9quence :<\/strong> 50 Hz \u00b1 0,1% (1 )<\/li>\n<li><strong>Puissance de sortie cont. \u00e0 25\u00b0C :<\/strong> 1600VA<\/li>\n<li><strong>Puissance cont. \u00e0 25\u00baC :<\/strong> 1300W<\/li>\n<li><strong>Puissance de sortie cont. \u00e0 40\u00baC (W) :<\/strong> 1200W<\/li>\n<li><strong>Puissance de sortie cont. \u00e0 65\u00baC (W) :<\/strong> 800W<\/li>\n<li><strong>Puissance de cr\u00eate :<\/strong> 3000W<\/li>\n<li><strong>Efficacit\u00e9 maximale :<\/strong> 93%<\/li>\n<li><strong>Consommation \u00e0 vide :<\/strong> 8W<\/li>\n<li><strong>Consommation \u00e0 vide en mode \u00e9conomique :<\/strong> 5W<\/li>\n<li><strong>Consommation \u00e0 vide en mode recherche :<\/strong> 3W<\/li>\n<\/ul>\n<p><strong>Chargeur<\/strong><\/p>\n<ul>\n<li><strong>Plage de tension d'entr\u00e9e :<\/strong> 187-265 VAC<\/li>\n<li><strong>Fr\u00e9quence d'entr\u00e9e :<\/strong> 45 - 65 Hz<\/li>\n<li><strong>Facteur de puissance :<\/strong> 1<\/li>\n<li><strong>Tension de charge de l'absorption (V DC) :<\/strong> 14,4<\/li>\n<li><strong>Tension de charge du \"flotteur\" (V DC) :<\/strong> 13,8<\/li>\n<li><strong>Mode stockage (VCC) :<\/strong> 13,2<\/li>\n<li><strong>Courant de charge de la batterie auxiliaire :<\/strong> 70A<\/li>\n<li><strong>Courant de charge de la batterie de d\u00e9marrage :<\/strong> 4A<\/li>\n<li><strong>Capteur de temp\u00e9rature de la batterie<\/strong><\/li>\n<\/ul>\n<h2>Onduleur 12V Victron Multiplus Compact 12V 1600VA 70-16A - CMP122160000 - Manuel et fiche technique<\/h2>\n<p><a href=\"https:\/\/fvcomponentes.com\/wp-content\/uploads\/2021\/10\/Datasheet-MultiPlus-inverter-charger-800VA-5kVA-ES.pdf\" target=\"_blank\" rel=\"noopener\">Voir la fiche technique de l'onduleur\/chargeur 12v 1600va multiplus de victron energy <\/a><\/p>\n<p><a href=\"https:\/\/fvcomponentes.com\/wp-content\/uploads\/2025\/02\/Manual-Victron-Multiplus-Compact-12V-24V-800-1600VA.pdf\" target=\"_blank\" rel=\"noopener\">Victron Multiplus Compact Inverter Manual 12V 1600VA 70-16A<\/a><\/p>","protected":false},"excerpt":{"rendered":"<ul class=\"specification\">\n<li><strong>Tension :<\/strong> 12V<\/li>\n<li><strong>Puissance continue : <\/strong>1600VA<\/li>\n<li><strong>Puissance de cr\u00eate :<\/strong> 3000W<\/li>\n<li><b>Courant de charge : <\/b>70A<\/li>\n<li><strong>Poids : <\/strong>10kg<\/li>\n<li><strong>Dimensions :<\/strong> 375 x 214 x 110 mm<\/li>\n<\/ul>","protected":false},"featured_media":23296,"comment_status":"open","ping_status":"closed","template":"","meta":{"site-sidebar-layout":"default","site-content-layout":"","ast-site-content-layout":"default","site-content-style":"default","site-sidebar-style":"default","ast-global-header-display":"","ast-banner-title-visibility":"","ast-main-header-display":"","ast-hfb-above-header-display":"","ast-hfb-below-header-display":"","ast-hfb-mobile-header-display":"","site-post-title":"","ast-breadcrumbs-content":"","ast-featured-img":"","footer-sml-layout":"","ast-disable-related-posts":"","theme-transparent-header-meta":"default","adv-header-id-meta":"","stick-header-meta":"","header-above-stick-meta":"","header-main-stick-meta":"","header-below-stick-meta":"","astra-migrate-meta-layouts":"set","ast-page-background-enabled":"default","ast-page-background-meta":{"desktop":{"background-color":"var(--ast-global-color-4)","background-image":"","background-repeat":"repeat","background-position":"center center","background-size":"auto","background-attachment":"scroll","background-type":"","background-media":"","overlay-type":"","overlay-color":"","overlay-opacity":"","overlay-gradient":""},"tablet":{"background-color":"","background-image":"","background-repeat":"repeat","background-position":"center center","background-size":"auto","background-attachment":"scroll","background-type":"","background-media":"","overlay-type":"","overlay-color":"","overlay-opacity":"","overlay-gradient":""},"mobile":{"background-color":"","background-image":"","background-repeat":"repeat","background-position":"center center","background-size":"auto","background-attachment":"scroll","background-type":"","background-media":"","overlay-type":"","overlay-color":"","overlay-opacity":"","overlay-gradient":""}},"ast-content-background-meta":{"desktop":{"background-color":"var(--ast-global-color-5)","background-image":"","background-repeat":"repeat","background-position":"center center","background-size":"auto","background-attachment":"scroll","background-type":"","background-media":"","overlay-type":"","overlay-color":"","overlay-opacity":"","overlay-gradient":""},"tablet":{"background-color":"var(--ast-global-color-5)","background-image":"","background-repeat":"repeat","background-position":"center center","background-size":"auto","background-attachment":"scroll","background-type":"","background-media":"","overlay-type":"","overlay-color":"","overlay-opacity":"","overlay-gradient":""},"mobile":{"background-color":"var(--ast-global-color-5)","background-image":"","background-repeat":"repeat","background-position":"center center","background-size":"auto","background-attachment":"scroll","background-type":"","background-media":"","overlay-type":"","overlay-color":"","overlay-opacity":"","overlay-gradient":""}}},"pwb-brand":[332],"product_brand":[],"product_cat":[388,333],"product_tag":[],"class_list":{"0":"post-23280","1":"product","2":"type-product","3":"status-publish","4":"has-post-thumbnail","6":"pwb-brand-victron","7":"product_cat-inversores-cargadores-12v","8":"product_cat-inversores","9":"desktop-align-left","10":"tablet-align-left","11":"mobile-align-left","12":"ast-product-gallery-layout-horizontal-slider","13":"ast-product-tabs-layout-horizontal","15":"first","16":"instock","17":"taxable","18":"shipping-taxable","19":"purchasable","20":"product-type-simple"},"wcpa_form_fields":null,"brands":[{"id":332,"name":"Victron Energy","slug":"victron"}],"_links":{"self":[{"href":"https:\/\/fvcomponentes.com\/fr\/wp-json\/wp\/v2\/product\/23280","targetHints":{"allow":["GET"]}}],"collection":[{"href":"https:\/\/fvcomponentes.com\/fr\/wp-json\/wp\/v2\/product"}],"about":[{"href":"https:\/\/fvcomponentes.com\/fr\/wp-json\/wp\/v2\/types\/product"}],"replies":[{"embeddable":true,"href":"https:\/\/fvcomponentes.com\/fr\/wp-json\/wp\/v2\/comments?post=23280"}],"wp:featuredmedia":[{"embeddable":true,"href":"https:\/\/fvcomponentes.com\/fr\/wp-json\/wp\/v2\/media\/23296"}],"wp:attachment":[{"href":"https:\/\/fvcomponentes.com\/fr\/wp-json\/wp\/v2\/media?parent=23280"}],"wp:term":[{"taxonomy":"pwb-brand","embeddable":true,"href":"https:\/\/fvcomponentes.com\/fr\/wp-json\/wp\/v2\/pwb-brand?post=23280"},{"taxonomy":"product_brand","embeddable":true,"href":"https:\/\/fvcomponentes.com\/fr\/wp-json\/wp\/v2\/product_brand?post=23280"},{"taxonomy":"product_cat","embeddable":true,"href":"https:\/\/fvcomponentes.com\/fr\/wp-json\/wp\/v2\/product_cat?post=23280"},{"taxonomy":"product_tag","embeddable":true,"href":"https:\/\/fvcomponentes.com\/fr\/wp-json\/wp\/v2\/product_tag?post=23280"}],"curies":[{"name":"wp","href":"https:\/\/api.w.org\/{rel}","templated":true}]}}