{"id":23270,"date":"2025-02-18T08:32:55","date_gmt":"2025-02-18T07:32:55","guid":{"rendered":"https:\/\/fvcomponentes.com\/?post_type=product&#038;p=23270"},"modified":"2026-04-04T12:50:39","modified_gmt":"2026-04-04T10:50:39","slug":"onduleur-12v-victron-victron-phoenix-compact-12v-1600va-cin122160000","status":"publish","type":"product","link":"https:\/\/fvcomponentes.com\/fr\/producto\/inversor-12v-victron-phoenix-compact-12v-1600va-cin122160000\/","title":{"rendered":"Onduleur 12V Victron Phoenix Compact 12V 1600VA - CIN122160000"},"content":{"rendered":"<h2>Caract\u00e9ristiques Onduleur 12V Victron Phoenix Compact 12V 1600VA - CIN122160000<\/h2>\n<p>L'onduleur compact 12V Victron Phoenix 12V 1600VA - CIN122160000 a \u00e9t\u00e9 d\u00e9velopp\u00e9 pour les applications professionnelles, offrant une onde sinuso\u00efdale pure et un rendement \u00e9lev\u00e9 sans compromettre les performances. Sa technologie hybride haute fr\u00e9quence garantit une unit\u00e9 compacte et l\u00e9g\u00e8re, capable d'alimenter n'importe quelle charge sans inconv\u00e9nient.<\/p>\n<p><strong>Puissance de d\u00e9marrage \u00e9lev\u00e9e<\/strong><\/p>\n<p>Gr\u00e2ce \u00e0 la technologie SinusMax, l'onduleur Phoenix 12V 1600VA fournit une puissance de d\u00e9marrage exceptionnelle, id\u00e9ale pour les charges exigeantes telles que les r\u00e9frig\u00e9rateurs, les compresseurs et les moteurs \u00e9lectriques.<\/p>\n<p><strong>\u00c9volutivit\u00e9 : fonctionnement en parall\u00e8le et en triphas\u00e9<\/strong><\/p>\n<ul>\n<li>Jusqu'\u00e0 6 unit\u00e9s de cet onduleur Phoenix peuvent \u00eatre connect\u00e9es en parall\u00e8le pour augmenter la puissance de sortie.<\/li>\n<li>Il peut \u00e9galement \u00eatre configur\u00e9 en mode triphas\u00e9.<\/li>\n<li>Exemple : six unit\u00e9s 24\/5000 g\u00e9n\u00e8rent une puissance de sortie de 24 kW \/ 30 kVA.<\/li>\n<\/ul>\n<p><strong> Interface de communication intelligente<\/strong><\/p>\n<ul>\n<li>Comprend un port VE.Bus pour une connexion PC via l'adaptateur MK3-USB VE.Bus vers USB.<\/li>\n<li>Compatible avec les logiciels VictronConnect et VEConfigure.<\/li>\n<li>Permet de personnaliser les param\u00e8tres tels que la tension, la fr\u00e9quence et les r\u00e9glages de protection.<\/li>\n<li>Compatible avec les dispositifs GX (Cerbo GX, entre autres) pour la surveillance et le contr\u00f4le \u00e0 distance.<\/li>\n<\/ul>\n<p><strong>Applications recommand\u00e9es<\/strong><\/p>\n<ul>\n<li>Syst\u00e8mes d'\u00e9nergie solaire<\/li>\n<li>Installations industrielles<\/li>\n<li>V\u00e9hicules et navires<\/li>\n<li>\u00c9quipements \u00e9lectroniques sensibles<\/li>\n<\/ul>\n<h2>Victron Phoenix Compact 12V Onduleur 12V 1600VA Sp\u00e9cifications de l'onduleur<\/h2>\n<ul>\n<li>Permet un fonctionnement en parall\u00e8le et en triphas\u00e9.<\/li>\n<li><strong>Plage de tension d'entr\u00e9e (V DC) :<\/strong> 9,5 - 17V 19 - 33V 38 - 66V<\/li>\n<li><strong>Sortie :<\/strong> 230V \u00b1 2% \/ 50\/60Hz \u00b1 0,1% (1)<\/li>\n<li><strong>Puissance cont. sortie 25\u00baC :<\/strong> 1600VA<\/li>\n<li><strong>Puissance cont. sortie 25\u00baC :<\/strong> 1300W<\/li>\n<li><strong>Puissance de sortie cont. 40\u00baC :<\/strong> 1200W<\/li>\n<li><strong>Puissance cont. sortie 65\u00baC :<\/strong> 800W<\/li>\n<li><strong>Puissance de cr\u00eate :<\/strong> 3000W<\/li>\n<li><strong>Efficacit\u00e9 maximale<\/strong> 92%<\/li>\n<li><strong>Consommation \u00e0 vide :<\/strong> 8W<\/li>\n<li><strong>Pas de consommation de charge en mode AES :<\/strong> 5W<\/li>\n<li><strong>Consommation \u00e0 vide Mode de recherche :<\/strong> 2W<\/li>\n<li><strong>Relais programmable<\/strong><\/li>\n<li><strong>Protection :<\/strong> a - g<\/li>\n<li><strong>VE.Port de communication du bus :<\/strong> Pour le fonctionnement en parall\u00e8le et en triphas\u00e9, la t\u00e9l\u00e9surveillance et l'int\u00e9gration des syst\u00e8mes<\/li>\n<li><strong>Marche\/Arr\u00eat \u00e0 distance<\/strong><\/li>\n<li><strong>Temp\u00e9rature de fonctionnement :<\/strong> -40 \u00e0 +65\u00b0C (refroidissement par ventilateur)<\/li>\n<li><strong>Humidit\u00e9 (sans condensation) :<\/strong> Max. 95%<\/li>\n<li><strong>Type de protection :<\/strong> IP21<\/li>\n<li><strong>Connexions de la batterie :<\/strong> C\u00e2bles de batterie de 1,5 m\u00e8tre<\/li>\n<li><strong>Connexions 230 V AC :<\/strong> Fiche G-ST18i<\/li>\n<li><strong>Poids :<\/strong> 10Kg<\/li>\n<li><strong>Dimensions :<\/strong> 375 x 214 x 110 mm<\/li>\n<\/ul>\n<h2>Connexion parall\u00e8le<\/h2>\n<ul>\n<li>Jusqu'\u00e0 6 unit\u00e9s Phoenix Compact 12V 1600VA peuvent \u00eatre connect\u00e9es, un c\u00e2ble RJ45 UTP standard est utilis\u00e9 pour les connecter ensemble.<\/li>\n<li>Seuls des appareils identiques peuvent \u00eatre connect\u00e9s en parall\u00e8le.<\/li>\n<li>Les c\u00e2bles de connexion DC des appareils doivent avoir la m\u00eame longueur et la m\u00eame section.<\/li>\n<li>Si un point de distribution CC n\u00e9gatif et positif est utilis\u00e9, la section des c\u00e2bles reliant les batteries et le point de distribution CC doit \u00eatre au moins \u00e9gale \u00e0 la somme des sections des c\u00e2bles n\u00e9cessaires aux connexions entre le point de distribution et les onduleurs.<\/li>\n<li>Placez les onduleurs ensemble en laissant au moins 10 cm pour la ventilation en dessous, au-dessus et \u00e0 c\u00f4t\u00e9 des unit\u00e9s.<\/li>\n<li>Les c\u00e2bles UTP doivent \u00eatre connect\u00e9s directement d'une unit\u00e9 \u00e0 l'autre (et au panneau distant). Les bo\u00eetes de jonction\/s\u00e9paration ne sont pas autoris\u00e9es.<\/li>\n<li>Une seule t\u00e9l\u00e9commande (panneau ou interrupteur) peut \u00eatre connect\u00e9e au syst\u00e8me.<\/li>\n<\/ul>\n<h2>Fonctionnement triphas\u00e9<\/h2>\n<p>Cet onduleur permet une configuration triphas\u00e9e en \u00e9toile (Y). Le Phoenix Compact 12V 1600VA ne convient pas \u00e0 une configuration triphas\u00e9e en triangle (\u0394), mais il est connect\u00e9 entre les appareils via des c\u00e2bles RJ45 UTP standard (comme pour le fonctionnement en parall\u00e8le).<\/p>\n<h2>Fiche technique Onduleur 12V Victron Phoenix Compact 12V 1600VA - CIN122160000<\/h2>\n<p><a href=\"https:\/\/fvcomponentes.com\/wp-content\/uploads\/2021\/08\/inversor-compact.pdf\" target=\"_blank\" rel=\"noopener\">Voir la fiche technique de l'onduleur Victron Phoenix Compact 12V 12V 1600VA<\/a><\/p>\n<p><a href=\"https:\/\/fvcomponentes.com\/wp-content\/uploads\/2025\/02\/Manual-Phoenix-Compact-12V-24V-1200-1600.pdf\" target=\"_blank\" rel=\"noopener\">Voir le manuel de l'onduleur Victron Phoenix Compact 12V 12V 1600VA<\/a><\/p>","protected":false},"excerpt":{"rendered":"<ul class=\"specification\">\n<li><strong>La tension :<\/strong> 12V<\/li>\n<li><strong>Puissance continue : <\/strong>1600VA<\/li>\n<li><strong>Puissance de cr\u00eate :<\/strong> 3000W<\/li>\n<li><strong>Fonctionnement en parall\u00e8le <\/strong><\/li>\n<li><strong>Fonctionnement triphas\u00e9.\u00a0<\/strong><\/li>\n<\/ul>","protected":false},"featured_media":23274,"comment_status":"open","ping_status":"closed","template":"","meta":{"site-sidebar-layout":"default","site-content-layout":"","ast-site-content-layout":"default","site-content-style":"default","site-sidebar-style":"default","ast-global-header-display":"","ast-banner-title-visibility":"","ast-main-header-display":"","ast-hfb-above-header-display":"","ast-hfb-below-header-display":"","ast-hfb-mobile-header-display":"","site-post-title":"","ast-breadcrumbs-content":"","ast-featured-img":"","footer-sml-layout":"","ast-disable-related-posts":"","theme-transparent-header-meta":"default","adv-header-id-meta":"","stick-header-meta":"","header-above-stick-meta":"","header-main-stick-meta":"","header-below-stick-meta":"","astra-migrate-meta-layouts":"set","ast-page-background-enabled":"default","ast-page-background-meta":{"desktop":{"background-color":"var(--ast-global-color-4)","background-image":"","background-repeat":"repeat","background-position":"center center","background-size":"auto","background-attachment":"scroll","background-type":"","background-media":"","overlay-type":"","overlay-color":"","overlay-opacity":"","overlay-gradient":""},"tablet":{"background-color":"","background-image":"","background-repeat":"repeat","background-position":"center center","background-size":"auto","background-attachment":"scroll","background-type":"","background-media":"","overlay-type":"","overlay-color":"","overlay-opacity":"","overlay-gradient":""},"mobile":{"background-color":"","background-image":"","background-repeat":"repeat","background-position":"center center","background-size":"auto","background-attachment":"scroll","background-type":"","background-media":"","overlay-type":"","overlay-color":"","overlay-opacity":"","overlay-gradient":""}},"ast-content-background-meta":{"desktop":{"background-color":"var(--ast-global-color-5)","background-image":"","background-repeat":"repeat","background-position":"center center","background-size":"auto","background-attachment":"scroll","background-type":"","background-media":"","overlay-type":"","overlay-color":"","overlay-opacity":"","overlay-gradient":""},"tablet":{"background-color":"var(--ast-global-color-5)","background-image":"","background-repeat":"repeat","background-position":"center center","background-size":"auto","background-attachment":"scroll","background-type":"","background-media":"","overlay-type":"","overlay-color":"","overlay-opacity":"","overlay-gradient":""},"mobile":{"background-color":"var(--ast-global-color-5)","background-image":"","background-repeat":"repeat","background-position":"center center","background-size":"auto","background-attachment":"scroll","background-type":"","background-media":"","overlay-type":"","overlay-color":"","overlay-opacity":"","overlay-gradient":""}}},"pwb-brand":[332],"product_brand":[],"product_cat":[364,333],"product_tag":[],"class_list":{"0":"post-23270","1":"product","2":"type-product","3":"status-publish","4":"has-post-thumbnail","6":"pwb-brand-victron","7":"product_cat-inversores-12-v","8":"product_cat-inversores","9":"desktop-align-left","10":"tablet-align-left","11":"mobile-align-left","12":"ast-product-gallery-layout-horizontal-slider","13":"ast-product-tabs-layout-horizontal","15":"first","16":"instock","17":"taxable","18":"shipping-taxable","19":"purchasable","20":"product-type-simple"},"wcpa_form_fields":null,"brands":[{"id":332,"name":"Victron Energy","slug":"victron"}],"_links":{"self":[{"href":"https:\/\/fvcomponentes.com\/fr\/wp-json\/wp\/v2\/product\/23270","targetHints":{"allow":["GET"]}}],"collection":[{"href":"https:\/\/fvcomponentes.com\/fr\/wp-json\/wp\/v2\/product"}],"about":[{"href":"https:\/\/fvcomponentes.com\/fr\/wp-json\/wp\/v2\/types\/product"}],"replies":[{"embeddable":true,"href":"https:\/\/fvcomponentes.com\/fr\/wp-json\/wp\/v2\/comments?post=23270"}],"wp:featuredmedia":[{"embeddable":true,"href":"https:\/\/fvcomponentes.com\/fr\/wp-json\/wp\/v2\/media\/23274"}],"wp:attachment":[{"href":"https:\/\/fvcomponentes.com\/fr\/wp-json\/wp\/v2\/media?parent=23270"}],"wp:term":[{"taxonomy":"pwb-brand","embeddable":true,"href":"https:\/\/fvcomponentes.com\/fr\/wp-json\/wp\/v2\/pwb-brand?post=23270"},{"taxonomy":"product_brand","embeddable":true,"href":"https:\/\/fvcomponentes.com\/fr\/wp-json\/wp\/v2\/product_brand?post=23270"},{"taxonomy":"product_cat","embeddable":true,"href":"https:\/\/fvcomponentes.com\/fr\/wp-json\/wp\/v2\/product_cat?post=23270"},{"taxonomy":"product_tag","embeddable":true,"href":"https:\/\/fvcomponentes.com\/fr\/wp-json\/wp\/v2\/product_tag?post=23270"}],"curies":[{"name":"wp","href":"https:\/\/api.w.org\/{rel}","templated":true}]}}