{"id":22965,"date":"2025-02-06T13:02:04","date_gmt":"2025-02-06T12:02:04","guid":{"rendered":"https:\/\/fvcomponentes.com\/?post_type=product&#038;p=22965"},"modified":"2026-04-08T21:28:02","modified_gmt":"2026-04-08T19:28:02","slug":"regulateur-bluesolar-victron-pwm-lcd-et-usb-12-24v-10a-scc010010050","status":"publish","type":"product","link":"https:\/\/fvcomponentes.com\/fr\/producto\/regulador-bluesolar-victron-pwm-lcd-y-usb-12-24v-10a-scc010010050\/","title":{"rendered":"BlueSolar Victron Contr\u00f4leur PWM-LCD et USB 12\/24V-10A - SCC010010050"},"content":{"rendered":"<h2>BlueSolar Victron Contr\u00f4leur PWM-LCD et USB 12\/24V-10A - SCC010010050<\/h2>\n<ul>\n<li><strong>\u00c9cran \u00e0 cristaux liquides : <\/strong>Permet la surveillance et la configuration de l'\u00e9quipement.<\/li>\n<li><strong>Sortie de charge : <\/strong>Pour \u00e9viter que la batterie ne se d\u00e9charge trop, connectez toutes les charges \u00e0 la sortie de charge. Cette sortie d\u00e9connecte la charge lorsque la batterie a \u00e9t\u00e9 d\u00e9charg\u00e9e jusqu'\u00e0 une tension pr\u00e9d\u00e9finie. Il est pr\u00e9f\u00e9rable de connecter certaines charges (en particulier les onduleurs) directement \u00e0 la batterie, et la t\u00e9l\u00e9commande de l'onduleur \u00e0 la sortie de la charge. Les tensions de connexion et de d\u00e9connexion sont r\u00e9glables.<\/li>\n<li><strong>Programmation jour\/nuit de la sortie de charge : <\/strong>Cette option permet de pr\u00e9r\u00e9gler l'heure de mise en marche apr\u00e8s le cr\u00e9puscule.<\/li>\n<li><strong>Algorithme de charge de la batterie programmable : <\/strong>Algorithmes pr\u00e9programm\u00e9s pour les batteries AGM, GEL, inond\u00e9es ou LiFePO4 (seulement celles avec BMS interne).<\/li>\n<li><strong>Deux sorties USB de 5 volts :<\/strong> Courant maximal (les deux sorties ensemble) : 2A<\/li>\n<\/ul>\n<h2>Contr\u00f4leur BlueSolar Victron PWM-LCD et USB 12\/24V-10A Sp\u00e9cifications du contr\u00f4leur BlueSolar PWM-LCD<\/h2>\n<ul>\n<li><strong>Tension de la batterie :<\/strong>\u00a0 12\/24 V avec d\u00e9tection automatique de la tension d'entr\u00e9e<\/li>\n<li><strong>Courant de charge nominal :<\/strong> 10A<\/li>\n<li><strong>D\u00e9connexion automatique des charges :<\/strong> Oui<\/li>\n<li><strong>Tension solaire maximale :<\/strong> 28V \/ 55V<\/li>\n<li><strong>Autoconsommation :<\/strong> &lt; 10 mA<\/li>\n<li><strong>Sortie de charge :<\/strong> Commande manuelle + coupure \u00e0 minimum de tension + minuterie<\/li>\n<li><strong>Protection :<\/strong>\n<ul>\n<li>Inversion de la polarit\u00e9 de la batterie (fusible)<\/li>\n<li>Court-circuit de sortie<\/li>\n<li>Surchauffe<\/li>\n<\/ul>\n<\/li>\n<li><strong>Protection contre les surcharges :<\/strong>\n<ul>\n<li>Arr\u00eat apr\u00e8s 60 s en cas d'atteinte de la charge 130%<\/li>\n<li>Arr\u00eat apr\u00e8s 5 s si la charge 160% est atteinte<\/li>\n<li>D\u00e9connexion imm\u00e9diate en cas de court-circuit<\/li>\n<\/ul>\n<\/li>\n<li><strong>Mise \u00e0 la terre :<\/strong> Positif commun<\/li>\n<li><strong>Plage de temp\u00e9rature de fonctionnement :<\/strong> -35 \u00e0 +60\u00b0C (pleine charge)<\/li>\n<li><strong>Humidit\u00e9 (sans condensation) :<\/strong> Max. 95%<\/li>\n<\/ul>\n<h3>Batterie<\/h3>\n<ul>\n<li><strong>Tension de charge \"absorption\" :<\/strong> R\u00e9glage d'usine : 14,4V \/ 28,8V<\/li>\n<li><strong>Tension de charge \"flottante\" :<\/strong> R\u00e9glage d'usine : 13,7V \/ 27,4V<\/li>\n<li><strong>D\u00e9connexion de la charge en raison d'une basse tension :<\/strong> R\u00e9glage d'usine : 11,2V \/ 22,4V<\/li>\n<li><strong>Reconnexion de la charge en raison d'une basse tension :<\/strong> R\u00e9glage d'usine : 12,6V \/ 25,2<\/li>\n<\/ul>\n<h2>Installation du contr\u00f4leur BlueSolar Victron PWM-LCD et USB 12\/24V-10A<\/h2>\n<p>Tout d'abord, les batteries doivent \u00eatre connect\u00e9es de mani\u00e8re \u00e0 ce que le r\u00e9gulateur reconnaisse la tension du syst\u00e8me. Utilisez des panneaux solaires 12V (36 cellules) pour les syst\u00e8mes 12V et des panneaux solaires 24V (72 cellules) pour les syst\u00e8mes 24V.<\/p>\n<p><strong>Mesures \u00e0 prendre :<\/strong><\/p>\n<ol>\n<li>Connecter la batterie - positif et n\u00e9gatif.<\/li>\n<li>Connecter les panneaux solaires - positif et n\u00e9gatif.<\/li>\n<li>Connecter la charge consommatrice - positive et n\u00e9gative.<\/li>\n<\/ol>\n<p>Lors de la d\u00e9sinstallation, les m\u00eames \u00e9tapes doivent \u00eatre suivies dans l'ordre inverse. Si l'ordre est diff\u00e9rent, le r\u00e9gulateur de charge BlueSolar PWM peut \u00eatre endommag\u00e9.<\/p>\n<p><strong>Il convient de le rappeler :<\/strong><\/p>\n<ul>\n<li>La batterie doit \u00eatre charg\u00e9e pour que le r\u00e9gulateur de charge BlueSolar PWM reconnaisse le type de batterie.<\/li>\n<li>Le c\u00e2ble de la batterie doit \u00eatre aussi court que possible pour r\u00e9duire les pertes.<\/li>\n<li>Ce r\u00e9gulateur ne convient qu'aux batteries plomb-acide et LiFePO4.<\/li>\n<li>Le r\u00e9gulateur de charge BlueSolar PWM convient uniquement \u00e0 la r\u00e9gulation des panneaux solaires. Aucune autre source de charge ne peut \u00eatre connect\u00e9e.<\/li>\n<\/ul>\n<p><strong>L'image suivante montre les \u00e9l\u00e9ments de l'\u00e9cran :<\/strong><\/p>\n<p><img fetchpriority=\"high\" decoding=\"async\" class=\"size-full wp-image-22981\" src=\"https:\/\/fvcomponentes.com\/wp-content\/uploads\/2025\/02\/Imagen-pantalla-Regulador-BlueSolar-Victron-PWM-LCD-y-USB.png\" alt=\"Image d&#039;\u00e9cran du contr\u00f4leur BlueSolar Victron PWM-LCD et USB BlueSolar Victron PWM-LCD et USB\" width=\"697\" height=\"339\" title=\"\"><\/p>\n<p><strong>Surveillance et configuration<\/strong><\/p>\n<ul>\n<li>Affichage au d\u00e9marrage : lorsque la batterie est connect\u00e9e, l'\u00e9cran affiche le mod\u00e8le de chargeur solaire et la tension du syst\u00e8me reconnue par le chargeur solaire.\n<ul>\n<li>Le code 110 correspond au contr\u00f4leur de charge BlueSolar PWM - LCD - USB 12V|10A<\/li>\n<li>Le code 210 correspond au contr\u00f4leur de charge BlueSolar PWM - LCD - USB 24V|10A<\/li>\n<\/ul>\n<\/li>\n<li>Affichage principal : tension de la batterie, \u00e9tat de charge de la batterie, quantit\u00e9 de charge et de d\u00e9charge.\n<ul>\n<li>Appuyez sur la touche MENU pendant plusieurs secondes jusqu'\u00e0 ce que l'\u00e9cran clignote et que vous acc\u00e9diez \u00e0 diff\u00e9rents \u00e9crans pour effectuer des modifications :\n<ul>\n<li>Type de batterie.<\/li>\n<li>D\u00e9connexion de la basse tension.\n<ul>\n<li>Le r\u00e9glage d'usine est de 11,2V<\/li>\n<\/ul>\n<\/li>\n<li>Reconnexion basse tension\n<ul>\n<li>Le r\u00e9glage d'usine est une batterie de 12,6V.<\/li>\n<\/ul>\n<\/li>\n<li>Affichage du courant de charge : courant PV vers la batterie et \u00e9tat de charge de la batterie.<\/li>\n<li>Ajustement de la production des consommateurs de charge.\n<ul>\n<li>Le r\u00e9glage d'usine est de 24 heures (sortie de charge toujours active).<\/li>\n<\/ul>\n<\/li>\n<li>Ajustement de la production des consommateurs de charge.<\/li>\n<li>Niveau d'activation.<\/li>\n<li>Activation retard\u00e9e.<\/li>\n<li>R\u00e9glage de la protection contre les courts-circuits.<\/li>\n<li>Affichage du courant de d\u00e9charge.<\/li>\n<li>Affichage de la tension USB.<\/li>\n<li>Temp\u00e9rature interne du contr\u00f4leur.<\/li>\n<\/ul>\n<\/li>\n<\/ul>\n<\/li>\n<\/ul>\n<h2>Fiche technique et manuel pour BlueSolar Victron PWM-LCD and USB 12\/24V-10A Controller - SCC010010050<\/h2>\n<p><a href=\"https:\/\/fvcomponentes.com\/wp-content\/uploads\/2023\/03\/BlueSolar-LCD-12-24V-LCDUSB-ES.pdf\" target=\"_blank\" rel=\"noopener\">Voir la fiche technique du contr\u00f4leur BlueSolar Victron PWM-LCD et USB 12\/24V-10A - SCC010010050<\/a><\/p>\n<p><a href=\"https:\/\/fvcomponentes.com\/wp-content\/uploads\/2025\/02\/Manual-Regulador-BlueSolar-Victron-PWM-LCD-y-USB.pdf\" target=\"_blank\" rel=\"noopener\">Voir le manuel du BlueSolar Victron PWM-LCD and USB 12\/24V-10A Controller - SCC010010050<\/a><\/p>","protected":false},"excerpt":{"rendered":"<p><strong>Tension de la batterie :<\/strong> 12\/24V avec d\u00e9tection automatique de la tension d'entr\u00e9e<br \/>\n<strong>Courant de charge nominal :<\/strong> 10A<br \/>\n<strong>D\u00e9connexion automatique de la charge :<\/strong> Oui<br \/>\n<strong>Poids (kg) :<\/strong> 0,15<br \/>\n<strong>Dimensions (mm) :<\/strong> 96 x 169 x 36 mm<\/p>","protected":false},"featured_media":22967,"comment_status":"open","ping_status":"closed","template":"","meta":{"site-sidebar-layout":"default","site-content-layout":"","ast-site-content-layout":"default","site-content-style":"default","site-sidebar-style":"default","ast-global-header-display":"","ast-banner-title-visibility":"","ast-main-header-display":"","ast-hfb-above-header-display":"","ast-hfb-below-header-display":"","ast-hfb-mobile-header-display":"","site-post-title":"","ast-breadcrumbs-content":"","ast-featured-img":"","footer-sml-layout":"","ast-disable-related-posts":"","theme-transparent-header-meta":"default","adv-header-id-meta":"","stick-header-meta":"","header-above-stick-meta":"","header-main-stick-meta":"","header-below-stick-meta":"","astra-migrate-meta-layouts":"set","ast-page-background-enabled":"default","ast-page-background-meta":{"desktop":{"background-color":"var(--ast-global-color-4)","background-image":"","background-repeat":"repeat","background-position":"center center","background-size":"auto","background-attachment":"scroll","background-type":"","background-media":"","overlay-type":"","overlay-color":"","overlay-opacity":"","overlay-gradient":""},"tablet":{"background-color":"","background-image":"","background-repeat":"repeat","background-position":"center center","background-size":"auto","background-attachment":"scroll","background-type":"","background-media":"","overlay-type":"","overlay-color":"","overlay-opacity":"","overlay-gradient":""},"mobile":{"background-color":"","background-image":"","background-repeat":"repeat","background-position":"center center","background-size":"auto","background-attachment":"scroll","background-type":"","background-media":"","overlay-type":"","overlay-color":"","overlay-opacity":"","overlay-gradient":""}},"ast-content-background-meta":{"desktop":{"background-color":"var(--ast-global-color-5)","background-image":"","background-repeat":"repeat","background-position":"center center","background-size":"auto","background-attachment":"scroll","background-type":"","background-media":"","overlay-type":"","overlay-color":"","overlay-opacity":"","overlay-gradient":""},"tablet":{"background-color":"var(--ast-global-color-5)","background-image":"","background-repeat":"repeat","background-position":"center center","background-size":"auto","background-attachment":"scroll","background-type":"","background-media":"","overlay-type":"","overlay-color":"","overlay-opacity":"","overlay-gradient":""},"mobile":{"background-color":"var(--ast-global-color-5)","background-image":"","background-repeat":"repeat","background-position":"center center","background-size":"auto","background-attachment":"scroll","background-type":"","background-media":"","overlay-type":"","overlay-color":"","overlay-opacity":"","overlay-gradient":""}}},"pwb-brand":[332],"product_brand":[],"product_cat":[354,353],"product_tag":[],"class_list":{"0":"post-22965","1":"product","2":"type-product","3":"status-publish","4":"has-post-thumbnail","6":"pwb-brand-victron","7":"product_cat-reguladores-pwm","8":"product_cat-reguladores-de-carga-solares","9":"desktop-align-left","10":"tablet-align-left","11":"mobile-align-left","12":"ast-product-gallery-layout-horizontal-slider","13":"ast-product-tabs-layout-horizontal","15":"first","16":"instock","17":"taxable","18":"shipping-taxable","19":"purchasable","20":"product-type-simple"},"wcpa_form_fields":null,"brands":[{"id":332,"name":"Victron Energy","slug":"victron"}],"_links":{"self":[{"href":"https:\/\/fvcomponentes.com\/fr\/wp-json\/wp\/v2\/product\/22965","targetHints":{"allow":["GET"]}}],"collection":[{"href":"https:\/\/fvcomponentes.com\/fr\/wp-json\/wp\/v2\/product"}],"about":[{"href":"https:\/\/fvcomponentes.com\/fr\/wp-json\/wp\/v2\/types\/product"}],"replies":[{"embeddable":true,"href":"https:\/\/fvcomponentes.com\/fr\/wp-json\/wp\/v2\/comments?post=22965"}],"wp:featuredmedia":[{"embeddable":true,"href":"https:\/\/fvcomponentes.com\/fr\/wp-json\/wp\/v2\/media\/22967"}],"wp:attachment":[{"href":"https:\/\/fvcomponentes.com\/fr\/wp-json\/wp\/v2\/media?parent=22965"}],"wp:term":[{"taxonomy":"pwb-brand","embeddable":true,"href":"https:\/\/fvcomponentes.com\/fr\/wp-json\/wp\/v2\/pwb-brand?post=22965"},{"taxonomy":"product_brand","embeddable":true,"href":"https:\/\/fvcomponentes.com\/fr\/wp-json\/wp\/v2\/product_brand?post=22965"},{"taxonomy":"product_cat","embeddable":true,"href":"https:\/\/fvcomponentes.com\/fr\/wp-json\/wp\/v2\/product_cat?post=22965"},{"taxonomy":"product_tag","embeddable":true,"href":"https:\/\/fvcomponentes.com\/fr\/wp-json\/wp\/v2\/product_tag?post=22965"}],"curies":[{"name":"wp","href":"https:\/\/api.w.org\/{rel}","templated":true}]}}