{"id":22709,"date":"2025-01-29T17:46:56","date_gmt":"2025-01-29T16:46:56","guid":{"rendered":"https:\/\/fvcomponentes.com\/?post_type=product&#038;p=22709"},"modified":"2026-04-08T21:34:02","modified_gmt":"2026-04-08T19:34:02","slug":"convertisseur-victron-victron-orion-tr-smart-48-24-16a-isole-ori482438120","status":"publish","type":"product","link":"https:\/\/fvcomponentes.com\/fr\/producto\/convertidor-victron-orion-tr-smart-48-24-16a-aislado-ori482438120\/","title":{"rendered":"Victron Orion-Tr Smart 48\/24 16A convertisseur booster isol\u00e9 - ORI482438120"},"content":{"rendered":"<h2>Victron Orion-Tr Smart 48\/24 16A convertisseur booster isol\u00e9 - ORI482438120<\/h2>\n<p>Le convertisseur Orion-Tr Smart Booster 48\/24 16A isol\u00e9 - ORI482438120 de Victron est un dispositif qui fonctionne comme une alimentation stable ou un chargeur de batterie avec un algorithme de charge \u00e0 trois niveaux. Sa conception le rend id\u00e9al pour les v\u00e9hicules \u00e9quip\u00e9s d'alternateurs intelligents et de syst\u00e8mes de batteries au lithium ; il assure une charge efficace et prot\u00e8ge l'alternateur contre la surcharge.<\/p>\n<h2>Orion 48\/24 16A isol\u00e9s caract\u00e9ristiques<\/h2>\n<ul>\n<li><strong>Prise en charge des alternateurs intelligents<\/strong> (pour les v\u00e9hicules Euro 5 et Euro 6) : D\u00e9tecte l'arr\u00eat du moteur sans n\u00e9cessiter de capteurs suppl\u00e9mentaires.<\/li>\n<li><strong>S\u00e9paration de la batterie :<\/strong> Assure la charge de la batterie auxiliaire sans affecter la batterie de d\u00e9marrage.<\/li>\n<li><strong>Il dispose d'une protection \u00e9lectronique \u00e9tendue :<\/strong> Comprend une protection contre les surcharges, les courts-circuits et les surchauffes.<\/li>\n<li><strong>Chargement en trois \u00e9tapes :<\/strong> Modes de charge initiale, d'absorption et de flottaison pour prolonger la dur\u00e9e de vie de la batterie.<\/li>\n<li><strong>Configuration Bluetooth :<\/strong> Permet la configuration et la surveillance via l'application VictronConnect.<\/li>\n<\/ul>\n<h2>Orion-Tr Smart 48\/24 16A isol\u00e9 sp\u00e9cifications<\/h2>\n<ul>\n<li><strong>Plage de tension d'entr\u00e9e : <\/strong>32-70 V<\/li>\n<li><strong>Sous-tension de d\u00e9connexion :<\/strong> 28 V<\/li>\n<li><strong>Remise \u00e0 z\u00e9ro de la sous-tension :<\/strong> 30 V<\/li>\n<li><strong>Tension de sortie nominale : <\/strong>24.2 V<\/li>\n<li><strong>Plage de r\u00e9glage de la tension de sortie :<\/strong> 18-30 V<\/li>\n<li><strong>Tol\u00e9rance de la tension de sortie :<\/strong> +\/- 0,2 V<\/li>\n<li><strong>Niveau sonore :<\/strong> 2 mV rms<\/li>\n<li><strong>Courant de sortie cont. \u00e0 la tension de sortie nominale et \u00e0 40\u00baC :<\/strong> 16 A<\/li>\n<li><strong>Courant de sortie maximal (10 s) \u00e0 la tension de sortie nominale moins 20 % :<\/strong> 25 A<\/li>\n<li><strong>Courant de court-circuit : <\/strong>40 A<\/li>\n<li><strong>Puissance de sortie cont. \u00e0 25 \u00b0C :<\/strong> 430 W<\/li>\n<li><strong>Puissance de sortie cont. \u00e0 40 \u00b0C :<\/strong> 380 W<\/li>\n<li><strong>Efficacit\u00e9 :<\/strong> 89%<\/li>\n<li><strong>Courant de charge \u00e0 vide : <\/strong>&lt; 80mA<\/li>\n<li><strong>Courant au repos :<\/strong> &lt; 1 mA<\/li>\n<li><strong>Utiliser comme source d'alimentation :<\/strong> Oui, la tension de sortie peut \u00eatre configur\u00e9e via Bluetooth<\/li>\n<li><strong>Isolation galvanique :<\/strong> 200 V entre l'entr\u00e9e, la sortie et le bo\u00eetier<\/li>\n<li><strong>Plage de temp\u00e9rature de travail :<\/strong> -20 \u00e0 +55 \u00b0C (r\u00e9duction de puissance de 3 % pour chaque \u00b0C au-dessus de 40 \u00b0C)<\/li>\n<li><strong>Humidit\u00e9 :<\/strong> Max. 95 % sans condensation<\/li>\n<li><strong>Connexion DC :<\/strong> Bornes \u00e0 vis<\/li>\n<li><strong>Section maximale du c\u00e2ble :<\/strong> 16 mm\u00b2 (AWG6)<\/li>\n<li><strong>Poids :<\/strong> 1,6 kg<\/li>\n<li><strong>Dimensions :<\/strong> 130 x 186 x 70 mm<\/li>\n<li><strong>Degr\u00e9 de protection :<\/strong>\n<ul>\n<li>Composants \u00e9lectroniques : IP43<\/li>\n<li>Zone de connexion : IP22<\/li>\n<\/ul>\n<\/li>\n<\/ul>\n<h2>Installation et configuration<\/h2>\n<p><strong>Assembl\u00e9e<\/strong><\/p>\n<ul>\n<li>Installer sur une surface ininflammable.<\/li>\n<li>Installez l'appareil verticalement et laissez suffisamment d'espace autour de l'appareil pour assurer une ventilation ad\u00e9quate.<\/li>\n<li>Il ne doit pas \u00eatre plac\u00e9 sur le dessus de la batterie afin d'\u00e9viter les dommages caus\u00e9s par les gaz de charge.<\/li>\n<\/ul>\n<p><strong>C\u00e2blage et fusibles<\/strong><\/p>\n<ul>\n<li>Utiliser des c\u00e2bles souples en cuivre multibrins.<\/li>\n<li>Suivre les recommandations de la section du c\u00e2ble en fonction de la distance entre les batteries.<\/li>\n<li>Installer un fusible en fonction de l'\u00e9quipement pour prot\u00e9ger l'installation.<\/li>\n<\/ul>\n<p><strong>Connexion \u00e0 la batterie<\/strong><\/p>\n<ul>\n<li>V\u00e9rifier la polarit\u00e9 avant de proc\u00e9der au branchement. Les dommages caus\u00e9s par une inversion de polarit\u00e9 ne sont pas couverts par la garantie.<\/li>\n<li>D\u00e9finir le mode de fonctionnement (alimentation ou chargeur) dans l'application VictronConnect.<\/li>\n<li>Connecter l'entr\u00e9e marche\/arr\u00eat \u00e0 distance si une commande externe est souhait\u00e9e.<\/li>\n<\/ul>\n<h2>Booster 48\/24 16A Indicateurs LED<\/h2>\n<p>L'appareil est dot\u00e9 de deux diodes \u00e9lectroluminescentes pour une surveillance ais\u00e9e :<\/p>\n<ul>\n<li>DEL verte (\u00e9tat) :\n<ul>\n<li>Allum\u00e9 : sortie active ou batterie charg\u00e9e.<\/li>\n<li>Clignotant : Chargement de la batterie.<\/li>\n<li>\u00c9teint : pas d'alimentation en entr\u00e9e ou arr\u00eat \u00e0 distance.<\/li>\n<\/ul>\n<\/li>\n<li>LED bleue (Bluetooth) :\n<ul>\n<li>Clignotement rapide : Connect\u00e9 \u00e0 Bluetooth.<\/li>\n<li>Clignotement lent : En attente de connexion.<\/li>\n<\/ul>\n<\/li>\n<\/ul>\n<h2>D\u00e9pannage<\/h2>\n<p><strong>Le chargeur ne s'allume pas<\/strong><\/p>\n<ul>\n<li>V\u00e9rifier les fusibles et toutes les connexions \u00e9lectriques.<\/li>\n<li>V\u00e9rifier que la tension d'entr\u00e9e se situe dans la plage recommand\u00e9e.<\/li>\n<li>Assurez-vous que la liaison marche\/arr\u00eat \u00e0 distance est activ\u00e9e.<\/li>\n<\/ul>\n<p><strong>La batterie ne se charge pas<\/strong><\/p>\n<ul>\n<li>V\u00e9rifiez les r\u00e9glages des param\u00e8tres dans l'application VictronConnect.<\/li>\n<li>V\u00e9rifier si la tension d'entr\u00e9e n'est pas bloqu\u00e9e.<\/li>\n<li>V\u00e9rifier que la d\u00e9tection de l'arr\u00eat du moteur ne d\u00e9sactive pas la charge.<\/li>\n<\/ul>\n<p><strong>Probl\u00e8mes de Bluetooth<\/strong><\/p>\n<ul>\n<li>Assurez-vous que le Bluetooth est activ\u00e9 dans les param\u00e8tres.<\/li>\n<li>Red\u00e9marrez l'appareil s'il n'appara\u00eet pas dans l'application.<\/li>\n<\/ul>\n<p><strong>Codes d'erreur courants<\/strong><\/p>\n<ul>\n<li>Erreur 2 : Tension de la batterie trop \u00e9lev\u00e9e.<\/li>\n<li>Erreur 26 : Surchauffe du terminal.<\/li>\n<li>Erreur 27 : Court-circuit \u00e0 la sortie.<\/li>\n<li>Erreur 119 : Les donn\u00e9es de configuration ont \u00e9t\u00e9 perdues, un red\u00e9marrage et une reconfiguration sont n\u00e9cessaires.<\/li>\n<\/ul>\n<h2>Utilisation de l'application VictronConnect<\/h2>\n<p>L'application VictronConnect permet :<\/p>\n<ul>\n<li>Configurez et surveillez le booster victron sans fil.<\/li>\n<li>Ajuster les modes de charge et la d\u00e9tection de l'arr\u00eat du moteur.<\/li>\n<li>Affichage des donn\u00e9es en temps r\u00e9el et de l'\u00e9tat de la batterie.<\/li>\n<li>Mettre \u00e0 jour le micrologiciel de l'appareil.<\/li>\n<\/ul>\n<h2>Modes de fonctionnement Victron Orion-Tr Smart 48\/24 16A Convertisseur isol\u00e9 Victron Orion-Tr Smart 48\/24 16A Convertisseur isol\u00e9<\/h2>\n<ul>\n<li><strong>Mode chargeur :<\/strong> Il r\u00e9gule la charge de la batterie au moyen d'un algorithme \u00e0 trois niveaux.<\/li>\n<li><strong>Mode d'alimentation :<\/strong> Fournit une tension de sortie stable quelles que soient les fluctuations de l'entr\u00e9e.<\/li>\n<li><strong>Mode automatique :<\/strong> Passe d'un mode \u00e0 l'autre en fonction de la demande du syst\u00e8me.<\/li>\n<\/ul>\n<h2>Entretien et recommandations<\/h2>\n<ul>\n<li>Nettoyage : \u00e9viter la poussi\u00e8re et la salet\u00e9 afin d'\u00e9viter la surchauffe.<\/li>\n<li>V\u00e9rification des connexions : V\u00e9rifier p\u00e9riodiquement le bon \u00e9tat des c\u00e2bles et des fusibles.<\/li>\n<li>Mise \u00e0 jour du micrologiciel : Utilisez VictronConnect pour maintenir le syst\u00e8me \u00e0 jour. Cela rend le syst\u00e8me plus efficace.<\/li>\n<li>Test de performance : contr\u00f4le de la performance sous charge pour v\u00e9rifier la stabilit\u00e9.<\/li>\n<\/ul>\n<h2>48\/24 16A Booster S\u00e9curit\u00e9 et r\u00e9glementation<\/h2>\n<ul>\n<li>Protection contre les courts-circuits : L'appareil est con\u00e7u pour \u00e9viter tout dommage en cas de panne de courant.<\/li>\n<li>Conformit\u00e9 r\u00e9glementaire : les \u00e9quipements Victron sont conformes aux normes internationales de s\u00e9curit\u00e9 et d'efficacit\u00e9.<\/li>\n<li>Recommandations d'utilisation : \u00e9viter les surcharges et v\u00e9rifier r\u00e9guli\u00e8rement l'\u00e9tat de la batterie.<\/li>\n<li>Temp\u00e9rature de fonctionnement : n'utilisez pas l'appareil si la temp\u00e9rature est en dehors de la plage recommand\u00e9e.<\/li>\n<\/ul>\n<h2>Applications courantes<\/h2>\n<ul>\n<li>V\u00e9hicules de loisirs et camping-cars : Id\u00e9al pour les syst\u00e8mes \u00e9lectriques mobiles.<\/li>\n<li>Bateaux : Fournit une alimentation \u00e9lectrique stable pour les \u00e9quipements marins.<\/li>\n<li>Syst\u00e8mes solaires hors r\u00e9seau : permet l'int\u00e9gration de batteries auxiliaires dans les syst\u00e8mes hors r\u00e9seau.<\/li>\n<li>Flottes commerciales : utile pour les camions et les v\u00e9hicules de travail \u00e9quip\u00e9s de plusieurs batteries.<\/li>\n<\/ul>\n<h2>Victron Orion-Tr Smart 48\/24 16A convertisseur booster isol\u00e9 - ORI482438120<\/h2>\n<p><a href=\"https:\/\/fvcomponentes.com\/wp-content\/uploads\/2025\/01\/Ficha-tecnica-Convertidor-Victron-Orion-Tr-Smart.pdf\" target=\"_blank\" rel=\"noopener\">Voir la fiche de l'onduleur Victron Orion-Tr Smart 48\/24 16A isol\u00e9 - ORI482438120<\/a><\/p>\n<p><a href=\"https:\/\/fvcomponentes.com\/wp-content\/uploads\/2025\/01\/Manual-Convertidor-Victron-Orion-Tr-Smart.pdf\" target=\"_blank\" rel=\"noopener\">Voir le manuel du convertisseur Victron Orion-Tr Smart 48\/24 16A isol\u00e9 - ORI482438120<\/a><\/p>","protected":false},"excerpt":{"rendered":"<p><span style=\"color: #ff0000\"><strong>Nouveau lancement.\u00a0<\/strong><\/span><\/p>\n<p><strong>Tension d'entr\u00e9e :<\/strong> 32-70 V<br \/>\n<strong>Tension de sortie :<\/strong> 24,2V<br \/>\n<strong>Courant de sortie continu :<\/strong> 16A<br \/>\n<strong>Courant de sortie maximal :<\/strong> 25A<br \/>\n<strong>Isolation galvanique :<\/strong> 200V DC entre l'entr\u00e9e, la sortie et le bo\u00eetier<\/p>\n<p>La photographie du produit est fournie \u00e0 titre d'illustration uniquement et peut ne pas correspondre au produit r\u00e9el.<\/p>","protected":false},"featured_media":22718,"comment_status":"open","ping_status":"closed","template":"","meta":{"site-sidebar-layout":"default","site-content-layout":"","ast-site-content-layout":"default","site-content-style":"default","site-sidebar-style":"default","ast-global-header-display":"","ast-banner-title-visibility":"","ast-main-header-display":"","ast-hfb-above-header-display":"","ast-hfb-below-header-display":"","ast-hfb-mobile-header-display":"","site-post-title":"","ast-breadcrumbs-content":"","ast-featured-img":"","footer-sml-layout":"","ast-disable-related-posts":"","theme-transparent-header-meta":"default","adv-header-id-meta":"","stick-header-meta":"","header-above-stick-meta":"","header-main-stick-meta":"","header-below-stick-meta":"","astra-migrate-meta-layouts":"set","ast-page-background-enabled":"default","ast-page-background-meta":{"desktop":{"background-color":"var(--ast-global-color-4)","background-image":"","background-repeat":"repeat","background-position":"center center","background-size":"auto","background-attachment":"scroll","background-type":"","background-media":"","overlay-type":"","overlay-color":"","overlay-opacity":"","overlay-gradient":""},"tablet":{"background-color":"","background-image":"","background-repeat":"repeat","background-position":"center center","background-size":"auto","background-attachment":"scroll","background-type":"","background-media":"","overlay-type":"","overlay-color":"","overlay-opacity":"","overlay-gradient":""},"mobile":{"background-color":"","background-image":"","background-repeat":"repeat","background-position":"center center","background-size":"auto","background-attachment":"scroll","background-type":"","background-media":"","overlay-type":"","overlay-color":"","overlay-opacity":"","overlay-gradient":""}},"ast-content-background-meta":{"desktop":{"background-color":"var(--ast-global-color-5)","background-image":"","background-repeat":"repeat","background-position":"center center","background-size":"auto","background-attachment":"scroll","background-type":"","background-media":"","overlay-type":"","overlay-color":"","overlay-opacity":"","overlay-gradient":""},"tablet":{"background-color":"var(--ast-global-color-5)","background-image":"","background-repeat":"repeat","background-position":"center center","background-size":"auto","background-attachment":"scroll","background-type":"","background-media":"","overlay-type":"","overlay-color":"","overlay-opacity":"","overlay-gradient":""},"mobile":{"background-color":"var(--ast-global-color-5)","background-image":"","background-repeat":"repeat","background-position":"center center","background-size":"auto","background-attachment":"scroll","background-type":"","background-media":"","overlay-type":"","overlay-color":"","overlay-opacity":"","overlay-gradient":""}}},"pwb-brand":[332],"product_brand":[],"product_cat":[964,419,865],"product_tag":[],"class_list":{"0":"post-22709","1":"product","2":"type-product","3":"status-publish","4":"has-post-thumbnail","6":"pwb-brand-victron","7":"product_cat-48v-24v","8":"product_cat-cargadores-de-baterias","9":"product_cat-convertidores","10":"desktop-align-left","11":"tablet-align-left","12":"mobile-align-left","13":"ast-product-gallery-layout-horizontal-slider","14":"ast-product-tabs-layout-horizontal","16":"first","17":"instock","18":"taxable","19":"shipping-taxable","20":"purchasable","21":"product-type-simple"},"wcpa_form_fields":null,"brands":[{"id":332,"name":"Victron Energy","slug":"victron"}],"_links":{"self":[{"href":"https:\/\/fvcomponentes.com\/fr\/wp-json\/wp\/v2\/product\/22709","targetHints":{"allow":["GET"]}}],"collection":[{"href":"https:\/\/fvcomponentes.com\/fr\/wp-json\/wp\/v2\/product"}],"about":[{"href":"https:\/\/fvcomponentes.com\/fr\/wp-json\/wp\/v2\/types\/product"}],"replies":[{"embeddable":true,"href":"https:\/\/fvcomponentes.com\/fr\/wp-json\/wp\/v2\/comments?post=22709"}],"wp:featuredmedia":[{"embeddable":true,"href":"https:\/\/fvcomponentes.com\/fr\/wp-json\/wp\/v2\/media\/22718"}],"wp:attachment":[{"href":"https:\/\/fvcomponentes.com\/fr\/wp-json\/wp\/v2\/media?parent=22709"}],"wp:term":[{"taxonomy":"pwb-brand","embeddable":true,"href":"https:\/\/fvcomponentes.com\/fr\/wp-json\/wp\/v2\/pwb-brand?post=22709"},{"taxonomy":"product_brand","embeddable":true,"href":"https:\/\/fvcomponentes.com\/fr\/wp-json\/wp\/v2\/product_brand?post=22709"},{"taxonomy":"product_cat","embeddable":true,"href":"https:\/\/fvcomponentes.com\/fr\/wp-json\/wp\/v2\/product_cat?post=22709"},{"taxonomy":"product_tag","embeddable":true,"href":"https:\/\/fvcomponentes.com\/fr\/wp-json\/wp\/v2\/product_tag?post=22709"}],"curies":[{"name":"wp","href":"https:\/\/api.w.org\/{rel}","templated":true}]}}