{"id":22575,"date":"2025-01-23T18:26:45","date_gmt":"2025-01-23T17:26:45","guid":{"rendered":"https:\/\/fvcomponentes.com\/?post_type=product&#038;p=22575"},"modified":"2026-04-04T12:48:56","modified_gmt":"2026-04-04T10:48:56","slug":"convertisseur-victron-victron-orion-tr-smart-24-48-8-5a-isole-ori244840120","status":"publish","type":"product","link":"https:\/\/fvcomponentes.com\/fr\/producto\/convertidor-victron-orion-tr-smart-24-48-8-5a-aislado-ori244840120\/","title":{"rendered":"Convertisseur Booster Victron Orion-Tr Smart 24\/48 8.5A isol\u00e9 - ORI244840120"},"content":{"rendered":"<h2>Caract\u00e9ristiques du convertisseur intelligent Victron Orion-Tr 24\/48 8,5A isol\u00e9 - ORI244840120<\/h2>\n<p>Le Victron Orion-Tr Smart 12\/48 8A isol\u00e9 - ORI124838120 est un convertisseur DC-DC con\u00e7u pour servir de chargeur de batterie ou d'alimentation. Il est parfait pour prolonger la dur\u00e9e de vie des batteries gr\u00e2ce \u00e0 son algorithme de charge optimis\u00e9. Il convient \u00e9galement aux v\u00e9hicules \u00e9quip\u00e9s d'alternateurs intelligents, tels que les moteurs Euro 5 et Euro 6.<\/p>\n<h2>Caract\u00e9ristiques du booster isol\u00e9 Orion 24\/48 8.5A<\/h2>\n<ul>\n<li><strong>Plage de tension d'entr\u00e9e : <\/strong>16-35 V<\/li>\n<li><strong>Sous-tension de d\u00e9connexion :<\/strong> 14 V<\/li>\n<li><strong>Remise \u00e0 z\u00e9ro de la sous-tension :<\/strong> 15 V<\/li>\n<li><strong>Tension de sortie nominale : <\/strong>48.2 V<\/li>\n<li><strong>Plage de r\u00e9glage de la tension de sortie :<\/strong> 40-60 V<\/li>\n<li><strong>Tol\u00e9rance de la tension de sortie :<\/strong> +\/- 0,2 V<\/li>\n<li><strong>Niveau sonore :<\/strong> 2 mV rms<\/li>\n<li><strong>Courant de sortie cont. \u00e0 la tension de sortie nominale et \u00e0 40\u00baC :<\/strong> 8,5 A<\/li>\n<li><strong>Courant de sortie maximal (10 s) \u00e0 la tension de sortie nominale moins 20 % :<\/strong> 15 A<\/li>\n<li><strong>Courant de court-circuit : <\/strong>25 A<\/li>\n<li><strong>Puissance de sortie cont. \u00e0 25 \u00b0C :<\/strong> 480 W<\/li>\n<li><strong>Puissance de sortie cont. \u00e0 40 \u00b0C :<\/strong> 400 W<\/li>\n<li><strong>Efficacit\u00e9 :<\/strong> 89%<\/li>\n<li><strong>Courant de charge \u00e0 vide : <\/strong>&lt; 120mA<\/li>\n<li><strong>Courant au repos :<\/strong> &lt; 1 mA<\/li>\n<li><strong>Utiliser comme source d'alimentation :<\/strong> Oui, la tension de sortie peut \u00eatre configur\u00e9e via Bluetooth<\/li>\n<li><strong>Isolation galvanique :<\/strong> 200 V entre l'entr\u00e9e, la sortie et le bo\u00eetier<\/li>\n<li><strong>Plage de temp\u00e9rature de travail :<\/strong> -20 \u00e0 +55 \u00b0C (r\u00e9duction de puissance de 3 % pour chaque \u00b0C au-dessus de 40 \u00b0C)<\/li>\n<li><strong>Humidit\u00e9 :<\/strong> Max. 95 % sans condensation<\/li>\n<li><strong>Connexion DC :<\/strong> Bornes \u00e0 vis<\/li>\n<li><strong>Section maximale du c\u00e2ble :<\/strong> 16 mm\u00b2 (AWG6)<\/li>\n<li><strong>Poids :<\/strong> 1,6 kg<\/li>\n<li><strong>Dimensions :<\/strong> 130 x 186 x 70 mm<\/li>\n<li><strong>Degr\u00e9 de protection :<\/strong>\n<ul>\n<li>Composants \u00e9lectroniques : IP43<\/li>\n<li>Zone de connexion : IP22<\/li>\n<\/ul>\n<\/li>\n<\/ul>\n<h2>Orion-Tr Smart 24\/48 8.5A isol\u00e9 caract\u00e9ristiques<\/h2>\n<p><strong>Connectivit\u00e9 Bluetooth Smart<\/strong><\/p>\n<ul>\n<li>L'Orion-Tr Smart 24\/48 8,5A Bluetooth permet de le configurer, de le contr\u00f4ler et de le mettre \u00e0 jour depuis n'importe quel smartphone, tablette ou autre appareil compatible gr\u00e2ce \u00e0 l'application VictronConnect.<\/li>\n<li>Il permet de visualiser rapidement les donn\u00e9es, les alarmes et les notifications sans qu'il soit n\u00e9cessaire de se connecter physiquement \u00e0 l'\u00e9quipement.<\/li>\n<\/ul>\n<p><strong>Une configuration souple et adaptable<\/strong><\/p>\n<ul>\n<li>L'algorithme de charge\/d\u00e9charge peut \u00eatre programm\u00e9 ou une sortie \u00e0 tension fixe peut \u00eatre s\u00e9lectionn\u00e9e selon les besoins.<\/li>\n<li>Compatible avec les alternateurs intelligents, car il est capable de d\u00e9tecter automatiquement lorsque le moteur est en marche.<\/li>\n<\/ul>\n<p><strong>Algorithme de chargement en 3 \u00e9tapes<\/strong><\/p>\n<ul>\n<li>Pour les batteries plomb-acide, le temps d'absorption est ajust\u00e9 en fonction de la profondeur de la d\u00e9charge : les d\u00e9charges l\u00e9g\u00e8res n\u00e9cessitent moins de temps, tandis que les d\u00e9charges profondes n\u00e9cessitent plus de temps pour assurer une charge compl\u00e8te.<\/li>\n<li>Pour les piles au lithium, le temps d'absorption est fix\u00e9 \u00e0 2 heures.<\/li>\n<\/ul>\n<p><strong>Protection \u00e9lectronique avanc\u00e9e<\/strong><\/p>\n<ul>\n<li>Il comprend une protection contre la surchauffe, la surcharge et les courts-circuits.<\/li>\n<li>Si la temp\u00e9rature ambiante est \u00e9lev\u00e9e, l'Orion 24\/48 8.5 A r\u00e9duit automatiquement la puissance pour \u00e9viter les dommages.<\/li>\n<\/ul>\n<p><strong>Commande \u00e0 distance marche\/arr\u00eat<\/strong><\/p>\n<ul>\n<li>Un interrupteur \u00e0 distance peut \u00eatre connect\u00e9 via les connecteurs biphas\u00e9s, ou configur\u00e9 manuellement en utilisant les bornes pour se connecter au positif ou au n\u00e9gatif de la batterie.<\/li>\n<\/ul>\n<p><strong>Construction s\u00fbre et robuste<\/strong><\/p>\n<ul>\n<li>Conforme \u00e0 la norme IP43 pour la protection contre les \u00e9claboussures et la poussi\u00e8re lorsqu'il est install\u00e9 avec les bornes tourn\u00e9es vers le bas.<\/li>\n<li>Assure la s\u00e9paration automatique entre la batterie principale et la batterie auxiliaire lorsque le moteur est \u00e0 l'arr\u00eat.<\/li>\n<\/ul>\n<h2>Avantages du Victron Orion-Tr Smart<\/h2>\n<ul>\n<li>S\u00e9paration automatique des batteries : d\u00e9connecte automatiquement la batterie de d\u00e9marrage et la batterie auxiliaire si le moteur ne tourne pas, emp\u00eachant ainsi la batterie principale de se d\u00e9charger.<\/li>\n<li>En connectant plusieurs appareils en parall\u00e8le, le courant de sortie peut \u00eatre augment\u00e9, ce qui le rend id\u00e9al pour les grandes installations ou les installations \u00e0 forte demande d'\u00e9nergie.<\/li>\n<li>Protection intelligente : L'Orion Booster s'arr\u00eate automatiquement si la tension d'entr\u00e9e descend en dessous du seuil minimum et red\u00e9marre lorsque la tension revient \u00e0 des niveaux normaux.<\/li>\n<li>Les boosters isol\u00e9s Orion sont sp\u00e9cifiquement con\u00e7us pour les alternateurs intelligents des v\u00e9hicules \u00e9quip\u00e9s de moteurs Euro 5 et Euro 6.<\/li>\n<\/ul>\n<h2>Installation du booster isol\u00e9 Victron Orion-Tr Smart 12\/48 8A<\/h2>\n<p>L'installation de ce surpresseur d'orion n\u00e9cessite une attention particuli\u00e8re aux connexions et \u00e0 l'environnement afin de garantir des performances optimales et un fonctionnement s\u00fbr. Les principales \u00e9tapes et les aspects d'une installation correcte sont d\u00e9crits ci-dessous :<\/p>\n<p><strong>1. s\u00e9lection du site d'installation<\/strong><\/p>\n<ul>\n<li>L'appareil doit \u00eatre install\u00e9 sur une surface solide et stable.<\/li>\n<li>La ventilation doit \u00eatre suffisante pour \u00e9viter l'accumulation de chaleur, car le convertisseur ajuste automatiquement le courant en cas de temp\u00e9rature \u00e9lev\u00e9e.<\/li>\n<li>Pour maintenir la protection IP43 contre la poussi\u00e8re et les projections d'eau, l'onduleur doit \u00eatre install\u00e9 avec les bornes \u00e0 vis orient\u00e9es vers le bas.<\/li>\n<\/ul>\n<p><strong>Conditions pr\u00e9alables<\/strong><\/p>\n<ul>\n<li>Outils n\u00e9cessaires : un tournevis standard pour les bornes \u00e0 vis.<\/li>\n<li>Utilisez des c\u00e2bles de section suffisante pour supporter le courant d'entr\u00e9e et de sortie de l'appareil. Reportez-vous aux tableaux des tailles de c\u00e2bles figurant dans le manuel pour d\u00e9terminer la taille de c\u00e2ble appropri\u00e9e en fonction de la distance entre le convertisseur et les batteries ou la charge.<\/li>\n<li>Protection du circuit : Il est recommand\u00e9 d'inclure un fusible ou un disjoncteur dans les connexions pour prot\u00e9ger le booster et les batteries.<\/li>\n<\/ul>\n<p><strong>3. Connexion des entr\u00e9es et des sorties<\/strong><\/p>\n<ul>\n<li>Entr\u00e9e : Connectez les c\u00e2bles d'alimentation au convertisseur en vous assurant que la tension d'entr\u00e9e est comprise entre 10 et 17 VDC. V\u00e9rifier la polarit\u00e9 avant le branchement pour \u00e9viter d'endommager l'\u00e9quipement, car la protection contre l'inversion de polarit\u00e9 n'est pas incluse.<\/li>\n<li>Sortie : Connectez les c\u00e2bles de sortie au syst\u00e8me de batterie 48 V ou \u00e0 la charge correspondante. Respectez toujours la polarit\u00e9 indiqu\u00e9e pour garantir un fonctionnement correct.<\/li>\n<\/ul>\n<p><strong>4. Connexion de la t\u00e9l\u00e9commande marche\/arr\u00eat<\/strong><\/p>\n<ul>\n<li>Le dispositif comprend un connecteur biphas\u00e9 qui permet de commander la mise en marche et l'arr\u00eat \u00e0 l'aide d'un interrupteur \u00e0 distance.<\/li>\n<li>En option, les bornes H (positive) ou L (n\u00e9gative) peuvent \u00eatre utilis\u00e9es pour contr\u00f4ler l'allumage en les connectant directement au positif ou au n\u00e9gatif de la batterie, ou au ch\u00e2ssis du v\u00e9hicule.<\/li>\n<\/ul>\n<p><strong>5. Configuration initiale avec VictronConnect<\/strong><\/p>\n<p>Avant de faire fonctionner l'appareil, il est essentiel de le configurer en fonction des besoins sp\u00e9cifiques du syst\u00e8me. Cette op\u00e9ration s'effectue via l'application VictronConnect, disponible pour les appareils compatibles Bluetooth.<\/p>\n<ul>\n<li>T\u00e9l\u00e9chargez l'application \u00e0 partir de la boutique d'applications de votre smartphone ou de votre tablette.<\/li>\n<li>Une fois le convertisseur allum\u00e9, il utilise le Bluetooth pour s'associer \u00e0 l'appareil mobile.<\/li>\n<li>Configurer l'algorithme de charge en fonction du type de batterie utilis\u00e9 (plomb-acide ou lithium) et s\u00e9lectionner le mode de fonctionnement : chargeur de batterie ou alimentation.<\/li>\n<li>Surveillance : L'application permet de surveiller en temps r\u00e9el des param\u00e8tres tels que la tension, le courant, l'\u00e9tat de charge et les alarmes.<\/li>\n<\/ul>\n<p><strong>6. Assemblage final<\/strong><\/p>\n<p>Une fois toutes les connexions effectu\u00e9es, v\u00e9rifiez que les c\u00e2bles sont solidement fix\u00e9s et qu'ils ne subissent aucune contrainte m\u00e9canique. Enfin, prot\u00e9gez les connexions expos\u00e9es \u00e0 l'aide de bornes isolantes ou de protections en caoutchouc.<\/p>\n<h3>Consignes de s\u00e9curit\u00e9 lors de l'installation<\/h3>\n<ul>\n<li>Polarit\u00e9 correcte : v\u00e9rifiez soigneusement la polarit\u00e9 avant de connecter l'appareil.<\/li>\n<li>Ventilation : n'obstruez pas les zones de ventilation de l'appareil afin d'\u00e9viter toute surchauffe.<\/li>\n<li>Protection du circuit : un fusible appropri\u00e9 doit toujours \u00eatre inclus pour prot\u00e9ger les connexions et l'appareil en cas de court-circuit ou de surcharge.<\/li>\n<li>D\u00e9connexion de la batterie : avant d'effectuer toute modification des connexions, d\u00e9connectez la batterie afin d'\u00e9viter tout risque d'\u00e9lectrocution.<\/li>\n<li>Conditions environnementales : \u00c9vitez d'installer l'appareil dans des endroits expos\u00e9s aux intemp\u00e9ries et au soleil, \u00e0 moins qu'il ne soit prot\u00e9g\u00e9 de mani\u00e8re ad\u00e9quate contre l'eau et la poussi\u00e8re.<\/li>\n<\/ul>\n<h2>Maintenance du Victron Orion-Tr Smart<\/h2>\n<p>Un entretien r\u00e9gulier de l'isolateur Victron Orion-Tr Smart 24\/48 8,5A est la cl\u00e9 d'une performance optimale et d'une longue dur\u00e9e de vie.<\/p>\n<ul>\n<li><strong>Inspection p\u00e9riodique :<\/strong>\n<ul>\n<li>V\u00e9rifier les connexions \u00e9lectriques pour s'assurer que les fils ne sont pas desserr\u00e9s ou corrod\u00e9s.<\/li>\n<li>Serrez les vis de montage, de mani\u00e8re \u00e0 ce que l'appareil soit correctement fix\u00e9.<\/li>\n<\/ul>\n<\/li>\n<li><strong>Propret\u00e9 :<\/strong>\n<ul>\n<li>Nettoyez r\u00e9guli\u00e8rement le convertisseur \u00e0 l'aide d'un chiffon sec sans produits chimiques agressifs. Veillez \u00e0 ce que la poussi\u00e8re et la salet\u00e9 n'obstruent pas les orifices d'a\u00e9ration.<\/li>\n<\/ul>\n<\/li>\n<li><strong>Mise \u00e0 jour du micrologiciel :<\/strong>\n<ul>\n<li>Consultez l'application VictronConnect pour conna\u00eetre les mises \u00e0 jour du micrologiciel disponibles. Ces mises \u00e0 jour am\u00e9liorent les performances de l'appareil et ajoutent de nouvelles fonctionnalit\u00e9s.<\/li>\n<\/ul>\n<\/li>\n<li><strong>Tests fonctionnels :<\/strong>\n<ul>\n<li>Effectuez des tests r\u00e9guliers pour v\u00e9rifier que l'appareil fonctionne correctement. Surveiller les param\u00e8tres cl\u00e9s, tels que la tension et le courant de sortie, \u00e0 l'aide de l'application.<\/li>\n<\/ul>\n<\/li>\n<\/ul>\n<h2>Manuel et fiche technique Victron Orion-Tr Smart 24\/48 8.5A Convertisseur isol\u00e9 - ORI244840120<\/h2>\n<p><a href=\"https:\/\/fvcomponentes.com\/wp-content\/uploads\/2025\/01\/Ficha-tecnica-Convertidor-Victron-Orion-Tr-Smart.pdf\" target=\"_blank\" rel=\"noopener\">Voir la fiche technique Orion-Tr Smart 24\/48 8.5A isol\u00e9 - ORI244840120<\/a><\/p>\n<p><a href=\"https:\/\/fvcomponentes.com\/wp-content\/uploads\/2025\/01\/Manual-Convertidor-Victron-Orion-Tr-Smart.pdf\" target=\"_blank\" rel=\"noopener\">Voir le manuel de Victron Orion-Tr Smart 24\/48 8.5A isol\u00e9<\/a><\/p>","protected":false},"excerpt":{"rendered":"<p><strong>Tension d'entr\u00e9e :<\/strong> 16-35 V<br \/>\n<strong>Tension de sortie :<\/strong> 48,2V<br \/>\n<strong>Courant de sortie continu :<\/strong> 8,5A<br \/>\n<strong>Courant de sortie maximal :<\/strong> 15A<br \/>\n<strong>Isolation galvanique :<\/strong> 200V DC entre l'entr\u00e9e, la sortie et le bo\u00eetier<\/p>\n<p>La photographie du produit est fournie \u00e0 titre d'illustration uniquement et peut ne pas correspondre au produit r\u00e9el.<\/p>","protected":false},"featured_media":22581,"comment_status":"open","ping_status":"closed","template":"","meta":{"site-sidebar-layout":"default","site-content-layout":"","ast-site-content-layout":"default","site-content-style":"default","site-sidebar-style":"default","ast-global-header-display":"","ast-banner-title-visibility":"","ast-main-header-display":"","ast-hfb-above-header-display":"","ast-hfb-below-header-display":"","ast-hfb-mobile-header-display":"","site-post-title":"","ast-breadcrumbs-content":"","ast-featured-img":"","footer-sml-layout":"","ast-disable-related-posts":"","theme-transparent-header-meta":"default","adv-header-id-meta":"","stick-header-meta":"","header-above-stick-meta":"","header-main-stick-meta":"","header-below-stick-meta":"","astra-migrate-meta-layouts":"set","ast-page-background-enabled":"default","ast-page-background-meta":{"desktop":{"background-color":"var(--ast-global-color-4)","background-image":"","background-repeat":"repeat","background-position":"center center","background-size":"auto","background-attachment":"scroll","background-type":"","background-media":"","overlay-type":"","overlay-color":"","overlay-opacity":"","overlay-gradient":""},"tablet":{"background-color":"","background-image":"","background-repeat":"repeat","background-position":"center center","background-size":"auto","background-attachment":"scroll","background-type":"","background-media":"","overlay-type":"","overlay-color":"","overlay-opacity":"","overlay-gradient":""},"mobile":{"background-color":"","background-image":"","background-repeat":"repeat","background-position":"center center","background-size":"auto","background-attachment":"scroll","background-type":"","background-media":"","overlay-type":"","overlay-color":"","overlay-opacity":"","overlay-gradient":""}},"ast-content-background-meta":{"desktop":{"background-color":"var(--ast-global-color-5)","background-image":"","background-repeat":"repeat","background-position":"center center","background-size":"auto","background-attachment":"scroll","background-type":"","background-media":"","overlay-type":"","overlay-color":"","overlay-opacity":"","overlay-gradient":""},"tablet":{"background-color":"var(--ast-global-color-5)","background-image":"","background-repeat":"repeat","background-position":"center center","background-size":"auto","background-attachment":"scroll","background-type":"","background-media":"","overlay-type":"","overlay-color":"","overlay-opacity":"","overlay-gradient":""},"mobile":{"background-color":"var(--ast-global-color-5)","background-image":"","background-repeat":"repeat","background-position":"center center","background-size":"auto","background-attachment":"scroll","background-type":"","background-media":"","overlay-type":"","overlay-color":"","overlay-opacity":"","overlay-gradient":""}}},"pwb-brand":[332],"product_brand":[],"product_cat":[962,419,865],"product_tag":[],"class_list":{"0":"post-22575","1":"product","2":"type-product","3":"status-publish","4":"has-post-thumbnail","6":"pwb-brand-victron","7":"product_cat-24v-48v","8":"product_cat-cargadores-de-baterias","9":"product_cat-convertidores","10":"desktop-align-left","11":"tablet-align-left","12":"mobile-align-left","13":"ast-product-gallery-layout-horizontal-slider","14":"ast-product-tabs-layout-horizontal","16":"first","17":"instock","18":"taxable","19":"shipping-taxable","20":"purchasable","21":"product-type-simple"},"wcpa_form_fields":null,"brands":[{"id":332,"name":"Victron Energy","slug":"victron"}],"_links":{"self":[{"href":"https:\/\/fvcomponentes.com\/fr\/wp-json\/wp\/v2\/product\/22575","targetHints":{"allow":["GET"]}}],"collection":[{"href":"https:\/\/fvcomponentes.com\/fr\/wp-json\/wp\/v2\/product"}],"about":[{"href":"https:\/\/fvcomponentes.com\/fr\/wp-json\/wp\/v2\/types\/product"}],"replies":[{"embeddable":true,"href":"https:\/\/fvcomponentes.com\/fr\/wp-json\/wp\/v2\/comments?post=22575"}],"wp:featuredmedia":[{"embeddable":true,"href":"https:\/\/fvcomponentes.com\/fr\/wp-json\/wp\/v2\/media\/22581"}],"wp:attachment":[{"href":"https:\/\/fvcomponentes.com\/fr\/wp-json\/wp\/v2\/media?parent=22575"}],"wp:term":[{"taxonomy":"pwb-brand","embeddable":true,"href":"https:\/\/fvcomponentes.com\/fr\/wp-json\/wp\/v2\/pwb-brand?post=22575"},{"taxonomy":"product_brand","embeddable":true,"href":"https:\/\/fvcomponentes.com\/fr\/wp-json\/wp\/v2\/product_brand?post=22575"},{"taxonomy":"product_cat","embeddable":true,"href":"https:\/\/fvcomponentes.com\/fr\/wp-json\/wp\/v2\/product_cat?post=22575"},{"taxonomy":"product_tag","embeddable":true,"href":"https:\/\/fvcomponentes.com\/fr\/wp-json\/wp\/v2\/product_tag?post=22575"}],"curies":[{"name":"wp","href":"https:\/\/api.w.org\/{rel}","templated":true}]}}