{"id":22351,"date":"2025-01-23T17:00:47","date_gmt":"2025-01-23T16:00:47","guid":{"rendered":"https:\/\/fvcomponentes.com\/?post_type=product&#038;p=22351"},"modified":"2026-04-08T21:36:28","modified_gmt":"2026-04-08T19:36:28","slug":"lynx-victron-smart-bms-500-m10-lyn034160210","status":"publish","type":"product","link":"https:\/\/fvcomponentes.com\/fr\/producto\/lynx-victron-smart-bms-500-m10-lyn034160210\/","title":{"rendered":"Lynx Victron Victron Smart BMS 500 M10 - LYN034160210"},"content":{"rendered":"<h2>Lynx Victron Victron Smart BMS 500 M10 - LYN034160210<\/h2>\n<p>Lynx Victron Smart BMS 500 M10 - LYN034160210 est la solution avanc\u00e9e pour la gestion et la protection des batteries au lithium LiFePO4 de Victron. Id\u00e9al pour les applications de stockage d'\u00e9nergie et les installations photovolta\u00efques, ce BMS assure une performance s\u00fbre et efficace des batteries du syst\u00e8me. Il est dot\u00e9 de fonctions de surveillance, de contr\u00f4le et de protection de pointe.<\/p>\n<h2>Caract\u00e9ristiques du Smart BMS 500 M10<\/h2>\n<ul>\n<li><strong>Contacteur 500 A int\u00e9gr\u00e9 :<\/strong>\n<ul>\n<li>Le contacteur int\u00e9gr\u00e9 est une mesure de s\u00e9curit\u00e9 secondaire qui prot\u00e8ge la batterie au cas o\u00f9 les commandes principales n'auraient pas correctement d\u00e9sactiv\u00e9 les charges ou les chargeurs. Ce contacteur sert \u00e9galement d'interrupteur principal pour le syst\u00e8me et peut \u00eatre command\u00e9 \u00e0 distance.<\/li>\n<\/ul>\n<\/li>\n<li><strong>Circuit de pr\u00e9charge :<\/strong>\n<ul>\n<li>Il \u00e9vite les courants d'appel \u00e9lev\u00e9s lors de la connexion de charges capacitives, telles que les onduleurs (MultiPlus, Quattro) ; le besoin d'un syst\u00e8me de pr\u00e9charge externe est \u00e9limin\u00e9. Cela garantit un d\u00e9marrage en douceur du syst\u00e8me.<\/li>\n<\/ul>\n<\/li>\n<li><strong>Surveillance \u00e0 distance par Bluetooth :<\/strong>\n<ul>\n<li>Le Lynx Smart BMS peut \u00eatre contr\u00f4l\u00e9 et surveill\u00e9 \u00e0 distance via l'application VictronConnect ou un appareil GX tel que le Cerbo GX MK2. Acc\u00e9dez aux donn\u00e9es en temps r\u00e9el sur l'\u00e9tat de charge, la tension, le courant, ... Et avec la fonction Instant Readout, vous obtenez des diagnostics rapides sans avoir besoin de vous connecter directement au BMS.<\/li>\n<\/ul>\n<\/li>\n<li><strong>Contr\u00f4le automatique des chargeurs et des onduleurs :<\/strong>\n<ul>\n<li>Le syst\u00e8me g\u00e8re automatiquement les onduleurs et chargeurs Victron compatibles via le DVCC, en utilisant les contacts ATC (permet la charge) et ATD (permet la d\u00e9charge) pour contr\u00f4ler d'autres appareils dot\u00e9s d'un port distant.<\/li>\n<\/ul>\n<\/li>\n<li><strong>Relais programmable :<\/strong>\n<ul>\n<li>Le relais int\u00e9gr\u00e9 dans le Lynx Victron Victron Smart BMS 500 M10 est programmable pour diverses fonctions, telles que l'activation d'alarmes ou le contr\u00f4le d'un alternateur via un r\u00e9gulateur externe. Le syst\u00e8me garantit que l'alternateur est coup\u00e9 avant que la batterie ne soit d\u00e9connect\u00e9e, prot\u00e9geant ainsi tous les composants.<\/li>\n<\/ul>\n<\/li>\n<li><strong>Borne d'alimentation AUX (1,1 A) :<\/strong>\n<ul>\n<li>La sortie AUX fournit 1,1 A de puissance pour alimenter des dispositifs tels qu'un dispositif GX, m\u00eame lorsque le BMS arr\u00eate les charges en raison d'une faible tension de cellule. Si 5 minutes s'\u00e9coulent sans qu'aucune tension de charge ne soit d\u00e9tect\u00e9e, le BMS s'\u00e9teint automatiquement, y compris la sortie AUX.<\/li>\n<\/ul>\n<\/li>\n<li><strong>VE.Can et NMEA 2000 Data Communication :<\/strong>\n<ul>\n<li>Gr\u00e2ce \u00e0 la technologie VE.Can, la connexion aux appareils GX se fait par un c\u00e2ble r\u00e9seau RJ45 standard. De plus, le protocole NMEA 2000 permet d'int\u00e9grer le BMS dans les r\u00e9seaux nautiques, en envoyant les informations directement aux \u00e9crans multifonctions \u00e0 bord.<\/li>\n<\/ul>\n<\/li>\n<li><strong>Contr\u00f4le des fusibles du distributeur Lynx :<\/strong>\n<ul>\n<li>Le Lynx Victron Smart BMS 500 M10 - LYN034160210 peut surveiller jusqu'\u00e0 quatre distributeurs Lynx et leurs fusibles. Via VictronConnect ou un appareil GX, vous pouvez lire l'\u00e9tat des fusibles et recevoir des alertes si l'un d'entre eux saute, \u00e9vitant ainsi d'\u00e9ventuelles pannes du syst\u00e8me.<\/li>\n<\/ul>\n<\/li>\n<li><strong>Redondance parall\u00e8le<\/strong>\n<ul>\n<li>Les s\u00e9ries Lynx Smart BMS et Lynx Smart BMS NG permettent d'installer plusieurs Lynx BMS dans une m\u00eame installation. Chaque Smart BMS 500 M10 a son propre banc de batteries et ensemble ils forment un seul syst\u00e8me de batteries redondant. Jusqu'\u00e0 cinq BMS peuvent \u00eatre connect\u00e9s en parall\u00e8le.<\/li>\n<\/ul>\n<\/li>\n<\/ul>\n<h2>Lynx Victron Victron Smart BMS 500 M10 Sp\u00e9cifications<\/h2>\n<ul>\n<li><strong>Plage de tension de la batterie :<\/strong> 9 - 60 VDC<\/li>\n<li><strong>Tension d'entr\u00e9e maximale :<\/strong> 75 VDC<\/li>\n<li><strong>Contraintes accept\u00e9es par le syst\u00e8me :<\/strong> 12, 24 ou 48 V<\/li>\n<li><strong>Protection contre l'inversion de polarit\u00e9 :<\/strong> Non<\/li>\n<li><strong>Courant nominal continu du contacteur principal de s\u00e9curit\u00e9 :<\/strong> 500 ACC en continu<\/li>\n<li><strong>Courant de cr\u00eate nominal du contacteur principal de s\u00e9curit\u00e9 :<\/strong> 600 A pendant 5 minutes<\/li>\n<li><strong>Consommation \u00e9lectrique en mode OFF :<\/strong> 0,3 mA pour toutes les tensions du syst\u00e8me<\/li>\n<li><strong>Consommation en veille :<\/strong> Environ 0,6 W (50 mA \u00e0 12 V)<\/li>\n<li><strong>Consommation \u00e9lectrique en mode ON : <\/strong>Environ 2,6 W (217 mA \u00e0 12 V) en fonction de l'\u00e9tat du relais<\/li>\n<li><strong>R\u00e9sistance minimale \u00e0 la charge pour la pr\u00e9charge : <\/strong>10 \u03a9 et plus pour les syst\u00e8mes de 12 V 20 \u03a9 et plus pour les syst\u00e8mes de 24 V et 48 V<\/li>\n<li><strong>Courant nominal maximum de la sortie AUX : <\/strong>1,1 A continu, prot\u00e9g\u00e9 par un fusible r\u00e9armable<\/li>\n<li><strong>Port ATC (activation de la charge) Courant nominal maximal :<\/strong> 0,5 A \u00e0 60 VDC, prot\u00e9g\u00e9 par un fusible r\u00e9initialisable<\/li>\n<li><strong>Port ATD (validation de la d\u00e9charge) Courant nominal maximal :<\/strong> 0,5 A \u00e0 60 VDC, prot\u00e9g\u00e9 par un fusible r\u00e9initialisable<\/li>\n<li><strong>Relais d'alarme unipolaire \u00e0 double contact (SPDT) Courant nominal maximal :<\/strong> 2 A \u00e0 60 VDC<\/li>\n<\/ul>\n<h2>Int\u00e9gration dans le syst\u00e8me de distribution Lynx<\/h2>\n<p>Le Lynx Smart BMS s'int\u00e8gre facilement au syst\u00e8me de distribution Lynx. La batterie doit toujours \u00eatre connect\u00e9e au c\u00f4t\u00e9 gauche du Lynx Smart BMS (en position normale), tandis que toutes les charges et les chargeurs doivent \u00eatre connect\u00e9s \u00e0 droite.<br \/>\nL'image ci-dessous montre le Lynx Smart BMS dans un syst\u00e8me avec deux distributeurs Lynx. Ensemble, ils forment un jeu de barres continu avec des connexions de batterie \u00e0 fusibles, un moniteur de batterie, un syst\u00e8me BMS, un contacteur et des connexions de charge \u00e0 fusibles.<\/p>\n<p><img fetchpriority=\"high\" decoding=\"async\" class=\"size-full wp-image-22386\" src=\"https:\/\/fvcomponentes.com\/wp-content\/uploads\/2025\/01\/Integracion-BMS-en-sistema-Lynx.png\" alt=\"Int\u00e9gration de la GTB dans le syst\u00e8me Lynx\" width=\"727\" height=\"522\" title=\"\"><\/p>\n<p>Les modules Lynx peuvent \u00eatre mont\u00e9s dans n'importe quelle orientation, les unit\u00e9s sont \u00e9quip\u00e9es d'adh\u00e9sifs sp\u00e9ciaux qui permettent de les installer \u00e0 l'envers.<\/p>\n<p><img decoding=\"async\" class=\"size-full wp-image-22387\" src=\"https:\/\/fvcomponentes.com\/wp-content\/uploads\/2025\/01\/Sistema-Lynx-cambio-de-orientacion.png\" alt=\"Changement d&#039;orientation du syst\u00e8me Lynx\" width=\"741\" height=\"323\" title=\"\"><\/p>\n<h2>Dimensionnement du syst\u00e8me de GTB<\/h2>\n<p><strong>Courant nominal du Lynx Smart BMS<\/strong><\/p>\n<p>Le contacteur de s\u00e9curit\u00e9 principal du Lynx Smart BMS a une capacit\u00e9 de courant continu de 500A et une capacit\u00e9 de courant de cr\u00eate de 600A pendant 5 minutes. Si la limite de courant de cr\u00eate ou l'intervalle de 5 minutes est d\u00e9pass\u00e9 : une alarme de surintensit\u00e9 est g\u00e9n\u00e9r\u00e9e et l'ATC ou l'ATD (autoriser la charge ou autoriser la d\u00e9charge) est d\u00e9sactiv\u00e9 apr\u00e8s 30 secondes.<\/p>\n<p>Puissance nominale du Lynx Smart BMS \u00e0 diff\u00e9rentes tensions :<\/p>\n<ul>\n<li>12V : 6kW<\/li>\n<li>24V : 12kW<\/li>\n<li>48V : 24kW<\/li>\n<\/ul>\n<p><strong>Fusibles et c\u00e2blage<\/strong><\/p>\n<p>Le BMS ne fonctionne pas comme un fusible, il avertit seulement si le courant est trop \u00e9lev\u00e9. La fonction de fusible doit \u00eatre assur\u00e9e en externe. Utilisez toujours des fusibles dont le courant et la tension nominaux sont corrects et des c\u00e2bles dont la section est suffisante pour le courant nominal maximal du syst\u00e8me.<\/p>\n<p>Pour plus d'informations, veuillez consulter le manuel de Victron. <a href=\"https:\/\/fvcomponentes.com\/wp-content\/uploads\/2024\/09\/Cableado-sin-limites-Victron.pdf\" target=\"_blank\" rel=\"noopener\">C\u00e2bl\u00e9 sans limites<\/a>.<\/p>\n<h2>Assemblage des modules Lynx<\/h2>\n<ul>\n<li>Si le syst\u00e8me Lynx doit \u00eatre raccord\u00e9 \u00e0 droite et que le module Lynx comporte une barri\u00e8re en plastique sur le c\u00f4t\u00e9 droit, enlevez-la. Si le module Lynx se trouve \u00e0 l'extr\u00e9mit\u00e9 droite, laissez la barri\u00e8re en plastique en place.\n<ul>\n<li>Si les modules Lynx doivent \u00eatre connect\u00e9s \u00e0 gauche, retirez les manchons en caoutchouc rouge et noir. Si le module Lynx est le module le plus \u00e0 gauche, laissez les manchons en caoutchouc rouge et noir en place.<\/li>\n<\/ul>\n<\/li>\n<li>Rappelez-vous que dans un Lynx Smart BMS, la batterie est connect\u00e9e sur le c\u00f4t\u00e9 gauche et le syst\u00e8me DC sur le c\u00f4t\u00e9 droit.<\/li>\n<li>Connectez tous les modules Lynx ensemble en utilisant les trous et les vis \u00e0 gauche et \u00e0 droite. Veillez \u00e0 placer correctement les modules dans les fentes de connexion en caoutchouc.<\/li>\n<li>Placer la rondelle, la rondelle \u00e9lastique et l'\u00e9crou sur les boulons dans l'ordre correct et serrer les \u00e9crous avec un couple de 14 Nm pour les mod\u00e8les M8 et avec un couple de 33 Nm pour les mod\u00e8les M10 (17 Nm pour les unit\u00e9s dont le num\u00e9ro de s\u00e9rie est ant\u00e9rieur \u00e0 HQ2340XXXX).<\/li>\n<\/ul>\n<p><strong>Connexion du c\u00e2ble RJ10<\/strong><\/p>\n<p>Voici la s\u00e9quence des \u00e9tapes pour connecter les c\u00e2bles RJ10 entre le Lynx Smart BMS et le distributeur Lynx :<\/p>\n<ul>\n<li>Branchez une extr\u00e9mit\u00e9 du c\u00e2ble RJ10 dans le connecteur RJ10 du r\u00e9partiteur Lynx, en veillant \u00e0 ce que le clip de maintien du connecteur RJ10 soit tourn\u00e9 vers l'ext\u00e9rieur.<\/li>\n<li>Faites passer le c\u00e2ble RJ10 dans la fente situ\u00e9e en bas du r\u00e9partiteur Lynx.<\/li>\n<li>Branchez le c\u00e2ble RJ10 dans le connecteur RJ10 situ\u00e9 sous le Lynx Smart BMS.<\/li>\n<\/ul>\n<p><img decoding=\"async\" class=\"wp-image-22451\" src=\"https:\/\/fvcomponentes.com\/wp-content\/uploads\/2025\/01\/Conectar-Lynx-RJ10.png\" alt=\"Connect Lynx RJ10\" width=\"1019\" height=\"219\" title=\"\"><\/p>\n<p><strong>Connexion des c\u00e2bles BMS<\/strong><\/p>\n<p>Jusqu'\u00e0 26 batteries peuvent \u00eatre connect\u00e9es au BMS. Si plusieurs batteries sont utilis\u00e9es, il faut d'abord interconnecter les c\u00e2bles BMS de la batterie, puis connecter le c\u00e2ble BMS de la premi\u00e8re et de la derni\u00e8re batterie aux connecteurs BMS du Lynx Smart BMS.<\/p>\n<p><img loading=\"lazy\" decoding=\"async\" class=\"wp-image-22452\" src=\"https:\/\/fvcomponentes.com\/wp-content\/uploads\/2025\/01\/Conectar-cables-BMS.png\" alt=\"Connexion des c\u00e2bles BMS\" width=\"1078\" height=\"321\" title=\"\"><\/p>\n<h2><\/h2>\n<p><strong>Connexion de l'appareil GX<\/strong><\/p>\n<p>Connectez le port VE.Can du Lynx Smart BMS au port VE.Can de l'appareil GX \u00e0 l'aide d'un c\u00e2ble RJ45. Plusieurs appareils VE.Can peuvent \u00eatre connect\u00e9s en guirlande, mais assurez-vous que le premier et le dernier appareil ont un terminateur RJ45 VE.Can install\u00e9. Alimentez l'appareil GX \u00e0 partir des bornes AUX + et AUX - du Lynx Smart BMS.<\/p>\n<p><img loading=\"lazy\" decoding=\"async\" class=\"wp-image-22559\" src=\"https:\/\/fvcomponentes.com\/wp-content\/uploads\/2025\/01\/Conectar-dispositivo-GX-a-Lynx-Smart-BMS.png\" alt=\"Connexion de l&#039;appareil GX au Lynx Smart BMS\" width=\"591\" height=\"547\" title=\"\"><\/p>\n<h2>Exemples d'installation du Lynx Victron Smart BMS 500 M10<\/h2>\n<p>L'image suivante montre un syst\u00e8me compos\u00e9 d'un BMS Lynx Victron Smart, de deux distributeurs Lynx et de batteries au lithium :<\/p>\n<p><img loading=\"lazy\" decoding=\"async\" class=\"size-full wp-image-22558\" src=\"https:\/\/fvcomponentes.com\/wp-content\/uploads\/2025\/01\/ejemplo-de-sistema-Lynx.png\" alt=\"exemple de syst\u00e8me Lynx\" width=\"855\" height=\"475\" title=\"\"><\/p>\n<p>L'image suivante est celle d'un syst\u00e8me compos\u00e9 d'un Lynx Smart BMS, d'aucun dispositif GX et d'aucun distributeur Lynx :<\/p>\n<p><img loading=\"lazy\" decoding=\"async\" class=\"size-full wp-image-22560\" src=\"https:\/\/fvcomponentes.com\/wp-content\/uploads\/2025\/01\/ejemplo-sistema-Lynx-Smart-BMS.png\" alt=\"exemple de syst\u00e8me Lynx Smart BMS\" width=\"796\" height=\"426\" title=\"\"><\/p>\n<h2>Lynx Victron Smart BMS 500 M10 Manuel et fiche technique - LYN034160210<\/h2>\n<p><a href=\"https:\/\/fvcomponentes.com\/wp-content\/uploads\/2025\/01\/Manual-del-Lynx-Smart-BMS-Victron.pdf\" target=\"_blank\" rel=\"noopener\">Voir le manuel Smart BMS 500 M10<\/a><\/p>\n<p><a href=\"https:\/\/fvcomponentes.com\/wp-content\/uploads\/2023\/03\/Datasheet-Lynx-Smart-BMS-ES.pdf\" target=\"_blank\" rel=\"noopener\">Voir la fiche technique Lynx Smart BMS 500 M10 - LYN034160210<\/a><\/p>","protected":false},"excerpt":{"rendered":"<p><strong>Plage de tension de la batterie :<\/strong> 9 - 58 VDC<br \/>\n<strong>Tension d'entr\u00e9e maximale :<\/strong> 75 VDC<br \/>\n<strong>Contraintes accept\u00e9es par le syst\u00e8me :<\/strong> 12, 24 ou 48 V<\/p>","protected":false},"featured_media":22355,"comment_status":"open","ping_status":"closed","template":"","meta":{"site-sidebar-layout":"default","site-content-layout":"","ast-site-content-layout":"default","site-content-style":"default","site-sidebar-style":"default","ast-global-header-display":"","ast-banner-title-visibility":"","ast-main-header-display":"","ast-hfb-above-header-display":"","ast-hfb-below-header-display":"","ast-hfb-mobile-header-display":"","site-post-title":"","ast-breadcrumbs-content":"","ast-featured-img":"","footer-sml-layout":"","ast-disable-related-posts":"","theme-transparent-header-meta":"default","adv-header-id-meta":"","stick-header-meta":"","header-above-stick-meta":"","header-main-stick-meta":"","header-below-stick-meta":"","astra-migrate-meta-layouts":"set","ast-page-background-enabled":"default","ast-page-background-meta":{"desktop":{"background-color":"var(--ast-global-color-4)","background-image":"","background-repeat":"repeat","background-position":"center center","background-size":"auto","background-attachment":"scroll","background-type":"","background-media":"","overlay-type":"","overlay-color":"","overlay-opacity":"","overlay-gradient":""},"tablet":{"background-color":"","background-image":"","background-repeat":"repeat","background-position":"center center","background-size":"auto","background-attachment":"scroll","background-type":"","background-media":"","overlay-type":"","overlay-color":"","overlay-opacity":"","overlay-gradient":""},"mobile":{"background-color":"","background-image":"","background-repeat":"repeat","background-position":"center center","background-size":"auto","background-attachment":"scroll","background-type":"","background-media":"","overlay-type":"","overlay-color":"","overlay-opacity":"","overlay-gradient":""}},"ast-content-background-meta":{"desktop":{"background-color":"var(--ast-global-color-5)","background-image":"","background-repeat":"repeat","background-position":"center center","background-size":"auto","background-attachment":"scroll","background-type":"","background-media":"","overlay-type":"","overlay-color":"","overlay-opacity":"","overlay-gradient":""},"tablet":{"background-color":"var(--ast-global-color-5)","background-image":"","background-repeat":"repeat","background-position":"center center","background-size":"auto","background-attachment":"scroll","background-type":"","background-media":"","overlay-type":"","overlay-color":"","overlay-opacity":"","overlay-gradient":""},"mobile":{"background-color":"var(--ast-global-color-5)","background-image":"","background-repeat":"repeat","background-position":"center center","background-size":"auto","background-attachment":"scroll","background-type":"","background-media":"","overlay-type":"","overlay-color":"","overlay-opacity":"","overlay-gradient":""}}},"pwb-brand":[332],"product_brand":[],"product_cat":[435,391,340],"product_tag":[],"class_list":{"0":"post-22351","1":"product","2":"type-product","3":"status-publish","4":"has-post-thumbnail","6":"pwb-brand-victron","7":"product_cat-bms-sistemas-de-supervision-de-baterias","8":"product_cat-accesorios-para-baterias","9":"product_cat-baterias","10":"desktop-align-left","11":"tablet-align-left","12":"mobile-align-left","13":"ast-product-gallery-layout-horizontal-slider","14":"ast-product-tabs-layout-horizontal","16":"first","17":"instock","18":"taxable","19":"shipping-taxable","20":"purchasable","21":"product-type-simple"},"wcpa_form_fields":null,"brands":[{"id":332,"name":"Victron Energy","slug":"victron"}],"_links":{"self":[{"href":"https:\/\/fvcomponentes.com\/fr\/wp-json\/wp\/v2\/product\/22351","targetHints":{"allow":["GET"]}}],"collection":[{"href":"https:\/\/fvcomponentes.com\/fr\/wp-json\/wp\/v2\/product"}],"about":[{"href":"https:\/\/fvcomponentes.com\/fr\/wp-json\/wp\/v2\/types\/product"}],"replies":[{"embeddable":true,"href":"https:\/\/fvcomponentes.com\/fr\/wp-json\/wp\/v2\/comments?post=22351"}],"wp:featuredmedia":[{"embeddable":true,"href":"https:\/\/fvcomponentes.com\/fr\/wp-json\/wp\/v2\/media\/22355"}],"wp:attachment":[{"href":"https:\/\/fvcomponentes.com\/fr\/wp-json\/wp\/v2\/media?parent=22351"}],"wp:term":[{"taxonomy":"pwb-brand","embeddable":true,"href":"https:\/\/fvcomponentes.com\/fr\/wp-json\/wp\/v2\/pwb-brand?post=22351"},{"taxonomy":"product_brand","embeddable":true,"href":"https:\/\/fvcomponentes.com\/fr\/wp-json\/wp\/v2\/product_brand?post=22351"},{"taxonomy":"product_cat","embeddable":true,"href":"https:\/\/fvcomponentes.com\/fr\/wp-json\/wp\/v2\/product_cat?post=22351"},{"taxonomy":"product_tag","embeddable":true,"href":"https:\/\/fvcomponentes.com\/fr\/wp-json\/wp\/v2\/product_tag?post=22351"}],"curies":[{"name":"wp","href":"https:\/\/api.w.org\/{rel}","templated":true}]}}