{"id":22291,"date":"2025-01-16T10:17:05","date_gmt":"2025-01-16T09:17:05","guid":{"rendered":"https:\/\/fvcomponentes.com\/?post_type=product&#038;p=22291"},"modified":"2026-01-15T10:08:36","modified_gmt":"2026-01-15T09:08:36","slug":"convertisseur-victron-orion-tr-smart-12-48-8a-isole-ori124838120","status":"publish","type":"product","link":"https:\/\/fvcomponentes.com\/fr\/producto\/convertidor-victron-orion-tr-smart-12-48-8a-aislado-ori124838120\/","title":{"rendered":"Victron Orion-Tr Smart Booster Converter 12\/48 8A isol\u00e9 - ORI124838120"},"content":{"rendered":"<h2><strong>Convertisseur Victron Orion-Tr Smart 12\/48 8A isol\u00e9 - ORI124838120<\/strong><\/h2>\n<p>Le convertisseur Victron Orion-Tr Smart 12\/48 8A isol\u00e9 - ORI124838120 sert de chargeur de batterie DC-DC ou d'alimentation. Le Victron Orion Smart ne peut \u00eatre configur\u00e9 pour fournir de l'\u00e9nergie que lorsque le moteur est en marche. En mode chargeur, l'algorithme de charge \u00e0 trois niveaux prolonge la dur\u00e9e de vie de la batterie.<\/p>\n<h2>Caract\u00e9ristiques du Victron Orion-Tr Smart 12\/48 8A isol\u00e9<\/h2>\n<p><strong>Bluetooth Smart<\/strong><\/p>\n<ul>\n<li>Tout smartphone, tablette ou autre appareil compatible Bluetooth peut \u00eatre utilis\u00e9 pour contr\u00f4ler le victron orion tr smart, modifier les param\u00e8tres et mettre \u00e0 jour le chargeur lorsque de nouvelles fonctionnalit\u00e9s logicielles sont disponibles.<\/li>\n<li>Lecture instantan\u00e9e : L'application VictronConnect peut afficher les donn\u00e9es les plus importantes, ainsi que les avertissements et les alarmes, sur la page de liste de l'appareil, sans qu'il soit n\u00e9cessaire de se connecter au produit.<\/li>\n<\/ul>\n<p><strong>Enti\u00e8rement programmable<\/strong><\/p>\n<ul>\n<li>Algorithme de charge de la batterie (configurable) ou sortie fixe.<\/li>\n<li>Compatibilit\u00e9 avec l'alternateur intelligent : m\u00e9canisme de d\u00e9tection du fonctionnement du moteur.<\/li>\n<\/ul>\n<p><strong>Algorithme de chargement adaptatif en 3 \u00e9tapes : chargement initial - absorption - flottement<\/strong><\/p>\n<ul>\n<li>Dans le cas des batteries plomb-acide, le temps d'absorption doit \u00eatre court si la batterie ne doit \u00eatre que l\u00e9g\u00e8rement d\u00e9charg\u00e9e. Apr\u00e8s une d\u00e9charge profonde, le temps de charge d'absorption est automatiquement augment\u00e9 pour assurer une recharge compl\u00e8te de la batterie.<\/li>\n<li>Pour les piles au lithium, le temps d'absorption est fix\u00e9 \u00e0 2 heures.<\/li>\n<\/ul>\n<p><strong>Victron orion tr : Convient aux v\u00e9hicules \u00e9quip\u00e9s d'un alternateur intelligent (moteurs Euro 5 et Euro 6).<\/strong><\/p>\n<ul>\n<li>La d\u00e9tection int\u00e9gr\u00e9e de l'arr\u00eat du moteur arr\u00eate l'onduleur lorsque le moteur ne tourne pas. Cela emp\u00eache la batterie de d\u00e9marrage de se d\u00e9charger (voir le manuel pour plus de d\u00e9tails).<\/li>\n<\/ul>\n<p><strong>Marche\/Arr\u00eat \u00e0 distance<\/strong><\/p>\n<ul>\n<li>Un interrupteur marche\/arr\u00eat \u00e0 distance peut \u00eatre connect\u00e9 \u00e0 un connecteur biphas\u00e9. La borne H (droite) du connecteur biphas\u00e9 peut \u00e9galement \u00eatre reli\u00e9e au p\u00f4le positif de la batterie, ou la borne L (gauche) du connecteur biphas\u00e9 peut \u00eatre reli\u00e9e au p\u00f4le n\u00e9gatif de la batterie (ou au ch\u00e2ssis du v\u00e9hicule, par exemple).<\/li>\n<\/ul>\n<p><strong>Protection \u00e9lectronique \u00e9tendue de ce victron orion<\/strong><\/p>\n<p>Protection contre la surchauffe et r\u00e9duction de la puissance en cas de temp\u00e9rature \u00e9lev\u00e9e.<\/p>\n<ul>\n<li>R\u00e9sistant aux surcharges.<\/li>\n<li>R\u00e9sistant aux courts-circuits.<\/li>\n<li>Protection du connecteur contre la surchauffe.<\/li>\n<\/ul>\n<p><strong>Autres fonctions du victron orion tr smart<\/strong><\/p>\n<ul>\n<li>Tous les mod\u00e8les sont prot\u00e9g\u00e9s contre les courts-circuits et peuvent \u00eatre connect\u00e9s en parall\u00e8le (nombre illimit\u00e9) pour augmenter le courant de sortie.<\/li>\n<li>Verrouillage de la tension d'entr\u00e9e : s'arr\u00eate si la tension d'entr\u00e9e tombe en dessous de la valeur de verrouillage et red\u00e9marre si la tension d'entr\u00e9e remonte au-dessus de la valeur.<br \/>\nred\u00e9marrage.<\/li>\n<li>S\u00e9paration de la batterie de d\u00e9marrage et de la batterie auxiliaire : Le booster victron orion 12\/48 8A s\u00e9pare la batterie de d\u00e9marrage et la batterie auxiliaire lorsque le moteur ne tourne pas.<\/li>\n<li>Protection contre les temp\u00e9ratures \u00e9lev\u00e9es : le courant de sortie est r\u00e9duit lorsque la temp\u00e9rature ambiante est \u00e9lev\u00e9e.<\/li>\n<li>Protection IP43 : si les bornes \u00e0 vis sont install\u00e9es vers le bas.<\/li>\n<li>Bornes \u00e0 vis : aucun outil sp\u00e9cial n'est n\u00e9cessaire pour l'installation<\/li>\n<\/ul>\n<h2>Sp\u00e9cifications du booster orion Tr Smart 12\/48 8A<\/h2>\n<ul>\n<li><strong>Plage de tension d'entr\u00e9e : <\/strong>8-17 V<\/li>\n<li><strong>Sous-tension de d\u00e9connexion :<\/strong> 7 V<\/li>\n<li><strong>Remise \u00e0 z\u00e9ro de la sous-tension :<\/strong> 7,5 V<\/li>\n<li><strong>Tension de sortie nominale : <\/strong>48.2 V<\/li>\n<li><strong>Plage de r\u00e9glage de la tension de sortie :<\/strong> 40-60 V<\/li>\n<li><strong>Tol\u00e9rance de la tension de sortie :<\/strong> +\/- 0,2 V<\/li>\n<li><strong>Niveau sonore :<\/strong> 2 mV rms<\/li>\n<li><strong>Courant de sortie cont. \u00e0 la tension de sortie nominale et \u00e0 40\u00baC :<\/strong> 8 A<\/li>\n<li><strong>Courant de sortie maximal (10 s) \u00e0 la tension de sortie nominale moins 20 % :<\/strong> 15 A<\/li>\n<li><strong>Courant de court-circuit : <\/strong>25 A<\/li>\n<li><strong>Puissance de sortie cont. \u00e0 25 \u00b0C :<\/strong> 430 W<\/li>\n<li><strong>Puissance de sortie cont. \u00e0 40 \u00b0C :<\/strong> 360 W<\/li>\n<li><strong>Efficacit\u00e9 :<\/strong> 89%<\/li>\n<li><strong>Courant de charge \u00e0 vide : <\/strong>&lt; 220mA<\/li>\n<li><strong>Courant au repos :<\/strong> &lt; 1 mA<\/li>\n<li><strong>Utiliser comme source d'alimentation :<\/strong> Oui, la tension de sortie peut \u00eatre configur\u00e9e via Bluetooth<\/li>\n<li><strong>Isolation galvanique :<\/strong> 200 V entre l'entr\u00e9e, la sortie et le bo\u00eetier<\/li>\n<li><strong>Plage de temp\u00e9rature de travail :<\/strong> -20 \u00e0 +55 \u00b0C (r\u00e9duction de puissance de 3 % pour chaque \u00b0C au-dessus de 40 \u00b0C)<\/li>\n<li><strong>Humidit\u00e9 :<\/strong> Max. 95 % sans condensation<\/li>\n<li><strong>Connexion DC :<\/strong> Bornes \u00e0 vis<\/li>\n<li><strong>Section maximale du c\u00e2ble :<\/strong> 16 mm\u00b2 (AWG6)<\/li>\n<li><strong>Poids :<\/strong> 1,8 kg<\/li>\n<li><strong>Dimensions :<\/strong> 130 x 186 x 80 mm<\/li>\n<li><strong>Degr\u00e9 de protection :<\/strong>\n<ul>\n<li>Composants \u00e9lectroniques : IP43<\/li>\n<li>Zone de connexion : IP22<\/li>\n<\/ul>\n<\/li>\n<\/ul>\n<h2>Installation d'un booster isol\u00e9 victron Smart 12\/48 8A<\/h2>\n<h3>Assembl\u00e9e<\/h3>\n<ul>\n<li>Il doit \u00eatre install\u00e9 verticalement sur une surface ininflammable, les bornes d'alimentation \u00e9tant orient\u00e9es vers le bas.<\/li>\n<li>Une distance de s\u00e9curit\u00e9 minimale de 10 cm doit \u00eatre laiss\u00e9e autour du produit pour un refroidissement optimal.<\/li>\n<li>Placez-le \u00e0 proximit\u00e9 de la batterie, mais pas directement au-dessus, afin d'\u00e9viter tout dommage caus\u00e9 par le d\u00e9gagement de gaz dans la batterie.<\/li>\n<\/ul>\n<h3>C\u00e2blage et fusibles<\/h3>\n<ul>\n<li>Utiliser des c\u00e2bles en cuivre multibrins flexibles pour les connexions \u00e0 la batterie.<\/li>\n<li>Chaque brin doit avoir un diam\u00e8tre inf\u00e9rieur \u00e0 0,4 mm (0,016 pouces) ou une section inf\u00e9rieure \u00e0 0,125 mm\u00b2 (AWG26).<\/li>\n<li>La temp\u00e9rature maximale de fonctionnement est de 90 \u00b0C (194 \u00b0F).<\/li>\n<li>Par exemple, un c\u00e2ble de 16 mm\u00b2 doit comporter au moins 122 brins (classe de brins 5 ou plus selon VDE 0295, IEC 60228 et BS6360).<\/li>\n<li>Si des filaments plus \u00e9pais sont utilis\u00e9s, la zone de contact sera trop petite et la r\u00e9sistance de contact \u00e9lev\u00e9e qui en r\u00e9sultera entra\u00eenera une surchauffe importante qui pourrait provoquer un incendie.<\/li>\n<\/ul>\n<p><strong>Type de c\u00e2ble recommand\u00e9<\/strong><\/p>\n<p>Pour connecter correctement un c\u00e2ble aux bornes \u00e0 vis d'entr\u00e9e et de sortie, il est possible d'utiliser des c\u00e2bles \u00e0 \u00e2me souple et tr\u00e8s souple :<\/p>\n<ul>\n<li>IEC 60228 - Classe 2 (conducteur toronn\u00e9), Classe 5 (flexible), Classe 6 (tr\u00e8s flexible)<\/li>\n<li>UL486A-B - Classe B\/C (conducteur toronn\u00e9), Classe I (flexible), Classe K (tr\u00e8s flexible)<\/li>\n<li>Les c\u00e2bles \u00e0 \u00e2me tordue sont tr\u00e8s rigides, c'est pourquoi ils sont rarement utilis\u00e9s dans la pratique.<\/li>\n<li>Un couple de 1,6 Nm est recommand\u00e9.<\/li>\n<\/ul>\n<p>Le tableau suivant indique les dimensions minimales des c\u00e2bles :<\/p>\n<p><img fetchpriority=\"high\" decoding=\"async\" class=\"wp-image-22320\" src=\"https:\/\/fvcomponentes.com\/wp-content\/uploads\/2025\/01\/tabla-dimensiones-minimas-cable.png\" alt=\"tableau dimensions minimales des c\u00e2bles\" width=\"846\" height=\"175\" title=\"\"><\/p>\n<h2><strong>V\u00e9rifier la polarit\u00e9<\/strong><\/h2>\n<ul>\n<li>Le convertisseur Victron Orion-Tr Smart 12\/48 8A isol\u00e9 n'est pas prot\u00e9g\u00e9 contre l'inversion de polarit\u00e9 de la batterie. Les dommages \u00e9ventuels caus\u00e9s par l'inversion de polarit\u00e9 ne sont pas couverts par la garantie. En outre, les appareils endommag\u00e9s par l'inversion de polarit\u00e9 ne peuvent pas \u00eatre r\u00e9par\u00e9s.<\/li>\n<li>V\u00e9rifiez toujours la polarit\u00e9 de la batterie avant de connecter ou de reconnecter les c\u00e2bles au victron orion tr.<\/li>\n<li>N'essayez pas de connecter les c\u00e2bles de la batterie au booster victron, seulement si les bornes d'entr\u00e9e et de sortie sont accessibles en toute s\u00e9curit\u00e9.<\/li>\n<li>Veillez \u00e0 ne pas plier les fils lorsque vous les ins\u00e9rez dans les bornes d'entr\u00e9e et de sortie.<\/li>\n<li>Connectez d'abord les c\u00e2bles de la batterie au booster victron, v\u00e9rifiez \u00e0 nouveau la polarit\u00e9 de la batterie et connectez-la.<\/li>\n<\/ul>\n<p>L'image suivante montre la mani\u00e8re correcte d'effectuer la connexion :<\/p>\n<p><img decoding=\"async\" class=\"wp-image-22321 aligncenter\" src=\"https:\/\/fvcomponentes.com\/wp-content\/uploads\/2025\/01\/Esquema-polaridad-convertidor-victron-orion-tr-smart.png\" alt=\"Diagramme de polarit\u00e9 du convertisseur victron orion tr smart\" width=\"441\" height=\"501\" title=\"\"><\/p>\n<h2>Configuration du mode d'alimentation DC-DC<\/h2>\n<ul>\n<li>D\u00e9connectez la t\u00e9l\u00e9commande marche\/arr\u00eat, retirez le cavalier ou d\u00e9branchez le bornier.<\/li>\n<li>Connecter les c\u00e2bles d'alimentation d'entr\u00e9e.<\/li>\n<li>Ouvrez l'application VictronConnect pour configurer le produit.<\/li>\n<li>Connecter la charge. Le booster victron est maintenant pr\u00eat \u00e0 \u00eatre utilis\u00e9 comme alimentation \u00e9lectrique.<\/li>\n<li>Rebranchez la t\u00e9l\u00e9commande marche\/arr\u00eat pour activer le produit.<\/li>\n<\/ul>\n<p><img decoding=\"async\" class=\"wp-image-22323 aligncenter\" src=\"https:\/\/fvcomponentes.com\/wp-content\/uploads\/2025\/01\/Conexion-fuente-de-alimentacion-del-orion-tr-smart-.png\" alt=\"Raccordement de l&#039;alimentation \u00e9lectrique de l&#039;orion tr smart\" width=\"521\" height=\"377\" title=\"\"><\/p>\n<h3>Configuration du mode chargeur<\/h3>\n<ul>\n<li>D\u00e9connectez la t\u00e9l\u00e9commande marche\/arr\u00eat, retirez le cavalier ou d\u00e9branchez le bornier.<\/li>\n<li>Connecter les c\u00e2bles d'alimentation d'entr\u00e9e.<\/li>\n<li>Configurer \u00e0 partir de l'application VictronConnect.<\/li>\n<li>Connecter la batterie \u00e0 charger.<\/li>\n<li>Allumez\/\u00e9teignez \u00e0 nouveau la t\u00e9l\u00e9commande pour activer le produit.<\/li>\n<\/ul>\n<p><img loading=\"lazy\" decoding=\"async\" class=\"wp-image-22322 aligncenter\" src=\"https:\/\/fvcomponentes.com\/wp-content\/uploads\/2025\/01\/Conexion-modo-cargador-del-orion-tr-smart-.png\" alt=\"Connexion mode chargeur de l&#039;orion tr smart\" width=\"506\" height=\"369\" title=\"\"><\/p>\n<h2>Manuel et fiche technique Victron Orion-Tr Smart Inverter 12\/48 8A isol\u00e9 - ORI124838120<\/h2>\n<p>Si vous souhaitez en savoir plus sur ce victron orion, consultez la fiche technique et le manuel :<\/p>\n<p><a href=\"https:\/\/fvcomponentes.com\/wp-content\/uploads\/2025\/01\/Ficha-tecnica-Convertidor-Victron-Orion-Tr-Smart.pdf\" target=\"_blank\" rel=\"noopener\">Fiche technique Victron Orion-Tr Smart 12\/48 8A isol\u00e9<\/a><\/p>\n<p><a href=\"https:\/\/fvcomponentes.com\/wp-content\/uploads\/2025\/01\/Manual-Convertidor-Victron-Orion-Tr-Smart.pdf\" target=\"_blank\" rel=\"noopener\">Manuel du convertisseur Orion-Tr Smart 12\/48 8A isol\u00e9 Orion-Tr<\/a><\/p>","protected":false},"excerpt":{"rendered":"<p><strong>Tension d'entr\u00e9e :<\/strong> 8 - 17V<br \/>\n<strong>Tension de sortie :<\/strong> 48,2V<br \/>\n<strong>Courant de sortie continu :<\/strong> 8A<br \/>\n<strong>Courant de sortie maximal :<\/strong> 15A<br \/>\n<strong>Isolation galvanique :<\/strong> 200V DC entre l'entr\u00e9e, la sortie et le bo\u00eetier<\/p>","protected":false},"featured_media":22319,"comment_status":"open","ping_status":"closed","template":"","meta":{"site-sidebar-layout":"default","site-content-layout":"","ast-site-content-layout":"default","site-content-style":"default","site-sidebar-style":"default","ast-global-header-display":"","ast-banner-title-visibility":"","ast-main-header-display":"","ast-hfb-above-header-display":"","ast-hfb-below-header-display":"","ast-hfb-mobile-header-display":"","site-post-title":"","ast-breadcrumbs-content":"","ast-featured-img":"","footer-sml-layout":"","ast-disable-related-posts":"","theme-transparent-header-meta":"default","adv-header-id-meta":"","stick-header-meta":"","header-above-stick-meta":"","header-main-stick-meta":"","header-below-stick-meta":"","astra-migrate-meta-layouts":"set","ast-page-background-enabled":"default","ast-page-background-meta":{"desktop":{"background-color":"var(--ast-global-color-4)","background-image":"","background-repeat":"repeat","background-position":"center center","background-size":"auto","background-attachment":"scroll","background-type":"","background-media":"","overlay-type":"","overlay-color":"","overlay-opacity":"","overlay-gradient":""},"tablet":{"background-color":"","background-image":"","background-repeat":"repeat","background-position":"center center","background-size":"auto","background-attachment":"scroll","background-type":"","background-media":"","overlay-type":"","overlay-color":"","overlay-opacity":"","overlay-gradient":""},"mobile":{"background-color":"","background-image":"","background-repeat":"repeat","background-position":"center center","background-size":"auto","background-attachment":"scroll","background-type":"","background-media":"","overlay-type":"","overlay-color":"","overlay-opacity":"","overlay-gradient":""}},"ast-content-background-meta":{"desktop":{"background-color":"var(--ast-global-color-5)","background-image":"","background-repeat":"repeat","background-position":"center center","background-size":"auto","background-attachment":"scroll","background-type":"","background-media":"","overlay-type":"","overlay-color":"","overlay-opacity":"","overlay-gradient":""},"tablet":{"background-color":"var(--ast-global-color-5)","background-image":"","background-repeat":"repeat","background-position":"center center","background-size":"auto","background-attachment":"scroll","background-type":"","background-media":"","overlay-type":"","overlay-color":"","overlay-opacity":"","overlay-gradient":""},"mobile":{"background-color":"var(--ast-global-color-5)","background-image":"","background-repeat":"repeat","background-position":"center center","background-size":"auto","background-attachment":"scroll","background-type":"","background-media":"","overlay-type":"","overlay-color":"","overlay-opacity":"","overlay-gradient":""}}},"pwb-brand":[332],"product_brand":[],"product_cat":[970,419,865],"product_tag":[],"class_list":{"0":"post-22291","1":"product","2":"type-product","3":"status-publish","4":"has-post-thumbnail","6":"pwb-brand-victron","7":"product_cat-12v-48v","8":"product_cat-cargadores-de-baterias","9":"product_cat-convertidores","10":"desktop-align-left","11":"tablet-align-left","12":"mobile-align-left","13":"ast-product-gallery-layout-horizontal-slider","14":"ast-product-gallery-with-no-image","15":"ast-product-tabs-layout-horizontal","17":"first","18":"instock","19":"taxable","20":"shipping-taxable","21":"purchasable","22":"product-type-simple"},"wcpa_form_fields":null,"brands":[{"id":332,"name":"Victron Energy","slug":"victron"}],"_links":{"self":[{"href":"https:\/\/fvcomponentes.com\/fr\/wp-json\/wp\/v2\/product\/22291","targetHints":{"allow":["GET"]}}],"collection":[{"href":"https:\/\/fvcomponentes.com\/fr\/wp-json\/wp\/v2\/product"}],"about":[{"href":"https:\/\/fvcomponentes.com\/fr\/wp-json\/wp\/v2\/types\/product"}],"replies":[{"embeddable":true,"href":"https:\/\/fvcomponentes.com\/fr\/wp-json\/wp\/v2\/comments?post=22291"}],"wp:featuredmedia":[{"embeddable":true,"href":"https:\/\/fvcomponentes.com\/fr\/wp-json\/wp\/v2\/media\/22319"}],"wp:attachment":[{"href":"https:\/\/fvcomponentes.com\/fr\/wp-json\/wp\/v2\/media?parent=22291"}],"wp:term":[{"taxonomy":"pwb-brand","embeddable":true,"href":"https:\/\/fvcomponentes.com\/fr\/wp-json\/wp\/v2\/pwb-brand?post=22291"},{"taxonomy":"product_brand","embeddable":true,"href":"https:\/\/fvcomponentes.com\/fr\/wp-json\/wp\/v2\/product_brand?post=22291"},{"taxonomy":"product_cat","embeddable":true,"href":"https:\/\/fvcomponentes.com\/fr\/wp-json\/wp\/v2\/product_cat?post=22291"},{"taxonomy":"product_tag","embeddable":true,"href":"https:\/\/fvcomponentes.com\/fr\/wp-json\/wp\/v2\/product_tag?post=22291"}],"curies":[{"name":"wp","href":"https:\/\/api.w.org\/{rel}","templated":true}]}}