{"id":21741,"date":"2024-12-20T10:32:55","date_gmt":"2024-12-20T09:32:55","guid":{"rendered":"https:\/\/fvcomponentes.com\/?post_type=product&#038;p=21741"},"modified":"2025-10-02T15:44:12","modified_gmt":"2025-10-02T13:44:12","slug":"kit-solaire-campeur-onduleur-chargeur-12v-easyplus-1600va-lithium-200ah","status":"publish","type":"product","link":"https:\/\/fvcomponentes.com\/fr\/producto\/kit-solar-camper-inversor-cargador-12v-easyplus-1600va-litio-200ah\/","title":{"rendered":"Kit solaire pour camping-car Chargeur onduleur 12V EasyPlus 1600VA - Lithium 200Ah"},"content":{"rendered":"<h2>Kit solaire pour camping-car Chargeur onduleur 12V EasyPlus 1600VA - Lithium 200Ah<\/h2>\n<p>Contenu du kit :<\/p>\n<ul>\n<li>Onduleur Chargeur 12V Victron EasyPlus C 12V 1600VA 70-16A, avec lequel vous pouvez alimenter tous les \u00e9quipements \u00e9lectriques que vous avez dans votre van ou caravane. De plus, comme il s'agit d'un chargeur, vous pouvez arriver dans un camping ou un garage et le brancher pour charger au maximum la batterie au lithium.<\/li>\n<li>Convertisseur de puissance DC\/DC Victron Orion SMART 30A\/h pour charger la batterie pendant la conduite.<\/li>\n<li>Contr\u00f4leur Victron SmartSolar MPPT 100\/30.<\/li>\n<li>Surveillance Victron Cerbo GX MK2 - BPP900451100 pour contr\u00f4ler l'ensemble du syst\u00e8me.<\/li>\n<li>C\u00e2blage et fusibles n\u00e9cessaires au montage de votre kit avec toutes les garanties.<\/li>\n<\/ul>\n<h2>Comment installer le kit de camping solaire Victron EasyPlus 1600W - Lithium 200Ah<\/h2>\n<p>Si vous voulez savoir comment installer ce kit solaire pour camping-car, lisez ces articles de blog :<\/p>\n<ul>\n<li><a href=\"https:\/\/fvcomponentes.com\/fr\/victron-multiplus-schematic\/\" target=\"_blank\" rel=\"noopener\">\"Sch\u00e9ma Victron Multiplus pour camping-car PDF\".<\/a><\/li>\n<li><a href=\"https:\/\/fvcomponentes.com\/fr\/installation-electrique-fourgon-camping-car\/\" target=\"_blank\" rel=\"noopener\">Comment avoir de l'\u00e9lectricit\u00e9 dans son camping-car ? Tout sur l'installation \u00e9lectrique dans un camping-car<\/a><\/li>\n<\/ul>","protected":false},"excerpt":{"rendered":"<p>Presentamos el Kit Solar Camper Inversor Cargador 12V EasyPlus 1600VA &#8211; Litio 200Ah Contenido del kit: Inversor Cargador 12V Victron EasyPlus C 12V 1600VA 70-16A, con el que podr\u00e1s alimentar cualquier equipo el\u00e9ctrico que tengas en tu furgoneta o caravana. Adem\u00e1s al ser cargador, puedes llegar a un camping o en un garaje y enchufar [&hellip;]<\/p>\n","protected":false},"featured_media":22111,"comment_status":"open","ping_status":"closed","template":"","meta":{"site-sidebar-layout":"default","site-content-layout":"","ast-site-content-layout":"default","site-content-style":"default","site-sidebar-style":"default","ast-global-header-display":"","ast-banner-title-visibility":"","ast-main-header-display":"","ast-hfb-above-header-display":"","ast-hfb-below-header-display":"","ast-hfb-mobile-header-display":"","site-post-title":"","ast-breadcrumbs-content":"","ast-featured-img":"","footer-sml-layout":"","ast-disable-related-posts":"","theme-transparent-header-meta":"default","adv-header-id-meta":"","stick-header-meta":"","header-above-stick-meta":"","header-main-stick-meta":"","header-below-stick-meta":"","astra-migrate-meta-layouts":"set","ast-page-background-enabled":"default","ast-page-background-meta":{"desktop":{"background-color":"var(--ast-global-color-4)","background-image":"","background-repeat":"repeat","background-position":"center center","background-size":"auto","background-attachment":"scroll","background-type":"","background-media":"","overlay-type":"","overlay-color":"","overlay-opacity":"","overlay-gradient":""},"tablet":{"background-color":"","background-image":"","background-repeat":"repeat","background-position":"center center","background-size":"auto","background-attachment":"scroll","background-type":"","background-media":"","overlay-type":"","overlay-color":"","overlay-opacity":"","overlay-gradient":""},"mobile":{"background-color":"","background-image":"","background-repeat":"repeat","background-position":"center center","background-size":"auto","background-attachment":"scroll","background-type":"","background-media":"","overlay-type":"","overlay-color":"","overlay-opacity":"","overlay-gradient":""}},"ast-content-background-meta":{"desktop":{"background-color":"var(--ast-global-color-5)","background-image":"","background-repeat":"repeat","background-position":"center center","background-size":"auto","background-attachment":"scroll","background-type":"","background-media":"","overlay-type":"","overlay-color":"","overlay-opacity":"","overlay-gradient":""},"tablet":{"background-color":"var(--ast-global-color-5)","background-image":"","background-repeat":"repeat","background-position":"center center","background-size":"auto","background-attachment":"scroll","background-type":"","background-media":"","overlay-type":"","overlay-color":"","overlay-opacity":"","overlay-gradient":""},"mobile":{"background-color":"var(--ast-global-color-5)","background-image":"","background-repeat":"repeat","background-position":"center center","background-size":"auto","background-attachment":"scroll","background-type":"","background-media":"","overlay-type":"","overlay-color":"","overlay-opacity":"","overlay-gradient":""}}},"pwb-brand":[332],"product_brand":[],"product_cat":[910,928,464],"product_tag":[],"class_list":{"0":"post-21741","1":"product","2":"type-product","3":"status-publish","4":"has-post-thumbnail","6":"pwb-brand-victron","7":"product_cat-kit-solar-camper","8":"product_cat-kit-solar-velero","9":"product_cat-kits-solares","10":"desktop-align-left","11":"tablet-align-left","12":"mobile-align-left","13":"ast-product-gallery-layout-horizontal-slider","14":"ast-product-gallery-with-no-image","15":"ast-product-tabs-layout-horizontal","17":"first","18":"instock","19":"taxable","20":"shipping-taxable","21":"purchasable","22":"product-type-yith_bundle"},"wcpa_form_fields":null,"brands":[{"id":332,"name":"Victron Energy","slug":"victron"}],"_links":{"self":[{"href":"https:\/\/fvcomponentes.com\/fr\/wp-json\/wp\/v2\/product\/21741","targetHints":{"allow":["GET"]}}],"collection":[{"href":"https:\/\/fvcomponentes.com\/fr\/wp-json\/wp\/v2\/product"}],"about":[{"href":"https:\/\/fvcomponentes.com\/fr\/wp-json\/wp\/v2\/types\/product"}],"replies":[{"embeddable":true,"href":"https:\/\/fvcomponentes.com\/fr\/wp-json\/wp\/v2\/comments?post=21741"}],"wp:featuredmedia":[{"embeddable":true,"href":"https:\/\/fvcomponentes.com\/fr\/wp-json\/wp\/v2\/media\/22111"}],"wp:attachment":[{"href":"https:\/\/fvcomponentes.com\/fr\/wp-json\/wp\/v2\/media?parent=21741"}],"wp:term":[{"taxonomy":"pwb-brand","embeddable":true,"href":"https:\/\/fvcomponentes.com\/fr\/wp-json\/wp\/v2\/pwb-brand?post=21741"},{"taxonomy":"product_brand","embeddable":true,"href":"https:\/\/fvcomponentes.com\/fr\/wp-json\/wp\/v2\/product_brand?post=21741"},{"taxonomy":"product_cat","embeddable":true,"href":"https:\/\/fvcomponentes.com\/fr\/wp-json\/wp\/v2\/product_cat?post=21741"},{"taxonomy":"product_tag","embeddable":true,"href":"https:\/\/fvcomponentes.com\/fr\/wp-json\/wp\/v2\/product_tag?post=21741"}],"curies":[{"name":"wp","href":"https:\/\/api.w.org\/{rel}","templated":true}]}}