{"id":21039,"date":"2024-11-21T18:06:37","date_gmt":"2024-11-21T17:06:37","guid":{"rendered":"https:\/\/fvcomponentes.com\/?post_type=product&#038;p=21039"},"modified":"2026-01-15T10:09:28","modified_gmt":"2026-01-15T09:09:28","slug":"victron-orion-xs-1400-12-24-dc-convertisseur-chargeur-dc","status":"publish","type":"product","link":"https:\/\/fvcomponentes.com\/fr\/producto\/convertidor-cargador-victron-orion-xs-1400-12-24-dc-dc\/","title":{"rendered":"Convertisseur Booster Chargeur Victron Orion Orion XS 1400 50A 12\/24 - 24\/12 r\u00e9versible - ORI242417040"},"content":{"rendered":"<h2>Victron Orion XS 1400 Chargeur DC-DC Convertisseur Booster Caract\u00e9ristiques<\/h2>\n<ul>\n<li>Le convertisseur chargeur booster DC-DC Orion Orion XS 1400 de Victron - ORI242417040 est destin\u00e9 \u00e0 la charge des batteries DC-DC dans les syst\u00e8mes \u00e0 double batterie, y compris ceux avec des alternateurs \"intelligents\".<\/li>\n<li>Charge en toute s\u00e9curit\u00e9 n'importe quelle batterie de 12 ou 24 V \u00e0 partir de n'importe quel alternateur de 12 ou 24 V.<\/li>\n<li>Protection int\u00e9gr\u00e9e contre les surcharges de l'alternateur.<\/li>\n<li>Efficacit\u00e9 de 98,5%.<\/li>\n<li>L'Orion XS 1400 dispose d'un courant d'entr\u00e9e\/sortie configurable par l'utilisateur.<\/li>\n<li>D\u00e9tection de la marche\/arr\u00eat du moteur pour prot\u00e9ger la batterie de d\u00e9marrage.<\/li>\n<li>Peut \u00eatre connect\u00e9 en parall\u00e8le pour augmenter le courant de sortie.<\/li>\n<li>Assure une charge s\u00fbre et optimis\u00e9e de la batterie gr\u00e2ce \u00e0 de multiples protections \u00e9lectroniques et thermiques et \u00e0 un algorithme de charge adaptatif.<\/li>\n<li>L'Orion XS 1400 est le dernier membre de la famille Orion XS.<\/li>\n<\/ul>\n<p><strong>Voir le manuel d'instruction du nouveau Victron Orion XS 1400 DC-DC Charger Booster Converter Victron Orion XS 1400 DC-DC<\/strong><br \/>\n<a href=\"https:\/\/fvcomponentes.com\/wp-content\/uploads\/2025\/09\/124067-Orion_XS_DC-DC_battery_charger-pdf-es.pdf\" target=\"_blank\" rel=\"noopener\">Manuel Convertisseur Booster Chargeur Victron Orion Orion XS 1400 Convertisseur DC-DC<\/a><\/p>\n<h2>Fiche technique Victron Orion Orion XS 1400 DC-DC Charger Booster Converter - ORI242417040<\/h2>\n<p><a href=\"https:\/\/fvcomponentes.com\/wp-content\/uploads\/2025\/09\/Datasheet-Orion-XS-DC-DC-battery-charger-ES.pdf\" target=\"_blank\" rel=\"noopener\">Voir la fiche technique de Victron Orion Orion XS 1400 DC-DC Charger Booster Converter<\/a><\/p>\n<p><img fetchpriority=\"high\" decoding=\"async\" class=\"alignnone size-full wp-image-24831\" src=\"https:\/\/fvcomponentes.com\/wp-content\/uploads\/2024\/11\/recomendaciones-cableado-booster-orion-xs-1400.jpg\" alt=\"\" width=\"970\" height=\"676\" title=\"\"><\/p>","protected":false},"excerpt":{"rendered":"<ul>\n<li><strong><span style=\"color: #ff0000\">Nouveau lancement\u00a0<\/span><\/strong><\/li>\n<li><span style=\"color: #99cc00\"><strong>\u00c9quipement Bluetooth<\/strong><\/span><\/li>\n<li><strong>Convertisseur Chargeur<\/strong><\/li>\n<li><strong>Courant de charge nominal :<\/strong>\u00a050 A<\/li>\n<li><strong>Tension d'entr\u00e9e r\u00e9glable :<\/strong> 9-35 V<\/li>\n<li><strong>Tension de sortie r\u00e9glable :<\/strong> 10-35 V<\/li>\n<li><strong>Classe de protection :<\/strong>\u00a0 IP65<\/li>\n<\/ul>\n<p>&nbsp;<\/p>","protected":false},"featured_media":21040,"comment_status":"open","ping_status":"closed","template":"","meta":{"site-sidebar-layout":"default","site-content-layout":"","ast-site-content-layout":"default","site-content-style":"default","site-sidebar-style":"default","ast-global-header-display":"","ast-banner-title-visibility":"","ast-main-header-display":"","ast-hfb-above-header-display":"","ast-hfb-below-header-display":"","ast-hfb-mobile-header-display":"","site-post-title":"","ast-breadcrumbs-content":"","ast-featured-img":"","footer-sml-layout":"","ast-disable-related-posts":"","theme-transparent-header-meta":"default","adv-header-id-meta":"","stick-header-meta":"","header-above-stick-meta":"","header-main-stick-meta":"","header-below-stick-meta":"","astra-migrate-meta-layouts":"set","ast-page-background-enabled":"default","ast-page-background-meta":{"desktop":{"background-color":"var(--ast-global-color-4)","background-image":"","background-repeat":"repeat","background-position":"center center","background-size":"auto","background-attachment":"scroll","background-type":"","background-media":"","overlay-type":"","overlay-color":"","overlay-opacity":"","overlay-gradient":""},"tablet":{"background-color":"","background-image":"","background-repeat":"repeat","background-position":"center center","background-size":"auto","background-attachment":"scroll","background-type":"","background-media":"","overlay-type":"","overlay-color":"","overlay-opacity":"","overlay-gradient":""},"mobile":{"background-color":"","background-image":"","background-repeat":"repeat","background-position":"center center","background-size":"auto","background-attachment":"scroll","background-type":"","background-media":"","overlay-type":"","overlay-color":"","overlay-opacity":"","overlay-gradient":""}},"ast-content-background-meta":{"desktop":{"background-color":"var(--ast-global-color-5)","background-image":"","background-repeat":"repeat","background-position":"center center","background-size":"auto","background-attachment":"scroll","background-type":"","background-media":"","overlay-type":"","overlay-color":"","overlay-opacity":"","overlay-gradient":""},"tablet":{"background-color":"var(--ast-global-color-5)","background-image":"","background-repeat":"repeat","background-position":"center center","background-size":"auto","background-attachment":"scroll","background-type":"","background-media":"","overlay-type":"","overlay-color":"","overlay-opacity":"","overlay-gradient":""},"mobile":{"background-color":"var(--ast-global-color-5)","background-image":"","background-repeat":"repeat","background-position":"center center","background-size":"auto","background-attachment":"scroll","background-type":"","background-media":"","overlay-type":"","overlay-color":"","overlay-opacity":"","overlay-gradient":""}}},"pwb-brand":[332],"product_brand":[],"product_cat":[865,898,899,901,900],"product_tag":[],"class_list":{"0":"post-21039","1":"product","2":"type-product","3":"status-publish","4":"has-post-thumbnail","6":"pwb-brand-victron","7":"product_cat-convertidores","8":"product_cat-12v-12v","9":"product_cat-12v-24v","10":"product_cat-24v-12v","11":"product_cat-24v-24v","12":"desktop-align-left","13":"tablet-align-left","14":"mobile-align-left","15":"ast-product-gallery-layout-horizontal-slider","16":"ast-product-gallery-with-no-image","17":"ast-product-tabs-layout-horizontal","19":"first","20":"instock","21":"featured","22":"taxable","23":"shipping-taxable","24":"purchasable","25":"product-type-simple"},"wcpa_form_fields":null,"brands":[{"id":332,"name":"Victron Energy","slug":"victron"}],"_links":{"self":[{"href":"https:\/\/fvcomponentes.com\/fr\/wp-json\/wp\/v2\/product\/21039","targetHints":{"allow":["GET"]}}],"collection":[{"href":"https:\/\/fvcomponentes.com\/fr\/wp-json\/wp\/v2\/product"}],"about":[{"href":"https:\/\/fvcomponentes.com\/fr\/wp-json\/wp\/v2\/types\/product"}],"replies":[{"embeddable":true,"href":"https:\/\/fvcomponentes.com\/fr\/wp-json\/wp\/v2\/comments?post=21039"}],"wp:featuredmedia":[{"embeddable":true,"href":"https:\/\/fvcomponentes.com\/fr\/wp-json\/wp\/v2\/media\/21040"}],"wp:attachment":[{"href":"https:\/\/fvcomponentes.com\/fr\/wp-json\/wp\/v2\/media?parent=21039"}],"wp:term":[{"taxonomy":"pwb-brand","embeddable":true,"href":"https:\/\/fvcomponentes.com\/fr\/wp-json\/wp\/v2\/pwb-brand?post=21039"},{"taxonomy":"product_brand","embeddable":true,"href":"https:\/\/fvcomponentes.com\/fr\/wp-json\/wp\/v2\/product_brand?post=21039"},{"taxonomy":"product_cat","embeddable":true,"href":"https:\/\/fvcomponentes.com\/fr\/wp-json\/wp\/v2\/product_cat?post=21039"},{"taxonomy":"product_tag","embeddable":true,"href":"https:\/\/fvcomponentes.com\/fr\/wp-json\/wp\/v2\/product_tag?post=21039"}],"curies":[{"name":"wp","href":"https:\/\/api.w.org\/{rel}","templated":true}]}}