{"id":20175,"date":"2024-10-23T17:02:49","date_gmt":"2024-10-23T15:02:49","guid":{"rendered":"https:\/\/fvcomponentes.com\/?post_type=product&#038;p=20175"},"modified":"2026-04-10T18:25:27","modified_gmt":"2026-04-10T16:25:27","slug":"compteur-sma-compteur-denergie-emeter-20","status":"publish","type":"product","link":"https:\/\/fvcomponentes.com\/fr\/producto\/meter-sma-energy-meter-emeter-20\/","title":{"rendered":"Compteur d'\u00e9nergie SMA - EMETER-20"},"content":{"rendered":"<h2>Compteur d'\u00e9nergie SMA - EMETER-20<\/h2>\n<h3>Enregistrement universel des valeurs mesur\u00e9es pour une gestion intelligente de l'\u00e9nergie<\/h3>\n<p>Le SMA Energy Meter - EMETER-20 est la solution de mesure performante con\u00e7ue pour une gestion intelligente de l'\u00e9nergie dans les installations photovolta\u00efques \u00e9quip\u00e9es d'appareils SMA. Le SMA Energy Meter calcule des valeurs \u00e9lectriques pr\u00e9cises par phase et de mani\u00e8re \u00e9quilibr\u00e9e et les transmet via Ethernet dans le r\u00e9seau local. Ainsi, toutes les donn\u00e9es relatives \u00e0 l'alimentation du r\u00e9seau, \u00e0 l'achat d'\u00e9lectricit\u00e9 et \u00e0 la production photovolta\u00efque d'autres onduleurs sont communiqu\u00e9es fr\u00e9quemment et avec une grande pr\u00e9cision.<\/p>\n<p>L'int\u00e9gration du compteur d'\u00e9nergie SMA assure une configuration id\u00e9alement coordonn\u00e9e de tous les syst\u00e8mes, garantissant une performance et une stabilit\u00e9 maximales, ainsi que des \u00e9conomies significatives et une augmentation de l'autoconsommation.<\/p>\n<h3>Haute performance<\/h3>\n<ul>\n<li>Lecture bidirectionnelle rapide en trois phases pour une gestion efficace de l'\u00e9nergie.<\/li>\n<li>Coordination id\u00e9ale avec les appareils SMA pour garantir que les t\u00e2ches de contr\u00f4le sont effectu\u00e9es de mani\u00e8re stable.<\/li>\n<\/ul>\n<h2>Facile \u00e0 utiliser<\/h2>\n<ul>\n<li>Installation rapide et facile gr\u00e2ce \u00e0 la technologie \"plug-and-play\".<\/li>\n<li>Affichage graphique des valeurs mesur\u00e9es en temps r\u00e9el dans le Sunny Portal et l'interface web locale.<\/li>\n<\/ul>\n<h2>SMA Energy Meter - EMETER-20 Manuel et fiche technique<\/h2>\n<p><a href=\"https:\/\/fvcomponentes.com\/wp-content\/uploads\/2024\/10\/Manual-Meter-SMA-Energy-Meter-EMETER-20.pdf\" target=\"_blank\" rel=\"noopener\">Voir le manuel du compteur d'\u00e9nergie SMA - EMETER-20<\/a><\/p>\n<p><a href=\"https:\/\/fvcomponentes.com\/wp-content\/uploads\/2024\/10\/Ficha-tecnica-Meter-SMA-Energy-Meter-EMETER-20.pdf\" target=\"_blank\" rel=\"noopener\">Voir la fiche technique du compteur d'\u00e9nergie SMA - EMETER-20<\/a><\/p>","protected":false},"excerpt":{"rendered":"<ul>\n<li>Gestion intelligente de l'\u00e9nergie dans les syst\u00e8mes photovolta\u00efques avec des dispositifs SMA.<\/li>\n<li><strong>Tension nominale :<\/strong> 230 V\/400 V<\/li>\n<li><strong>Fr\u00e9quence :<\/strong> 50 Hz\/\u00b15%<\/li>\n<li><strong>Courant nominal :<\/strong> 5A<\/li>\n<\/ul>","protected":false},"featured_media":20178,"comment_status":"open","ping_status":"closed","template":"","meta":{"site-sidebar-layout":"default","site-content-layout":"","ast-site-content-layout":"default","site-content-style":"default","site-sidebar-style":"default","ast-global-header-display":"","ast-banner-title-visibility":"","ast-main-header-display":"","ast-hfb-above-header-display":"","ast-hfb-below-header-display":"","ast-hfb-mobile-header-display":"","site-post-title":"","ast-breadcrumbs-content":"","ast-featured-img":"","footer-sml-layout":"","ast-disable-related-posts":"","theme-transparent-header-meta":"default","adv-header-id-meta":"","stick-header-meta":"","header-above-stick-meta":"","header-main-stick-meta":"","header-below-stick-meta":"","astra-migrate-meta-layouts":"set","ast-page-background-enabled":"default","ast-page-background-meta":{"desktop":{"background-color":"var(--ast-global-color-4)","background-image":"","background-repeat":"repeat","background-position":"center center","background-size":"auto","background-attachment":"scroll","background-type":"","background-media":"","overlay-type":"","overlay-color":"","overlay-opacity":"","overlay-gradient":""},"tablet":{"background-color":"","background-image":"","background-repeat":"repeat","background-position":"center center","background-size":"auto","background-attachment":"scroll","background-type":"","background-media":"","overlay-type":"","overlay-color":"","overlay-opacity":"","overlay-gradient":""},"mobile":{"background-color":"","background-image":"","background-repeat":"repeat","background-position":"center center","background-size":"auto","background-attachment":"scroll","background-type":"","background-media":"","overlay-type":"","overlay-color":"","overlay-opacity":"","overlay-gradient":""}},"ast-content-background-meta":{"desktop":{"background-color":"var(--ast-global-color-5)","background-image":"","background-repeat":"repeat","background-position":"center center","background-size":"auto","background-attachment":"scroll","background-type":"","background-media":"","overlay-type":"","overlay-color":"","overlay-opacity":"","overlay-gradient":""},"tablet":{"background-color":"var(--ast-global-color-5)","background-image":"","background-repeat":"repeat","background-position":"center center","background-size":"auto","background-attachment":"scroll","background-type":"","background-media":"","overlay-type":"","overlay-color":"","overlay-opacity":"","overlay-gradient":""},"mobile":{"background-color":"var(--ast-global-color-5)","background-image":"","background-repeat":"repeat","background-position":"center center","background-size":"auto","background-attachment":"scroll","background-type":"","background-media":"","overlay-type":"","overlay-color":"","overlay-opacity":"","overlay-gradient":""}}},"pwb-brand":[998],"product_brand":[],"product_cat":[349,333],"product_tag":[],"class_list":{"0":"post-20175","1":"product","2":"type-product","3":"status-publish","4":"has-post-thumbnail","6":"pwb-brand-sma","7":"product_cat-meters","8":"product_cat-inversores","9":"desktop-align-left","10":"tablet-align-left","11":"mobile-align-left","12":"ast-product-gallery-layout-horizontal-slider","13":"ast-product-gallery-with-no-image","14":"ast-product-tabs-layout-horizontal","16":"first","17":"outofstock","18":"taxable","19":"shipping-taxable","20":"purchasable","21":"product-type-simple"},"wcpa_form_fields":null,"brands":[{"id":998,"name":"Onduleurs SMA","slug":"sma"}],"_links":{"self":[{"href":"https:\/\/fvcomponentes.com\/fr\/wp-json\/wp\/v2\/product\/20175","targetHints":{"allow":["GET"]}}],"collection":[{"href":"https:\/\/fvcomponentes.com\/fr\/wp-json\/wp\/v2\/product"}],"about":[{"href":"https:\/\/fvcomponentes.com\/fr\/wp-json\/wp\/v2\/types\/product"}],"replies":[{"embeddable":true,"href":"https:\/\/fvcomponentes.com\/fr\/wp-json\/wp\/v2\/comments?post=20175"}],"wp:featuredmedia":[{"embeddable":true,"href":"https:\/\/fvcomponentes.com\/fr\/wp-json\/wp\/v2\/media\/20178"}],"wp:attachment":[{"href":"https:\/\/fvcomponentes.com\/fr\/wp-json\/wp\/v2\/media?parent=20175"}],"wp:term":[{"taxonomy":"pwb-brand","embeddable":true,"href":"https:\/\/fvcomponentes.com\/fr\/wp-json\/wp\/v2\/pwb-brand?post=20175"},{"taxonomy":"product_brand","embeddable":true,"href":"https:\/\/fvcomponentes.com\/fr\/wp-json\/wp\/v2\/product_brand?post=20175"},{"taxonomy":"product_cat","embeddable":true,"href":"https:\/\/fvcomponentes.com\/fr\/wp-json\/wp\/v2\/product_cat?post=20175"},{"taxonomy":"product_tag","embeddable":true,"href":"https:\/\/fvcomponentes.com\/fr\/wp-json\/wp\/v2\/product_tag?post=20175"}],"curies":[{"name":"wp","href":"https:\/\/api.w.org\/{rel}","templated":true}]}}