{"id":20170,"date":"2024-10-23T16:41:54","date_gmt":"2024-10-23T14:41:54","guid":{"rendered":"https:\/\/fvcomponentes.com\/?post_type=product&#038;p=20170"},"modified":"2026-03-30T12:17:35","modified_gmt":"2026-03-30T10:17:35","slug":"sma-energy-manager-sunny-home-manager-2-0-hm-20","status":"publish","type":"product","link":"https:\/\/fvcomponentes.com\/fr\/producto\/gestor-de-energia-sma-sunny-home-manager-2-0-hm-20\/","title":{"rendered":"Energy Manager SMA Sunny Home Manager 2.0 - HM-20"},"content":{"rendered":"<h2>Energy Manager SMA Sunny Home Manager 2.0 - HM-20<\/h2>\n<p>Le SMA Sunny Home Manager 2.0 - HM-20 est con\u00e7u pour maximiser l'utilisation efficace de l'\u00e9nergie solaire dans la maison. Cet appareil optimise l'autoconsommation photovolta\u00efque et r\u00e9duit consid\u00e9rablement les co\u00fbts d'\u00e9lectricit\u00e9. Pour ce faire, il mesure la production d'\u00e9nergie solaire, l'\u00e9lectricit\u00e9 achet\u00e9e et l'alimentation du r\u00e9seau, offrant ainsi une vue d'ensemble de tous les flux d'\u00e9nergie pertinents dans la maison.<\/p>\n<p>En utilisant les pr\u00e9visions de production solaire locale et le profil de consommation du m\u00e9nage, ce dispositif d'auto-apprentissage fournit des recommandations \u00e0 l'utilisateur afin d'optimiser l'utilisation de l'\u00e9nergie. Il coordonne le fonctionnement des appareils contr\u00f4l\u00e9s afin de tirer le meilleur parti de l'\u00e9nergie solaire g\u00e9n\u00e9r\u00e9e par le syst\u00e8me.<\/p>\n<p>La gestion intelligente de l'\u00e9nergie est tr\u00e8s simple. Il suffit d'installer le Sunny Home Manager 2.0 au point de raccordement au r\u00e9seau, de le connecter au routeur via un c\u00e2ble Ethernet et d'enregistrer gratuitement l'installation photovolta\u00efque dans le Sunny Portal ou le Sunny Places. Rejoignez les plus de 30 000 syst\u00e8mes d\u00e9j\u00e0 install\u00e9s dans le monde entier et profitez d'une plus grande efficacit\u00e9 \u00e9nerg\u00e9tique.<\/p>\n<h3>Innovante<\/h3>\n<ul>\n<li>Gestionnaire d'\u00e9nergie avec dispositif de mesure int\u00e9gr\u00e9.<\/li>\n<li>Analyse de la consommation des charges individuelles.<\/li>\n<li>Optimisation de la charge des batteries dans les syst\u00e8mes de stockage SMA.<\/li>\n<\/ul>\n<h3>Facile \u00e0 utiliser<\/h3>\n<ul>\n<li>Installation rapide et pr\u00eate \u00e0 l'emploi.<\/li>\n<li>Vue d'ensemble de tous les appareils concern\u00e9s, de la production photovolta\u00efque et des syst\u00e8mes de batteries.<\/li>\n<li>Il utilise l'\u00e9nergie de mani\u00e8re plus efficace et r\u00e9duit les co\u00fbts d'\u00e9lectricit\u00e9.<\/li>\n<\/ul>\n<h3>Transparence du gestionnaire d'\u00e9nergie SMA Sunny Home Manager 2.0<\/h3>\n<ul>\n<li>Bilan \u00e9nerg\u00e9tique et donn\u00e9es de charge affich\u00e9s dans des diagrammes interactifs.<\/li>\n<li>Donn\u00e9es m\u00e9t\u00e9orologiques int\u00e9gr\u00e9es et pr\u00e9visions photovolta\u00efques.<\/li>\n<li>Surveillance de l'installation photovolta\u00efque via le Sunny Portal et le Sunny Places.<\/li>\n<\/ul>\n<h3>Flexible<\/h3>\n<ul>\n<li>Connexion des appareils m\u00e9nagers via des protocoles standard et des prises radiocommand\u00e9es compatibles.<\/li>\n<li>Pour les appareils compatibles tels que les pompes \u00e0 chaleur, les v\u00e9hicules \u00e9lectriques et autres appareils m\u00e9nagers.<\/li>\n<\/ul>\n<h2>SMA Sunny Home Manager 2.0 - HM-20 manuel et fiche technique<\/h2>\n<p><a href=\"https:\/\/fvcomponentes.com\/wp-content\/uploads\/2024\/10\/Manual-Gestor-de-energia-SMA-Sunny-Home-Manager-2.0-HM-20.pdf\" target=\"_blank\" rel=\"noopener\">Voir le manuel SMA Sunny Home Manager 2.0 - HM-20<\/a><\/p>\n<p><a href=\"https:\/\/fvcomponentes.com\/wp-content\/uploads\/2024\/10\/Ficha-tecnica-Gestor-de-energia-SMA-Sunny-Home-Manager-2.0-HM-20.pdf\" target=\"_blank\" rel=\"noopener\">Voir la fiche technique du SMA Sunny Home Manager 2.0 - HM-20\u00a0<\/a><\/p>","protected":false},"excerpt":{"rendered":"<ul>\n<li>Optimise l'autoconsommation photovolta\u00efque et r\u00e9duit significativement le co\u00fbt de l'\u00e9lectricit\u00e9.<\/li>\n<li><strong>Tension nominale :<\/strong> 230 V\/400 V<\/li>\n<li><strong>Courant nominal :<\/strong> 5A<\/li>\n<li>\n<div class=\"flex-shrink-0 flex flex-col relative items-end\">\n<div class=\"pt-0\">\n<div class=\"gizmo-bot-avatar flex h-8 w-8 items-center justify-center overflow-hidden rounded-full\">\n<div class=\"relative p-1 rounded-sm flex items-center justify-center bg-token-main-surface-primary text-token-text-primary h-8 w-8\"><strong>Nombre total d'appareils dans le syst\u00e8me :<\/strong> jusqu'\u00e0 24<\/div>\n<\/div>\n<\/div>\n<\/div>\n<\/li>\n<\/ul>\n<p>&nbsp;<\/p>","protected":false},"featured_media":20173,"comment_status":"open","ping_status":"closed","template":"","meta":{"site-sidebar-layout":"default","site-content-layout":"","ast-site-content-layout":"default","site-content-style":"default","site-sidebar-style":"default","ast-global-header-display":"","ast-banner-title-visibility":"","ast-main-header-display":"","ast-hfb-above-header-display":"","ast-hfb-below-header-display":"","ast-hfb-mobile-header-display":"","site-post-title":"","ast-breadcrumbs-content":"","ast-featured-img":"","footer-sml-layout":"","ast-disable-related-posts":"","theme-transparent-header-meta":"default","adv-header-id-meta":"","stick-header-meta":"","header-above-stick-meta":"","header-main-stick-meta":"","header-below-stick-meta":"","astra-migrate-meta-layouts":"set","ast-page-background-enabled":"default","ast-page-background-meta":{"desktop":{"background-color":"var(--ast-global-color-4)","background-image":"","background-repeat":"repeat","background-position":"center center","background-size":"auto","background-attachment":"scroll","background-type":"","background-media":"","overlay-type":"","overlay-color":"","overlay-opacity":"","overlay-gradient":""},"tablet":{"background-color":"","background-image":"","background-repeat":"repeat","background-position":"center center","background-size":"auto","background-attachment":"scroll","background-type":"","background-media":"","overlay-type":"","overlay-color":"","overlay-opacity":"","overlay-gradient":""},"mobile":{"background-color":"","background-image":"","background-repeat":"repeat","background-position":"center center","background-size":"auto","background-attachment":"scroll","background-type":"","background-media":"","overlay-type":"","overlay-color":"","overlay-opacity":"","overlay-gradient":""}},"ast-content-background-meta":{"desktop":{"background-color":"var(--ast-global-color-5)","background-image":"","background-repeat":"repeat","background-position":"center center","background-size":"auto","background-attachment":"scroll","background-type":"","background-media":"","overlay-type":"","overlay-color":"","overlay-opacity":"","overlay-gradient":""},"tablet":{"background-color":"var(--ast-global-color-5)","background-image":"","background-repeat":"repeat","background-position":"center center","background-size":"auto","background-attachment":"scroll","background-type":"","background-media":"","overlay-type":"","overlay-color":"","overlay-opacity":"","overlay-gradient":""},"mobile":{"background-color":"var(--ast-global-color-5)","background-image":"","background-repeat":"repeat","background-position":"center center","background-size":"auto","background-attachment":"scroll","background-type":"","background-media":"","overlay-type":"","overlay-color":"","overlay-opacity":"","overlay-gradient":""}}},"pwb-brand":[998],"product_brand":[],"product_cat":[351,333],"product_tag":[],"class_list":{"0":"post-20170","1":"product","2":"type-product","3":"status-publish","4":"has-post-thumbnail","6":"pwb-brand-sma","7":"product_cat-accesorios","8":"product_cat-inversores","9":"desktop-align-left","10":"tablet-align-left","11":"mobile-align-left","12":"ast-product-gallery-layout-horizontal-slider","13":"ast-product-gallery-with-no-image","14":"ast-product-tabs-layout-horizontal","16":"first","17":"outofstock","18":"taxable","19":"shipping-taxable","20":"purchasable","21":"product-type-simple"},"wcpa_form_fields":null,"brands":[{"id":998,"name":"Onduleurs SMA","slug":"sma"}],"_links":{"self":[{"href":"https:\/\/fvcomponentes.com\/fr\/wp-json\/wp\/v2\/product\/20170","targetHints":{"allow":["GET"]}}],"collection":[{"href":"https:\/\/fvcomponentes.com\/fr\/wp-json\/wp\/v2\/product"}],"about":[{"href":"https:\/\/fvcomponentes.com\/fr\/wp-json\/wp\/v2\/types\/product"}],"replies":[{"embeddable":true,"href":"https:\/\/fvcomponentes.com\/fr\/wp-json\/wp\/v2\/comments?post=20170"}],"wp:featuredmedia":[{"embeddable":true,"href":"https:\/\/fvcomponentes.com\/fr\/wp-json\/wp\/v2\/media\/20173"}],"wp:attachment":[{"href":"https:\/\/fvcomponentes.com\/fr\/wp-json\/wp\/v2\/media?parent=20170"}],"wp:term":[{"taxonomy":"pwb-brand","embeddable":true,"href":"https:\/\/fvcomponentes.com\/fr\/wp-json\/wp\/v2\/pwb-brand?post=20170"},{"taxonomy":"product_brand","embeddable":true,"href":"https:\/\/fvcomponentes.com\/fr\/wp-json\/wp\/v2\/product_brand?post=20170"},{"taxonomy":"product_cat","embeddable":true,"href":"https:\/\/fvcomponentes.com\/fr\/wp-json\/wp\/v2\/product_cat?post=20170"},{"taxonomy":"product_tag","embeddable":true,"href":"https:\/\/fvcomponentes.com\/fr\/wp-json\/wp\/v2\/product_tag?post=20170"}],"curies":[{"name":"wp","href":"https:\/\/api.w.org\/{rel}","templated":true}]}}