{"id":20162,"date":"2024-10-23T13:43:21","date_gmt":"2024-10-23T11:43:21","guid":{"rendered":"https:\/\/fvcomponentes.com\/?post_type=product&#038;p=20162"},"modified":"2026-02-16T12:27:06","modified_gmt":"2026-02-16T11:27:06","slug":"victron-150ah-lithium-replacement-kit","status":"publish","type":"product","link":"https:\/\/fvcomponentes.com\/fr\/producto\/kit-sustitucion-a-litio-150ah-victron\/","title":{"rendered":"Kit de remplacement Lithium 150Ah Victron"},"content":{"rendered":"<h2>Kit de remplacement Lithium 150Ah Victron<\/h2>\n<p>C'est le kit parfait pour remplacer votre vieille batterie GEL, AGM ou plomb-acide de 300Ah par la batterie Victron LiFePO4 de 150Ah. Le kit comprend<\/p>\n<ul>\n<li><a href=\"https:\/\/fvcomponentes.com\/fr\/produit\/lifepo4-victron-lithium-battery-128v-150ah-ng-bat512115620\/\" target=\"_blank\" rel=\"noopener\">Victron LiFePO4 Batterie au lithium 12,8V 150Ah NG - BAT512115620<\/a><\/li>\n<li><a href=\"https:\/\/fvcomponentes.com\/fr\/produit\/victron-orion-tr-smart-12-12-30a-dc-convertisseur-non-isole-ori121236140\/\" target=\"_blank\" rel=\"noopener\">Victron Orion-Tr Smart 12\/12-30A DC-DC Convertisseur DC-DC non isol\u00e9 - ORI121236140<\/a><\/li>\n<li>2 x <a href=\"https:\/\/fvcomponentes.com\/fr\/produit\/victron-fuse-holder-midi-fuse-holder-cip000050001\/\" target=\"_blank\" rel=\"noopener\">Victron MIDI Fuse Holder Victron Fuse Holder - CIP000050001<\/a><\/li>\n<li>Paquet de 5 fusibles : <a href=\"https:\/\/fvcomponentes.com\/fr\/produit\/fusible-midi-victron-60a-32v-cip132060010\/\" target=\"_blank\" rel=\"noopener\">Midi-fusible Victron 60A\/32V - CIP132060010<\/a><\/li>\n<\/ul>","protected":false},"excerpt":{"rendered":"<p>Kit Sustituci\u00f3n a Litio 150Ah Victron Este es el kit perfecto para sustituir tu vieja bater\u00eda de GEL, AGM o plomo \u00e1cido de 300Ah por la bateria LiFePO4 150Ah de Victron. El kit esta compuesto por: Bateria de litio LiFePO4 Victron 12,8V 150Ah NG \u2013 BAT512115620 Convertidor Victron Orion-Tr Smart 12\/12-30A DC-DC No aislado \u2013 [&hellip;]<\/p>\n","protected":false},"featured_media":20164,"comment_status":"open","ping_status":"closed","template":"","meta":{"site-sidebar-layout":"default","site-content-layout":"","ast-site-content-layout":"default","site-content-style":"default","site-sidebar-style":"default","ast-global-header-display":"","ast-banner-title-visibility":"","ast-main-header-display":"","ast-hfb-above-header-display":"","ast-hfb-below-header-display":"","ast-hfb-mobile-header-display":"","site-post-title":"","ast-breadcrumbs-content":"","ast-featured-img":"","footer-sml-layout":"","ast-disable-related-posts":"","theme-transparent-header-meta":"default","adv-header-id-meta":"","stick-header-meta":"","header-above-stick-meta":"","header-main-stick-meta":"","header-below-stick-meta":"","astra-migrate-meta-layouts":"set","ast-page-background-enabled":"default","ast-page-background-meta":{"desktop":{"background-color":"var(--ast-global-color-4)","background-image":"","background-repeat":"repeat","background-position":"center center","background-size":"auto","background-attachment":"scroll","background-type":"","background-media":"","overlay-type":"","overlay-color":"","overlay-opacity":"","overlay-gradient":""},"tablet":{"background-color":"","background-image":"","background-repeat":"repeat","background-position":"center center","background-size":"auto","background-attachment":"scroll","background-type":"","background-media":"","overlay-type":"","overlay-color":"","overlay-opacity":"","overlay-gradient":""},"mobile":{"background-color":"","background-image":"","background-repeat":"repeat","background-position":"center center","background-size":"auto","background-attachment":"scroll","background-type":"","background-media":"","overlay-type":"","overlay-color":"","overlay-opacity":"","overlay-gradient":""}},"ast-content-background-meta":{"desktop":{"background-color":"var(--ast-global-color-5)","background-image":"","background-repeat":"repeat","background-position":"center center","background-size":"auto","background-attachment":"scroll","background-type":"","background-media":"","overlay-type":"","overlay-color":"","overlay-opacity":"","overlay-gradient":""},"tablet":{"background-color":"var(--ast-global-color-5)","background-image":"","background-repeat":"repeat","background-position":"center center","background-size":"auto","background-attachment":"scroll","background-type":"","background-media":"","overlay-type":"","overlay-color":"","overlay-opacity":"","overlay-gradient":""},"mobile":{"background-color":"var(--ast-global-color-5)","background-image":"","background-repeat":"repeat","background-position":"center center","background-size":"auto","background-attachment":"scroll","background-type":"","background-media":"","overlay-type":"","overlay-color":"","overlay-opacity":"","overlay-gradient":""}}},"pwb-brand":[332],"product_brand":[],"product_cat":[465,910,464],"product_tag":[],"class_list":{"0":"post-20162","1":"product","2":"type-product","3":"status-publish","4":"has-post-thumbnail","6":"pwb-brand-victron","7":"product_cat-kit-solar-aislada","8":"product_cat-kit-solar-camper","9":"product_cat-kits-solares","10":"product_shipping_class-baterias","11":"desktop-align-left","12":"tablet-align-left","13":"mobile-align-left","14":"ast-product-gallery-layout-horizontal-slider","15":"ast-product-gallery-with-no-image","16":"ast-product-tabs-layout-horizontal","18":"first","19":"instock","20":"taxable","21":"shipping-taxable","22":"purchasable","23":"product-type-yith_bundle"},"wcpa_form_fields":null,"brands":[{"id":332,"name":"Victron Energy","slug":"victron"}],"_links":{"self":[{"href":"https:\/\/fvcomponentes.com\/fr\/wp-json\/wp\/v2\/product\/20162","targetHints":{"allow":["GET"]}}],"collection":[{"href":"https:\/\/fvcomponentes.com\/fr\/wp-json\/wp\/v2\/product"}],"about":[{"href":"https:\/\/fvcomponentes.com\/fr\/wp-json\/wp\/v2\/types\/product"}],"replies":[{"embeddable":true,"href":"https:\/\/fvcomponentes.com\/fr\/wp-json\/wp\/v2\/comments?post=20162"}],"wp:featuredmedia":[{"embeddable":true,"href":"https:\/\/fvcomponentes.com\/fr\/wp-json\/wp\/v2\/media\/20164"}],"wp:attachment":[{"href":"https:\/\/fvcomponentes.com\/fr\/wp-json\/wp\/v2\/media?parent=20162"}],"wp:term":[{"taxonomy":"pwb-brand","embeddable":true,"href":"https:\/\/fvcomponentes.com\/fr\/wp-json\/wp\/v2\/pwb-brand?post=20162"},{"taxonomy":"product_brand","embeddable":true,"href":"https:\/\/fvcomponentes.com\/fr\/wp-json\/wp\/v2\/product_brand?post=20162"},{"taxonomy":"product_cat","embeddable":true,"href":"https:\/\/fvcomponentes.com\/fr\/wp-json\/wp\/v2\/product_cat?post=20162"},{"taxonomy":"product_tag","embeddable":true,"href":"https:\/\/fvcomponentes.com\/fr\/wp-json\/wp\/v2\/product_tag?post=20162"}],"curies":[{"name":"wp","href":"https:\/\/api.w.org\/{rel}","templated":true}]}}