{"id":20057,"date":"2024-10-22T09:44:55","date_gmt":"2024-10-22T07:44:55","guid":{"rendered":"https:\/\/fvcomponentes.com\/?post_type=product&#038;p=20057"},"modified":"2026-04-08T21:32:29","modified_gmt":"2026-04-08T19:32:29","slug":"panneau-solaire-victron-bluesolar-215w-24v-monocristalline-series-4b-spm042152402","status":"publish","type":"product","link":"https:\/\/fvcomponentes.com\/fr\/producto\/panel-solar-victron-bluesolar-215w-24v-monocristalino-series-4b-spm042152402\/","title":{"rendered":"Panneau solaire 24V Victron BlueSolar 215W-24V monocristallin s\u00e9rie 4b - SPM042152402"},"content":{"rendered":"<h2>Panneau solaire 24V Victron BlueSolar 215W-24V monocristallin s\u00e9rie 4b - SPM042152402<\/h2>\n<h2>Panneaux monocristallins<\/h2>\n<p dir=\"ltr\">Les cellules de silicium monocristallin du panneau solaire Victron BlueSolar 215W-24V monocristallin de la s\u00e9rie 4b sont fabriqu\u00e9es \u00e0 partir de lingots (blocs de silicium cylindriques). Les quatre c\u00f4t\u00e9s du cylindre sont coup\u00e9s et transform\u00e9s en feuilles aux bords arrondis. Les cristaux sont d'une grande puret\u00e9, ce qui augmente l'efficacit\u00e9 des cellules. Les plaques de ce mat\u00e9riau sont g\u00e9n\u00e9ralement plus fonc\u00e9es, le plus souvent de couleur noire.<\/p>\n<p style=\"font-weight: 400\"><span style=\"font-style: inherit\">Ce panneau solaire 215w 24v monocristallin<\/span><span style=\"font-style: inherit\"> Les panneaux solaires de 24 V sont capables de produire beaucoup plus d'\u00e9nergie dans moins d'espace, ils sont donc plus efficaces. Pour cette raison, un panneau solaire 24v est un choix \u00e0 consid\u00e9rer si vous disposez d'une petite surface pour l'installation des panneaux. En produisant plus d'\u00e9nergie sur une surface plus petite, il est possible de r\u00e9aliser des \u00e9conomies plus importantes qu'avec les panneaux polycristallins.\u00a0<\/span><\/p>\n<h2>Caract\u00e9ristiques du panneau solaire BlueSolar 24V de Victron 215W-24V monocristallin s\u00e9rie 4b<\/h2>\n<ul>\n<li>Ce panneau solaire de 24 V offre des performances exceptionnelles avec une faible luminosit\u00e9 et une grande sensibilit\u00e9 \u00e0 la lumi\u00e8re sur l'ensemble du spectre solaire.<\/li>\n<li>Le syst\u00e8me d'encapsulation EVA (\u00e9thyl\u00e8ne-ac\u00e9tate de vinyle) avanc\u00e9 avec des feuilles arri\u00e8re \u00e0 triple couche r\u00e9pond aux exigences les plus \u00e9lev\u00e9es en mati\u00e8re de fonctionnement \u00e0 haute tension.<\/li>\n<li>Le verre tremp\u00e9 de ce panneau solaire 24v est de haute transmission et de haute qualit\u00e9, offrant une duret\u00e9 et une r\u00e9sistance aux chocs am\u00e9lior\u00e9es.<\/li>\n<li>Un cadre robuste en aluminium galvanis\u00e9 permet d'installer les modules sur le toit \u00e0 l'aide de divers syst\u00e8mes de montage standard.<\/li>\n<li>La bo\u00eete de jonction de ce panneau solaire 215w 24v est scell\u00e9e, \u00e9tanche et multifonctionnelle. Il offre ainsi un haut niveau de s\u00e9curit\u00e9.<\/li>\n<li>Les diodes de d\u00e9rivation \u00e0 haute performance minimisent les baisses de puissance caus\u00e9es par les ombres.<\/li>\n<li>Pr\u00e9-c\u00e2bl\u00e9 avec des connecteurs rapides PV-ST01.<\/li>\n<\/ul>\n<h2>Sp\u00e9cifications du panneau solaire monocristallin 24V BlueSolar 215W-24V de Victron s\u00e9rie 4b<\/h2>\n<ul>\n<li><strong>Poids :<\/strong> 11,7 Kg<\/li>\n<li><strong>Dimensions :<\/strong> 1580x705x35 mm<\/li>\n<li><strong>Puissance nominale :<\/strong> 215W<\/li>\n<li><strong>Tension d'alimentation max.<\/strong> 40,1V<\/li>\n<li><strong>Courant d'alimentation max.<\/strong> 5,36A<\/li>\n<li><strong>Tension en circuit ouvert :<\/strong> 46,01V<\/li>\n<li><strong>Courant de court-circuit :<\/strong> 5,65V<\/li>\n<\/ul>\n<h2>Garanties pour ce panneau solaire 24V<\/h2>\n<p>Pour les panneaux solaires BlueSolar, cette garantie s'\u00e9tend sur une dur\u00e9e limit\u00e9e de 25 ans pour la fourniture d'\u00e9nergie et les performances. Elle garantit \u00e9galement la qualit\u00e9 des mat\u00e9riaux et le professionnalisme des installateurs, en offrant une garantie limit\u00e9e de 5 ans sur les mat\u00e9riaux et la main-d'\u0153uvre.<\/p>\n<h2>Victron BlueSolar 215W-24V 24V Installation du panneau solaire<\/h2>\n<ul>\n<li>Respectez toujours les instructions et les mesures de s\u00e9curit\u00e9.<\/li>\n<li>La surface vitr\u00e9e des modules ne doit pas \u00eatre perc\u00e9e, ni aucun autre per\u00e7age, sous peine d'annulation de la garantie.<\/li>\n<li>Pour une installation standard, les modules doivent \u00eatre solidement fix\u00e9s \u00e0 la structure de montage \u00e0 l'aide de quatre points d'ancrage.<\/li>\n<li>Dans les r\u00e9gions venteuses ou enneig\u00e9es, il est recommand\u00e9 d'utiliser des points de fixation suppl\u00e9mentaires.<\/li>\n<li>Le calcul des charges structurelles rel\u00e8ve de la responsabilit\u00e9 du concepteur ou de l'installateur du syst\u00e8me.<\/li>\n<\/ul>\n<p><strong>Instructions de montage<\/strong><\/p>\n<ul>\n<li>N'utilisez que les trous de montage pr\u00e9-perc\u00e9s dans le cadre du module.<\/li>\n<li>L'installation la plus courante consiste \u00e0 fixer le module aux quatre points sym\u00e9triques situ\u00e9s \u00e0 l'int\u00e9rieur du cadre.<\/li>\n<li>En cas d'installation dans des zones venteuses ou enneig\u00e9es, il est obligatoire d'utiliser les huit trous de fixation disponibles.<\/li>\n<li>Ne pas soulever le module par la bo\u00eete de jonction ou les c\u00e2bles \u00e9lectriques.<\/li>\n<li>Ne pas marcher ou se tenir debout sur le module.<\/li>\n<li>Ne laissez pas tomber le module et ne laissez pas d'objets tomber dessus.<\/li>\n<li>Pour \u00e9viter les bris de verre, ne placez pas d'objets lourds sur le module.<\/li>\n<li>Ne posez pas le module brusquement sur une surface quelconque.<\/li>\n<li>Un transport ou une installation incorrects peuvent endommager le module.<\/li>\n<\/ul>\n<h2>Fiche technique Panneau solaire 24V Victron BlueSolar 215W-24V monocristallin s\u00e9rie 4b - SPM042152402<\/h2>\n<p><a href=\"https:\/\/fvcomponentes.com\/wp-content\/uploads\/2024\/10\/Ficha-tecnica-Panel-solar-Victron-BlueSolar-monocristalino.pdf\" target=\"_blank\" rel=\"noopener\">Voir la fiche technique des panneaux solaires BlueSolar 215W-24V monocristallins s\u00e9rie 4b - SPM042152402 24V de Victron<\/a><\/p>\n<h2>Panneau solaire manuel 24V Victron BlueSolar 215W-24V monocristallin 4b series - SPM042152402<\/h2>\n<p><a href=\"https:\/\/fvcomponentes.com\/wp-content\/uploads\/2025\/02\/Manual-paneles-BlueSolar-Victron.pdf\" target=\"_blank\" rel=\"noopener\">Voir le manuel de Victron BlueSolar 215W-24V Panneau solaire monocristallin 24V s\u00e9rie 4b<\/a><\/p>","protected":false},"excerpt":{"rendered":"<ul>\n<li><strong>Puissance nominale :<\/strong> 215W<\/li>\n<li><strong>Cellules :<\/strong> 72<\/li>\n<li><strong>Tension :<\/strong> 24V<\/li>\n<li><strong>Mesures<\/strong>Dimensions : 1580x705x35mm<\/li>\n<\/ul>","protected":false},"featured_media":20060,"comment_status":"open","ping_status":"closed","template":"","meta":{"site-sidebar-layout":"default","site-content-layout":"default","ast-site-content-layout":"default","site-content-style":"default","site-sidebar-style":"default","ast-global-header-display":"","ast-banner-title-visibility":"","ast-main-header-display":"","ast-hfb-above-header-display":"","ast-hfb-below-header-display":"","ast-hfb-mobile-header-display":"","site-post-title":"","ast-breadcrumbs-content":"","ast-featured-img":"","footer-sml-layout":"","ast-disable-related-posts":"","theme-transparent-header-meta":"default","adv-header-id-meta":"","stick-header-meta":"","header-above-stick-meta":"","header-main-stick-meta":"","header-below-stick-meta":"","astra-migrate-meta-layouts":"set","ast-page-background-enabled":"default","ast-page-background-meta":{"desktop":{"background-color":"var(--ast-global-color-4)","background-image":"","background-repeat":"repeat","background-position":"center center","background-size":"auto","background-attachment":"scroll","background-type":"","background-media":"","overlay-type":"","overlay-color":"","overlay-opacity":"","overlay-gradient":""},"tablet":{"background-color":"","background-image":"","background-repeat":"repeat","background-position":"center center","background-size":"auto","background-attachment":"scroll","background-type":"","background-media":"","overlay-type":"","overlay-color":"","overlay-opacity":"","overlay-gradient":""},"mobile":{"background-color":"","background-image":"","background-repeat":"repeat","background-position":"center center","background-size":"auto","background-attachment":"scroll","background-type":"","background-media":"","overlay-type":"","overlay-color":"","overlay-opacity":"","overlay-gradient":""}},"ast-content-background-meta":{"desktop":{"background-color":"var(--ast-global-color-5)","background-image":"","background-repeat":"repeat","background-position":"center center","background-size":"auto","background-attachment":"scroll","background-type":"","background-media":"","overlay-type":"","overlay-color":"","overlay-opacity":"","overlay-gradient":""},"tablet":{"background-color":"var(--ast-global-color-5)","background-image":"","background-repeat":"repeat","background-position":"center center","background-size":"auto","background-attachment":"scroll","background-type":"","background-media":"","overlay-type":"","overlay-color":"","overlay-opacity":"","overlay-gradient":""},"mobile":{"background-color":"var(--ast-global-color-5)","background-image":"","background-repeat":"repeat","background-position":"center center","background-size":"auto","background-attachment":"scroll","background-type":"","background-media":"","overlay-type":"","overlay-color":"","overlay-opacity":"","overlay-gradient":""}}},"pwb-brand":[332],"product_brand":[],"product_cat":[457,395],"product_tag":[],"class_list":{"0":"post-20057","1":"product","2":"type-product","3":"status-publish","4":"has-post-thumbnail","6":"pwb-brand-victron","7":"product_cat-placas-solares-24-v","8":"product_cat-placas-solares","9":"product_shipping_class-paneles","10":"desktop-align-left","11":"tablet-align-left","12":"mobile-align-left","13":"ast-product-gallery-layout-horizontal-slider","14":"ast-product-tabs-layout-horizontal","16":"first","17":"instock","18":"taxable","19":"shipping-taxable","20":"purchasable","21":"product-type-simple"},"wcpa_form_fields":null,"brands":[{"id":332,"name":"Victron Energy","slug":"victron"}],"_links":{"self":[{"href":"https:\/\/fvcomponentes.com\/fr\/wp-json\/wp\/v2\/product\/20057","targetHints":{"allow":["GET"]}}],"collection":[{"href":"https:\/\/fvcomponentes.com\/fr\/wp-json\/wp\/v2\/product"}],"about":[{"href":"https:\/\/fvcomponentes.com\/fr\/wp-json\/wp\/v2\/types\/product"}],"replies":[{"embeddable":true,"href":"https:\/\/fvcomponentes.com\/fr\/wp-json\/wp\/v2\/comments?post=20057"}],"wp:featuredmedia":[{"embeddable":true,"href":"https:\/\/fvcomponentes.com\/fr\/wp-json\/wp\/v2\/media\/20060"}],"wp:attachment":[{"href":"https:\/\/fvcomponentes.com\/fr\/wp-json\/wp\/v2\/media?parent=20057"}],"wp:term":[{"taxonomy":"pwb-brand","embeddable":true,"href":"https:\/\/fvcomponentes.com\/fr\/wp-json\/wp\/v2\/pwb-brand?post=20057"},{"taxonomy":"product_brand","embeddable":true,"href":"https:\/\/fvcomponentes.com\/fr\/wp-json\/wp\/v2\/product_brand?post=20057"},{"taxonomy":"product_cat","embeddable":true,"href":"https:\/\/fvcomponentes.com\/fr\/wp-json\/wp\/v2\/product_cat?post=20057"},{"taxonomy":"product_tag","embeddable":true,"href":"https:\/\/fvcomponentes.com\/fr\/wp-json\/wp\/v2\/product_tag?post=20057"}],"curies":[{"name":"wp","href":"https:\/\/api.w.org\/{rel}","templated":true}]}}