{"id":20038,"date":"2024-10-21T17:56:12","date_gmt":"2024-10-21T15:56:12","guid":{"rendered":"https:\/\/fvcomponentes.com\/?post_type=product&#038;p=20038"},"modified":"2026-01-15T10:07:30","modified_gmt":"2026-01-15T09:07:30","slug":"victron-12v-60ah-agm-super-cycle-m6-battery-bat412060082","status":"publish","type":"product","link":"https:\/\/fvcomponentes.com\/fr\/producto\/bateria-victron-12v-60ah-agm-super-cycle-m6-bat412060082\/","title":{"rendered":"Batterie AGM 12V 60Ah Victron AGM Super Cycle M6 - BAT412060082"},"content":{"rendered":"<h2>Caract\u00e9ristiques Batterie AGM 12V 60Ah Victron AGM Super Cycle M6 - BAT412060082<\/h2>\n<p>La batterie AGM 12V 60Ah Victron AGM Super Cycle M6 - BAT412060082 est le r\u00e9sultat des r\u00e9cents d\u00e9veloppements en \u00e9lectrochimie dans le domaine des batteries AGM. La p\u00e2te des plaques positives est moins sensible au ramollissement, m\u00eame en cas de d\u00e9charges compl\u00e8tes r\u00e9p\u00e9t\u00e9es de la batterie, et de nouveaux additifs dans l'\u00e9lectrolyte r\u00e9duisent la sulfatation en cas de d\u00e9charge profonde.<\/p>\n<p>Les tests montrent que cette batterie Super Cycle agm 60Ah peut supporter jusqu'\u00e0 trois cents cycles DoD du 100%. Ces tests consistent en une d\u00e9charge quotidienne \u00e0 10,8V avec I = 0,2C\u2082\u2080, suivie d'environ deux heures de veille \u00e0 l'\u00e9tat d\u00e9charg\u00e9, puis d'une recharge avec I = 0,2C\u2082\u2080. Cette batterie plomb-acide est recommand\u00e9e pour les applications o\u00f9 l'on s'attend \u00e0 une d\u00e9charge de 100% ou \u00e0 des d\u00e9charges fr\u00e9quentes de 60-80%.<\/p>\n<p>Un autre avantage de la nouvelle \u00e9lectrochimie est qu'elle permet de r\u00e9duire la taille et le poids par rapport aux batteries AGM standard \u00e0 d\u00e9charge profonde. La r\u00e9sistance interne est \u00e9galement l\u00e9g\u00e8rement inf\u00e9rieure \u00e0 celle des autres batteries AGM standard \u00e0 cycle profond.<\/p>\n<p>Tensions de charge recommand\u00e9es pour la batterie agm :<\/p>\n<h2><img fetchpriority=\"high\" decoding=\"async\" class=\"alignnone wp-image-8268 size-full\" src=\"https:\/\/fvcomponentes.com\/wp-content\/uploads\/2022\/11\/Captura.png\" alt=\"Tensions de charge recommand\u00e9es\" width=\"579\" height=\"120\" title=\"\"><\/h2>\n<p>&nbsp;<\/p>\n<h2>Sp\u00e9cifications de la batterie Victron AGM 12V 60Ah<\/h2>\n<ul>\n<li><strong>Puissance :<\/strong> 12V<\/li>\n<li><strong>Ah C5 (10,8V) :<\/strong> 52<\/li>\n<li><strong>Ah C10 (10,8V) :<\/strong> 56<\/li>\n<li><strong>Ah C20 (10,8V) :<\/strong> 60<\/li>\n<li><strong>Dimensions :<\/strong> 224 x 135 x 178 mm<\/li>\n<li><strong>Poids :<\/strong> 14<\/li>\n<li><strong>CCA @0\u00b0F :<\/strong> 300<\/li>\n<li><strong>RES CAP @80\u00b0F :<\/strong> 90<\/li>\n<li><strong>Terminaux :<\/strong> Insert M6<\/li>\n<\/ul>\n<h2>Qu'est-ce qu'une batterie AGM ?<\/h2>\n<p>Une batterie AGM (Absorbent Glass Mat) est un type de batterie plomb-acide dans laquelle l'\u00e9lectrolyte est absorb\u00e9 par un r\u00e9seau de fibres de verre. Les batteries AGM sont plus s\u00fbres et plus efficaces.<\/p>\n<p>Une batterie agm se compose de :<\/p>\n<ul>\n<li>Plaques de plomb : ce sont les \u00e9lectrodes de la batterie agm. Elles sont constitu\u00e9es d'un alliage de plomb et d'autres m\u00e9taux tels que le calcium ou l'\u00e9tain pour am\u00e9liorer la r\u00e9sistance et la durabilit\u00e9.<\/li>\n<li>\u00c9lectrolyte absorb\u00e9 : m\u00e9lange d'acide sulfurique et d'eau impr\u00e9gn\u00e9 dans une maille de fibre de verre au lieu d'\u00eatre \u00e0 l'\u00e9tat liquide.<\/li>\n<li>S\u00e9parateurs en fibre de verre : ils agissent comme des \u00e9ponges pour maintenir l'\u00e9lectrolyte en contact avec les plaques, am\u00e9liorant ainsi l'efficacit\u00e9 et \u00e9vitant les d\u00e9versements.<\/li>\n<li>Bo\u00eetier en plastique : fabriqu\u00e9 \u00e0 partir de mat\u00e9riaux r\u00e9sistants aux chocs et \u00e0 la corrosion, tels que le polypropyl\u00e8ne, afin de prot\u00e9ger les composants internes.<\/li>\n<li>Soupape de r\u00e9gulation de la pression : permet au gaz de s'\u00e9chapper en cas de surpression, \u00e9vitant ainsi tout dommage et garantissant un fonctionnement s\u00fbr.<\/li>\n<\/ul>\n<p>Une batterie agm est une batterie de type VRLA (Valve-Regulated Lead-Acid) ; elle est scell\u00e9e, sans entretien et r\u00e9sistante aux vibrations. Les batteries agm sont id\u00e9ales pour les applications dans les automobiles, les motos, les syst\u00e8mes d'\u00e9nergie solaire (batterie de panneau solaire) et les \u00e9quipements de secours. Il existe de nombreux mod\u00e8les de batteries agm, tels que la batterie agm 100ah, la batterie de panneau solaire, la batterie agm 80ah ou celle-ci, la batterie agm 60ah.<\/p>\n<h2>Chargement d'une batterie agm<\/h2>\n<p>Il est n\u00e9cessaire d'avoir un chargeur de batterie agm, il doit s'agir d'un chargeur sp\u00e9cifique pour ce type de batterie car la tension et le courant doivent \u00eatre contr\u00f4l\u00e9s avec pr\u00e9cision, afin d'\u00e9viter une surcharge qui pourrait endommager la batterie agm.<\/p>\n<p><strong>Processus de charge de la batterie agm en 3 \u00e9tapes<\/strong><\/p>\n<p>La charge d'une batterie agm se fait en trois phases :<\/p>\n<ul>\n<li><strong>En vrac :<\/strong>\n<ul>\n<li>Un courant constant est appliqu\u00e9, qui se situe entre 10% et 20% de la capacit\u00e9 nominale de la batterie agm (C20).<\/li>\n<li>Augmentation de la tension : la tension de l'agm est progressivement augment\u00e9e jusqu'\u00e0 14,4 \u00e0 14,8V.<\/li>\n<\/ul>\n<\/li>\n<li><strong>Absorption :<\/strong>\n<ul>\n<li>Une fois la tension maximale atteinte, elle reste constante tandis que le courant diminue progressivement.<\/li>\n<li>Cette phase se poursuit jusqu'\u00e0 ce que le courant de charge soit r\u00e9duit \u00e0 1% de la capacit\u00e9 nominale des batteries agm.<\/li>\n<\/ul>\n<\/li>\n<li><strong>Flottation :<\/strong>\n<ul>\n<li>La tension est r\u00e9duite \u00e0 un niveau de maintenance, g\u00e9n\u00e9ralement entre 13,65 et 13,8 V, pour compenser l'autod\u00e9charge sans surcharger la batterie agm.<\/li>\n<\/ul>\n<\/li>\n<\/ul>\n<p><strong>Recommandations<\/strong><\/p>\n<ul>\n<li>\u00c9viter la surcharge : la surcharge peut entra\u00eener un d\u00e9gazage et des dommages internes \u00e0 l'agm.<\/li>\n<li>Environnement ventil\u00e9 : charger dans un endroit bien ventil\u00e9 pour dissiper tout gaz r\u00e9siduel de la batterie agm et \u00e9viter les accumulations nocives.<\/li>\n<li>Suivre les instructions du fabricant : il est toujours essentiel de consulter les recommandations sp\u00e9cifiques du fabricant du chargeur de batterie agm et agm pour garantir une charge s\u00fbre et efficace.<\/li>\n<\/ul>\n<h2>Fiche technique Batterie AGM 12V 60Ah Victron AGM Super Cycle M6 - BAT412060082<\/h2>\n<p><a href=\"https:\/\/fvcomponentes.com\/wp-content\/uploads\/2024\/10\/Ficha-tecnica-Bateria-Victron-AGM-Super-Cycle.pdf\" target=\"_blank\" rel=\"noopener\">Voir la fiche technique de la batterie Victron 12V\/60Ah AGM Super Cycle (M6)- BAT41206008<\/a><\/p>","protected":false},"excerpt":{"rendered":"<ul>\n<li><strong>La tension :<\/strong>\u00a012V<\/li>\n<li><strong>Heures d'amp\u00e8res :<\/strong> 60Ah (C20)<\/li>\n<li><strong>Cycles :<\/strong> \u2265 300 cycles \u00e0 la profondeur de p\u00e9n\u00e9tration du 100%, \u2265 700 cycles \u00e0 la profondeur de p\u00e9n\u00e9tration du 60%, \u2265 1000 cycles \u00e0 la profondeur de p\u00e9n\u00e9tration du 40%.<\/li>\n<li><strong>Terminaux :<\/strong> Insert M6<\/li>\n<\/ul>","protected":false},"featured_media":20039,"comment_status":"open","ping_status":"closed","template":"","meta":{"site-sidebar-layout":"default","site-content-layout":"","ast-site-content-layout":"default","site-content-style":"default","site-sidebar-style":"default","ast-global-header-display":"","ast-banner-title-visibility":"","ast-main-header-display":"","ast-hfb-above-header-display":"","ast-hfb-below-header-display":"","ast-hfb-mobile-header-display":"","site-post-title":"","ast-breadcrumbs-content":"","ast-featured-img":"","footer-sml-layout":"","ast-disable-related-posts":"","theme-transparent-header-meta":"default","adv-header-id-meta":"","stick-header-meta":"","header-above-stick-meta":"","header-main-stick-meta":"","header-below-stick-meta":"","astra-migrate-meta-layouts":"set","ast-page-background-enabled":"default","ast-page-background-meta":{"desktop":{"background-color":"var(--ast-global-color-4)","background-image":"","background-repeat":"repeat","background-position":"center center","background-size":"auto","background-attachment":"scroll","background-type":"","background-media":"","overlay-type":"","overlay-color":"","overlay-opacity":"","overlay-gradient":""},"tablet":{"background-color":"","background-image":"","background-repeat":"repeat","background-position":"center center","background-size":"auto","background-attachment":"scroll","background-type":"","background-media":"","overlay-type":"","overlay-color":"","overlay-opacity":"","overlay-gradient":""},"mobile":{"background-color":"","background-image":"","background-repeat":"repeat","background-position":"center center","background-size":"auto","background-attachment":"scroll","background-type":"","background-media":"","overlay-type":"","overlay-color":"","overlay-opacity":"","overlay-gradient":""}},"ast-content-background-meta":{"desktop":{"background-color":"var(--ast-global-color-5)","background-image":"","background-repeat":"repeat","background-position":"center center","background-size":"auto","background-attachment":"scroll","background-type":"","background-media":"","overlay-type":"","overlay-color":"","overlay-opacity":"","overlay-gradient":""},"tablet":{"background-color":"var(--ast-global-color-5)","background-image":"","background-repeat":"repeat","background-position":"center center","background-size":"auto","background-attachment":"scroll","background-type":"","background-media":"","overlay-type":"","overlay-color":"","overlay-opacity":"","overlay-gradient":""},"mobile":{"background-color":"var(--ast-global-color-5)","background-image":"","background-repeat":"repeat","background-position":"center center","background-size":"auto","background-attachment":"scroll","background-type":"","background-media":"","overlay-type":"","overlay-color":"","overlay-opacity":"","overlay-gradient":""}}},"pwb-brand":[332],"product_brand":[],"product_cat":[375,340],"product_tag":[],"class_list":{"0":"post-20038","1":"product","2":"type-product","3":"status-publish","4":"has-post-thumbnail","6":"pwb-brand-victron","7":"product_cat-baterias-agm","8":"product_cat-baterias","9":"product_shipping_class-baterias","10":"desktop-align-left","11":"tablet-align-left","12":"mobile-align-left","13":"ast-product-gallery-layout-horizontal-slider","14":"ast-product-tabs-layout-horizontal","16":"first","17":"instock","18":"taxable","19":"shipping-taxable","20":"purchasable","21":"product-type-simple"},"wcpa_form_fields":null,"brands":[{"id":332,"name":"Victron Energy","slug":"victron"}],"_links":{"self":[{"href":"https:\/\/fvcomponentes.com\/fr\/wp-json\/wp\/v2\/product\/20038","targetHints":{"allow":["GET"]}}],"collection":[{"href":"https:\/\/fvcomponentes.com\/fr\/wp-json\/wp\/v2\/product"}],"about":[{"href":"https:\/\/fvcomponentes.com\/fr\/wp-json\/wp\/v2\/types\/product"}],"replies":[{"embeddable":true,"href":"https:\/\/fvcomponentes.com\/fr\/wp-json\/wp\/v2\/comments?post=20038"}],"wp:featuredmedia":[{"embeddable":true,"href":"https:\/\/fvcomponentes.com\/fr\/wp-json\/wp\/v2\/media\/20039"}],"wp:attachment":[{"href":"https:\/\/fvcomponentes.com\/fr\/wp-json\/wp\/v2\/media?parent=20038"}],"wp:term":[{"taxonomy":"pwb-brand","embeddable":true,"href":"https:\/\/fvcomponentes.com\/fr\/wp-json\/wp\/v2\/pwb-brand?post=20038"},{"taxonomy":"product_brand","embeddable":true,"href":"https:\/\/fvcomponentes.com\/fr\/wp-json\/wp\/v2\/product_brand?post=20038"},{"taxonomy":"product_cat","embeddable":true,"href":"https:\/\/fvcomponentes.com\/fr\/wp-json\/wp\/v2\/product_cat?post=20038"},{"taxonomy":"product_tag","embeddable":true,"href":"https:\/\/fvcomponentes.com\/fr\/wp-json\/wp\/v2\/product_tag?post=20038"}],"curies":[{"name":"wp","href":"https:\/\/api.w.org\/{rel}","templated":true}]}}