{"id":20025,"date":"2024-10-21T16:33:43","date_gmt":"2024-10-21T14:33:43","guid":{"rendered":"https:\/\/fvcomponentes.com\/?post_type=product&#038;p=20025"},"modified":"2026-04-04T12:45:42","modified_gmt":"2026-04-04T10:45:42","slug":"smartshunt-victron-300a-50mv-shu050130050","status":"publish","type":"product","link":"https:\/\/fvcomponentes.com\/fr\/producto\/smartshunt-victron-300a-50mv-shu050130050\/","title":{"rendered":"SmartShunt Victron 300A\/50mV - SHU050130050"},"content":{"rendered":"<h2>Caract\u00e9ristiques du Victron SmartShunt 300A\/50mV - SHU050130050<\/h2>\n<p>Le SmartShunt 300A\/50mV - SHU050130050 de Victron est un moniteur de batterie tout-en-un, mais sans \u00e9cran. Vous devez installer l'application VictronConnect et vous connecter au Bluetooth du SmartShunt pour voir l'\u00e9tat de charge, l'autonomie restante, les donn\u00e9es historiques,...<\/p>\n<p>Il peut \u00e9galement \u00eatre connect\u00e9 et lu avec un appareil GX. La connexion au SmartShunt se fait \u00e0 l'aide d'un c\u00e2ble VE.Direct, tel que le c\u00e2ble <a href=\"https:\/\/fvcomponentes.com\/fr\/produit\/victron-ve-direct-cable-3m\/\" target=\"_blank\" rel=\"noopener\">Victron VE.Direct 3m cable - ASS030530230.<\/a><\/p>\n<p><span class=\"a-list-item\">Le SmartShunt est l'alternative parfaite pour les syst\u00e8mes o\u00f9 l'on souhaite r\u00e9duire le c\u00e2blage et o\u00f9 un affichage permanent par moniteur, tel que le moniteur de batterie BMV, n'est pas l'option souhait\u00e9e.<\/span><\/p>\n<p>Le SmartShunt est \u00e9quip\u00e9 de Bluetooth, d'un port VE.Direct et d'une connexion qui peut \u00eatre utilis\u00e9e pour : contr\u00f4ler une deuxi\u00e8me batterie, suivre le point m\u00e9dian ou connecter un capteur de temp\u00e9rature.<\/p>\n<h2>SmartShunt 300A\/50mV Sp\u00e9cifications<\/h2>\n<ul>\n<li><strong>Tension d'alimentation : <\/strong>6,5 - 70V DC<\/li>\n<li><strong>Consommation de courant :<\/strong> &lt; 1mA<\/li>\n<li><strong>Plage de tension d'entr\u00e9e, batterie auxiliaire :<\/strong> 6,5 - 70V DC<\/li>\n<li><strong>Capacit\u00e9 de la batterie (Ah) :<\/strong> 1 - 9999Ah<\/li>\n<li><strong>Plage de temp\u00e9rature de travail :<\/strong> -40 +50\u00b0C (-40 - 120\u00b0F)<\/li>\n<li><strong>Plage de mesure de la temp\u00e9rature :<\/strong> -20 +50\u00b0C<\/li>\n<li><strong>VE.Port de communication directe<\/strong><\/li>\n<\/ul>\n<h2>R\u00e9solution et pr\u00e9cision<\/h2>\n<ul>\n<li><strong>Actuel :<\/strong> \u00b1 0.01A<\/li>\n<li><strong>La tension :<\/strong> \u00b1 0.01V<\/li>\n<li><strong>Heures d'amp\u00e8res : <\/strong>\u00b1 0,1 Ah<\/li>\n<li><strong>\u00c9tat de charge<\/strong> (0 - 100%) : \u00b1 0,1%<\/li>\n<li><strong>Autonomie restante :<\/strong> \u00b1 1 min<\/li>\n<li><strong>Temp\u00e9rature (si le capteur de temp\u00e9rature optionnel est connect\u00e9) :<\/strong> \u00b1 1\u00b0C\/\u00b0F (0 - 50\u00b0C ou 30 - 120\u00b0F)<\/li>\n<li><strong>Pr\u00e9cision de la mesure du courant :<\/strong> \u00b1 0,4%<\/li>\n<li><strong>R\u00e9mun\u00e9ration :<\/strong> Moins de 20 \/ 40 \/ 80 mA<\/li>\n<li><strong>Pr\u00e9cision de la mesure de la tension :<\/strong> \u00b1 0,3%<\/li>\n<\/ul>\n<p><strong>Comprend deux c\u00e2bles \u00e0 fusible pour la connexion \"+\" et la connexion \u00e0 une batterie de d\u00e9marrage ou au point m\u00e9dian.<\/strong><\/p>\n<h2>Fiche technique SmartShunt Victron 300A\/50mV - SHU050130050<\/h2>\n<p><a href=\"https:\/\/fvcomponentes.com\/wp-content\/uploads\/2024\/10\/Ficha-tecnica-SmartShunt-Victron-300A50mV-SHU050130050.pdf\" target=\"_blank\" rel=\"noopener\">Voir la fiche technique Victron SmartShunt 300A\/50mV - SHU050130050<\/a><\/p>","protected":false},"excerpt":{"rendered":"<ul>\n<li><strong>Plage de tension d'alimentation :<\/strong> 6,5 - 70 VDC<\/li>\n<li><strong>Consommation de courant :<\/strong> &lt; 1 mA<\/li>\n<li><strong>Plage de tension d'entr\u00e9e, batterie auxiliaire :<\/strong> 6,5 - 70 VDC<\/li>\n<li><strong>Terminaux :<\/strong> M8<\/li>\n<li><strong>Dimensions :<\/strong> 44 x 120 x 44 mm<\/li>\n<\/ul>","protected":false},"featured_media":20029,"comment_status":"open","ping_status":"closed","template":"","meta":{"site-sidebar-layout":"default","site-content-layout":"","ast-site-content-layout":"default","site-content-style":"default","site-sidebar-style":"default","ast-global-header-display":"","ast-banner-title-visibility":"","ast-main-header-display":"","ast-hfb-above-header-display":"","ast-hfb-below-header-display":"","ast-hfb-mobile-header-display":"","site-post-title":"","ast-breadcrumbs-content":"","ast-featured-img":"","footer-sml-layout":"","ast-disable-related-posts":"","theme-transparent-header-meta":"default","adv-header-id-meta":"","stick-header-meta":"","header-above-stick-meta":"","header-main-stick-meta":"","header-below-stick-meta":"","astra-migrate-meta-layouts":"set","ast-page-background-enabled":"default","ast-page-background-meta":{"desktop":{"background-color":"var(--ast-global-color-4)","background-image":"","background-repeat":"repeat","background-position":"center center","background-size":"auto","background-attachment":"scroll","background-type":"","background-media":"","overlay-type":"","overlay-color":"","overlay-opacity":"","overlay-gradient":""},"tablet":{"background-color":"","background-image":"","background-repeat":"repeat","background-position":"center center","background-size":"auto","background-attachment":"scroll","background-type":"","background-media":"","overlay-type":"","overlay-color":"","overlay-opacity":"","overlay-gradient":""},"mobile":{"background-color":"","background-image":"","background-repeat":"repeat","background-position":"center center","background-size":"auto","background-attachment":"scroll","background-type":"","background-media":"","overlay-type":"","overlay-color":"","overlay-opacity":"","overlay-gradient":""}},"ast-content-background-meta":{"desktop":{"background-color":"var(--ast-global-color-5)","background-image":"","background-repeat":"repeat","background-position":"center center","background-size":"auto","background-attachment":"scroll","background-type":"","background-media":"","overlay-type":"","overlay-color":"","overlay-opacity":"","overlay-gradient":""},"tablet":{"background-color":"var(--ast-global-color-5)","background-image":"","background-repeat":"repeat","background-position":"center center","background-size":"auto","background-attachment":"scroll","background-type":"","background-media":"","overlay-type":"","overlay-color":"","overlay-opacity":"","overlay-gradient":""},"mobile":{"background-color":"var(--ast-global-color-5)","background-image":"","background-repeat":"repeat","background-position":"center center","background-size":"auto","background-attachment":"scroll","background-type":"","background-media":"","overlay-type":"","overlay-color":"","overlay-opacity":"","overlay-gradient":""}}},"pwb-brand":[332],"product_brand":[],"product_cat":[933,391,340],"product_tag":[],"class_list":{"0":"post-20025","1":"product","2":"type-product","3":"status-publish","4":"has-post-thumbnail","6":"pwb-brand-victron","7":"product_cat-monitores-de-baterias","8":"product_cat-accesorios-para-baterias","9":"product_cat-baterias","10":"desktop-align-left","11":"tablet-align-left","12":"mobile-align-left","13":"ast-product-gallery-layout-horizontal-slider","14":"ast-product-tabs-layout-horizontal","16":"first","17":"instock","18":"taxable","19":"shipping-taxable","20":"purchasable","21":"product-type-simple"},"wcpa_form_fields":null,"brands":[{"id":332,"name":"Victron Energy","slug":"victron"}],"_links":{"self":[{"href":"https:\/\/fvcomponentes.com\/fr\/wp-json\/wp\/v2\/product\/20025","targetHints":{"allow":["GET"]}}],"collection":[{"href":"https:\/\/fvcomponentes.com\/fr\/wp-json\/wp\/v2\/product"}],"about":[{"href":"https:\/\/fvcomponentes.com\/fr\/wp-json\/wp\/v2\/types\/product"}],"replies":[{"embeddable":true,"href":"https:\/\/fvcomponentes.com\/fr\/wp-json\/wp\/v2\/comments?post=20025"}],"wp:featuredmedia":[{"embeddable":true,"href":"https:\/\/fvcomponentes.com\/fr\/wp-json\/wp\/v2\/media\/20029"}],"wp:attachment":[{"href":"https:\/\/fvcomponentes.com\/fr\/wp-json\/wp\/v2\/media?parent=20025"}],"wp:term":[{"taxonomy":"pwb-brand","embeddable":true,"href":"https:\/\/fvcomponentes.com\/fr\/wp-json\/wp\/v2\/pwb-brand?post=20025"},{"taxonomy":"product_brand","embeddable":true,"href":"https:\/\/fvcomponentes.com\/fr\/wp-json\/wp\/v2\/product_brand?post=20025"},{"taxonomy":"product_cat","embeddable":true,"href":"https:\/\/fvcomponentes.com\/fr\/wp-json\/wp\/v2\/product_cat?post=20025"},{"taxonomy":"product_tag","embeddable":true,"href":"https:\/\/fvcomponentes.com\/fr\/wp-json\/wp\/v2\/product_tag?post=20025"}],"curies":[{"name":"wp","href":"https:\/\/api.w.org\/{rel}","templated":true}]}}