{"id":20016,"date":"2024-10-21T13:12:53","date_gmt":"2024-10-21T11:12:53","guid":{"rendered":"https:\/\/fvcomponentes.com\/?post_type=product&#038;p=20016"},"modified":"2026-04-04T12:44:25","modified_gmt":"2026-04-04T10:44:25","slug":"victron-mega-fuse-victron-mega-fuse-80a-80v-cip138080020","status":"publish","type":"product","link":"https:\/\/fvcomponentes.com\/fr\/producto\/fusible-mega-victron-mega-fuse-80a-80v-cip138080020\/","title":{"rendered":"Victron MEGA-fuse Fusible c\u00e9ramique 80A\/80V (5 pcs) - CIP138080020"},"content":{"rendered":"<h2>Caract\u00e9ristiques du m\u00e9ga-fusible Victron M\u00e9ga-fusible 80A\/80V<\/h2>\n<p>Le M\u00e9ga-fusible Victron 80A\/80V - CIP138080020 est un fusible c\u00e9ramique avec des bornes M8. Les fusibles sont indispensables pour une installation \u00e9lectrique s\u00fbre. Ce fusible MEGA 80A\/80V est sp\u00e9cialement con\u00e7u pour les syst\u00e8mes photovolta\u00efques avec une tension de syst\u00e8me de 48V.<\/p>\n<p>Les fusibles pour 48V ne peuvent pas \u00eatre utilis\u00e9s avec des syst\u00e8mes 12\/24V et vice versa. La plage de tension sp\u00e9cifi\u00e9e sur le fusible est importante pour garantir un fonctionnement s\u00fbr.<\/p>\n<p>Ce paquet contient 5 fusibles.<\/p>\n<p>Pour les porte-fusibles de type Mega tels que le\u00a0<a href=\"https:\/\/fvcomponentes.com\/fr\/produit\/porte-fusible-porte-fusible-6-voies-pour-mega-fuse-cip050060000\/\" target=\"_blank\" rel=\"noopener\">Porte-fusible 6 voies pour Mega Fuse - CIP050060000<\/a><\/p>\n<h2>Fiche technique M\u00e9ga-fusible Victron M\u00e9ga-fusible 80A\/80V - CIP138080020<\/h2>\n<p><a href=\"https:\/\/fvcomponentes.com\/wp-content\/uploads\/2024\/10\/Ficha-tecnica-fusibles-Victron-MEGA-Midi-y-ANL.pdf\" target=\"_blank\" rel=\"noopener\">Voir la fiche technique Victron Mega-fuse 80A\/80V Mega Fuse <\/a><\/p>","protected":false},"excerpt":{"rendered":"<ul>\n<li><strong>Paquet de 5 fusibles<\/strong><\/li>\n<li><strong>Amp\u00e9rage :<\/strong> 80A<\/li>\n<li><strong>La tension : <\/strong>80V<\/li>\n<li><strong>Chute de tension :<\/strong> 110 mV<\/li>\n<li><strong>R\u00e9sistance au froid :<\/strong> 0,716 m\u03a9<\/li>\n<\/ul>","protected":false},"featured_media":27615,"comment_status":"open","ping_status":"closed","template":"","meta":{"site-sidebar-layout":"default","site-content-layout":"","ast-site-content-layout":"default","site-content-style":"default","site-sidebar-style":"default","ast-global-header-display":"","ast-banner-title-visibility":"","ast-main-header-display":"","ast-hfb-above-header-display":"","ast-hfb-below-header-display":"","ast-hfb-mobile-header-display":"","site-post-title":"","ast-breadcrumbs-content":"","ast-featured-img":"","footer-sml-layout":"","ast-disable-related-posts":"","theme-transparent-header-meta":"default","adv-header-id-meta":"","stick-header-meta":"","header-above-stick-meta":"","header-main-stick-meta":"","header-below-stick-meta":"","astra-migrate-meta-layouts":"set","ast-page-background-enabled":"default","ast-page-background-meta":{"desktop":{"background-color":"var(--ast-global-color-4)","background-image":"","background-repeat":"repeat","background-position":"center center","background-size":"auto","background-attachment":"scroll","background-type":"","background-media":"","overlay-type":"","overlay-color":"","overlay-opacity":"","overlay-gradient":""},"tablet":{"background-color":"","background-image":"","background-repeat":"repeat","background-position":"center center","background-size":"auto","background-attachment":"scroll","background-type":"","background-media":"","overlay-type":"","overlay-color":"","overlay-opacity":"","overlay-gradient":""},"mobile":{"background-color":"","background-image":"","background-repeat":"repeat","background-position":"center center","background-size":"auto","background-attachment":"scroll","background-type":"","background-media":"","overlay-type":"","overlay-color":"","overlay-opacity":"","overlay-gradient":""}},"ast-content-background-meta":{"desktop":{"background-color":"var(--ast-global-color-5)","background-image":"","background-repeat":"repeat","background-position":"center center","background-size":"auto","background-attachment":"scroll","background-type":"","background-media":"","overlay-type":"","overlay-color":"","overlay-opacity":"","overlay-gradient":""},"tablet":{"background-color":"var(--ast-global-color-5)","background-image":"","background-repeat":"repeat","background-position":"center center","background-size":"auto","background-attachment":"scroll","background-type":"","background-media":"","overlay-type":"","overlay-color":"","overlay-opacity":"","overlay-gradient":""},"mobile":{"background-color":"var(--ast-global-color-5)","background-image":"","background-repeat":"repeat","background-position":"center center","background-size":"auto","background-attachment":"scroll","background-type":"","background-media":"","overlay-type":"","overlay-color":"","overlay-opacity":"","overlay-gradient":""}}},"pwb-brand":[332],"product_brand":[],"product_cat":[992,862,410],"product_tag":[],"class_list":{"0":"post-20016","1":"product","2":"type-product","3":"status-publish","4":"has-post-thumbnail","6":"pwb-brand-victron","7":"product_cat-fusibles-mega","8":"product_cat-fusibles","9":"product_cat-material-electrico","10":"desktop-align-left","11":"tablet-align-left","12":"mobile-align-left","13":"ast-product-gallery-layout-horizontal-slider","14":"ast-product-gallery-with-no-image","15":"ast-product-tabs-layout-horizontal","17":"first","18":"instock","19":"taxable","20":"shipping-taxable","21":"purchasable","22":"product-type-simple"},"wcpa_form_fields":null,"brands":[{"id":332,"name":"Victron Energy","slug":"victron"}],"_links":{"self":[{"href":"https:\/\/fvcomponentes.com\/fr\/wp-json\/wp\/v2\/product\/20016","targetHints":{"allow":["GET"]}}],"collection":[{"href":"https:\/\/fvcomponentes.com\/fr\/wp-json\/wp\/v2\/product"}],"about":[{"href":"https:\/\/fvcomponentes.com\/fr\/wp-json\/wp\/v2\/types\/product"}],"replies":[{"embeddable":true,"href":"https:\/\/fvcomponentes.com\/fr\/wp-json\/wp\/v2\/comments?post=20016"}],"wp:featuredmedia":[{"embeddable":true,"href":"https:\/\/fvcomponentes.com\/fr\/wp-json\/wp\/v2\/media\/27615"}],"wp:attachment":[{"href":"https:\/\/fvcomponentes.com\/fr\/wp-json\/wp\/v2\/media?parent=20016"}],"wp:term":[{"taxonomy":"pwb-brand","embeddable":true,"href":"https:\/\/fvcomponentes.com\/fr\/wp-json\/wp\/v2\/pwb-brand?post=20016"},{"taxonomy":"product_brand","embeddable":true,"href":"https:\/\/fvcomponentes.com\/fr\/wp-json\/wp\/v2\/product_brand?post=20016"},{"taxonomy":"product_cat","embeddable":true,"href":"https:\/\/fvcomponentes.com\/fr\/wp-json\/wp\/v2\/product_cat?post=20016"},{"taxonomy":"product_tag","embeddable":true,"href":"https:\/\/fvcomponentes.com\/fr\/wp-json\/wp\/v2\/product_tag?post=20016"}],"curies":[{"name":"wp","href":"https:\/\/api.w.org\/{rel}","templated":true}]}}