{"id":19998,"date":"2024-10-21T11:55:22","date_gmt":"2024-10-21T09:55:22","guid":{"rendered":"https:\/\/fvcomponentes.com\/?post_type=product&#038;p=19998"},"modified":"2026-01-15T10:09:28","modified_gmt":"2026-01-15T09:09:28","slug":"victron-lynx-shunt-ve-can-m10-battery-monitor-lyn040102110","status":"publish","type":"product","link":"https:\/\/fvcomponentes.com\/fr\/producto\/monitor-de-baterias-victron-lynx-shunt-ve-can-m10-lyn040102110\/","title":{"rendered":"Victron Lynx Shunt VE.Can M10 Moniteur de batterie - LYN040102110"},"content":{"rendered":"<h2>Victron Lynx Shunt VE.Can M10 Moniteur de batterie - LYN040102110 avec barre bus int\u00e9gr\u00e9e<\/h2>\n<div class=\"ui9f13y mgz-element mgz-child mgz-element-product_description content-text\">\n<div class=\"mgz-element-inner ui9f13y-s\">\n<ul>\n<li class=\"ppbd-product-description\">Le Lynx Shunt VE.Can M10 de Victron - LYN040102110 est un shunt intelligent de 1000A avec un espace pour un fusible. Le contr\u00f4leur de batterie int\u00e9gr\u00e9 surveille avec pr\u00e9cision l'\u00e9tat de charge de la batterie. Il fait partie du syst\u00e8me de distribution Lynx.<\/li>\n<li class=\"ppbd-product-description\">Le moniteur de batterie Victron Lynx Shunt VE.Can M10 - LYN040102110 contient une barre de bus positive et n\u00e9gative, un moniteur de batterie et un porte-fusible pour le fusible principal du syst\u00e8me.<\/li>\n<li class=\"ppbd-product-description\">Le distributeur Lynx est dot\u00e9 d'une LED d'alimentation.<\/li>\n<li class=\"ppbd-product-description\">Le Lynx Shunt VE.Can peut communiquer avec un appareil GX via VE.Can.<\/li>\n<li class=\"ppbd-product-description\">Le Lynx Shunt VE.Can comprend deux connecteurs RJ45 VE.Can, qui sont utilis\u00e9s pour se connecter \u00e0 un dispositif GX.<\/li>\n<li class=\"ppbd-product-description\">Le Lynx Shunt VE.Can est con\u00e7u pour contenir un fusible CNN (achet\u00e9 s\u00e9par\u00e9ment).<\/li>\n<\/ul>\n<\/div>\n<\/div>\n<h2>Syst\u00e8me de distribution Lynx<\/h2>\n<p>Ce syst\u00e8me de distribution est compos\u00e9 de<\/p>\n<ul>\n<li><a href=\"https:\/\/fvcomponentes.com\/fr\/produit\/busbar-lynx-distributor-lyn060102000\/\" target=\"_blank\" rel=\"noopener\"><strong>Distributeur Lynx<\/strong><\/a> - Un jeu de barres positif et un jeu de barres n\u00e9gatif avec quatre connexions \u00e0 fusibles pour les batteries ou les \u00e9quipements \u00e0 courant continu, ainsi qu'un contr\u00f4le des fusibles.<\/li>\n<li><a href=\"https:\/\/fvcomponentes.com\/fr\/produit\/lynx-power-in-victron-lyn020102000\/\" target=\"_blank\" rel=\"noopener\"><strong>Lynx Power In<\/strong><\/a> - Un jeu de barres positif et un jeu de barres n\u00e9gatif avec quatre connexions pour les batteries ou les \u00e9quipements \u00e0 courant continu.<\/li>\n<li><a href=\"https:\/\/fvcomponentes.com\/fr\/produit\/shunt-victron-victron-lynx-ve-can-lyn040102100\/\" target=\"_blank\" rel=\"noopener\"><strong>Shunt Lynx VE.Can<\/strong><\/a> - Un jeu de barres positif avec un espace pour un fusible du syst\u00e8me principal et un jeu de barres n\u00e9gatif avec un shunt pour la surveillance de la batterie. Communication VE.Can pour la surveillance et la configuration avec un dispositif GX.<\/li>\n<li><a href=\"https:\/\/fvcomponentes.com\/fr\/produit\/victron-lynx-smart-bms-lyn034160200\/\" target=\"_blank\" rel=\"noopener\"><strong>Lynx Smart BMS<\/strong><\/a> - A utiliser avec les batteries au lithium Victron Energy Smart. Contient une barre de bus positive avec un contacteur pilot\u00e9 par un syst\u00e8me de gestion de la batterie (BMS) et une barre de bus n\u00e9gative avec un shunt pour la surveillance de la batterie. Il dispose d'une communication Bluetooth pour la surveillance et la configuration via l'application. <a href=\"https:\/\/www.victronenergy.com.es\/panel-systems-remote-monitoring\/victronconnect\" target=\"_blank\" rel=\"noopener\">VictronConnect<\/a> et VE.Can pour la surveillance avec un dispositif GX et le portail VRM.<\/li>\n<\/ul>\n<p><img fetchpriority=\"high\" decoding=\"async\" class=\"size-full wp-image-6134 aligncenter\" src=\"https:\/\/fvcomponentes.com\/wp-content\/uploads\/2023\/03\/Captura-6.png\" alt=\"Lynx Smart BMS Victron - LYN034160200\" width=\"800\" height=\"491\" title=\"\"><\/p>\n<h2>Fiche technique et manuel pour Victron Lynx Shunt VE.Can M10 Battery Monitor - LYN040102110<\/h2>\n<p><a href=\"https:\/\/fvcomponentes.com\/wp-content\/uploads\/2023\/03\/derivador-Lynx-Shunt-VE.Can-ES.pdf\" target=\"_blank\" rel=\"noopener\">Voir la fiche technique du moniteur de batterie Victron Lynx Shunt VE.Can M10 - LYN040102110<\/a><\/p>\n<p><a href=\"https:\/\/fvcomponentes.com\/wp-content\/uploads\/2024\/10\/Manual-Monitor-de-baterias-Victron-Lynx-Shunt-VE.Can-M10-LYN040102110.pdf\" target=\"_blank\" rel=\"noopener\">Voir le manuel du moniteur de batterie Victron Lynx Shunt VE.Can M10 - LYN040102110<\/a><\/p>\n<p>&nbsp;<\/p>","protected":false},"excerpt":{"rendered":"<ul>\n<li><strong>Terminaux :<\/strong> M10<\/li>\n<li><strong>Courant nominal :<\/strong> 1000 ACC en continu<\/li>\n<li><strong>Plage de tension d'alimentation :<\/strong> 9 - 70 VDC<\/li>\n<li><strong>Contraintes accept\u00e9es par le syst\u00e8me :<\/strong> 12, 24 ou 48 V<\/li>\n<li><strong>Protection contre l'inversion de polarit\u00e9 :<\/strong> Non<\/li>\n<\/ul>","protected":false},"featured_media":20001,"comment_status":"open","ping_status":"closed","template":"","meta":{"site-sidebar-layout":"default","site-content-layout":"default","ast-site-content-layout":"default","site-content-style":"default","site-sidebar-style":"default","ast-global-header-display":"","ast-banner-title-visibility":"","ast-main-header-display":"","ast-hfb-above-header-display":"","ast-hfb-below-header-display":"","ast-hfb-mobile-header-display":"","site-post-title":"","ast-breadcrumbs-content":"","ast-featured-img":"","footer-sml-layout":"","ast-disable-related-posts":"","theme-transparent-header-meta":"default","adv-header-id-meta":"","stick-header-meta":"","header-above-stick-meta":"","header-main-stick-meta":"","header-below-stick-meta":"","astra-migrate-meta-layouts":"set","ast-page-background-enabled":"default","ast-page-background-meta":{"desktop":{"background-color":"var(--ast-global-color-4)","background-image":"","background-repeat":"repeat","background-position":"center center","background-size":"auto","background-attachment":"scroll","background-type":"","background-media":"","overlay-type":"","overlay-color":"","overlay-opacity":"","overlay-gradient":""},"tablet":{"background-color":"","background-image":"","background-repeat":"repeat","background-position":"center center","background-size":"auto","background-attachment":"scroll","background-type":"","background-media":"","overlay-type":"","overlay-color":"","overlay-opacity":"","overlay-gradient":""},"mobile":{"background-color":"","background-image":"","background-repeat":"repeat","background-position":"center center","background-size":"auto","background-attachment":"scroll","background-type":"","background-media":"","overlay-type":"","overlay-color":"","overlay-opacity":"","overlay-gradient":""}},"ast-content-background-meta":{"desktop":{"background-color":"var(--ast-global-color-5)","background-image":"","background-repeat":"repeat","background-position":"center center","background-size":"auto","background-attachment":"scroll","background-type":"","background-media":"","overlay-type":"","overlay-color":"","overlay-opacity":"","overlay-gradient":""},"tablet":{"background-color":"var(--ast-global-color-5)","background-image":"","background-repeat":"repeat","background-position":"center center","background-size":"auto","background-attachment":"scroll","background-type":"","background-media":"","overlay-type":"","overlay-color":"","overlay-opacity":"","overlay-gradient":""},"mobile":{"background-color":"var(--ast-global-color-5)","background-image":"","background-repeat":"repeat","background-position":"center center","background-size":"auto","background-attachment":"scroll","background-type":"","background-media":"","overlay-type":"","overlay-color":"","overlay-opacity":"","overlay-gradient":""}}},"pwb-brand":[332],"product_brand":[],"product_cat":[933,391,340],"product_tag":[],"class_list":{"0":"post-19998","1":"product","2":"type-product","3":"status-publish","4":"has-post-thumbnail","6":"pwb-brand-victron","7":"product_cat-monitores-de-baterias","8":"product_cat-accesorios-para-baterias","9":"product_cat-baterias","10":"desktop-align-left","11":"tablet-align-left","12":"mobile-align-left","13":"ast-product-gallery-layout-horizontal-slider","14":"ast-product-tabs-layout-horizontal","16":"first","17":"instock","18":"taxable","19":"shipping-taxable","20":"purchasable","21":"product-type-simple"},"wcpa_form_fields":null,"brands":[{"id":332,"name":"Victron Energy","slug":"victron"}],"_links":{"self":[{"href":"https:\/\/fvcomponentes.com\/fr\/wp-json\/wp\/v2\/product\/19998","targetHints":{"allow":["GET"]}}],"collection":[{"href":"https:\/\/fvcomponentes.com\/fr\/wp-json\/wp\/v2\/product"}],"about":[{"href":"https:\/\/fvcomponentes.com\/fr\/wp-json\/wp\/v2\/types\/product"}],"replies":[{"embeddable":true,"href":"https:\/\/fvcomponentes.com\/fr\/wp-json\/wp\/v2\/comments?post=19998"}],"wp:featuredmedia":[{"embeddable":true,"href":"https:\/\/fvcomponentes.com\/fr\/wp-json\/wp\/v2\/media\/20001"}],"wp:attachment":[{"href":"https:\/\/fvcomponentes.com\/fr\/wp-json\/wp\/v2\/media?parent=19998"}],"wp:term":[{"taxonomy":"pwb-brand","embeddable":true,"href":"https:\/\/fvcomponentes.com\/fr\/wp-json\/wp\/v2\/pwb-brand?post=19998"},{"taxonomy":"product_brand","embeddable":true,"href":"https:\/\/fvcomponentes.com\/fr\/wp-json\/wp\/v2\/product_brand?post=19998"},{"taxonomy":"product_cat","embeddable":true,"href":"https:\/\/fvcomponentes.com\/fr\/wp-json\/wp\/v2\/product_cat?post=19998"},{"taxonomy":"product_tag","embeddable":true,"href":"https:\/\/fvcomponentes.com\/fr\/wp-json\/wp\/v2\/product_tag?post=19998"}],"curies":[{"name":"wp","href":"https:\/\/api.w.org\/{rel}","templated":true}]}}