{"id":19234,"date":"2024-09-30T10:49:21","date_gmt":"2024-09-30T08:49:21","guid":{"rendered":"https:\/\/fvcomponentes.com\/?post_type=product&#038;p=19234"},"modified":"2026-03-30T12:16:42","modified_gmt":"2026-03-30T10:16:42","slug":"combiner-box-cbh-40a-hvs-hvm-13193966-00","status":"publish","type":"product","link":"https:\/\/fvcomponentes.com\/fr\/producto\/combiner-box-cbh-40a-hvs-hvm-13193966-00\/","title":{"rendered":"Bo\u00eete de raccordement CBH-40A HVS\/HVM - 13193966-00"},"content":{"rendered":"<h2>Caract\u00e9ristiques du Combiner Box CBH-40A HVS\/HVM - 13193966-00<\/h2>\n<p>Combiner Box CBH-40A HVS\/HVM - 13193966-00, pour la connexion en parall\u00e8le de 2 ou 3 tours HVS\/HVM Premium Battery-Box. Il s'agit d'une solution s\u00fbre et simple pour r\u00e9aliser des connexions CC. Il dispose de plusieurs entr\u00e9es CC et d'une seule sortie CC vers l'onduleur.<\/p>\n<p><img fetchpriority=\"high\" decoding=\"async\" class=\"wp-image-19260\" src=\"https:\/\/fvcomponentes.com\/wp-content\/uploads\/2024\/09\/Esquema-Combiner-Box-CBH-40A-13193966-00.png\" alt=\"Sch\u00e9ma bo\u00eete de d\u00e9rivation CBH-40A - 13193966-00\" width=\"633\" height=\"260\" title=\"\"><\/p>\n<p>Ce combineur est con\u00e7u pour \u00eatre install\u00e9 uniquement avec les unit\u00e9s BYD Battery-Box Premium HVS ou HVM :<\/p>\n<ul>\n<li>Les tours \u00e0 combiner doivent \u00eatre du m\u00eame mod\u00e8le : HVS ou HVM, elles ne peuvent pas \u00eatre combin\u00e9es entre mod\u00e8les.<\/li>\n<li>Les tours \u00e0 combiner doivent avoir le m\u00eame nombre de modules.<\/li>\n<li>L'installation doit \u00eatre conforme aux exigences d\u00e9crites dans la liste de compatibilit\u00e9 de l'onduleur.<\/li>\n<li>L'\u00e9tat de charge (SOC) entre les diff\u00e9rentes tours et les diff\u00e9rents modules doit \u00eatre le m\u00eame au moment de l'installation.<\/li>\n<\/ul>\n<h2>Fiche technique Bo\u00eete de combinaison CBH-40A HVS\/HVM - 13193966-00<\/h2>\n<p><a href=\"https:\/\/fvcomponentes.com\/wp-content\/uploads\/2024\/09\/Ficha-tecnica-de-BYD-Combiner-Box-CBH-40A-13193966-00.pdf\" target=\"_blank\" rel=\"noopener\">Voir la fiche technique du Combiner Box CBH-40A HVS\/HVM - 13193966-00<\/a><\/p>","protected":false},"excerpt":{"rendered":"<p>Pour la connexion en parall\u00e8le de 2 ou 3 tours de batteries BYD HVS ou HVM.<\/p>","protected":false},"featured_media":19378,"comment_status":"open","ping_status":"closed","template":"","meta":{"site-sidebar-layout":"default","site-content-layout":"","ast-site-content-layout":"default","site-content-style":"default","site-sidebar-style":"default","ast-global-header-display":"","ast-banner-title-visibility":"","ast-main-header-display":"","ast-hfb-above-header-display":"","ast-hfb-below-header-display":"","ast-hfb-mobile-header-display":"","site-post-title":"","ast-breadcrumbs-content":"","ast-featured-img":"","footer-sml-layout":"","ast-disable-related-posts":"","theme-transparent-header-meta":"default","adv-header-id-meta":"","stick-header-meta":"","header-above-stick-meta":"","header-main-stick-meta":"","header-below-stick-meta":"","astra-migrate-meta-layouts":"set","ast-page-background-enabled":"default","ast-page-background-meta":{"desktop":{"background-color":"var(--ast-global-color-4)","background-image":"","background-repeat":"repeat","background-position":"center center","background-size":"auto","background-attachment":"scroll","background-type":"","background-media":"","overlay-type":"","overlay-color":"","overlay-opacity":"","overlay-gradient":""},"tablet":{"background-color":"","background-image":"","background-repeat":"repeat","background-position":"center center","background-size":"auto","background-attachment":"scroll","background-type":"","background-media":"","overlay-type":"","overlay-color":"","overlay-opacity":"","overlay-gradient":""},"mobile":{"background-color":"","background-image":"","background-repeat":"repeat","background-position":"center center","background-size":"auto","background-attachment":"scroll","background-type":"","background-media":"","overlay-type":"","overlay-color":"","overlay-opacity":"","overlay-gradient":""}},"ast-content-background-meta":{"desktop":{"background-color":"var(--ast-global-color-5)","background-image":"","background-repeat":"repeat","background-position":"center center","background-size":"auto","background-attachment":"scroll","background-type":"","background-media":"","overlay-type":"","overlay-color":"","overlay-opacity":"","overlay-gradient":""},"tablet":{"background-color":"var(--ast-global-color-5)","background-image":"","background-repeat":"repeat","background-position":"center center","background-size":"auto","background-attachment":"scroll","background-type":"","background-media":"","overlay-type":"","overlay-color":"","overlay-opacity":"","overlay-gradient":""},"mobile":{"background-color":"var(--ast-global-color-5)","background-image":"","background-repeat":"repeat","background-position":"center center","background-size":"auto","background-attachment":"scroll","background-type":"","background-media":"","overlay-type":"","overlay-color":"","overlay-opacity":"","overlay-gradient":""}}},"pwb-brand":[897],"product_brand":[],"product_cat":[340,391,932],"product_tag":[],"class_list":{"0":"post-19234","1":"product","2":"type-product","3":"status-publish","4":"has-post-thumbnail","6":"pwb-brand-byd","7":"product_cat-baterias","8":"product_cat-accesorios-para-baterias","9":"product_cat-combinadores-de-baterias","10":"desktop-align-left","11":"tablet-align-left","12":"mobile-align-left","13":"ast-product-gallery-layout-horizontal-slider","14":"ast-product-gallery-with-no-image","15":"ast-product-tabs-layout-horizontal","17":"first","18":"instock","19":"taxable","20":"shipping-taxable","21":"purchasable","22":"product-type-simple"},"wcpa_form_fields":null,"brands":[{"id":897,"name":"Batteries B&amp;D","slug":"byd"}],"_links":{"self":[{"href":"https:\/\/fvcomponentes.com\/fr\/wp-json\/wp\/v2\/product\/19234","targetHints":{"allow":["GET"]}}],"collection":[{"href":"https:\/\/fvcomponentes.com\/fr\/wp-json\/wp\/v2\/product"}],"about":[{"href":"https:\/\/fvcomponentes.com\/fr\/wp-json\/wp\/v2\/types\/product"}],"replies":[{"embeddable":true,"href":"https:\/\/fvcomponentes.com\/fr\/wp-json\/wp\/v2\/comments?post=19234"}],"wp:featuredmedia":[{"embeddable":true,"href":"https:\/\/fvcomponentes.com\/fr\/wp-json\/wp\/v2\/media\/19378"}],"wp:attachment":[{"href":"https:\/\/fvcomponentes.com\/fr\/wp-json\/wp\/v2\/media?parent=19234"}],"wp:term":[{"taxonomy":"pwb-brand","embeddable":true,"href":"https:\/\/fvcomponentes.com\/fr\/wp-json\/wp\/v2\/pwb-brand?post=19234"},{"taxonomy":"product_brand","embeddable":true,"href":"https:\/\/fvcomponentes.com\/fr\/wp-json\/wp\/v2\/product_brand?post=19234"},{"taxonomy":"product_cat","embeddable":true,"href":"https:\/\/fvcomponentes.com\/fr\/wp-json\/wp\/v2\/product_cat?post=19234"},{"taxonomy":"product_tag","embeddable":true,"href":"https:\/\/fvcomponentes.com\/fr\/wp-json\/wp\/v2\/product_tag?post=19234"}],"curies":[{"name":"wp","href":"https:\/\/api.w.org\/{rel}","templated":true}]}}