{"id":18864,"date":"2024-09-16T11:20:10","date_gmt":"2024-09-16T09:20:10","guid":{"rendered":"https:\/\/fvcomponentes.com\/?post_type=product&#038;p=18864"},"modified":"2025-08-18T11:24:50","modified_gmt":"2025-08-18T09:24:50","slug":"enrouleur-de-cable-solaire-4mm%c2%b2-photovoltaique-his-sol-h1z2z2-k-rouge-500m","status":"publish","type":"product","link":"https:\/\/fvcomponentes.com\/fr\/producto\/bobina-de-cable-solar-4mm%c2%b2-fotovoltaico-his-sol-h1z2z2-k-rojo-500m\/","title":{"rendered":"Enrouleur de c\u00e2ble solaire 4mm\u00b2 photovolta\u00efque HIS SOL H1Z2Z2-K - rouge - 500m"},"content":{"rendered":"<h2>Enrouleur de c\u00e2ble solaire 4mm\u00b2 photovolta\u00efque HIS SOL H1Z2Z2-K - rouge - 500m<\/h2>\n<p><span class=\"a-list-item\">Enrouleur de c\u00e2ble solaire 4mm\u00b2 photovolta\u00efque HIS SOL H1Z2Z2-K | rouge - 500m, flexible et adapt\u00e9 \u00e0 tous types d'installations, aussi bien \u00e0 l'int\u00e9rieur qu'\u00e0 l'ext\u00e9rieur. Convient pour les connexions entre les panneaux solaires et entre ceux-ci et les diff\u00e9rents composants de l'installation, tels que les protections, les r\u00e9gulateurs, les onduleurs, etc. C\u00e2bles r\u00e9sistants aux rayons ultraviolets et \u00e0 l'effet de l'humidit\u00e9.<\/span><\/p>\n<h3>Caract\u00e9ristiques<\/h3>\n<ul>\n<li>R\u00e9sistance \u00e0 l'eau am\u00e9lior\u00e9e ; directement sous terre<\/li>\n<li>Conformit\u00e9 \u00e0 la norme CPR EN50575<\/li>\n<li>Disposition g\u00e9n\u00e9rale<\/li>\n<li>Dur\u00e9e d'utilisation estim\u00e9e \u00e0 25 ans<\/li>\n<li>Le c\u00e2ble est exp\u00e9di\u00e9 avec des marquages par m\u00e8tre de c\u00e2ble.<\/li>\n<li>Tension nominale : 1,5kV DC et 1,0kV AC<\/li>\n<li>Tension de fonctionnement maximale admissible : 1,8 kV DC (2,0 kV DC v\u00e9rification interne suppl\u00e9mentaire)<\/li>\n<li>Construction du fil : fil toronn\u00e9 en cuivre \u00e9tam\u00e9 (cuivre \u00e9lectrolytique) selon IEC 60228 Classe 5<\/li>\n<li>Isolation : conducteur \u00e9lectrique isol\u00e9 en poly-ol\u00e9fine ; duret\u00e9 Shore D 32<\/li>\n<li>Gaine ext\u00e9rieure : conducteur \u00e9lectrique isol\u00e9 XLPO ; duret\u00e9 Shore D 36<\/li>\n<\/ul>\n<p>\u00c9galement disponible en noir : <a href=\"https:\/\/fvcomponentes.com\/fr\/produit\/enrouleur-de-cable-solaire-4mm%c2%b2-photovoltaique-his-sol-h1z2z2-k-noir-500m\/\" target=\"_blank\" rel=\"noopener\">Enrouleur de c\u00e2ble solaire 4mm\u00b2 photovolta\u00efque HIS SOL H1Z2Z2-K - noir - 500m<\/a><\/p>\n<h3>Fiche technique enrouleur de c\u00e2ble solaire 4mm\u00b2 photovolta\u00efque HIS SOL H1Z2Z2-K - rouge - 500m<\/h3>\n<p><a href=\"https:\/\/fvcomponentes.com\/wp-content\/uploads\/2023\/05\/HIKRA_TDS_SOL_BLACK_RED_ES.pdf\" target=\"_blank\" rel=\"noopener\">Fiche technique enrouleur de c\u00e2ble solaire 4mm\u00b2 photovolta\u00efque HIS SOL H1Z2Z2-K - rouge - 500m<\/a><\/p>","protected":false},"excerpt":{"rendered":"<ul>\n<li>Bobine de 500m<\/li>\n<li><strong>Tension nominale :<\/strong> 1,5kV DC et 1,0kV AC<\/li>\n<li><strong>Temp\u00e9rature de court-circuit<\/strong> 250\u00b0 C\/5s<\/li>\n<\/ul>","protected":false},"featured_media":18865,"comment_status":"open","ping_status":"closed","template":"","meta":{"site-sidebar-layout":"default","site-content-layout":"default","ast-site-content-layout":"default","site-content-style":"default","site-sidebar-style":"default","ast-global-header-display":"","ast-banner-title-visibility":"","ast-main-header-display":"","ast-hfb-above-header-display":"","ast-hfb-below-header-display":"","ast-hfb-mobile-header-display":"","site-post-title":"","ast-breadcrumbs-content":"","ast-featured-img":"","footer-sml-layout":"","ast-disable-related-posts":"","theme-transparent-header-meta":"default","adv-header-id-meta":"","stick-header-meta":"","header-above-stick-meta":"","header-main-stick-meta":"","header-below-stick-meta":"","astra-migrate-meta-layouts":"set","ast-page-background-enabled":"default","ast-page-background-meta":{"desktop":{"background-color":"var(--ast-global-color-4)","background-image":"","background-repeat":"repeat","background-position":"center center","background-size":"auto","background-attachment":"scroll","background-type":"","background-media":"","overlay-type":"","overlay-color":"","overlay-opacity":"","overlay-gradient":""},"tablet":{"background-color":"","background-image":"","background-repeat":"repeat","background-position":"center center","background-size":"auto","background-attachment":"scroll","background-type":"","background-media":"","overlay-type":"","overlay-color":"","overlay-opacity":"","overlay-gradient":""},"mobile":{"background-color":"","background-image":"","background-repeat":"repeat","background-position":"center center","background-size":"auto","background-attachment":"scroll","background-type":"","background-media":"","overlay-type":"","overlay-color":"","overlay-opacity":"","overlay-gradient":""}},"ast-content-background-meta":{"desktop":{"background-color":"var(--ast-global-color-5)","background-image":"","background-repeat":"repeat","background-position":"center center","background-size":"auto","background-attachment":"scroll","background-type":"","background-media":"","overlay-type":"","overlay-color":"","overlay-opacity":"","overlay-gradient":""},"tablet":{"background-color":"var(--ast-global-color-5)","background-image":"","background-repeat":"repeat","background-position":"center center","background-size":"auto","background-attachment":"scroll","background-type":"","background-media":"","overlay-type":"","overlay-color":"","overlay-opacity":"","overlay-gradient":""},"mobile":{"background-color":"var(--ast-global-color-5)","background-image":"","background-repeat":"repeat","background-position":"center center","background-size":"auto","background-attachment":"scroll","background-type":"","background-media":"","overlay-type":"","overlay-color":"","overlay-opacity":"","overlay-gradient":""}}},"pwb-brand":[],"product_brand":[],"product_cat":[410,877],"product_tag":[],"class_list":{"0":"post-18864","1":"product","2":"type-product","3":"status-publish","4":"has-post-thumbnail","6":"product_cat-material-electrico","7":"product_cat-cables-electricos","8":"desktop-align-left","9":"tablet-align-left","10":"mobile-align-left","11":"ast-product-gallery-layout-horizontal-slider","12":"ast-product-gallery-with-no-image","13":"ast-product-tabs-layout-horizontal","15":"first","16":"instock","17":"taxable","18":"shipping-taxable","19":"purchasable","20":"product-type-simple"},"wcpa_form_fields":null,"brands":[],"_links":{"self":[{"href":"https:\/\/fvcomponentes.com\/fr\/wp-json\/wp\/v2\/product\/18864","targetHints":{"allow":["GET"]}}],"collection":[{"href":"https:\/\/fvcomponentes.com\/fr\/wp-json\/wp\/v2\/product"}],"about":[{"href":"https:\/\/fvcomponentes.com\/fr\/wp-json\/wp\/v2\/types\/product"}],"replies":[{"embeddable":true,"href":"https:\/\/fvcomponentes.com\/fr\/wp-json\/wp\/v2\/comments?post=18864"}],"wp:featuredmedia":[{"embeddable":true,"href":"https:\/\/fvcomponentes.com\/fr\/wp-json\/wp\/v2\/media\/18865"}],"wp:attachment":[{"href":"https:\/\/fvcomponentes.com\/fr\/wp-json\/wp\/v2\/media?parent=18864"}],"wp:term":[{"taxonomy":"pwb-brand","embeddable":true,"href":"https:\/\/fvcomponentes.com\/fr\/wp-json\/wp\/v2\/pwb-brand?post=18864"},{"taxonomy":"product_brand","embeddable":true,"href":"https:\/\/fvcomponentes.com\/fr\/wp-json\/wp\/v2\/product_brand?post=18864"},{"taxonomy":"product_cat","embeddable":true,"href":"https:\/\/fvcomponentes.com\/fr\/wp-json\/wp\/v2\/product_cat?post=18864"},{"taxonomy":"product_tag","embeddable":true,"href":"https:\/\/fvcomponentes.com\/fr\/wp-json\/wp\/v2\/product_tag?post=18864"}],"curies":[{"name":"wp","href":"https:\/\/api.w.org\/{rel}","templated":true}]}}