{"id":18574,"date":"2025-01-30T08:36:59","date_gmt":"2025-01-30T07:36:59","guid":{"rendered":"https:\/\/fvcomponentes.com\/?post_type=product&#038;p=18574"},"modified":"2025-02-14T08:38:56","modified_gmt":"2025-02-14T07:38:56","slug":"disjoncteur-magnetique-chint-nxb-63-c10-10a-c-6ka-nxb-63-2-10c","status":"publish","type":"product","link":"https:\/\/fvcomponentes.com\/fr\/producto\/magnetotermico-chint-nxb-63-c10-10a-c-6ka-nxb-63-2-10c\/","title":{"rendered":"Disjoncteur 2P 10A 6kA Chint - NXB-63-2-10C"},"content":{"rendered":"<h2>Caract\u00e9ristiques Disjoncteur 2P 10A 6kA Chint - NXB-63-2-10C<\/h2>\n<ul>\n<li>Courant nominal : 10A<\/li>\n<li>Tension nominale : 380V~\/400V~\/415V<\/li>\n<li>Fr\u00e9quence : 50Hz<\/li>\n<li>Type de d\u00e9clencheur \u00e9lectromagn\u00e9tique : C<\/li>\n<li>Nombre de p\u00f4les : 2P<\/li>\n<li>Dur\u00e9e de vie m\u00e9canique : 20000 cycles<\/li>\n<li>Dur\u00e9e de vie \u00e9lectrique : 20000 cycles<\/li>\n<li>Pouvoir de coupure nominale en cas de court-circuit (Icn) : 6000A<\/li>\n<li>Pouvoir de coupure en court-circuit (Ics) : 6000A<\/li>\n<li>Tension nominale de tenue aux chocs (Uimp) : 4kV<\/li>\n<\/ul>\n<h2>Fiche technique Disjoncteur 2P 10A 6kA Chint - NXB-63-2-10C<\/h2>\n<p><a href=\"https:\/\/fvcomponentes.com\/wp-content\/uploads\/2024\/09\/Ficha-tecnica-Magnetotermico-Chint-NXB-63.pdf\" target=\"_blank\" rel=\"noopener\">Voir la fiche technique du disjoncteur 2P 10A 6kA Chint - NXB-63-2-10C<\/a><\/p>","protected":false},"excerpt":{"rendered":"<ul>\n<li>Courbe C<\/li>\n<li>Courant nominal : 10A<\/li>\n<li>P\u00f4les : 2P<\/li>\n<li>Tension nominale : 380V~\/400V~\/415V<\/li>\n<\/ul>","protected":false},"featured_media":18575,"comment_status":"open","ping_status":"closed","template":"","meta":{"site-sidebar-layout":"default","site-content-layout":"","ast-site-content-layout":"default","site-content-style":"default","site-sidebar-style":"default","ast-global-header-display":"","ast-banner-title-visibility":"","ast-main-header-display":"","ast-hfb-above-header-display":"","ast-hfb-below-header-display":"","ast-hfb-mobile-header-display":"","site-post-title":"","ast-breadcrumbs-content":"","ast-featured-img":"","footer-sml-layout":"","ast-disable-related-posts":"","theme-transparent-header-meta":"default","adv-header-id-meta":"","stick-header-meta":"","header-above-stick-meta":"","header-main-stick-meta":"","header-below-stick-meta":"","astra-migrate-meta-layouts":"set","ast-page-background-enabled":"default","ast-page-background-meta":{"desktop":{"background-color":"var(--ast-global-color-4)","background-image":"","background-repeat":"repeat","background-position":"center center","background-size":"auto","background-attachment":"scroll","background-type":"","background-media":"","overlay-type":"","overlay-color":"","overlay-opacity":"","overlay-gradient":""},"tablet":{"background-color":"","background-image":"","background-repeat":"repeat","background-position":"center center","background-size":"auto","background-attachment":"scroll","background-type":"","background-media":"","overlay-type":"","overlay-color":"","overlay-opacity":"","overlay-gradient":""},"mobile":{"background-color":"","background-image":"","background-repeat":"repeat","background-position":"center center","background-size":"auto","background-attachment":"scroll","background-type":"","background-media":"","overlay-type":"","overlay-color":"","overlay-opacity":"","overlay-gradient":""}},"ast-content-background-meta":{"desktop":{"background-color":"var(--ast-global-color-5)","background-image":"","background-repeat":"repeat","background-position":"center center","background-size":"auto","background-attachment":"scroll","background-type":"","background-media":"","overlay-type":"","overlay-color":"","overlay-opacity":"","overlay-gradient":""},"tablet":{"background-color":"var(--ast-global-color-5)","background-image":"","background-repeat":"repeat","background-position":"center center","background-size":"auto","background-attachment":"scroll","background-type":"","background-media":"","overlay-type":"","overlay-color":"","overlay-opacity":"","overlay-gradient":""},"mobile":{"background-color":"var(--ast-global-color-5)","background-image":"","background-repeat":"repeat","background-position":"center center","background-size":"auto","background-attachment":"scroll","background-type":"","background-media":"","overlay-type":"","overlay-color":"","overlay-opacity":"","overlay-gradient":""}}},"pwb-brand":[999],"product_brand":[],"product_cat":[990,410],"product_tag":[],"class_list":{"0":"post-18574","1":"product","2":"type-product","3":"status-publish","4":"has-post-thumbnail","6":"pwb-brand-chint","7":"product_cat-magnetotermicos","8":"product_cat-material-electrico","9":"desktop-align-left","10":"tablet-align-left","11":"mobile-align-left","12":"ast-product-gallery-layout-horizontal-slider","13":"ast-product-gallery-with-no-image","14":"ast-product-tabs-layout-horizontal","16":"first","17":"instock","18":"taxable","19":"shipping-taxable","20":"purchasable","21":"product-type-simple"},"wcpa_form_fields":null,"brands":[{"id":999,"name":"Chint","slug":"chint"}],"_links":{"self":[{"href":"https:\/\/fvcomponentes.com\/fr\/wp-json\/wp\/v2\/product\/18574","targetHints":{"allow":["GET"]}}],"collection":[{"href":"https:\/\/fvcomponentes.com\/fr\/wp-json\/wp\/v2\/product"}],"about":[{"href":"https:\/\/fvcomponentes.com\/fr\/wp-json\/wp\/v2\/types\/product"}],"replies":[{"embeddable":true,"href":"https:\/\/fvcomponentes.com\/fr\/wp-json\/wp\/v2\/comments?post=18574"}],"wp:featuredmedia":[{"embeddable":true,"href":"https:\/\/fvcomponentes.com\/fr\/wp-json\/wp\/v2\/media\/18575"}],"wp:attachment":[{"href":"https:\/\/fvcomponentes.com\/fr\/wp-json\/wp\/v2\/media?parent=18574"}],"wp:term":[{"taxonomy":"pwb-brand","embeddable":true,"href":"https:\/\/fvcomponentes.com\/fr\/wp-json\/wp\/v2\/pwb-brand?post=18574"},{"taxonomy":"product_brand","embeddable":true,"href":"https:\/\/fvcomponentes.com\/fr\/wp-json\/wp\/v2\/product_brand?post=18574"},{"taxonomy":"product_cat","embeddable":true,"href":"https:\/\/fvcomponentes.com\/fr\/wp-json\/wp\/v2\/product_cat?post=18574"},{"taxonomy":"product_tag","embeddable":true,"href":"https:\/\/fvcomponentes.com\/fr\/wp-json\/wp\/v2\/product_tag?post=18574"}],"curies":[{"name":"wp","href":"https:\/\/api.w.org\/{rel}","templated":true}]}}