{"id":18533,"date":"2025-10-01T14:52:31","date_gmt":"2025-10-01T12:52:31","guid":{"rendered":"https:\/\/fvcomponentes.com\/?post_type=product&#038;p=18533"},"modified":"2025-10-03T08:51:59","modified_gmt":"2025-10-03T06:51:59","slug":"differentiel-hyundai-hrc-63s-2p-40a-30ma-hrc63s-f2pg4040-f2pg4040","status":"publish","type":"product","link":"https:\/\/fvcomponentes.com\/fr\/producto\/diferencial-hyundai-hrc-63s-2p-40a-30ma-hrc63s-f2pg4040\/","title":{"rendered":"Hyundai 2P 40A 30mA interrupteur diff\u00e9rentiel Type A"},"content":{"rendered":"<h2>Caract\u00e9ristiques du diff\u00e9rentiel Hyundai 2P 40A 30mA Type A - HRC63S-F2PG4040<\/h2>\n<p>Le disjoncteur diff\u00e9rentiel Hyundai - HRC63S-F2PG4040 2P 40A 30mA Type A appartient \u00e0 la s\u00e9rie des disjoncteurs diff\u00e9rentiels HRC, dont le calibre va de 16 A \u00e0 100 A. Cette gamme offre plusieurs caract\u00e9ristiques, telles qu'un pouvoir de coupure conditionnel en court-circuit de 6 kA sur toute sa plage, conform\u00e9ment \u00e0 la norme CEI\/EN 61008-1.<\/p>\n<p><strong>2P 40A 30mA Type A Fonctions diff\u00e9rentielles Hyundai :<\/strong><\/p>\n<ul>\n<li><span style=\"font-size: 16px;\">Position de tir interm\u00e9diaire.<\/span><\/li>\n<li><span style=\"font-size: 16px;\">Terminal de s\u00e9curit\u00e9 en cage.<\/span><\/li>\n<li><span style=\"font-size: 16px;\">Double terminaison pour le raccordement de c\u00e2bles et de peignes.<\/span><\/li>\n<li><span style=\"font-size: 16px;\">Indication visuelle de l'\u00e9tat du contact.<\/span><\/li>\n<li><span style=\"font-size: 16px;\">Auxiliaires r\u00e9glables sur place.<\/span><\/li>\n<li><span style=\"font-size: 16px;\">Bouton d'essai pour les inspections p\u00e9riodiques.<\/span><\/li>\n<\/ul>\n<h2>Donn\u00e9es techniques pour Hyundai 2P 40A 30mA Type A Diff\u00e9rentiel - HRC63S-F2PG4040<\/h2>\n<ul>\n<li>Norme de r\u00e9f\u00e9rence IEC\/EN 61008-1<\/li>\n<li>Nombre de p\u00f4les : 2P (N + 1P)<\/li>\n<li>Courant nominal (In) : 40 A<\/li>\n<li>Tension de fonctionnement (Ue) : AC 240\/415 V<\/li>\n<li>Fr\u00e9quence (F) : 50\/60 Hz<\/li>\n<li>Pouvoir de coupure (Inc) : 6 kA<\/li>\n<li>Sensibilit\u00e9 (I\u22bfn) : 30, 100, 300, 500 mA<\/li>\n<li>Puissance de fermeture assign\u00e9e (lm) : 500 A ou 10 In, selon la valeur la plus \u00e9lev\u00e9e<\/li>\n<li>Temps de d\u00e9clenchement : 1 I\u0394n &lt; 300 ms, 5 I\u0394n &lt; 40 ms<\/li>\n<li>Tension d'isolation (Ui) : 690 V<\/li>\n<li>Tension nominale de tenue aux chocs (Uimp) : 4 kV<\/li>\n<li>Rigidit\u00e9 di\u00e9lectrique : 2,5 kV<\/li>\n<li>Temp\u00e9rature de fonctionnement -40 \u00b0C \u00e0 + 55 \u00b0C<\/li>\n<li>Couple de serrage max. 2,5 Nm<\/li>\n<li>Degr\u00e9 de protection : IP20<\/li>\n<li>Montage : Clip 35 mm x 7,5 mm rail DIN<\/li>\n<li>Mat\u00e9riau : thermoplastique moul\u00e9, ignifug\u00e9<\/li>\n<li>Type de connexion du peigne : type broche\/fourche<\/li>\n<\/ul>\n<h2>Protection contre le courant r\u00e9siduel de classe A<\/h2>\n<ul>\n<li>Caract\u00e9ristiques : D\u00e9tecte les courants alternatifs r\u00e9siduels et les courants puls\u00e9s qui apparaissent soudainement ou augmentent lentement en magnitude.<\/li>\n<li>Type de charge : Charges comportant des composants \u00e9lectroniques, par exemple climatisation, \u00e9clairage LED, ordinateurs : Climatisation, \u00e9clairage LED, ordinateurs.<\/li>\n<\/ul>\n<h2>Dimensions du diff\u00e9rentiel Hyundai - HRC63S-F2PG4040<\/h2>\n<p>L'image suivante montre les dimensions du diff\u00e9rentiel Hyundai.<\/p>\n<p><img fetchpriority=\"high\" decoding=\"async\" class=\"wp-image-23159\" src=\"https:\/\/fvcomponentes.com\/wp-content\/uploads\/2025\/02\/medidas-diferencial-Hyundai.png\" alt=\"Mesures diff\u00e9rentielles Hyundai\" width=\"1027\" height=\"423\" title=\"\"><\/p>\n<h2>Fiche technique 2P 40A 30mA Hyundai Type A Dispositif \u00e0 courant r\u00e9siduel - HRC63S-F2PG4040<\/h2>\n<p><a href=\"https:\/\/fvcomponentes.com\/wp-content\/uploads\/2024\/09\/Ficha-tecnica-Diferencial-Hyundai-HRC-63S-2P-40A-30mA-HRC63S-F2PG4040.pdf\" target=\"_blank\" rel=\"noopener\">Voir la fiche technique de Hyundai 2P 40A 30mA Type A diff\u00e9rentiel - HRC63S-F2PG4040<\/a><\/p>","protected":false},"excerpt":{"rendered":"<ul>\n<li>Nombre de p\u00f4les : 2P (N + 1P)<\/li>\n<li>Courant nominal (In) : 40 A<\/li>\n<li>Tension de fonctionnement (Ue) : AC 240\/415 V<\/li>\n<li>Fr\u00e9quence (F) : 50\/60 Hz<\/li>\n<li>Pouvoir de coupure (Inc) : 6 kA<\/li>\n<\/ul>","protected":false},"featured_media":18546,"comment_status":"open","ping_status":"closed","template":"","meta":{"site-sidebar-layout":"default","site-content-layout":"","ast-site-content-layout":"default","site-content-style":"default","site-sidebar-style":"default","ast-global-header-display":"","ast-banner-title-visibility":"","ast-main-header-display":"","ast-hfb-above-header-display":"","ast-hfb-below-header-display":"","ast-hfb-mobile-header-display":"","site-post-title":"","ast-breadcrumbs-content":"","ast-featured-img":"","footer-sml-layout":"","ast-disable-related-posts":"","theme-transparent-header-meta":"default","adv-header-id-meta":"","stick-header-meta":"","header-above-stick-meta":"","header-main-stick-meta":"","header-below-stick-meta":"","astra-migrate-meta-layouts":"set","ast-page-background-enabled":"default","ast-page-background-meta":{"desktop":{"background-color":"var(--ast-global-color-4)","background-image":"","background-repeat":"repeat","background-position":"center center","background-size":"auto","background-attachment":"scroll","background-type":"","background-media":"","overlay-type":"","overlay-color":"","overlay-opacity":"","overlay-gradient":""},"tablet":{"background-color":"","background-image":"","background-repeat":"repeat","background-position":"center center","background-size":"auto","background-attachment":"scroll","background-type":"","background-media":"","overlay-type":"","overlay-color":"","overlay-opacity":"","overlay-gradient":""},"mobile":{"background-color":"","background-image":"","background-repeat":"repeat","background-position":"center center","background-size":"auto","background-attachment":"scroll","background-type":"","background-media":"","overlay-type":"","overlay-color":"","overlay-opacity":"","overlay-gradient":""}},"ast-content-background-meta":{"desktop":{"background-color":"var(--ast-global-color-5)","background-image":"","background-repeat":"repeat","background-position":"center center","background-size":"auto","background-attachment":"scroll","background-type":"","background-media":"","overlay-type":"","overlay-color":"","overlay-opacity":"","overlay-gradient":""},"tablet":{"background-color":"var(--ast-global-color-5)","background-image":"","background-repeat":"repeat","background-position":"center center","background-size":"auto","background-attachment":"scroll","background-type":"","background-media":"","overlay-type":"","overlay-color":"","overlay-opacity":"","overlay-gradient":""},"mobile":{"background-color":"var(--ast-global-color-5)","background-image":"","background-repeat":"repeat","background-position":"center center","background-size":"auto","background-attachment":"scroll","background-type":"","background-media":"","overlay-type":"","overlay-color":"","overlay-opacity":"","overlay-gradient":""}}},"pwb-brand":[1009],"product_brand":[],"product_cat":[989,410],"product_tag":[],"class_list":{"0":"post-18533","1":"product","2":"type-product","3":"status-publish","4":"has-post-thumbnail","6":"pwb-brand-hyundai","7":"product_cat-interruptores-diferenciales","8":"product_cat-material-electrico","9":"desktop-align-left","10":"tablet-align-left","11":"mobile-align-left","12":"ast-product-gallery-layout-horizontal-slider","13":"ast-product-gallery-with-no-image","14":"ast-product-tabs-layout-horizontal","16":"first","17":"instock","18":"taxable","19":"shipping-taxable","20":"purchasable","21":"product-type-simple"},"wcpa_form_fields":null,"brands":[{"id":1009,"name":"Hyundai","slug":"hyundai"}],"_links":{"self":[{"href":"https:\/\/fvcomponentes.com\/fr\/wp-json\/wp\/v2\/product\/18533","targetHints":{"allow":["GET"]}}],"collection":[{"href":"https:\/\/fvcomponentes.com\/fr\/wp-json\/wp\/v2\/product"}],"about":[{"href":"https:\/\/fvcomponentes.com\/fr\/wp-json\/wp\/v2\/types\/product"}],"replies":[{"embeddable":true,"href":"https:\/\/fvcomponentes.com\/fr\/wp-json\/wp\/v2\/comments?post=18533"}],"wp:featuredmedia":[{"embeddable":true,"href":"https:\/\/fvcomponentes.com\/fr\/wp-json\/wp\/v2\/media\/18546"}],"wp:attachment":[{"href":"https:\/\/fvcomponentes.com\/fr\/wp-json\/wp\/v2\/media?parent=18533"}],"wp:term":[{"taxonomy":"pwb-brand","embeddable":true,"href":"https:\/\/fvcomponentes.com\/fr\/wp-json\/wp\/v2\/pwb-brand?post=18533"},{"taxonomy":"product_brand","embeddable":true,"href":"https:\/\/fvcomponentes.com\/fr\/wp-json\/wp\/v2\/product_brand?post=18533"},{"taxonomy":"product_cat","embeddable":true,"href":"https:\/\/fvcomponentes.com\/fr\/wp-json\/wp\/v2\/product_cat?post=18533"},{"taxonomy":"product_tag","embeddable":true,"href":"https:\/\/fvcomponentes.com\/fr\/wp-json\/wp\/v2\/product_tag?post=18533"}],"curies":[{"name":"wp","href":"https:\/\/api.w.org\/{rel}","templated":true}]}}