{"id":18506,"date":"2024-09-05T13:01:22","date_gmt":"2024-09-05T11:01:22","guid":{"rendered":"https:\/\/fvcomponentes.com\/?post_type=product&#038;p=18506"},"modified":"2024-09-06T08:26:51","modified_gmt":"2024-09-06T06:26:51","slug":"resifix-pysf-polyester-sans-styrene-300ml-300psf-resifix-pysf-polyester-sans-styrene-300ml-300psf","status":"publish","type":"product","link":"https:\/\/fvcomponentes.com\/fr\/producto\/taco-quimico-celo-resifix-pysf-poliester-sin-estireno-300ml-300psf\/","title":{"rendered":"ResiFIX PYSF polyester sans styr\u00e8ne Bloc adh\u00e9sif ResiFIX PYSF 300ml - 300PSF"},"content":{"rendered":"<h2>Caract\u00e9ristiques du polyester sans styr\u00e8ne ResiFIX PYSF Bloc adh\u00e9sif ResiFIX PYSF 300ml - 300PSF<\/h2>\n<p>Celo ResiFIX PYSF polyester sans styr\u00e8ne 300ml - 300PSF est homologu\u00e9 CE pour les tiges M8 - M16 en briques pleines et creuses.<\/p>\n<p>ResiFIX est sans danger pour la sant\u00e9, comme le confirme la classe d'\u00e9mission A+ pour les \u00e9missions critiques dans les zones ferm\u00e9es ; il peut m\u00eame \u00eatre utilis\u00e9 dans des trous de forage humides ou remplis d'eau. Il peut m\u00eame \u00eatre utilis\u00e9 dans des trous de forage humides ou remplis d'eau. Il est \u00e9galement certifi\u00e9 LEED pour les b\u00e2timents durables, respectueux de l'environnement, \u00e0 faibles \u00e9missions et peu polluants.<\/p>\n<p>Capacit\u00e9 : 300 ml<\/p>\n<p>Egalement disponible en 410 ml : <a href=\"https:\/\/fvcomponentes.com\/fr\/produit\/resifix-pysf-polyester-sans-styrene-resifix-wax-chemical-block-410ml-410pysf\/\" target=\"_blank\" rel=\"noopener\">ResiFIX PYSF polyester sans styr\u00e8ne ResiFIX PYSF bloc chimique 410ml - 410PYSF<\/a><\/p>\n<h3>Applications<\/h3>\n<ul>\n<li>Constructions m\u00e9talliques<\/li>\n<li>Consoles<\/li>\n<li>Machines<\/li>\n<li>Garde-corps<\/li>\n<li>Chapiteaux<\/li>\n<li>Assemblages \u00e0 distance<\/li>\n<li>Portes<\/li>\n<li>Constructions en bois<\/li>\n<li>Sous-structures de la fa\u00e7ade<\/li>\n<\/ul>\n<h2>Sp\u00e9cifications compl\u00e9mentaires du polyester sans styr\u00e8ne ResiFIX PYSF ResiFIX PYSF 300 ml - 300PSF<\/h2>\n<ul>\n<li>Homologu\u00e9 pour les briques creuses et la ma\u00e7onnerie<\/li>\n<li>R\u00e9sistance chimique moyenne<\/li>\n<li>Odeur minimale<\/li>\n<li>\u00c9missions int\u00e9rieures de classe A<\/li>\n<li>Test\u00e9 LEED<\/li>\n<li>Temp\u00e9rature de polym\u00e9risation de -40\u00baC \u00e0 +80\u00baC.<\/li>\n<\/ul>\n<h2>Mat\u00e9riaux de base<\/h2>\n<ul>\n<li>B\u00e9ton<\/li>\n<li><span style=\"font-size: 16px;\">B\u00e9ton poreux<\/span><\/li>\n<li>Bloc de b\u00e9ton solide et l\u00e9ger<\/li>\n<li class=\"base-material-item\">\n<div class=\"material-title\">Blocs creux en b\u00e9ton l\u00e9ger<\/div>\n<\/li>\n<li class=\"base-material-item\">\n<div class=\"material-title\"><span style=\"font-size: 16px;\">Brique pleine<\/span><\/div>\n<\/li>\n<li>Briques silico-calcaires solides<\/li>\n<li>Brique creuse<\/li>\n<li class=\"base-material-item\">\n<div class=\"material-title\">Briques creuses silico-calcaires<\/div>\n<\/li>\n<\/ul>\n<h2>Fiche technique ResiFIX PYSF polyester sans styr\u00e8ne Bloc adh\u00e9sif ResiFIX PYSF 300ml - 300PSF<\/h2>\n<p><a href=\"https:\/\/fvcomponentes.com\/wp-content\/uploads\/2024\/09\/Ficha-tecnica-Taco-quimico-Celo-ResiFIX-PYSF-poliester-sin-estireno.pdf\" target=\"_blank\" rel=\"noopener\">Voir la fiche technique du polyester sans styr\u00e8ne ResiFIX PYSF 300ml - 300PSF<\/a><\/p>","protected":false},"excerpt":{"rendered":"<p>Bloc chimique en polyester sans styr\u00e8ne<\/p>","protected":false},"featured_media":18507,"comment_status":"open","ping_status":"closed","template":"","meta":{"site-sidebar-layout":"default","site-content-layout":"","ast-site-content-layout":"default","site-content-style":"default","site-sidebar-style":"default","ast-global-header-display":"","ast-banner-title-visibility":"","ast-main-header-display":"","ast-hfb-above-header-display":"","ast-hfb-below-header-display":"","ast-hfb-mobile-header-display":"","site-post-title":"","ast-breadcrumbs-content":"","ast-featured-img":"","footer-sml-layout":"","ast-disable-related-posts":"","theme-transparent-header-meta":"default","adv-header-id-meta":"","stick-header-meta":"","header-above-stick-meta":"","header-main-stick-meta":"","header-below-stick-meta":"","astra-migrate-meta-layouts":"set","ast-page-background-enabled":"default","ast-page-background-meta":{"desktop":{"background-color":"var(--ast-global-color-4)","background-image":"","background-repeat":"repeat","background-position":"center center","background-size":"auto","background-attachment":"scroll","background-type":"","background-media":"","overlay-type":"","overlay-color":"","overlay-opacity":"","overlay-gradient":""},"tablet":{"background-color":"","background-image":"","background-repeat":"repeat","background-position":"center center","background-size":"auto","background-attachment":"scroll","background-type":"","background-media":"","overlay-type":"","overlay-color":"","overlay-opacity":"","overlay-gradient":""},"mobile":{"background-color":"","background-image":"","background-repeat":"repeat","background-position":"center center","background-size":"auto","background-attachment":"scroll","background-type":"","background-media":"","overlay-type":"","overlay-color":"","overlay-opacity":"","overlay-gradient":""}},"ast-content-background-meta":{"desktop":{"background-color":"var(--ast-global-color-5)","background-image":"","background-repeat":"repeat","background-position":"center center","background-size":"auto","background-attachment":"scroll","background-type":"","background-media":"","overlay-type":"","overlay-color":"","overlay-opacity":"","overlay-gradient":""},"tablet":{"background-color":"var(--ast-global-color-5)","background-image":"","background-repeat":"repeat","background-position":"center center","background-size":"auto","background-attachment":"scroll","background-type":"","background-media":"","overlay-type":"","overlay-color":"","overlay-opacity":"","overlay-gradient":""},"mobile":{"background-color":"var(--ast-global-color-5)","background-image":"","background-repeat":"repeat","background-position":"center center","background-size":"auto","background-attachment":"scroll","background-type":"","background-media":"","overlay-type":"","overlay-color":"","overlay-opacity":"","overlay-gradient":""}}},"pwb-brand":[995],"product_brand":[],"product_cat":[398,399],"product_tag":[],"class_list":{"0":"post-18506","1":"product","2":"type-product","3":"status-publish","4":"has-post-thumbnail","6":"pwb-brand-celo-fixings","7":"product_cat-estructuras-placas-solares","8":"product_cat-accesorios-estructuras-placas-solares","9":"desktop-align-left","10":"tablet-align-left","11":"mobile-align-left","12":"ast-product-gallery-layout-horizontal-slider","13":"ast-product-gallery-with-no-image","14":"ast-product-tabs-layout-horizontal","16":"first","17":"instock","18":"taxable","19":"shipping-taxable","20":"purchasable","21":"product-type-simple"},"wcpa_form_fields":null,"brands":[{"id":995,"name":"Fixations Celo","slug":"fixations-celo"}],"_links":{"self":[{"href":"https:\/\/fvcomponentes.com\/fr\/wp-json\/wp\/v2\/product\/18506","targetHints":{"allow":["GET"]}}],"collection":[{"href":"https:\/\/fvcomponentes.com\/fr\/wp-json\/wp\/v2\/product"}],"about":[{"href":"https:\/\/fvcomponentes.com\/fr\/wp-json\/wp\/v2\/types\/product"}],"replies":[{"embeddable":true,"href":"https:\/\/fvcomponentes.com\/fr\/wp-json\/wp\/v2\/comments?post=18506"}],"wp:featuredmedia":[{"embeddable":true,"href":"https:\/\/fvcomponentes.com\/fr\/wp-json\/wp\/v2\/media\/18507"}],"wp:attachment":[{"href":"https:\/\/fvcomponentes.com\/fr\/wp-json\/wp\/v2\/media?parent=18506"}],"wp:term":[{"taxonomy":"pwb-brand","embeddable":true,"href":"https:\/\/fvcomponentes.com\/fr\/wp-json\/wp\/v2\/pwb-brand?post=18506"},{"taxonomy":"product_brand","embeddable":true,"href":"https:\/\/fvcomponentes.com\/fr\/wp-json\/wp\/v2\/product_brand?post=18506"},{"taxonomy":"product_cat","embeddable":true,"href":"https:\/\/fvcomponentes.com\/fr\/wp-json\/wp\/v2\/product_cat?post=18506"},{"taxonomy":"product_tag","embeddable":true,"href":"https:\/\/fvcomponentes.com\/fr\/wp-json\/wp\/v2\/product_tag?post=18506"}],"curies":[{"name":"wp","href":"https:\/\/api.w.org\/{rel}","templated":true}]}}