{"id":18492,"date":"2024-09-06T08:12:08","date_gmt":"2024-09-06T06:12:08","guid":{"rendered":"https:\/\/fvcomponentes.com\/?post_type=product&#038;p=18492"},"modified":"2025-11-28T11:23:18","modified_gmt":"2025-11-28T10:23:18","slug":"abranyl-abt-nylon-force-one-932abt-pince-plastique-abranyl-abt-nylon-force-one-932abt","status":"publish","type":"product","link":"https:\/\/fvcomponentes.com\/fr\/producto\/abrazadera-plastica-celo-abranyl-abt-nylon-force-one-932abt\/","title":{"rendered":"Collier plastique Celo Abranyl ABT diam. 25-32 Nylon Force One - 932ABT"},"content":{"rendered":"<h2>Collier plastique Celo Abranyl ABT diam. 25-32 Nylon Force One - 932ABT<\/h2>\n<p>Le collier plastique Celo Abranyl ABT diam. 25-32 Nylon Force One - 932ABT est une solution polyvalente en nylon, id\u00e9ale pour serrer des tuyaux de diff\u00e9rents diam\u00e8tres dans diverses applications. Chaque r\u00e9f\u00e9rence de collier de serrage en plastique ABT couvre trois diam\u00e8tres de tube, ce qui maximise la flexibilit\u00e9 d'utilisation.<\/p>\n<p>L'un de ses principaux avantages est sa conception enti\u00e8rement ferm\u00e9e, qui garantit une prise ferme sur le tuyau et une plus grande s\u00e9curit\u00e9 contre la dilatation caus\u00e9e par les changements de temp\u00e9rature. L'installation est simple et rapide : il suffit d'appuyer sur le tuyau pour fermer plusieurs colliers simultan\u00e9ment, sans avoir besoin d'outils suppl\u00e9mentaires.<\/p>\n<p>Sa hauteur correspond \u00e0 l'entr\u00e9e des bo\u00eetes de jonction, ce qui facilite l'installation sans plier le tuyau rigide. Le collier comprend \u00e9galement un rep\u00e8re d'alignement pour assurer un positionnement pr\u00e9cis.<\/p>\n<p>Le collier ABT r\u00e9pond \u00e0 des normes de qualit\u00e9 et de s\u00e9curit\u00e9 rigoureuses, notamment l'homologation UL, est sans halog\u00e8ne et conforme \u00e0 la directive RoHS. Il est \u00e9galement certifi\u00e9 KIWA et convient \u00e0 une utilisation sur des conduites d'eau chaude avec des temp\u00e9ratures continues jusqu'\u00e0 +90\u00b0C et des pointes jusqu'\u00e0 +110\u00b0C.<\/p>\n<p>\u00c9galement disponible avec un diam\u00e8tre de tube de 20-25 mm : <a href=\"https:\/\/fvcomponentes.com\/fr\/produit\/abranyl-abt-diam-20-25-nylon-clamp-force-one-925abt\/\" target=\"_blank\" rel=\"noopener\">Collier plastique Celo Abranyl ABT diam. 20-25 Nylon Force One - 925ABT<\/a><\/p>\n<h2>Caract\u00e9ristiques du collier plastique Celo Abranyl ABT diam. 25-32 Nylon Force One - 932ABT<\/h2>\n<ul>\n<li>Diam\u00e8tre : 25,5 mm<\/li>\n<li>Longueur : 36 mm<\/li>\n<li>Diam\u00e8tre du tube \u00e0 fixer : 25-32 mm<\/li>\n<li>Hauteur : 53,6 mm<\/li>\n<li>Largeur : 20 mm<\/li>\n<li>Couleur : Gris<\/li>\n<li>Mati\u00e8re : Nylon<\/li>\n<li>Paquet de 50 unit\u00e9s<\/li>\n<\/ul>\n<h2>Applications<\/h2>\n<ul>\n<li>Tubes en cuivre<\/li>\n<li>Tube multicouche<\/li>\n<li>Tubes en acier<\/li>\n<li>Tuyau en PVC<\/li>\n<li>Conduites de chauffage<\/li>\n<li>Tuyaux ondul\u00e9s<\/li>\n<\/ul>\n<h2>Sp\u00e9cifications suppl\u00e9mentaires pour Celo Abranyl ABT plastic clamp diam. 25-32 Nylon Force One - 932ABT<\/h2>\n<ul>\n<li>Se ferme automatiquement lorsque vous appuyez sur le tuyau lors de l'installation, ce qui permet d'\u00e9conomiser du temps et de l'argent.<\/li>\n<li>Compatible avec les cloueurs FORCE ONE, W\u00fcrth Diga C3, Spit 700\/800, Rawplug<\/li>\n<li>Grande fiabilit\u00e9 des applications<\/li>\n<li>Multiples types de fixation avec vis \u00e0 double filetage, profil\u00e9, tige filet\u00e9e et bouchons filet\u00e9s<\/li>\n<li>Couleur noire r\u00e9sistante aux UV<\/li>\n<li>Produit approuv\u00e9 pour votre s\u00e9curit\u00e9<\/li>\n<\/ul>\n<h2>Abranyl ABT 25-32 Nylon Force One plastic clamp - 932ABT<\/h2>\n<p><a href=\"https:\/\/fvcomponentes.com\/wp-content\/uploads\/2024\/09\/Ficha-tecnica-Abrazadera-plastica-Celo-Abranyl-ABT.pdf\" target=\"_blank\" rel=\"noopener\">Voir la fiche technique du collier plastique Celo Abranyl ABT diam. 25-32 Nylon Force One - 932ABT<\/a><\/p>","protected":false},"excerpt":{"rendered":"<p>Collier de serrage pour tubes de 25 \u00e0 32 mm de diam\u00e8tre<br \/>\nPaquet de 50 unit\u00e9s<\/p>\n<p>&nbsp;<\/p>","protected":false},"featured_media":18494,"comment_status":"open","ping_status":"closed","template":"","meta":{"site-sidebar-layout":"default","site-content-layout":"","ast-site-content-layout":"default","site-content-style":"default","site-sidebar-style":"default","ast-global-header-display":"","ast-banner-title-visibility":"","ast-main-header-display":"","ast-hfb-above-header-display":"","ast-hfb-below-header-display":"","ast-hfb-mobile-header-display":"","site-post-title":"","ast-breadcrumbs-content":"","ast-featured-img":"","footer-sml-layout":"","ast-disable-related-posts":"","theme-transparent-header-meta":"default","adv-header-id-meta":"","stick-header-meta":"","header-above-stick-meta":"","header-main-stick-meta":"","header-below-stick-meta":"","astra-migrate-meta-layouts":"set","ast-page-background-enabled":"default","ast-page-background-meta":{"desktop":{"background-color":"var(--ast-global-color-4)","background-image":"","background-repeat":"repeat","background-position":"center center","background-size":"auto","background-attachment":"scroll","background-type":"","background-media":"","overlay-type":"","overlay-color":"","overlay-opacity":"","overlay-gradient":""},"tablet":{"background-color":"","background-image":"","background-repeat":"repeat","background-position":"center center","background-size":"auto","background-attachment":"scroll","background-type":"","background-media":"","overlay-type":"","overlay-color":"","overlay-opacity":"","overlay-gradient":""},"mobile":{"background-color":"","background-image":"","background-repeat":"repeat","background-position":"center center","background-size":"auto","background-attachment":"scroll","background-type":"","background-media":"","overlay-type":"","overlay-color":"","overlay-opacity":"","overlay-gradient":""}},"ast-content-background-meta":{"desktop":{"background-color":"var(--ast-global-color-5)","background-image":"","background-repeat":"repeat","background-position":"center center","background-size":"auto","background-attachment":"scroll","background-type":"","background-media":"","overlay-type":"","overlay-color":"","overlay-opacity":"","overlay-gradient":""},"tablet":{"background-color":"var(--ast-global-color-5)","background-image":"","background-repeat":"repeat","background-position":"center center","background-size":"auto","background-attachment":"scroll","background-type":"","background-media":"","overlay-type":"","overlay-color":"","overlay-opacity":"","overlay-gradient":""},"mobile":{"background-color":"var(--ast-global-color-5)","background-image":"","background-repeat":"repeat","background-position":"center center","background-size":"auto","background-attachment":"scroll","background-type":"","background-media":"","overlay-type":"","overlay-color":"","overlay-opacity":"","overlay-gradient":""}}},"pwb-brand":[995],"product_brand":[],"product_cat":[410,1015],"product_tag":[],"class_list":{"0":"post-18492","1":"product","2":"type-product","3":"status-publish","4":"has-post-thumbnail","6":"pwb-brand-celo-fixings","7":"product_cat-material-electrico","8":"product_cat-accesorios-de-montaje","9":"desktop-align-left","10":"tablet-align-left","11":"mobile-align-left","12":"ast-product-gallery-layout-horizontal-slider","13":"ast-product-gallery-with-no-image","14":"ast-product-tabs-layout-horizontal","16":"first","17":"instock","18":"taxable","19":"shipping-taxable","20":"purchasable","21":"product-type-simple"},"wcpa_form_fields":null,"brands":[{"id":995,"name":"Fixations Celo","slug":"fixations-celo"}],"_links":{"self":[{"href":"https:\/\/fvcomponentes.com\/fr\/wp-json\/wp\/v2\/product\/18492","targetHints":{"allow":["GET"]}}],"collection":[{"href":"https:\/\/fvcomponentes.com\/fr\/wp-json\/wp\/v2\/product"}],"about":[{"href":"https:\/\/fvcomponentes.com\/fr\/wp-json\/wp\/v2\/types\/product"}],"replies":[{"embeddable":true,"href":"https:\/\/fvcomponentes.com\/fr\/wp-json\/wp\/v2\/comments?post=18492"}],"wp:featuredmedia":[{"embeddable":true,"href":"https:\/\/fvcomponentes.com\/fr\/wp-json\/wp\/v2\/media\/18494"}],"wp:attachment":[{"href":"https:\/\/fvcomponentes.com\/fr\/wp-json\/wp\/v2\/media?parent=18492"}],"wp:term":[{"taxonomy":"pwb-brand","embeddable":true,"href":"https:\/\/fvcomponentes.com\/fr\/wp-json\/wp\/v2\/pwb-brand?post=18492"},{"taxonomy":"product_brand","embeddable":true,"href":"https:\/\/fvcomponentes.com\/fr\/wp-json\/wp\/v2\/product_brand?post=18492"},{"taxonomy":"product_cat","embeddable":true,"href":"https:\/\/fvcomponentes.com\/fr\/wp-json\/wp\/v2\/product_cat?post=18492"},{"taxonomy":"product_tag","embeddable":true,"href":"https:\/\/fvcomponentes.com\/fr\/wp-json\/wp\/v2\/product_tag?post=18492"}],"curies":[{"name":"wp","href":"https:\/\/api.w.org\/{rel}","templated":true}]}}