{"id":18488,"date":"2024-09-05T11:27:09","date_gmt":"2024-09-05T09:27:09","guid":{"rendered":"https:\/\/fvcomponentes.com\/?post_type=product&#038;p=18488"},"modified":"2025-11-28T11:28:34","modified_gmt":"2025-11-28T10:28:34","slug":"pince-celo-multiclip-ut-diam-25mm-925ut","status":"publish","type":"product","link":"https:\/\/fvcomponentes.com\/fr\/producto\/abrazadera-celo-multiclip-ut-diam-25mm-925ut\/","title":{"rendered":"Pince Celo Multiclip UT diam. 25mm - 925UT"},"content":{"rendered":"<h2>Pince Celo Multiclip UT diam. 25mm - 925UT<\/h2>\n<p>Le collier Celo Multiclip UT diam. 25mm - 925UT est la solution id\u00e9ale pour l'installation en s\u00e9rie de tuyaux. Sa conception innovante comprend des prises lat\u00e9rales qui permettent de connecter plusieurs colliers de mani\u00e8re s\u00fbre et pratique. De plus, il comporte un rep\u00e8re d'alignement pour faciliter une installation pr\u00e9cise.<\/p>\n<p>Bien qu'il puisse \u00eatre install\u00e9 \u00e0 l'aide d'une vis, ses performances optimales sont obtenues lorsqu'il est utilis\u00e9 avec le cloueur \u00e0 gaz FORCE ONE.<\/p>\n<p>Fabriqu\u00e9 en polypropyl\u00e8ne sans halog\u00e8ne, le collier est conforme \u00e0 la directive RoHS, ce qui garantit la s\u00e9curit\u00e9 et la durabilit\u00e9.<\/p>\n<h2>Caract\u00e9ristiques Pince Pince Celo Multiclip UT diam. 25mm - 925UT<\/h2>\n<ul>\n<li>Diam\u00e8tre : 25 mm<\/li>\n<li>Longueur : 30,5 mm<\/li>\n<li>Diam\u00e8tre du tuyau \u00e0 fixer : 25 mm<\/li>\n<li>Hauteur : 34 mm<\/li>\n<li>Largeur : 16 mm<\/li>\n<li>Couleur : Gris<\/li>\n<li>Mati\u00e8re : Polyamide<\/li>\n<li>Paquet de 100 unit\u00e9s<\/li>\n<\/ul>\n<h2>Mat\u00e9riaux de base<\/h2>\n<ul>\n<li>Acier<\/li>\n<li>B\u00e9ton<\/li>\n<li>Bloc de b\u00e9ton creux<\/li>\n<li>Pierre<\/li>\n<li>Bois<\/li>\n<li>Poutre en acier<\/li>\n<\/ul>\n<h2>Sp\u00e9cifications de la pince multi-clips UT 25mm de diam\u00e8tre - 925UT<\/h2>\n<ul>\n<li>Permet la fixation avec un cloueur \u00e0 gaz<\/li>\n<li>Syst\u00e8me de connexion lat\u00e9rale pour montage en s\u00e9rie<\/li>\n<li>Marquage d'alignement pour faciliter l'installation<\/li>\n<li>Sans halog\u00e8ne<\/li>\n<li>Approuv\u00e9 RoHS<\/li>\n<li>Produit approuv\u00e9 pour votre s\u00e9curit\u00e9<\/li>\n<\/ul>\n<h2>Applications<\/h2>\n<ul>\n<li>Tubes en cuivre<\/li>\n<li>Tube multicouche<\/li>\n<li>Tubes en acier<\/li>\n<li>Tuyau en PVC<\/li>\n<li>Conduites de chauffage<\/li>\n<\/ul>","protected":false},"excerpt":{"rendered":"<ul>\n<li>Paquet de 100 unit\u00e9s<\/li>\n<li>Diam\u00e8tre : 25 mm<\/li>\n<li>Longueur : 30,5 mm<\/li>\n<\/ul>","protected":false},"featured_media":18491,"comment_status":"open","ping_status":"closed","template":"","meta":{"site-sidebar-layout":"default","site-content-layout":"","ast-site-content-layout":"default","site-content-style":"default","site-sidebar-style":"default","ast-global-header-display":"","ast-banner-title-visibility":"","ast-main-header-display":"","ast-hfb-above-header-display":"","ast-hfb-below-header-display":"","ast-hfb-mobile-header-display":"","site-post-title":"","ast-breadcrumbs-content":"","ast-featured-img":"","footer-sml-layout":"","ast-disable-related-posts":"","theme-transparent-header-meta":"default","adv-header-id-meta":"","stick-header-meta":"","header-above-stick-meta":"","header-main-stick-meta":"","header-below-stick-meta":"","astra-migrate-meta-layouts":"set","ast-page-background-enabled":"default","ast-page-background-meta":{"desktop":{"background-color":"var(--ast-global-color-4)","background-image":"","background-repeat":"repeat","background-position":"center center","background-size":"auto","background-attachment":"scroll","background-type":"","background-media":"","overlay-type":"","overlay-color":"","overlay-opacity":"","overlay-gradient":""},"tablet":{"background-color":"","background-image":"","background-repeat":"repeat","background-position":"center center","background-size":"auto","background-attachment":"scroll","background-type":"","background-media":"","overlay-type":"","overlay-color":"","overlay-opacity":"","overlay-gradient":""},"mobile":{"background-color":"","background-image":"","background-repeat":"repeat","background-position":"center center","background-size":"auto","background-attachment":"scroll","background-type":"","background-media":"","overlay-type":"","overlay-color":"","overlay-opacity":"","overlay-gradient":""}},"ast-content-background-meta":{"desktop":{"background-color":"var(--ast-global-color-5)","background-image":"","background-repeat":"repeat","background-position":"center center","background-size":"auto","background-attachment":"scroll","background-type":"","background-media":"","overlay-type":"","overlay-color":"","overlay-opacity":"","overlay-gradient":""},"tablet":{"background-color":"var(--ast-global-color-5)","background-image":"","background-repeat":"repeat","background-position":"center center","background-size":"auto","background-attachment":"scroll","background-type":"","background-media":"","overlay-type":"","overlay-color":"","overlay-opacity":"","overlay-gradient":""},"mobile":{"background-color":"var(--ast-global-color-5)","background-image":"","background-repeat":"repeat","background-position":"center center","background-size":"auto","background-attachment":"scroll","background-type":"","background-media":"","overlay-type":"","overlay-color":"","overlay-opacity":"","overlay-gradient":""}}},"pwb-brand":[995],"product_brand":[],"product_cat":[410,1015],"product_tag":[],"class_list":{"0":"post-18488","1":"product","2":"type-product","3":"status-publish","4":"has-post-thumbnail","6":"pwb-brand-celo-fixings","7":"product_cat-material-electrico","8":"product_cat-accesorios-de-montaje","9":"desktop-align-left","10":"tablet-align-left","11":"mobile-align-left","12":"ast-product-gallery-layout-horizontal-slider","13":"ast-product-gallery-with-no-image","14":"ast-product-tabs-layout-horizontal","16":"first","17":"instock","18":"taxable","19":"shipping-taxable","20":"purchasable","21":"product-type-simple"},"wcpa_form_fields":null,"brands":[{"id":995,"name":"Fixations Celo","slug":"fixations-celo"}],"_links":{"self":[{"href":"https:\/\/fvcomponentes.com\/fr\/wp-json\/wp\/v2\/product\/18488","targetHints":{"allow":["GET"]}}],"collection":[{"href":"https:\/\/fvcomponentes.com\/fr\/wp-json\/wp\/v2\/product"}],"about":[{"href":"https:\/\/fvcomponentes.com\/fr\/wp-json\/wp\/v2\/types\/product"}],"replies":[{"embeddable":true,"href":"https:\/\/fvcomponentes.com\/fr\/wp-json\/wp\/v2\/comments?post=18488"}],"wp:featuredmedia":[{"embeddable":true,"href":"https:\/\/fvcomponentes.com\/fr\/wp-json\/wp\/v2\/media\/18491"}],"wp:attachment":[{"href":"https:\/\/fvcomponentes.com\/fr\/wp-json\/wp\/v2\/media?parent=18488"}],"wp:term":[{"taxonomy":"pwb-brand","embeddable":true,"href":"https:\/\/fvcomponentes.com\/fr\/wp-json\/wp\/v2\/pwb-brand?post=18488"},{"taxonomy":"product_brand","embeddable":true,"href":"https:\/\/fvcomponentes.com\/fr\/wp-json\/wp\/v2\/product_brand?post=18488"},{"taxonomy":"product_cat","embeddable":true,"href":"https:\/\/fvcomponentes.com\/fr\/wp-json\/wp\/v2\/product_cat?post=18488"},{"taxonomy":"product_tag","embeddable":true,"href":"https:\/\/fvcomponentes.com\/fr\/wp-json\/wp\/v2\/product_tag?post=18488"}],"curies":[{"name":"wp","href":"https:\/\/api.w.org\/{rel}","templated":true}]}}