{"id":18482,"date":"2024-09-05T17:52:43","date_gmt":"2024-09-05T15:52:43","guid":{"rendered":"https:\/\/fvcomponentes.com\/?post_type=product&#038;p=18482"},"modified":"2025-11-28T11:27:16","modified_gmt":"2025-11-28T10:27:16","slug":"fiche-dextension-celo-fx-6-96fx","status":"publish","type":"product","link":"https:\/\/fvcomponentes.com\/fr\/producto\/taco-de-expansion-celo-fx-6-96fx\/","title":{"rendered":"Fiche d'extension Celo Fx 6 - 96FX"},"content":{"rendered":"<h2>Fiche d'extension Celo Fx 6 - 96FX<\/h2>\n<p>La queue de billard \u00e0 expansion Celo Fx 6 - 96FX, fabriqu\u00e9e en Allemagne, se distingue par sa grande adh\u00e9rence sur une grande vari\u00e9t\u00e9 de mat\u00e9riaux gr\u00e2ce \u00e0 sa conception \u00e0 quadruple expansion. Elle poss\u00e8de des rainures sur les quatre c\u00f4t\u00e9s, qui augmentent la friction sur n'importe quelle surface, et un collier qui emp\u00eache la queue de glisser dans le trou.<\/p>\n<p>Le bouchon FX est \u00e9quip\u00e9 d'ailettes anti-rotation qui l'emp\u00eachent de tourner pendant le vissage. Il est fabriqu\u00e9 en polyamide de haute qualit\u00e9, r\u00e9sistant \u00e0 des temp\u00e9ratures extr\u00eames de -40\u00b0C \u00e0 +80\u00b0C, ce qui garantit sa durabilit\u00e9 et sa s\u00e9curit\u00e9. Il est compatible avec diff\u00e9rents types de vis (telles que les vis de type <a href=\"https:\/\/fvcomponentes.com\/fr\/produit\/vis-tornigrap-tornigrap-tg-n35-48x25-935tg\/\" target=\"_blank\" rel=\"noopener\">vis Celo Tornigrap TG N35 4,8\u00d725 - 935TG<\/a>) telles que les vis \u00e0 bois, les vis \u00e0 m\u00e9taux ou les vis \u00e0 t\u00f4le, et convient pour des applications dans des mat\u00e9riaux tels que le b\u00e9ton, les blocs de b\u00e9ton, les briques creuses, les briques pleines, la pierre ou les plaques de pl\u00e2tre.<\/p>\n<h2>Caract\u00e9ristiques du Celo Fx 6 - 96FX Expansion Plug<\/h2>\n<ul>\n<li>Diam\u00e8tre : 6 mm<\/li>\n<li>Longueur : 30 mm<\/li>\n<li>Diam\u00e8tre du trou : 6 mm<\/li>\n<li>Profondeur du trou : 40 mm<\/li>\n<li>Profondeur d'ancrage : 29 mm<\/li>\n<li>Longueur de l'ancre : 30 mm<\/li>\n<li>Mati\u00e8re : Nylon<\/li>\n<\/ul>\n<h2>Fiche technique Celo Fx 6 Expansion Plug - 96FX<\/h2>\n<p><a href=\"https:\/\/fvcomponentes.com\/wp-content\/uploads\/2024\/09\/Ficha-tecnica-Taco-de-expansion-Celo-Fx-6-96FX-Tabla-de-cargas.pdf\" target=\"_blank\" rel=\"noopener\">Voir la fiche technique du Celo Fx 6 - 96FX expansion plug<\/a><\/p>","protected":false},"excerpt":{"rendered":"<ul>\n<li>Paquet de 100 unit\u00e9s<\/li>\n<li>Diam\u00e8tre : 6 mm<\/li>\n<li>Longueur : 30 mm<\/li>\n<\/ul>","protected":false},"featured_media":18483,"comment_status":"open","ping_status":"closed","template":"","meta":{"site-sidebar-layout":"default","site-content-layout":"","ast-site-content-layout":"default","site-content-style":"default","site-sidebar-style":"default","ast-global-header-display":"","ast-banner-title-visibility":"","ast-main-header-display":"","ast-hfb-above-header-display":"","ast-hfb-below-header-display":"","ast-hfb-mobile-header-display":"","site-post-title":"","ast-breadcrumbs-content":"","ast-featured-img":"","footer-sml-layout":"","ast-disable-related-posts":"","theme-transparent-header-meta":"default","adv-header-id-meta":"","stick-header-meta":"","header-above-stick-meta":"","header-main-stick-meta":"","header-below-stick-meta":"","astra-migrate-meta-layouts":"set","ast-page-background-enabled":"default","ast-page-background-meta":{"desktop":{"background-color":"var(--ast-global-color-4)","background-image":"","background-repeat":"repeat","background-position":"center center","background-size":"auto","background-attachment":"scroll","background-type":"","background-media":"","overlay-type":"","overlay-color":"","overlay-opacity":"","overlay-gradient":""},"tablet":{"background-color":"","background-image":"","background-repeat":"repeat","background-position":"center center","background-size":"auto","background-attachment":"scroll","background-type":"","background-media":"","overlay-type":"","overlay-color":"","overlay-opacity":"","overlay-gradient":""},"mobile":{"background-color":"","background-image":"","background-repeat":"repeat","background-position":"center center","background-size":"auto","background-attachment":"scroll","background-type":"","background-media":"","overlay-type":"","overlay-color":"","overlay-opacity":"","overlay-gradient":""}},"ast-content-background-meta":{"desktop":{"background-color":"var(--ast-global-color-5)","background-image":"","background-repeat":"repeat","background-position":"center center","background-size":"auto","background-attachment":"scroll","background-type":"","background-media":"","overlay-type":"","overlay-color":"","overlay-opacity":"","overlay-gradient":""},"tablet":{"background-color":"var(--ast-global-color-5)","background-image":"","background-repeat":"repeat","background-position":"center center","background-size":"auto","background-attachment":"scroll","background-type":"","background-media":"","overlay-type":"","overlay-color":"","overlay-opacity":"","overlay-gradient":""},"mobile":{"background-color":"var(--ast-global-color-5)","background-image":"","background-repeat":"repeat","background-position":"center center","background-size":"auto","background-attachment":"scroll","background-type":"","background-media":"","overlay-type":"","overlay-color":"","overlay-opacity":"","overlay-gradient":""}}},"pwb-brand":[995],"product_brand":[],"product_cat":[398,399],"product_tag":[],"class_list":{"0":"post-18482","1":"product","2":"type-product","3":"status-publish","4":"has-post-thumbnail","6":"pwb-brand-celo-fixings","7":"product_cat-estructuras-placas-solares","8":"product_cat-accesorios-estructuras-placas-solares","9":"desktop-align-left","10":"tablet-align-left","11":"mobile-align-left","12":"ast-product-gallery-layout-horizontal-slider","13":"ast-product-gallery-with-no-image","14":"ast-product-tabs-layout-horizontal","16":"first","17":"instock","18":"taxable","19":"shipping-taxable","20":"purchasable","21":"product-type-simple"},"wcpa_form_fields":null,"brands":[{"id":995,"name":"Fixations Celo","slug":"fixations-celo"}],"_links":{"self":[{"href":"https:\/\/fvcomponentes.com\/fr\/wp-json\/wp\/v2\/product\/18482","targetHints":{"allow":["GET"]}}],"collection":[{"href":"https:\/\/fvcomponentes.com\/fr\/wp-json\/wp\/v2\/product"}],"about":[{"href":"https:\/\/fvcomponentes.com\/fr\/wp-json\/wp\/v2\/types\/product"}],"replies":[{"embeddable":true,"href":"https:\/\/fvcomponentes.com\/fr\/wp-json\/wp\/v2\/comments?post=18482"}],"wp:featuredmedia":[{"embeddable":true,"href":"https:\/\/fvcomponentes.com\/fr\/wp-json\/wp\/v2\/media\/18483"}],"wp:attachment":[{"href":"https:\/\/fvcomponentes.com\/fr\/wp-json\/wp\/v2\/media?parent=18482"}],"wp:term":[{"taxonomy":"pwb-brand","embeddable":true,"href":"https:\/\/fvcomponentes.com\/fr\/wp-json\/wp\/v2\/pwb-brand?post=18482"},{"taxonomy":"product_brand","embeddable":true,"href":"https:\/\/fvcomponentes.com\/fr\/wp-json\/wp\/v2\/product_brand?post=18482"},{"taxonomy":"product_cat","embeddable":true,"href":"https:\/\/fvcomponentes.com\/fr\/wp-json\/wp\/v2\/product_cat?post=18482"},{"taxonomy":"product_tag","embeddable":true,"href":"https:\/\/fvcomponentes.com\/fr\/wp-json\/wp\/v2\/product_tag?post=18482"}],"curies":[{"name":"wp","href":"https:\/\/api.w.org\/{rel}","templated":true}]}}