{"id":18479,"date":"2024-09-05T17:59:03","date_gmt":"2024-09-05T15:59:03","guid":{"rendered":"https:\/\/fvcomponentes.com\/?post_type=product&#038;p=18479"},"modified":"2025-11-28T11:26:37","modified_gmt":"2025-11-28T10:26:37","slug":"vis-tornigrap-tornigrap-tg-n35-48x25-935tg","status":"publish","type":"product","link":"https:\/\/fvcomponentes.com\/fr\/producto\/tornillo-celo-tornigrap-tg-n35-48x25-935tg\/","title":{"rendered":"Vis Celo Tornigrap TG N35 4,8\u00d725 - 935TG"},"content":{"rendered":"<h2>Vis Celo Tornigrap TG N35 4,8\u00d725 - 935TG<\/h2>\n<p>Ce Celo Tornigrap TG N35 4,8\u00d725 - 935TG vis sp\u00e9ciale \u00e0 double filetage pour bouchons en nylon, en tant que la <a href=\"https:\/\/fvcomponentes.com\/fr\/produit\/fiche-dextension-celo-fx-6-96fx\/\" target=\"_blank\" rel=\"noopener\">fiche d'extension Celo Fx 6 - 96FX<\/a> est con\u00e7u avec une t\u00eate de large diam\u00e8tre, id\u00e9ale pour la fixation d'agrafes m\u00e9talliques. Son empreinte combin\u00e9e (PZ + fente) permet un vissage s\u00fbr et efficace. De plus, la t\u00eate de la vis a \u00e9t\u00e9 renforc\u00e9e par un double c\u00f4ne \u00e0 la base, ce qui augmente la r\u00e9sistance de la fixation.<\/p>\n<p>Le double filetage permet non seulement de visser plus rapidement, mais aussi de maximiser l'expansion de la cheville, offrant ainsi une capacit\u00e9 de charge sup\u00e9rieure \u00e0 celle d'une vis \u00e0 filetage unique.<\/p>\n<h2>Caract\u00e9ristiques de Tornigrap TG N35 4,8\u00d725 - 935TG<\/h2>\n<ul>\n<li>Diam\u00e8tre du bouchon : 6 mm<\/li>\n<li>Diam\u00e8tre de la t\u00eate : 9,5 mm<\/li>\n<li>Hauteur de la t\u00eate : 3,5 mm<\/li>\n<li>Longueur : 25 mm<\/li>\n<li>Mortaise : COMBI PZ2 + rainure<\/li>\n<li>Mat\u00e9riau : Acier au carbone.<\/li>\n<li>Rev\u00eatement : zingu\u00e9.<\/li>\n<\/ul>\n<h2>Fiche technique Tornigrap TG N35 4,8\u00d725 - 935TG<\/h2>\n<p><a href=\"https:\/\/fvcomponentes.com\/wp-content\/uploads\/2024\/09\/Ficha-tecnica-Tornillo-Celo-Tornigrap-TG-N35-48x25-935TG.pdf\" target=\"_blank\" rel=\"noopener\">Voir la fiche technique Tornigrap TG N35 4,8\u00d725 - 935TG<\/a><\/p>","protected":false},"excerpt":{"rendered":"<ul>\n<li>Paquet de 100 unit\u00e9s<\/li>\n<li>Diam\u00e8tre de la t\u00eate : 9,5 mm<\/li>\n<li>Hauteur de la t\u00eate : 3,5 mm<\/li>\n<li>Longueur : 25 mm<\/li>\n<\/ul>","protected":false},"featured_media":18480,"comment_status":"open","ping_status":"closed","template":"","meta":{"site-sidebar-layout":"default","site-content-layout":"","ast-site-content-layout":"default","site-content-style":"default","site-sidebar-style":"default","ast-global-header-display":"","ast-banner-title-visibility":"","ast-main-header-display":"","ast-hfb-above-header-display":"","ast-hfb-below-header-display":"","ast-hfb-mobile-header-display":"","site-post-title":"","ast-breadcrumbs-content":"","ast-featured-img":"","footer-sml-layout":"","ast-disable-related-posts":"","theme-transparent-header-meta":"default","adv-header-id-meta":"","stick-header-meta":"","header-above-stick-meta":"","header-main-stick-meta":"","header-below-stick-meta":"","astra-migrate-meta-layouts":"set","ast-page-background-enabled":"default","ast-page-background-meta":{"desktop":{"background-color":"var(--ast-global-color-4)","background-image":"","background-repeat":"repeat","background-position":"center center","background-size":"auto","background-attachment":"scroll","background-type":"","background-media":"","overlay-type":"","overlay-color":"","overlay-opacity":"","overlay-gradient":""},"tablet":{"background-color":"","background-image":"","background-repeat":"repeat","background-position":"center center","background-size":"auto","background-attachment":"scroll","background-type":"","background-media":"","overlay-type":"","overlay-color":"","overlay-opacity":"","overlay-gradient":""},"mobile":{"background-color":"","background-image":"","background-repeat":"repeat","background-position":"center center","background-size":"auto","background-attachment":"scroll","background-type":"","background-media":"","overlay-type":"","overlay-color":"","overlay-opacity":"","overlay-gradient":""}},"ast-content-background-meta":{"desktop":{"background-color":"var(--ast-global-color-5)","background-image":"","background-repeat":"repeat","background-position":"center center","background-size":"auto","background-attachment":"scroll","background-type":"","background-media":"","overlay-type":"","overlay-color":"","overlay-opacity":"","overlay-gradient":""},"tablet":{"background-color":"var(--ast-global-color-5)","background-image":"","background-repeat":"repeat","background-position":"center center","background-size":"auto","background-attachment":"scroll","background-type":"","background-media":"","overlay-type":"","overlay-color":"","overlay-opacity":"","overlay-gradient":""},"mobile":{"background-color":"var(--ast-global-color-5)","background-image":"","background-repeat":"repeat","background-position":"center center","background-size":"auto","background-attachment":"scroll","background-type":"","background-media":"","overlay-type":"","overlay-color":"","overlay-opacity":"","overlay-gradient":""}}},"pwb-brand":[995],"product_brand":[],"product_cat":[398,399],"product_tag":[],"class_list":{"0":"post-18479","1":"product","2":"type-product","3":"status-publish","4":"has-post-thumbnail","6":"pwb-brand-celo-fixings","7":"product_cat-estructuras-placas-solares","8":"product_cat-accesorios-estructuras-placas-solares","9":"desktop-align-left","10":"tablet-align-left","11":"mobile-align-left","12":"ast-product-gallery-layout-horizontal-slider","13":"ast-product-gallery-with-no-image","14":"ast-product-tabs-layout-horizontal","16":"first","17":"instock","18":"taxable","19":"shipping-taxable","20":"purchasable","21":"product-type-simple"},"wcpa_form_fields":null,"brands":[{"id":995,"name":"Fixations Celo","slug":"fixations-celo"}],"_links":{"self":[{"href":"https:\/\/fvcomponentes.com\/fr\/wp-json\/wp\/v2\/product\/18479","targetHints":{"allow":["GET"]}}],"collection":[{"href":"https:\/\/fvcomponentes.com\/fr\/wp-json\/wp\/v2\/product"}],"about":[{"href":"https:\/\/fvcomponentes.com\/fr\/wp-json\/wp\/v2\/types\/product"}],"replies":[{"embeddable":true,"href":"https:\/\/fvcomponentes.com\/fr\/wp-json\/wp\/v2\/comments?post=18479"}],"wp:featuredmedia":[{"embeddable":true,"href":"https:\/\/fvcomponentes.com\/fr\/wp-json\/wp\/v2\/media\/18480"}],"wp:attachment":[{"href":"https:\/\/fvcomponentes.com\/fr\/wp-json\/wp\/v2\/media?parent=18479"}],"wp:term":[{"taxonomy":"pwb-brand","embeddable":true,"href":"https:\/\/fvcomponentes.com\/fr\/wp-json\/wp\/v2\/pwb-brand?post=18479"},{"taxonomy":"product_brand","embeddable":true,"href":"https:\/\/fvcomponentes.com\/fr\/wp-json\/wp\/v2\/product_brand?post=18479"},{"taxonomy":"product_cat","embeddable":true,"href":"https:\/\/fvcomponentes.com\/fr\/wp-json\/wp\/v2\/product_cat?post=18479"},{"taxonomy":"product_tag","embeddable":true,"href":"https:\/\/fvcomponentes.com\/fr\/wp-json\/wp\/v2\/product_tag?post=18479"}],"curies":[{"name":"wp","href":"https:\/\/api.w.org\/{rel}","templated":true}]}}