{"id":18362,"date":"2024-09-03T13:47:42","date_gmt":"2024-09-03T11:47:42","guid":{"rendered":"https:\/\/fvcomponentes.com\/?post_type=product&#038;p=18362"},"modified":"2026-03-30T12:15:56","modified_gmt":"2026-03-30T10:15:56","slug":"fronius-symo-gen24-sc-12-0-plus-onduleur-triphase-4210189002","status":"publish","type":"product","link":"https:\/\/fvcomponentes.com\/fr\/producto\/inversor-fronius-symo-gen24-sc-12-0-plus-trifasico-4210189002\/","title":{"rendered":"Onduleur Fronius Symo GEN24 12.0 Plus SC triphas\u00e9 \u2013 4 210 189 002"},"content":{"rendered":"<h2>Caract\u00e9ristiques du Fronius Symo Inverter GEN24 SC 12.0 Plus Triphas\u00e9 - 4 210 189 002<\/h2>\n<h2>Sauvegarde compl\u00e8te<\/h2>\n<p>Avec l'option \"Full Backup\", l'onduleur Fronius Symo GEN24 SC 12.0 Plus Three-Phase Inverter - 4.210.189.002 continue d'alimenter tous les appareils monophas\u00e9s et triphas\u00e9s de la maison en cas de panne du r\u00e9seau. En plus de l'onduleur, une batterie et un dispositif de commutation sont n\u00e9cessaires pour se d\u00e9connecter du r\u00e9seau en toute s\u00e9curit\u00e9 avec la fonction Full Backup.<\/p>\n<h2>Point PV<\/h2>\n<p>La fonction int\u00e9gr\u00e9e d'alimentation de secours de base, appel\u00e9e point PV, est une sortie d\u00e9di\u00e9e qui fournit de l'\u00e9nergie en cas d'urgence, garantissant que les charges critiques peuvent continuer \u00e0 fonctionner pendant les coupures de courant.<\/p>\n<h2>Refroidissement actif<\/h2>\n<p>La technologie de refroidissement actif, connue sous le nom d'Active Cooling, est bas\u00e9e sur un ou plusieurs ventilateurs qui non seulement emp\u00eachent les champs de chaleur, mais r\u00e9gulent \u00e9galement la circulation de l'air \u00e0 l'int\u00e9rieur de l'onduleur. La temp\u00e9rature de l'\u00e9lectronique de puissance reste ainsi basse, ce qui permet de prolonger la dur\u00e9e de vie des appareils, d'optimiser les rendements et de r\u00e9duire les co\u00fbts. Chez Fronius, l'Active Cooling est un standard technologique dans tous les appareils.<\/p>\n<h2>Communication de donn\u00e9es int\u00e9gr\u00e9e<\/h2>\n<p>L'onduleur triphas\u00e9 Fronius Symo GEN24 SC 12.0 Plus - 4.210.189.002 est connect\u00e9 \u00e0 Internet par c\u00e2ble r\u00e9seau ou WLAN sans c\u00e2blage suppl\u00e9mentaire, ce qui permet une visualisation parfaite du fonctionnement de l'installation photovolta\u00efque (PV). En outre, il peut \u00eatre connect\u00e9 \u00e0 des composants tiers via des interfaces telles que Modbus TCP SunSpec, Modbus RTU SunSpec ou Fronius Solar API (JSON), ce qui permet d'utiliser des interfaces ouvertes parall\u00e8lement \u00e0 Fronius Solar.web.<\/p>\n<h2>Fronius Symo GEN24 SC 12.0 Plus Onduleur triphas\u00e9 SuperFlex Design - 4 210 189 002<\/h2>\n<p>La conception SuperFlex de Fronius r\u00e9unit toutes les exigences techniques n\u00e9cessaires pour rendre la conception de votre syst\u00e8me photovolta\u00efque simple et flexible. Les principaux aspects de la conception SuperFlex sont les suivants : Deux trackers de point de puissance maximale (MPPT) en combinaison avec la tension \u00e9lev\u00e9e du syst\u00e8me et la large plage de tension d'entr\u00e9e DC. Chaque entr\u00e9e CC et tracker MPP peut \u00eatre adapt\u00e9 \u00e0 la puissance nominale de l'onduleur, ce qui permet d'obtenir un onduleur pour n'importe quelle application. Gr\u00e2ce \u00e0 la conception SuperFlex, un seul onduleur peut relever tous les d\u00e9fis, tels que les diff\u00e9rentes orientations de toit, l'ombrage d'un ou de deux groupes de modules PV ou l'utilisation de modules r\u00e9siduels. Un onduleur Fronius avec le design SuperFlex int\u00e9gr\u00e9 vous permet de couvrir toutes les situations de configuration avec un seul mod\u00e8le dans la pratique de la planification photovolta\u00efque.<\/p>\n<h2>Gestionnaire de cr\u00eates dynamiques<\/h2>\n<p>Le Dynamic Peak Manager est un algorithme intelligent de suivi du GMPP capable d'adapter son comportement de mani\u00e8re dynamique pendant la recherche du point de fonctionnement optimal. Le Dynamic Peak Manager se distingue par le fait qu'il v\u00e9rifie automatiquement et p\u00e9riodiquement l'ensemble de la courbe caract\u00e9ristique, en trouvant le point de puissance maximale (GMPP), m\u00eame dans des conditions d'ombrage partiel.<\/p>\n<h2>Technologie Multi Flow<\/h2>\n<p>La technologie Multi Flow permet diff\u00e9rents flux de courant continu et alternatif en parall\u00e8le. Cela permet \u00e0 n'importe quel m\u00e9nage d'avoir simultan\u00e9ment de l'\u00e9nergie provenant des modules photovolta\u00efques et de la batterie. Il est \u00e9galement possible de diriger l'\u00e9nergie des modules vers la batterie et vers le r\u00e9seau domestique en m\u00eame temps. En outre, il est possible de charger la batterie non seulement \u00e0 partir du courant alternatif, mais aussi \u00e0 partir du courant continu (par exemple, \u00e0 partir d'installations photovolta\u00efques existantes ou d'autres sources d'\u00e9nergie telles qu'une \u00e9olienne). Cela signifie que l'onduleur peut \u00eatre \u00e9quip\u00e9 ult\u00e9rieurement d'un couplage CA. L'onduleur g\u00e8re ces flux d'\u00e9nergie pour maximiser le taux d'autoconsommation.<\/p>\n<h2>Donn\u00e9es d'entr\u00e9e<\/h2>\n<ul>\n<li>Nombre de partisans du MPP : 2<\/li>\n<li>Puissance d'entr\u00e9e PV maximale : 12,36 kW<\/li>\n<li>Courant d'entr\u00e9e maximal (Idc max) : 28 \/ 14 A<\/li>\n<li>Courant de court-circuit maximal : 40 \/ 20 A<\/li>\n<li>Plage de tension d'entr\u00e9e DC (min. Ucc - max. Ucc) : 80 - 1000 V<\/li>\n<li>Tension continue minimale de d\u00e9marrage (Udc start-up) : 80 V<\/li>\n<li>Tension d'entr\u00e9e nominale (Udc,r) : 610 V<\/li>\n<li>Plage de tension du point de performance maximale utilisable : 80 - 800 V<\/li>\n<li>Nombre d'entr\u00e9es : DC 2\/1<\/li>\n<li>Puissance maximale du g\u00e9n\u00e9rateur PV (Pdc max.) : 18 kWpeak<\/li>\n<\/ul>\n<h2>Donn\u00e9es de sortie de l'onduleur Fronius Symo GEN24 SC 12.0 Plus Onduleur triphas\u00e9 - 4 210 189 002<\/h2>\n<ul>\n<li>Puissance nominale AC (Pac,r) : 12 kW<\/li>\n<li>Puissance maximale (Pac max) : 12 kVA<\/li>\n<li>Puissance maximale requise : 12 kVA<\/li>\n<li>Courant de sortie maximal en courant alternatif : 18,5 A<\/li>\n<li>Raccordement au r\u00e9seau (Uca,r) : 3~NPE 400\/230, 3~NPE 380\/220 V<\/li>\n<li>Plage de tension CA (Ummin - Ummax) : 154 - 280 V<\/li>\n<li>Fr\u00e9quence (fr) : 50 \/ 60 Hz<\/li>\n<li>Gamme de fr\u00e9quences (fmin - fmax) : 45 - 66 Hz<\/li>\n<li>Coefficient de distorsion non lin\u00e9aire : &lt;3% @Pnom (230\/400VAC 50Hz)<\/li>\n<li>Facteur de puissance (cos \u03c6ac,r) : 0,7-1 ind,\/cap,<\/li>\n<li>Courant de secours : 3~NPE 400 V \/ 230 V<\/li>\n<li>Courant de sortie CA nominal (380VAC) : 18,2 A<\/li>\n<li>Courant de sortie CA nominal (400VAC) : 17,4 A<\/li>\n<\/ul>\n<h2>Donn\u00e9es g\u00e9n\u00e9rales<\/h2>\n<ul>\n<li>Dimension (largeur) : 529 mm<\/li>\n<li>Dimension (hauteur) : 595 mm<\/li>\n<li>Dimension (profondeur) : 180 mm<\/li>\n<li>Poids : 22,75 kg<\/li>\n<li>Poids avec emballage : 28 kg<\/li>\n<li>Type de protection : IP66<\/li>\n<li>Classe de protection : 1<\/li>\n<li>Cat\u00e9gorie de surtension (DC \/ AC) : 2 \/ 3<\/li>\n<li>Consommation nocturne : &lt;10 W<\/li>\n<li>Concept d'onduleur : sans transformateur<\/li>\n<li>Refroidissement : air r\u00e9gul\u00e9<\/li>\n<li>Installation : \u00e0 l'int\u00e9rieur et \u00e0 l'ext\u00e9rieur<\/li>\n<li>Plage de temp\u00e9rature ambiante : -25\u00b0C - +60\u00b0C<\/li>\n<li>Humidit\u00e9 de l'air admissible : 0 - 100 %<\/li>\n<li>Altitude maximale : 3000m \/ 4000m (plage de tension illimit\u00e9e \/ restreinte)<\/li>\n<li>Technologie de connexion DC : 3x DC+ et 3x DC- bornes \u00e0 ressort 2,5 - 10 mm\u00b2.<\/li>\n<li>Technologie de connexion DC de la batterie : 1x BATT+ et 1x BATT- bornes \u00e0 ressort 2,5 - 10 mm\u00b2.<\/li>\n<li>Principales techniques de raccordement : bornes \u00e0 ressort CA \u00e0 5 p\u00f4les 1,5 - 10 mm\u00b2, bornes \u00e0 ressort d'urgence \u00e0 3 p\u00f4les 1,5mm\u00b2 - 10mm\u00b2, 5x bornes \u00e0 vis PE 2,5 - 16 mm\u00b2, 5x bornes \u00e0 vis PE 2,5 - 16 mm\u00b2, 5x bornes \u00e0 vis PE 2,5 - 16 mm\u00b2.<\/li>\n<li>Fonction d'alimentation de secours : Point PV, Sauvegarde compl\u00e8te<\/li>\n<li>Batteries compatibles : BYD Battery-Box Premium HVS\/HVM 5) et LG FLEX<\/li>\n<li>Emissions sonores : 47 dB(A)<\/li>\n<li>Classe d'\u00e9mission d'interf\u00e9rences : B<\/li>\n<\/ul>\n<h2>Fronius Symo GEN24 SC 12.0 Plus Onduleur triphas\u00e9 \u00c9quipement de s\u00e9curit\u00e9 - 4 210 189 002<\/h2>\n<ul>\n<li>Mesure de l'isolation en courant continu<\/li>\n<li>Comportement en cas de surcharge : d\u00e9placement du point de travail, limitation de la puissance<\/li>\n<li>Isolateur DC<\/li>\n<li>DC Protection contre l'inversion de polarit\u00e9<\/li>\n<\/ul>\n<h2>Interfaces<\/h2>\n<ul>\n<li>WLAN \/ 2x Ethernet LAN : Fronius Solar.web, Modbus TCP SunSpec, Fronius Solar API (JSON)<\/li>\n<li>6 entr\u00e9es\/sorties num\u00e9riques + 6 entr\u00e9es num\u00e9riques : connexion au r\u00e9cepteur de contr\u00f4le de l'ondulation, gestion de la puissance<\/li>\n<li>Arr\u00eat d'urgence (WSD) : Oui<\/li>\n<li>Enregistreur de donn\u00e9es et serveur Web : Int\u00e9gr\u00e9<\/li>\n<li>2x RS485 : Modbus RTU SunSpec (fournisseur externe) \/ Fronius Smart Meter, batterie, Fronius Ohmpilot<\/li>\n<\/ul>\n<h2>Fronius Symo GEN24 SC 12.0 Plus Onduleur triphas\u00e9 Donn\u00e9es de sortie des points PV - 4 210 189 002<\/h2>\n<ul>\n<li>Puissance de sortie nominale : 3000 VA<\/li>\n<li>Courant de sortie CA nominal (Iac max.) : 13 A<\/li>\n<li>Temps de commutation maximal Point PV : 15 s<\/li>\n<li>Temps de commutation maximal Sauvegarde compl\u00e8te : 10 s<\/li>\n<li>Fr\u00e9quence en mode d'alimentation d'urgence : 53 Hz<\/li>\n<\/ul>\n<h2>Connexion \u00e0 la batterie<\/h2>\n<ul>\n<li>Nombre d'entr\u00e9es CC : 1<\/li>\n<li>Courant d'entr\u00e9e max. (Idc max.) : 22 A<\/li>\n<li>Puissance maximale de la charge CA (en fonction de la batterie connect\u00e9e) : 11682 W<\/li>\n<li>Tension d'entr\u00e9e DC minimale : 160 V<\/li>\n<li>Tension d'entr\u00e9e DC max. Tension d'entr\u00e9e DC : 531 V<\/li>\n<\/ul>\n<h2><a href=\"https:\/\/fvcomponentes.com\/wp-content\/uploads\/2025\/09\/Fronius_TDS_Symo_GEN24_SC_12.0_Plus_ES.pdf\" target=\"_blank\" rel=\"noopener\">Voir la fiche technique Fronius Inverter Symo GEN24 SC 12.0 Plus Triphas\u00e9 - 4 210 189 002<\/a><\/h2>","protected":false},"excerpt":{"rendered":"<p><span style=\"color: #ff0000\"><strong>Temporairement indisponible !<\/strong><\/span><\/p>\n<ul>\n<li>Triphas\u00e9<\/li>\n<li>Hybride. Permet de connecter les batteries.<\/li>\n<li><strong>Puissance nominale AC :<\/strong> 12.000W<\/li>\n<li><strong>Courant de sortie CA nominal : <\/strong>380 Vac 18.2A | 400 Vac 17.4A<\/li>\n<\/ul>","protected":false},"featured_media":18363,"comment_status":"open","ping_status":"closed","template":"","meta":{"site-sidebar-layout":"default","site-content-layout":"","ast-site-content-layout":"default","site-content-style":"default","site-sidebar-style":"default","ast-global-header-display":"","ast-banner-title-visibility":"","ast-main-header-display":"","ast-hfb-above-header-display":"","ast-hfb-below-header-display":"","ast-hfb-mobile-header-display":"","site-post-title":"","ast-breadcrumbs-content":"","ast-featured-img":"","footer-sml-layout":"","ast-disable-related-posts":"","theme-transparent-header-meta":"default","adv-header-id-meta":"","stick-header-meta":"","header-above-stick-meta":"","header-main-stick-meta":"","header-below-stick-meta":"","astra-migrate-meta-layouts":"set","ast-page-background-enabled":"default","ast-page-background-meta":{"desktop":{"background-color":"var(--ast-global-color-4)","background-image":"","background-repeat":"repeat","background-position":"center center","background-size":"auto","background-attachment":"scroll","background-type":"","background-media":"","overlay-type":"","overlay-color":"","overlay-opacity":"","overlay-gradient":""},"tablet":{"background-color":"","background-image":"","background-repeat":"repeat","background-position":"center center","background-size":"auto","background-attachment":"scroll","background-type":"","background-media":"","overlay-type":"","overlay-color":"","overlay-opacity":"","overlay-gradient":""},"mobile":{"background-color":"","background-image":"","background-repeat":"repeat","background-position":"center center","background-size":"auto","background-attachment":"scroll","background-type":"","background-media":"","overlay-type":"","overlay-color":"","overlay-opacity":"","overlay-gradient":""}},"ast-content-background-meta":{"desktop":{"background-color":"var(--ast-global-color-5)","background-image":"","background-repeat":"repeat","background-position":"center center","background-size":"auto","background-attachment":"scroll","background-type":"","background-media":"","overlay-type":"","overlay-color":"","overlay-opacity":"","overlay-gradient":""},"tablet":{"background-color":"var(--ast-global-color-5)","background-image":"","background-repeat":"repeat","background-position":"center center","background-size":"auto","background-attachment":"scroll","background-type":"","background-media":"","overlay-type":"","overlay-color":"","overlay-opacity":"","overlay-gradient":""},"mobile":{"background-color":"var(--ast-global-color-5)","background-image":"","background-repeat":"repeat","background-position":"center center","background-size":"auto","background-attachment":"scroll","background-type":"","background-media":"","overlay-type":"","overlay-color":"","overlay-opacity":"","overlay-gradient":""}}},"pwb-brand":[344],"product_brand":[],"product_cat":[333,359,923],"product_tag":[],"class_list":{"0":"post-18362","1":"product","2":"type-product","3":"status-publish","4":"has-post-thumbnail","6":"pwb-brand-fronius","7":"product_cat-inversores","8":"product_cat-inversores-autoconsumo-hibridos","9":"product_cat-inversores-autoconsumo-hibridos-trifasicos","10":"desktop-align-left","11":"tablet-align-left","12":"mobile-align-left","13":"ast-product-gallery-layout-horizontal-slider","14":"ast-product-gallery-with-no-image","15":"ast-product-tabs-layout-horizontal","17":"first","18":"onbackorder","19":"taxable","20":"shipping-taxable","21":"purchasable","22":"product-type-simple"},"wcpa_form_fields":null,"brands":[{"id":344,"name":"Onduleurs Fronius","slug":"fronius"}],"_links":{"self":[{"href":"https:\/\/fvcomponentes.com\/fr\/wp-json\/wp\/v2\/product\/18362","targetHints":{"allow":["GET"]}}],"collection":[{"href":"https:\/\/fvcomponentes.com\/fr\/wp-json\/wp\/v2\/product"}],"about":[{"href":"https:\/\/fvcomponentes.com\/fr\/wp-json\/wp\/v2\/types\/product"}],"replies":[{"embeddable":true,"href":"https:\/\/fvcomponentes.com\/fr\/wp-json\/wp\/v2\/comments?post=18362"}],"wp:featuredmedia":[{"embeddable":true,"href":"https:\/\/fvcomponentes.com\/fr\/wp-json\/wp\/v2\/media\/18363"}],"wp:attachment":[{"href":"https:\/\/fvcomponentes.com\/fr\/wp-json\/wp\/v2\/media?parent=18362"}],"wp:term":[{"taxonomy":"pwb-brand","embeddable":true,"href":"https:\/\/fvcomponentes.com\/fr\/wp-json\/wp\/v2\/pwb-brand?post=18362"},{"taxonomy":"product_brand","embeddable":true,"href":"https:\/\/fvcomponentes.com\/fr\/wp-json\/wp\/v2\/product_brand?post=18362"},{"taxonomy":"product_cat","embeddable":true,"href":"https:\/\/fvcomponentes.com\/fr\/wp-json\/wp\/v2\/product_cat?post=18362"},{"taxonomy":"product_tag","embeddable":true,"href":"https:\/\/fvcomponentes.com\/fr\/wp-json\/wp\/v2\/product_tag?post=18362"}],"curies":[{"name":"wp","href":"https:\/\/api.w.org\/{rel}","templated":true}]}}