{"id":17885,"date":"2024-08-16T13:46:52","date_gmt":"2024-08-16T11:46:52","guid":{"rendered":"https:\/\/fvcomponentes.com\/?post_type=product&#038;p=17885"},"modified":"2026-03-30T12:15:46","modified_gmt":"2026-03-30T10:15:46","slug":"fronius-symo-gen24-3-0-plus-onduleur-hybride-triphase-4210150002","status":"publish","type":"product","link":"https:\/\/fvcomponentes.com\/fr\/producto\/inversor-fronius-symo-gen24-3-0-plus-hibrido-trifasico-4210150002\/","title":{"rendered":"Onduleur hybride triphas\u00e9 Fronius Symo GEN24 3.0 Plus - 4 210 150 002"},"content":{"rendered":"<h2>Caract\u00e9ristiques de l'onduleur hybride triphas\u00e9 Fronius Symo GEN24 3.0 Plus - 4 210 150 002<\/h2>\n<h2>Une alimentation de secours pour toutes les situations<\/h2>\n<p>Alimentation \u00e9lectrique s\u00e9curis\u00e9e : Avec PV Point, l'onduleur hybride triphas\u00e9 Fronius Symo GEN24 3.0 Plus - 4.210.150.002 offre une fonction d'alimentation \u00e9lectrique de secours de base int\u00e9gr\u00e9e. Le Fronius GEN24 Plus vous permet de choisir entre PV Point et l'option Full Backup*, qui assure l'alimentation \u00e9lectrique de secours de toute la maison.<\/p>\n<h2>Libert\u00e9 int\u00e9gr\u00e9e<\/h2>\n<p>L'onduleur hybride triphas\u00e9 Fronius Symo GEN24 3.0 Plus - 4.210.150.002 dispose d'interfaces ouvertes, ce qui signifie que des composants Fronius ou tiers peuvent \u00eatre facilement int\u00e9gr\u00e9s dans le syst\u00e8me pour obtenir une installation photovolta\u00efque sur mesure.<\/p>\n<h2>Polyvalence incluse<\/h2>\n<p>Plus de fonctions. Plus de contr\u00f4le. Plus d'approvisionnement. Les Fronius GEN24 et Fronius GEN24 Plus permettent d'\u00e9conomiser du temps et des co\u00fbts \u00e0 long terme gr\u00e2ce aux fonctions de gestion de l'\u00e9nergie. En m\u00eame temps, le refroidissement actif int\u00e9gr\u00e9 prolonge la dur\u00e9e de vie et prot\u00e8ge votre investissement.<\/p>\n<h2>Pr\u00e9par\u00e9s pour un avenir durable<\/h2>\n<p>Pour ceux qui ne veulent pas encore prendre de d\u00e9cision : avec la mise \u00e0 jour du logiciel Fronius UP.storage, la connexion \u00e0 la batterie et donc l'alimentation de secours Full Backup peuvent \u00eatre ajout\u00e9es \u00e0 tout moment \u00e0 votre appareil.<\/p>\n<h2>Ind\u00e9pendance maximale<\/h2>\n<p>La combinaison du Fronius GEN24 Plus et d'une batterie vous permet d'exploiter davantage votre installation photovolta\u00efque, m\u00eame la nuit. Utilisez davantage votre propre \u00e9lectricit\u00e9 et devenez plus ind\u00e9pendant des fournisseurs d'\u00e9nergie et de leurs prix.<\/p>\n<h2>Donn\u00e9es d'entr\u00e9e<\/h2>\n<ul>\n<li><strong>Nombre d'adeptes du PPM : <\/strong>2<\/li>\n<li><strong>Plage de tension d'entr\u00e9e DC :<\/strong> 80 - 1000V<\/li>\n<li><strong>Tension d'entr\u00e9e nominale : <\/strong>610V<\/li>\n<li><strong>Courant d'entr\u00e9e utile maximal :<\/strong> MPPT1 12.5A | MPPT2 12.5A<\/li>\n<\/ul>\n<h2>Donn\u00e9es de sortie<\/h2>\n<ul>\n<li><strong>Puissance nominale AC :<\/strong> 3.000W<\/li>\n<li><strong>Puissance maximale :<\/strong> 3 000 VA<\/li>\n<li><strong>Courant de sortie CA nominal :<\/strong> 380 Vac 4,5A | 400 Vac 4,3A<\/li>\n<\/ul>\n<h2>Fiche technique Fronius Symo Inverter GEN24 3.0 Plus Hybride triphas\u00e9 - 4 210 150 002<\/h2>\n<p><a href=\"https:\/\/fvcomponentes.com\/wp-content\/uploads\/2024\/08\/Ficha-tecnica-Inversor-Fronius-Symo-GEN24-2.pdf\" target=\"_blank\" rel=\"noopener\">Voir la fiche technique de l'onduleur hybride triphas\u00e9 Fronius Symo GEN24 3.0 Plus - 4 210 150 002<\/a><\/p>","protected":false},"excerpt":{"rendered":"<ul>\n<li>Triphas\u00e9<\/li>\n<li>Hybride. Permet de connecter les batteries.<\/li>\n<li><strong>Puissance nominale AC :<\/strong> 3.000W<\/li>\n<li><strong>Courant de sortie CA nominal :<\/strong> 380 Vac 4,5A | 400 Vac 4,3A<\/li>\n<\/ul>","protected":false},"featured_media":17886,"comment_status":"open","ping_status":"closed","template":"","meta":{"site-sidebar-layout":"default","site-content-layout":"","ast-site-content-layout":"default","site-content-style":"default","site-sidebar-style":"default","ast-global-header-display":"","ast-banner-title-visibility":"","ast-main-header-display":"","ast-hfb-above-header-display":"","ast-hfb-below-header-display":"","ast-hfb-mobile-header-display":"","site-post-title":"","ast-breadcrumbs-content":"","ast-featured-img":"","footer-sml-layout":"","ast-disable-related-posts":"","theme-transparent-header-meta":"default","adv-header-id-meta":"","stick-header-meta":"","header-above-stick-meta":"","header-main-stick-meta":"","header-below-stick-meta":"","astra-migrate-meta-layouts":"set","ast-page-background-enabled":"default","ast-page-background-meta":{"desktop":{"background-color":"var(--ast-global-color-4)","background-image":"","background-repeat":"repeat","background-position":"center center","background-size":"auto","background-attachment":"scroll","background-type":"","background-media":"","overlay-type":"","overlay-color":"","overlay-opacity":"","overlay-gradient":""},"tablet":{"background-color":"","background-image":"","background-repeat":"repeat","background-position":"center center","background-size":"auto","background-attachment":"scroll","background-type":"","background-media":"","overlay-type":"","overlay-color":"","overlay-opacity":"","overlay-gradient":""},"mobile":{"background-color":"","background-image":"","background-repeat":"repeat","background-position":"center center","background-size":"auto","background-attachment":"scroll","background-type":"","background-media":"","overlay-type":"","overlay-color":"","overlay-opacity":"","overlay-gradient":""}},"ast-content-background-meta":{"desktop":{"background-color":"var(--ast-global-color-5)","background-image":"","background-repeat":"repeat","background-position":"center center","background-size":"auto","background-attachment":"scroll","background-type":"","background-media":"","overlay-type":"","overlay-color":"","overlay-opacity":"","overlay-gradient":""},"tablet":{"background-color":"var(--ast-global-color-5)","background-image":"","background-repeat":"repeat","background-position":"center center","background-size":"auto","background-attachment":"scroll","background-type":"","background-media":"","overlay-type":"","overlay-color":"","overlay-opacity":"","overlay-gradient":""},"mobile":{"background-color":"var(--ast-global-color-5)","background-image":"","background-repeat":"repeat","background-position":"center center","background-size":"auto","background-attachment":"scroll","background-type":"","background-media":"","overlay-type":"","overlay-color":"","overlay-opacity":"","overlay-gradient":""}}},"pwb-brand":[344],"product_brand":[],"product_cat":[333,359,923],"product_tag":[],"class_list":{"0":"post-17885","1":"product","2":"type-product","3":"status-publish","4":"has-post-thumbnail","6":"pwb-brand-fronius","7":"product_cat-inversores","8":"product_cat-inversores-autoconsumo-hibridos","9":"product_cat-inversores-autoconsumo-hibridos-trifasicos","10":"desktop-align-left","11":"tablet-align-left","12":"mobile-align-left","13":"ast-product-gallery-layout-horizontal-slider","14":"ast-product-gallery-with-no-image","15":"ast-product-tabs-layout-horizontal","17":"first","18":"instock","19":"taxable","20":"shipping-taxable","21":"purchasable","22":"product-type-simple"},"wcpa_form_fields":null,"brands":[{"id":344,"name":"Onduleurs Fronius","slug":"fronius"}],"_links":{"self":[{"href":"https:\/\/fvcomponentes.com\/fr\/wp-json\/wp\/v2\/product\/17885","targetHints":{"allow":["GET"]}}],"collection":[{"href":"https:\/\/fvcomponentes.com\/fr\/wp-json\/wp\/v2\/product"}],"about":[{"href":"https:\/\/fvcomponentes.com\/fr\/wp-json\/wp\/v2\/types\/product"}],"replies":[{"embeddable":true,"href":"https:\/\/fvcomponentes.com\/fr\/wp-json\/wp\/v2\/comments?post=17885"}],"wp:featuredmedia":[{"embeddable":true,"href":"https:\/\/fvcomponentes.com\/fr\/wp-json\/wp\/v2\/media\/17886"}],"wp:attachment":[{"href":"https:\/\/fvcomponentes.com\/fr\/wp-json\/wp\/v2\/media?parent=17885"}],"wp:term":[{"taxonomy":"pwb-brand","embeddable":true,"href":"https:\/\/fvcomponentes.com\/fr\/wp-json\/wp\/v2\/pwb-brand?post=17885"},{"taxonomy":"product_brand","embeddable":true,"href":"https:\/\/fvcomponentes.com\/fr\/wp-json\/wp\/v2\/product_brand?post=17885"},{"taxonomy":"product_cat","embeddable":true,"href":"https:\/\/fvcomponentes.com\/fr\/wp-json\/wp\/v2\/product_cat?post=17885"},{"taxonomy":"product_tag","embeddable":true,"href":"https:\/\/fvcomponentes.com\/fr\/wp-json\/wp\/v2\/product_tag?post=17885"}],"curies":[{"name":"wp","href":"https:\/\/api.w.org\/{rel}","templated":true}]}}